{"id":8685,"date":"2025-12-29T12:06:57","date_gmt":"2025-12-29T12:06:57","guid":{"rendered":"https:\/\/nawarpharmacy.com\/?post_type=product&#038;p=8685"},"modified":"2026-01-28T17:16:08","modified_gmt":"2026-01-28T17:16:08","slug":"livagoal-450mg-20-capsules","status":"publish","type":"product","link":"https:\/\/nawarpharmacy.com\/de\/produkt\/livagoal-450mg-20-capsules\/","title":{"rendered":"Livagoal 450 mg\u00a020 Kapseln"},"content":{"rendered":"<p data-start=\"1820\" data-end=\"1852\"><strong data-start=\"1820\" data-end=\"1852\">Livagoal 450 mg 20 Kapseln<\/strong><\/p>\n<h3 data-start=\"1854\" data-end=\"1875\"><strong data-start=\"1858\" data-end=\"1875\">Beschreibung:<\/strong><\/h3>\n<p data-start=\"1876\" data-end=\"2070\">Nahrungserg\u00e4nzungsmittel zur Unterst\u00fctzung der Lebergesundheit und der normalen Verdauungsfunktion. Enth\u00e4lt pflanzliche Extrakte mit bekannten hepatoprotektiven und antioxidativen Eigenschaften.<\/p>\n<h3 data-start=\"2072\" data-end=\"2098\"><strong data-start=\"2076\" data-end=\"2098\">Anwendungsgebiete:<\/strong><\/h3>\n<p data-start=\"2099\" data-end=\"2275\">\u2022 Unterst\u00fctzung der Leberfunktion<br data-start=\"2132\" data-end=\"2135\" \/>\u2022 Antioxidativer Schutz<br data-start=\"2158\" data-end=\"2161\" \/>\u2022 Unterst\u00fctzung einer normalen Verdauung bei unzureichender N\u00e4hrstoffzufuhr oder in Phasen erh\u00f6hter Leberbelastung<\/p>\n<h3 data-start=\"2277\" data-end=\"2323\"><strong data-start=\"2281\" data-end=\"2323\">Wesentliche Bestandteile (pro Kapsel):<\/strong><\/h3>\n<p data-start=\"2324\" data-end=\"2396\">Typische Inhaltsstoffe von Leber-Support-Formulierungen k\u00f6nnen umfassen:<\/p>\n<ul data-start=\"2397\" data-end=\"2543\">\n<li data-start=\"2397\" data-end=\"2475\">\n<p data-start=\"2399\" data-end=\"2475\"><strong data-start=\"2399\" data-end=\"2434\">Silymarin (Mariendistelextrakt)<\/strong> \u2014 tr\u00e4gt zum Schutz der Leberzellen bei<\/p>\n<\/li>\n<li data-start=\"2476\" data-end=\"2543\">\n<p data-start=\"2478\" data-end=\"2543\">Weitere unterst\u00fctzende pflanzliche Extrakte oder Antioxidantien<\/p>\n<\/li>\n<\/ul>\n<p data-start=\"2545\" data-end=\"2608\">(Die genaue Zusammensetzung kann je nach Hersteller variieren.)<\/p>\n<h3 data-start=\"2610\" data-end=\"2636\"><strong data-start=\"2614\" data-end=\"2636\">Verzehrempfehlung:<\/strong><\/h3>\n<p data-start=\"2637\" data-end=\"2734\">T\u00e4glich 1 Kapsel zu einer Mahlzeit einnehmen oder gem\u00e4\u00df Anweisung einer medizinischen Fachperson.<\/p>\n<h3 data-start=\"2736\" data-end=\"2757\"><strong data-start=\"2740\" data-end=\"2757\">Warnhinweise:<\/strong><\/h3>\n<p data-start=\"2758\" data-end=\"2987\">Die empfohlene Tagesdosis nicht \u00fcberschreiten. F\u00fcr Kinder unzug\u00e4nglich aufbewahren. Vor der Einnahme \u00e4rztlichen Rat einholen bei Schwangerschaft, Stillzeit, gleichzeitiger Einnahme von Arzneimitteln oder bestehenden Erkrankungen.<\/p>\n<h3 data-start=\"2989\" data-end=\"3016\"><strong data-start=\"2993\" data-end=\"3016\">Vorsichtsma\u00dfnahmen:<\/strong><\/h3>\n<p data-start=\"3017\" data-end=\"3257\">Personen mit Lebererkrankungen oder bei langfristiger Medikamenteneinnahme sollten vor der Anwendung eine individuelle medizinische Beratung einholen. Bei Auftreten unerw\u00fcnschter Wirkungen die Einnahme abbrechen und einen Arzt konsultieren.<\/p>\n","protected":false},"excerpt":{"rendered":"<p>Livagoal 450 mg 20 Kapseln Beschreibung: Nahrungserg\u00e4nzungsmittel zur Unterst\u00fctzung der Lebergesundheit und der normalen Verdauungsfunktion. Enth\u00e4lt pflanzliche Extrakte mit bekannten hepatoprotektiven und antioxidativen Eigenschaften. Anwendungsgebiete: \u2022 Unterst\u00fctzung der Leberfunktion\u2022 Antioxidativer Schutz\u2022 Unterst\u00fctzung einer normalen Verdauung bei unzureichender N\u00e4hrstoffzufuhr oder in Phasen erh\u00f6hter Leberbelastung Wesentliche Bestandteile (pro Kapsel): Typische Inhaltsstoffe von Leber-Support-Formulierungen k\u00f6nnen umfassen: Silymarin (Mariendistelextrakt)&#8230;<\/p>\n","protected":false},"featured_media":8684,"comment_status":"open","ping_status":"closed","template":"","meta":{"rs_blank_template":"","rs_page_bg_color":"","slide_template_v7":"","_bst_post_transparent":"default","_bst_post_title":"","_bst_post_layout":"default","_bst_post_sidebar_id":"","_bst_post_content_style":"default","_bst_post_vertical_padding":"default","_bst_post_feature":"","_bst_post_feature_position":"","_bst_post_header":false,"_bst_post_footer":false},"product_brand":[],"product_cat":[351,283,217,457],"product_tag":[],"product_brands":[],"class_list":{"0":"post-8685","1":"product","2":"type-product","3":"status-publish","4":"has-post-thumbnail","6":"product_cat-medical-forms","7":"product_cat-liver-support","8":"product_cat-medicines","9":"product_cat-tablets-capsules","11":"first","12":"instock","13":"shipping-taxable","14":"purchasable","15":"product-type-simple","16":"entry","17":"content-bg","18":"loop-entry"},"_links":{"self":[{"href":"https:\/\/nawarpharmacy.com\/de\/wp-json\/wp\/v2\/product\/8685","targetHints":{"allow":["GET"]}}],"collection":[{"href":"https:\/\/nawarpharmacy.com\/de\/wp-json\/wp\/v2\/product"}],"about":[{"href":"https:\/\/nawarpharmacy.com\/de\/wp-json\/wp\/v2\/types\/product"}],"replies":[{"embeddable":true,"href":"https:\/\/nawarpharmacy.com\/de\/wp-json\/wp\/v2\/comments?post=8685"}],"wp:featuredmedia":[{"embeddable":true,"href":"https:\/\/nawarpharmacy.com\/de\/wp-json\/wp\/v2\/media\/8684"}],"wp:attachment":[{"href":"https:\/\/nawarpharmacy.com\/de\/wp-json\/wp\/v2\/media?parent=8685"}],"wp:term":[{"taxonomy":"product_brand","embeddable":true,"href":"https:\/\/nawarpharmacy.com\/de\/wp-json\/wp\/v2\/product_brand?post=8685"},{"taxonomy":"product_cat","embeddable":true,"href":"https:\/\/nawarpharmacy.com\/de\/wp-json\/wp\/v2\/product_cat?post=8685"},{"taxonomy":"product_tag","embeddable":true,"href":"https:\/\/nawarpharmacy.com\/de\/wp-json\/wp\/v2\/product_tag?post=8685"},{"taxonomy":"product_brands","embeddable":true,"href":"https:\/\/nawarpharmacy.com\/de\/wp-json\/wp\/v2\/product_brands?post=8685"}],"curies":[{"name":"wp","href":"https:\/\/api.w.org\/{rel}","templated":true}]}}