{"id":8627,"date":"2025-12-31T11:49:22","date_gmt":"2025-12-31T11:49:22","guid":{"rendered":"https:\/\/nawarpharmacy.com\/?post_type=product&#038;p=8627"},"modified":"2026-01-28T16:58:12","modified_gmt":"2026-01-28T16:58:12","slug":"epicophylline-syrup-125ml","status":"publish","type":"product","link":"https:\/\/nawarpharmacy.com\/de\/produkt\/epicophylline-syrup-125ml\/","title":{"rendered":"Epicophylline Sirup 125 ml"},"content":{"rendered":"<p data-start=\"1963\" data-end=\"1993\"><strong data-start=\"1963\" data-end=\"1993\">Epicophylline Sirup 125 ml<\/strong><\/p>\n<h3 data-start=\"1995\" data-end=\"2016\"><strong data-start=\"1999\" data-end=\"2016\">Beschreibung:<\/strong><\/h3>\n<p data-start=\"2017\" data-end=\"2240\">Fl\u00fcssiges Arzneimittel zur Unterst\u00fctzung der Atemwegsfunktion. Es enth\u00e4lt in der Regel Wirkstoffe, die zur Entspannung der glatten Bronchialmuskulatur beitragen und das Atmen bei Zust\u00e4nden mit Atemwegsverengung erleichtern.<\/p>\n<h3 data-start=\"2242\" data-end=\"2268\"><strong data-start=\"2246\" data-end=\"2268\">Anwendungsgebiete:<\/strong><\/h3>\n<p data-start=\"2269\" data-end=\"2469\">Zur Unterst\u00fctzung der Linderung von Symptomen im Zusammenhang mit Bronchospasmus oder Atemwegsverengung, wie pfeifender Atmung, Kurzatmigkeit oder Engegef\u00fchl in der Brust, gem\u00e4\u00df \u00e4rztlicher Verordnung.<\/p>\n<h3 data-start=\"2471\" data-end=\"2502\"><strong data-start=\"2475\" data-end=\"2502\">Wirkstoffe (pro Dosis):<\/strong><\/h3>\n<p data-start=\"2503\" data-end=\"2693\">Die Wirkstoffe variieren je nach Formulierung und k\u00f6nnen Bronchodilatatoren oder unterst\u00fctzende Expektoranzien umfassen. Die genaue Zusammensetzung ist der Produktkennzeichnung zu entnehmen.<\/p>\n<h3 data-start=\"2695\" data-end=\"2727\"><strong data-start=\"2699\" data-end=\"2727\">Dosierung und Anwendung:<\/strong><\/h3>\n<p data-start=\"2728\" data-end=\"2903\">Nur nach Anweisung eines Arztes anwenden. Dosierung und Einnahmeh\u00e4ufigkeit richten sich nach der behandelten Erkrankung, dem Alter des Patienten und dem klinischen Ansprechen.<\/p>\n<h3 data-start=\"2905\" data-end=\"2926\"><strong data-start=\"2909\" data-end=\"2926\">Warnhinweise:<\/strong><\/h3>\n<p data-start=\"2927\" data-end=\"3165\">\u2022 Die verordnete Dosis nicht \u00fcberschreiten.<br data-start=\"2970\" data-end=\"2973\" \/>\u2022 F\u00fcr Kinder unzug\u00e4nglich aufbewahren.<br data-start=\"3011\" data-end=\"3014\" \/>\u2022 Vor der Anwendung \u00e4rztlichen Rat einholen bei Schwangerschaft, Stillzeit, gleichzeitiger Einnahme anderer Arzneimittel oder bestehenden Erkrankungen.<\/p>\n<h3 data-start=\"3167\" data-end=\"3199\"><strong data-start=\"3171\" data-end=\"3199\">M\u00f6gliche Nebenwirkungen:<\/strong><\/h3>\n<p data-start=\"3200\" data-end=\"3320\">Abh\u00e4ngig von den enthaltenen Wirkstoffen k\u00f6nnen leichte gastrointestinale Beschwerden, Tremor oder Nervosit\u00e4t auftreten.<\/p>\n<h3 data-start=\"3322\" data-end=\"3349\"><strong data-start=\"3326\" data-end=\"3349\">Vorsichtsma\u00dfnahmen:<\/strong><\/h3>\n<p data-start=\"3350\" data-end=\"3606\">Patienten mit Herz-Kreislauf-Erkrankungen, Hyperthyreose oder anderen chronischen Erkrankungen sollten das Arzneimittel nur unter \u00e4rztlicher Aufsicht anwenden. Bei Verschlechterung der Symptome oder ausbleibender Besserung umgehend \u00e4rztlichen Rat einholen.<\/p>\n","protected":false},"excerpt":{"rendered":"<p>Epicophylline Sirup 125 ml Beschreibung: Fl\u00fcssiges Arzneimittel zur Unterst\u00fctzung der Atemwegsfunktion. Es enth\u00e4lt in der Regel Wirkstoffe, die zur Entspannung der glatten Bronchialmuskulatur beitragen und das Atmen bei Zust\u00e4nden mit Atemwegsverengung erleichtern. Anwendungsgebiete: Zur Unterst\u00fctzung der Linderung von Symptomen im Zusammenhang mit Bronchospasmus oder Atemwegsverengung, wie pfeifender Atmung, Kurzatmigkeit oder Engegef\u00fchl in der Brust, gem\u00e4\u00df&#8230;<\/p>\n","protected":false},"featured_media":8626,"comment_status":"open","ping_status":"closed","template":"","meta":{"rs_blank_template":"","rs_page_bg_color":"","slide_template_v7":"","_bst_post_transparent":"default","_bst_post_title":"","_bst_post_layout":"default","_bst_post_sidebar_id":"","_bst_post_content_style":"default","_bst_post_vertical_padding":"default","_bst_post_feature":"","_bst_post_feature_position":"","_bst_post_header":false,"_bst_post_footer":false},"product_brand":[],"product_cat":[235,351,217,353],"product_tag":[],"product_brands":[],"class_list":{"0":"post-8627","1":"product","2":"type-product","3":"status-publish","4":"has-post-thumbnail","6":"product_cat-respiratory-asthma-treatments","7":"product_cat-medical-forms","8":"product_cat-medicines","9":"product_cat-syrup","11":"first","12":"instock","13":"shipping-taxable","14":"purchasable","15":"product-type-simple","16":"entry","17":"content-bg","18":"loop-entry"},"_links":{"self":[{"href":"https:\/\/nawarpharmacy.com\/de\/wp-json\/wp\/v2\/product\/8627","targetHints":{"allow":["GET"]}}],"collection":[{"href":"https:\/\/nawarpharmacy.com\/de\/wp-json\/wp\/v2\/product"}],"about":[{"href":"https:\/\/nawarpharmacy.com\/de\/wp-json\/wp\/v2\/types\/product"}],"replies":[{"embeddable":true,"href":"https:\/\/nawarpharmacy.com\/de\/wp-json\/wp\/v2\/comments?post=8627"}],"wp:featuredmedia":[{"embeddable":true,"href":"https:\/\/nawarpharmacy.com\/de\/wp-json\/wp\/v2\/media\/8626"}],"wp:attachment":[{"href":"https:\/\/nawarpharmacy.com\/de\/wp-json\/wp\/v2\/media?parent=8627"}],"wp:term":[{"taxonomy":"product_brand","embeddable":true,"href":"https:\/\/nawarpharmacy.com\/de\/wp-json\/wp\/v2\/product_brand?post=8627"},{"taxonomy":"product_cat","embeddable":true,"href":"https:\/\/nawarpharmacy.com\/de\/wp-json\/wp\/v2\/product_cat?post=8627"},{"taxonomy":"product_tag","embeddable":true,"href":"https:\/\/nawarpharmacy.com\/de\/wp-json\/wp\/v2\/product_tag?post=8627"},{"taxonomy":"product_brands","embeddable":true,"href":"https:\/\/nawarpharmacy.com\/de\/wp-json\/wp\/v2\/product_brands?post=8627"}],"curies":[{"name":"wp","href":"https:\/\/api.w.org\/{rel}","templated":true}]}}