{"id":8611,"date":"2025-12-31T12:05:26","date_gmt":"2025-12-31T12:05:26","guid":{"rendered":"https:\/\/nawarpharmacy.com\/?post_type=product&#038;p=8611"},"modified":"2026-01-28T16:51:42","modified_gmt":"2026-01-28T16:51:42","slug":"apexidone-1mgml-syrup-100ml","status":"publish","type":"product","link":"https:\/\/nawarpharmacy.com\/de\/produkt\/apexidone-1mgml-syrup-100ml\/","title":{"rendered":"Apexidone Sirup 1 mg\/ml \u2013 100 ml"},"content":{"rendered":"<p data-start=\"2632\" data-end=\"2668\"><strong data-start=\"2632\" data-end=\"2668\">Apexidone Sirup 1 mg\/ml \u2013 100 ml<\/strong><\/p>\n<h3 data-start=\"2670\" data-end=\"2691\"><strong data-start=\"2674\" data-end=\"2691\">Beschreibung:<\/strong><\/h3>\n<p data-start=\"2692\" data-end=\"2962\">Verschreibungspflichtiges antipsychotisches und antimanisches Arzneimittel in fl\u00fcssiger Form mit dem Wirkstoff Risperidon. Es beeinflusst Neurotransmittersysteme im Gehirn (u. a. Dopamin und Serotonin) und tr\u00e4gt zur Stabilisierung von Stimmung, Denken und Verhalten bei.<\/p>\n<h3 data-start=\"2964\" data-end=\"2990\"><strong data-start=\"2968\" data-end=\"2990\">Anwendungsgebiete:<\/strong><\/h3>\n<p data-start=\"2991\" data-end=\"3282\">\u2022 Schizophrenie bei Erwachsenen und Jugendlichen (\u00e4rztlich verordnet)<br data-start=\"3060\" data-end=\"3063\" \/>\u2022 Behandlung bipolarer St\u00f6rungen, einschlie\u00dflich manischer oder gemischter Episoden<br data-start=\"3146\" data-end=\"3149\" \/>\u2022 Reizbarkeit im Zusammenhang mit Autismus-Spektrum-St\u00f6rungen bei Kindern und Jugendlichen (bei entsprechender \u00e4rztlicher Indikation)<\/p>\n<h3 data-start=\"3284\" data-end=\"3302\"><strong data-start=\"3288\" data-end=\"3302\">Wirkstoff:<\/strong><\/h3>\n<p data-start=\"3303\" data-end=\"3334\">Risperidon \u2014 1 mg pro ml Sirup.<\/p>\n<h3 data-start=\"3336\" data-end=\"3368\"><strong data-start=\"3340\" data-end=\"3368\">Dosierung und Anwendung:<\/strong><\/h3>\n<p data-start=\"3369\" data-end=\"3642\">Nur gem\u00e4\u00df \u00e4rztlicher Anweisung anwenden. Die Dosierung richtet sich nach Indikation, Alter, K\u00f6rpergewicht und klinischem Ansprechen. Die Einnahme erfolgt ein- oder zweimal t\u00e4glich unabh\u00e4ngig von den Mahlzeiten. Die Dosis ist mit dem beiliegenden Messger\u00e4t exakt abzumessen.<\/p>\n<h3 data-start=\"3644\" data-end=\"3665\"><strong data-start=\"3648\" data-end=\"3665\">Warnhinweise:<\/strong><\/h3>\n<p data-start=\"3666\" data-end=\"4163\">\u2022 Nur unter \u00e4rztlicher Aufsicht einnehmen. Dosis\u00e4nderungen oder das Absetzen des Arzneimittels d\u00fcrfen nur nach R\u00fccksprache mit dem Arzt erfolgen.<br data-start=\"3811\" data-end=\"3814\" \/>\u2022 F\u00fcr Kinder unzug\u00e4nglich aufbewahren.<br data-start=\"3852\" data-end=\"3855\" \/>\u2022 Bei \u00e4lteren Patienten, insbesondere bei demenzbedingten Psychosen, besteht unter Antipsychotika ein erh\u00f6htes Risiko schwerwiegender Nebenwirkungen.<br data-start=\"4004\" data-end=\"4007\" \/>\u2022 Vor der Anwendung \u00e4rztlichen Rat einholen bei Schwangerschaft, Stillzeit, gleichzeitiger Einnahme anderer Arzneimittel oder bestehenden Grunderkrankungen.<\/p>\n<h3 data-start=\"4165\" data-end=\"4197\"><strong data-start=\"4169\" data-end=\"4197\">M\u00f6gliche Nebenwirkungen:<\/strong><\/h3>\n<p data-start=\"4198\" data-end=\"4227\">M\u00f6gliche Nebenwirkungen sind:<\/p>\n<ul data-start=\"4228\" data-end=\"4472\">\n<li data-start=\"4228\" data-end=\"4260\">\n<p data-start=\"4230\" data-end=\"4260\">Schl\u00e4frigkeit oder Sedierung<\/p>\n<\/li>\n<li data-start=\"4261\" data-end=\"4305\">\n<p data-start=\"4263\" data-end=\"4305\">Gesteigerter Appetit und Gewichtszunahme<\/p>\n<\/li>\n<li data-start=\"4306\" data-end=\"4319\">\n<p data-start=\"4308\" data-end=\"4319\">M\u00fcdigkeit<\/p>\n<\/li>\n<li data-start=\"4320\" data-end=\"4333\">\n<p data-start=\"4322\" data-end=\"4333\">Schwindel<\/p>\n<\/li>\n<li data-start=\"4334\" data-end=\"4391\">\n<p data-start=\"4336\" data-end=\"4391\">Gastrointestinale Beschwerden (\u00dcbelkeit, Verstopfung)<\/p>\n<\/li>\n<li data-start=\"4392\" data-end=\"4472\">\n<p data-start=\"4394\" data-end=\"4472\">Extrapyramidale Symptome (z. B. Tremor, Muskelsteifheit) bei einigen Patienten<\/p>\n<\/li>\n<\/ul>\n<h3 data-start=\"4474\" data-end=\"4501\"><strong data-start=\"4478\" data-end=\"4501\">Vorsichtsma\u00dfnahmen:<\/strong><\/h3>\n<p data-start=\"4502\" data-end=\"4990\">\u2022 Patienten sollten insbesondere zu Beginn der Behandlung oder bei Dosis\u00e4nderungen auf Ver\u00e4nderungen der Stimmung, des Verhaltens oder auf suizidale Gedanken \u00fcberwacht werden.<br data-start=\"4677\" data-end=\"4680\" \/>\u2022 Vorsicht bei Patienten mit Herz-Kreislauf-Erkrankungen, Krampfanf\u00e4llen, Diabetes oder anderen chronischen Erkrankungen; regelm\u00e4\u00dfige Kontrollen k\u00f6nnen erforderlich sein.<br data-start=\"4850\" data-end=\"4853\" \/>\u2022 Den behandelnden Arzt \u00fcber alle weiteren Arzneimittel und Nahrungserg\u00e4nzungsmittel informieren, um m\u00f6gliche Wechselwirkungen zu pr\u00fcfen.<\/p>\n","protected":false},"excerpt":{"rendered":"<p>Apexidone Sirup 1 mg\/ml \u2013 100 ml Beschreibung: Verschreibungspflichtiges antipsychotisches und antimanisches Arzneimittel in fl\u00fcssiger Form mit dem Wirkstoff Risperidon. Es beeinflusst Neurotransmittersysteme im Gehirn (u. a. Dopamin und Serotonin) und tr\u00e4gt zur Stabilisierung von Stimmung, Denken und Verhalten bei. Anwendungsgebiete: \u2022 Schizophrenie bei Erwachsenen und Jugendlichen (\u00e4rztlich verordnet)\u2022 Behandlung bipolarer St\u00f6rungen, einschlie\u00dflich manischer oder&#8230;<\/p>\n","protected":false},"featured_media":8610,"comment_status":"open","ping_status":"closed","template":"","meta":{"rs_blank_template":"","rs_page_bg_color":"","slide_template_v7":"","_bst_post_transparent":"default","_bst_post_title":"","_bst_post_layout":"default","_bst_post_sidebar_id":"","_bst_post_content_style":"default","_bst_post_vertical_padding":"default","_bst_post_feature":"","_bst_post_feature_position":"","_bst_post_header":false,"_bst_post_footer":false},"product_brand":[],"product_cat":[403,351,217,277,353],"product_tag":[],"product_brands":[],"class_list":{"0":"post-8611","1":"product","2":"type-product","3":"status-publish","4":"has-post-thumbnail","6":"product_cat-antidepressants-mood-stabilizers","7":"product_cat-medical-forms","8":"product_cat-medicines","9":"product_cat-nervous-system-medications","10":"product_cat-syrup","12":"first","13":"instock","14":"shipping-taxable","15":"purchasable","16":"product-type-simple","17":"entry","18":"content-bg","19":"loop-entry"},"_links":{"self":[{"href":"https:\/\/nawarpharmacy.com\/de\/wp-json\/wp\/v2\/product\/8611","targetHints":{"allow":["GET"]}}],"collection":[{"href":"https:\/\/nawarpharmacy.com\/de\/wp-json\/wp\/v2\/product"}],"about":[{"href":"https:\/\/nawarpharmacy.com\/de\/wp-json\/wp\/v2\/types\/product"}],"replies":[{"embeddable":true,"href":"https:\/\/nawarpharmacy.com\/de\/wp-json\/wp\/v2\/comments?post=8611"}],"wp:featuredmedia":[{"embeddable":true,"href":"https:\/\/nawarpharmacy.com\/de\/wp-json\/wp\/v2\/media\/8610"}],"wp:attachment":[{"href":"https:\/\/nawarpharmacy.com\/de\/wp-json\/wp\/v2\/media?parent=8611"}],"wp:term":[{"taxonomy":"product_brand","embeddable":true,"href":"https:\/\/nawarpharmacy.com\/de\/wp-json\/wp\/v2\/product_brand?post=8611"},{"taxonomy":"product_cat","embeddable":true,"href":"https:\/\/nawarpharmacy.com\/de\/wp-json\/wp\/v2\/product_cat?post=8611"},{"taxonomy":"product_tag","embeddable":true,"href":"https:\/\/nawarpharmacy.com\/de\/wp-json\/wp\/v2\/product_tag?post=8611"},{"taxonomy":"product_brands","embeddable":true,"href":"https:\/\/nawarpharmacy.com\/de\/wp-json\/wp\/v2\/product_brands?post=8611"}],"curies":[{"name":"wp","href":"https:\/\/api.w.org\/{rel}","templated":true}]}}