{"id":8521,"date":"2026-01-04T11:48:12","date_gmt":"2026-01-04T11:48:12","guid":{"rendered":"https:\/\/nawarpharmacy.com\/?post_type=product&#038;p=8521"},"modified":"2026-01-28T16:14:41","modified_gmt":"2026-01-28T16:14:41","slug":"ethoxa-2505ml-syrup-120ml","status":"publish","type":"product","link":"https:\/\/nawarpharmacy.com\/de\/produkt\/ethoxa-2505ml-syrup-120ml\/","title":{"rendered":"Ethoxa Sirup 250 mg\/5 ml, 120 ml"},"content":{"rendered":"<p data-start=\"2449\" data-end=\"2486\"><strong data-start=\"2449\" data-end=\"2486\">Ethoxa Sirup 250 mg\/5 ml, 120 ml<\/strong><\/p>\n<h3 data-start=\"2488\" data-end=\"2509\"><strong data-start=\"2492\" data-end=\"2509\">Beschreibung:<\/strong><\/h3>\n<p data-start=\"2510\" data-end=\"2680\">Verschreibungspflichtige antibiotische Suspension mit Oxytetracyclin zur Behandlung verschiedener bakterieller Infektionen durch Hemmung der bakteriellen Proteinsynthese.<\/p>\n<h3 data-start=\"2682\" data-end=\"2708\"><strong data-start=\"2686\" data-end=\"2708\">Anwendungsgebiete:<\/strong><\/h3>\n<p data-start=\"2709\" data-end=\"3001\">Zur Behandlung von Infektionen, die durch empfindliche Erreger verursacht werden, einschlie\u00dflich:<br \/>\n\u2022 Infektionen der Atemwege<br data-start=\"2833\" data-end=\"2836\" \/>\u2022 Harnwegsinfektionen<br data-start=\"2857\" data-end=\"2860\" \/>\u2022 Haut- und Weichteilinfektionen<br data-start=\"2892\" data-end=\"2895\" \/>\u2022 Bestimmte gastrointestinale Infektionen<br data-start=\"2936\" data-end=\"2939\" \/>\u2022 Weitere bakterielle Infektionen gem\u00e4\u00df \u00e4rztlicher Beurteilung<\/p>\n<h3 data-start=\"3003\" data-end=\"3021\"><strong data-start=\"3007\" data-end=\"3021\">Wirkstoff:<\/strong><\/h3>\n<p data-start=\"3022\" data-end=\"3061\">Oxytetracyclin \u2014 250 mg pro 5 ml Sirup.<\/p>\n<h3 data-start=\"3063\" data-end=\"3095\"><strong data-start=\"3067\" data-end=\"3095\">Dosierung und Anwendung:<\/strong><\/h3>\n<p data-start=\"3096\" data-end=\"3464\">Nur nach \u00e4rztlicher Verordnung anwenden. Dosierung und Behandlungsdauer richten sich nach Art und Schwere der Infektion, Alter, K\u00f6rpergewicht sowie dem klinischen Ansprechen. Vor Gebrauch gut sch\u00fctteln. Die Dosis mit dem beiliegenden Messger\u00e4t abmessen. Die Einnahme erfolgt in der Regel n\u00fcchtern oder zu den Mahlzeiten, abh\u00e4ngig von der individuellen Vertr\u00e4glichkeit.<\/p>\n<h3 data-start=\"3466\" data-end=\"3487\"><strong data-start=\"3470\" data-end=\"3487\">Warnhinweise:<\/strong><\/h3>\n<p data-start=\"3488\" data-end=\"3857\">Die verordnete Dosis nicht \u00fcberschreiten. F\u00fcr Kinder unzug\u00e4nglich aufbewahren. Antibiotika m\u00fcssen \u00fcber die gesamte verordnete Behandlungsdauer eingenommen werden, auch wenn sich die Symptome bessern. Vor der Anwendung R\u00fccksprache mit einem Arzt halten bei Schwangerschaft, Stillzeit, gleichzeitiger Einnahme anderer Arzneimittel oder bei Leber- bzw. Nierenerkrankungen.<\/p>\n<h3 data-start=\"3859\" data-end=\"3890\"><strong data-start=\"3863\" data-end=\"3890\">H\u00e4ufige Nebenwirkungen:<\/strong><\/h3>\n<p data-start=\"3891\" data-end=\"4075\">K\u00f6nnen umfassen:<br \/>\n\u2022 Gastrointestinale Beschwerden (\u00dcbelkeit, Erbrechen, Durchfall)<br data-start=\"3972\" data-end=\"3975\" \/>\u2022 Erh\u00f6hte Lichtempfindlichkeit der Haut (Photosensibilisierung)<br data-start=\"4038\" data-end=\"4041\" \/>\u2022 Leichte allergische Reaktionen<\/p>\n<h3 data-start=\"4077\" data-end=\"4104\"><strong data-start=\"4081\" data-end=\"4104\">Vorsichtsma\u00dfnahmen:<\/strong><\/h3>\n<p data-start=\"4105\" data-end=\"4648\">\u2022 L\u00e4ngere Sonnenexposition vermeiden und Sonnenschutzmittel verwenden aufgrund des Risikos einer Photosensibilisierung.<br data-start=\"4224\" data-end=\"4227\" \/>\u2022 Nicht empfohlen f\u00fcr Kinder unter 8 Jahren, sofern nicht ausdr\u00fccklich \u00e4rztlich verordnet, da Beeintr\u00e4chtigungen der Zahn- und Knochenentwicklung m\u00f6glich sind.<br data-start=\"4386\" data-end=\"4389\" \/>\u2022 Vorsicht bei Patienten mit eingeschr\u00e4nkter Nieren- oder Leberfunktion; eine \u00dcberwachung kann erforderlich sein.<br data-start=\"4502\" data-end=\"4505\" \/>\u2022 Nicht gleichzeitig mit Milchprodukten, Antazida oder Eisenpr\u00e4paraten einnehmen, da diese die Resorption von Oxytetracyclin vermindern k\u00f6nnen.<\/p>\n","protected":false},"excerpt":{"rendered":"<p>Ethoxa Sirup 250 mg\/5 ml, 120 ml Beschreibung: Verschreibungspflichtige antibiotische Suspension mit Oxytetracyclin zur Behandlung verschiedener bakterieller Infektionen durch Hemmung der bakteriellen Proteinsynthese. Anwendungsgebiete: Zur Behandlung von Infektionen, die durch empfindliche Erreger verursacht werden, einschlie\u00dflich: \u2022 Infektionen der Atemwege\u2022 Harnwegsinfektionen\u2022 Haut- und Weichteilinfektionen\u2022 Bestimmte gastrointestinale Infektionen\u2022 Weitere bakterielle Infektionen gem\u00e4\u00df \u00e4rztlicher Beurteilung Wirkstoff: Oxytetracyclin \u2014&#8230;<\/p>\n","protected":false},"featured_media":8520,"comment_status":"open","ping_status":"closed","template":"","meta":{"rs_blank_template":"","rs_page_bg_color":"","slide_template_v7":"","_bst_post_transparent":"default","_bst_post_title":"","_bst_post_layout":"default","_bst_post_sidebar_id":"","_bst_post_content_style":"default","_bst_post_vertical_padding":"default","_bst_post_feature":"","_bst_post_feature_position":"","_bst_post_header":false,"_bst_post_footer":false},"product_brand":[],"product_cat":[403,351,217,277,353],"product_tag":[],"product_brands":[],"class_list":{"0":"post-8521","1":"product","2":"type-product","3":"status-publish","4":"has-post-thumbnail","6":"product_cat-antidepressants-mood-stabilizers","7":"product_cat-medical-forms","8":"product_cat-medicines","9":"product_cat-nervous-system-medications","10":"product_cat-syrup","12":"first","13":"instock","14":"shipping-taxable","15":"purchasable","16":"product-type-simple","17":"entry","18":"content-bg","19":"loop-entry"},"_links":{"self":[{"href":"https:\/\/nawarpharmacy.com\/de\/wp-json\/wp\/v2\/product\/8521","targetHints":{"allow":["GET"]}}],"collection":[{"href":"https:\/\/nawarpharmacy.com\/de\/wp-json\/wp\/v2\/product"}],"about":[{"href":"https:\/\/nawarpharmacy.com\/de\/wp-json\/wp\/v2\/types\/product"}],"replies":[{"embeddable":true,"href":"https:\/\/nawarpharmacy.com\/de\/wp-json\/wp\/v2\/comments?post=8521"}],"wp:featuredmedia":[{"embeddable":true,"href":"https:\/\/nawarpharmacy.com\/de\/wp-json\/wp\/v2\/media\/8520"}],"wp:attachment":[{"href":"https:\/\/nawarpharmacy.com\/de\/wp-json\/wp\/v2\/media?parent=8521"}],"wp:term":[{"taxonomy":"product_brand","embeddable":true,"href":"https:\/\/nawarpharmacy.com\/de\/wp-json\/wp\/v2\/product_brand?post=8521"},{"taxonomy":"product_cat","embeddable":true,"href":"https:\/\/nawarpharmacy.com\/de\/wp-json\/wp\/v2\/product_cat?post=8521"},{"taxonomy":"product_tag","embeddable":true,"href":"https:\/\/nawarpharmacy.com\/de\/wp-json\/wp\/v2\/product_tag?post=8521"},{"taxonomy":"product_brands","embeddable":true,"href":"https:\/\/nawarpharmacy.com\/de\/wp-json\/wp\/v2\/product_brands?post=8521"}],"curies":[{"name":"wp","href":"https:\/\/api.w.org\/{rel}","templated":true}]}}