{"id":8502,"date":"2026-01-04T11:52:55","date_gmt":"2026-01-04T11:52:55","guid":{"rendered":"https:\/\/nawarpharmacy.com\/?post_type=product&#038;p=8502"},"modified":"2026-01-28T16:05:15","modified_gmt":"2026-01-28T16:05:15","slug":"ivypront-syrup-100ml","status":"publish","type":"product","link":"https:\/\/nawarpharmacy.com\/de\/produkt\/ivypront-syrup-100ml\/","title":{"rendered":"Ivypront Sirup 100 ml"},"content":{"rendered":"<p data-start=\"2550\" data-end=\"2576\"><strong data-start=\"2550\" data-end=\"2576\">Ivypront Sirup 100 ml<\/strong><\/p>\n<h3 data-start=\"2578\" data-end=\"2599\"><strong data-start=\"2582\" data-end=\"2599\">Beschreibung:<\/strong><\/h3>\n<p data-start=\"2600\" data-end=\"2914\">Fl\u00fcssiges Arzneimittel zur Behandlung von Atemwegserkrankungen, entwickelt zur Linderung von Husten und zur F\u00f6rderung der Schleiml\u00f6sung durch mukolytische und expektorierende Wirkung. Unterst\u00fctzt die Verfl\u00fcssigung z\u00e4her bronchialer Sekrete, erleichtert das Abhusten von Schleim und tr\u00e4gt zu freieren Atemwegen bei.<\/p>\n<h3 data-start=\"2916\" data-end=\"2942\"><strong data-start=\"2920\" data-end=\"2942\">Anwendungsgebiete:<\/strong><\/h3>\n<p data-start=\"2943\" data-end=\"3216\">Zur symptomatischen Behandlung von:<br \/>\n\u2022 Produktivem Husten mit Schleimbildung<br data-start=\"3018\" data-end=\"3021\" \/>\u2022 Brustkorbverengung bei Bronchitis oder Erk\u00e4ltung<br data-start=\"3071\" data-end=\"3074\" \/>\u2022 Atemwegserkrankungen, bei denen das L\u00f6sen und Entfernen von Schleim therapeutisch sinnvoll ist, nach Empfehlung eines Arztes oder Apothekers<\/p>\n<h3 data-start=\"3218\" data-end=\"3263\"><strong data-start=\"3222\" data-end=\"3263\">Wesentliche Bestandteile (pro Dosis):<\/strong><\/h3>\n<p data-start=\"3264\" data-end=\"3500\">Typische Wirkstoffe dieser Kategorie k\u00f6nnen enthalten:<br \/>\n\u2013 Efeubl\u00e4tterextrakt \u2014 unterst\u00fctzt die Schleimhautfunktion und f\u00f6rdert die Expektoration<br data-start=\"3407\" data-end=\"3410\" \/>\u2013 Expektorierende und\/oder mukolytische Wirkstoffe zur Verfl\u00fcssigung bronchialer Sekrete<\/p>\n<p data-start=\"3502\" data-end=\"3604\"><em data-start=\"3502\" data-end=\"3604\">(Die genaue Zusammensetzung und Wirkst\u00e4rken sind der Kennzeichnung auf der Verpackung zu entnehmen.)<\/em><\/p>\n<h3 data-start=\"3606\" data-end=\"3638\"><strong data-start=\"3610\" data-end=\"3638\">Dosierung und Anwendung:<\/strong><\/h3>\n<p data-start=\"3639\" data-end=\"3879\">Nur nach \u00e4rztlicher Anweisung oder gem\u00e4\u00df den Angaben in der Packungsbeilage anwenden. Vor Gebrauch gut sch\u00fctteln. Die Dosis mit dem beiliegenden Messger\u00e4t abmessen. Die Dosierung richtet sich nach Alter und klinischem Zustand des Patienten.<\/p>\n<h3 data-start=\"3881\" data-end=\"3902\"><strong data-start=\"3885\" data-end=\"3902\">Warnhinweise:<\/strong><\/h3>\n<p data-start=\"3903\" data-end=\"4196\">\u2022 Die empfohlene Dosis nicht \u00fcberschreiten.<br data-start=\"3946\" data-end=\"3949\" \/>\u2022 F\u00fcr Kinder unzug\u00e4nglich aufbewahren.<br data-start=\"3987\" data-end=\"3990\" \/>\u2022 Vor der Anwendung einen Arzt konsultieren, insbesondere bei Schwangerschaft, Stillzeit, gleichzeitiger Einnahme anderer Arzneimittel oder bei Erkrankungen wie Asthma oder chronischen Atemwegserkrankungen.<\/p>\n<h3 data-start=\"4198\" data-end=\"4230\"><strong data-start=\"4202\" data-end=\"4230\">M\u00f6gliche Nebenwirkungen:<\/strong><\/h3>\n<p data-start=\"4231\" data-end=\"4371\">Gelegentlich k\u00f6nnen leichte gastrointestinale Beschwerden, \u00dcbelkeit oder selten allergische Reaktionen bei empfindlichen Personen auftreten.<\/p>\n<h3 data-start=\"4373\" data-end=\"4400\"><strong data-start=\"4377\" data-end=\"4400\">Vorsichtsma\u00dfnahmen:<\/strong><\/h3>\n<p data-start=\"4401\" data-end=\"4671\">\u2022 Vorsicht bei Patienten mit Bronchospasmus oder Asthma, sofern nicht \u00e4rztlich empfohlen.<br data-start=\"4490\" data-end=\"4493\" \/>\u2022 Die Anwendung abbrechen und \u00e4rztlichen Rat einholen, wenn sich die Symptome verschlechtern, l\u00e4nger als einige Tage anhalten oder von hohem Fieber oder Atemnot begleitet werden.<\/p>\n","protected":false},"excerpt":{"rendered":"<p>Ivypront Sirup 100 ml Beschreibung: Fl\u00fcssiges Arzneimittel zur Behandlung von Atemwegserkrankungen, entwickelt zur Linderung von Husten und zur F\u00f6rderung der Schleiml\u00f6sung durch mukolytische und expektorierende Wirkung. Unterst\u00fctzt die Verfl\u00fcssigung z\u00e4her bronchialer Sekrete, erleichtert das Abhusten von Schleim und tr\u00e4gt zu freieren Atemwegen bei. Anwendungsgebiete: Zur symptomatischen Behandlung von: \u2022 Produktivem Husten mit Schleimbildung\u2022 Brustkorbverengung bei&#8230;<\/p>\n","protected":false},"featured_media":8501,"comment_status":"open","ping_status":"closed","template":"","meta":{"rs_blank_template":"","rs_page_bg_color":"","slide_template_v7":"","_bst_post_transparent":"default","_bst_post_title":"","_bst_post_layout":"default","_bst_post_sidebar_id":"","_bst_post_content_style":"default","_bst_post_vertical_padding":"default","_bst_post_feature":"","_bst_post_feature_position":"","_bst_post_header":false,"_bst_post_footer":false},"product_brand":[],"product_cat":[351,295,217,353],"product_tag":[],"product_brands":[],"class_list":{"0":"post-8502","1":"product","2":"type-product","3":"status-publish","4":"has-post-thumbnail","6":"product_cat-medical-forms","7":"product_cat-anti-cough","8":"product_cat-medicines","9":"product_cat-syrup","11":"first","12":"instock","13":"shipping-taxable","14":"purchasable","15":"product-type-simple","16":"entry","17":"content-bg","18":"loop-entry"},"_links":{"self":[{"href":"https:\/\/nawarpharmacy.com\/de\/wp-json\/wp\/v2\/product\/8502","targetHints":{"allow":["GET"]}}],"collection":[{"href":"https:\/\/nawarpharmacy.com\/de\/wp-json\/wp\/v2\/product"}],"about":[{"href":"https:\/\/nawarpharmacy.com\/de\/wp-json\/wp\/v2\/types\/product"}],"replies":[{"embeddable":true,"href":"https:\/\/nawarpharmacy.com\/de\/wp-json\/wp\/v2\/comments?post=8502"}],"wp:featuredmedia":[{"embeddable":true,"href":"https:\/\/nawarpharmacy.com\/de\/wp-json\/wp\/v2\/media\/8501"}],"wp:attachment":[{"href":"https:\/\/nawarpharmacy.com\/de\/wp-json\/wp\/v2\/media?parent=8502"}],"wp:term":[{"taxonomy":"product_brand","embeddable":true,"href":"https:\/\/nawarpharmacy.com\/de\/wp-json\/wp\/v2\/product_brand?post=8502"},{"taxonomy":"product_cat","embeddable":true,"href":"https:\/\/nawarpharmacy.com\/de\/wp-json\/wp\/v2\/product_cat?post=8502"},{"taxonomy":"product_tag","embeddable":true,"href":"https:\/\/nawarpharmacy.com\/de\/wp-json\/wp\/v2\/product_tag?post=8502"},{"taxonomy":"product_brands","embeddable":true,"href":"https:\/\/nawarpharmacy.com\/de\/wp-json\/wp\/v2\/product_brands?post=8502"}],"curies":[{"name":"wp","href":"https:\/\/api.w.org\/{rel}","templated":true}]}}