{"id":8360,"date":"2026-01-04T12:13:17","date_gmt":"2026-01-04T12:13:17","guid":{"rendered":"https:\/\/nawarpharmacy.com\/?post_type=product&#038;p=8360"},"modified":"2026-01-25T20:24:27","modified_gmt":"2026-01-25T20:24:27","slug":"paramol-120mg5ml-125ml-syrup","status":"publish","type":"product","link":"https:\/\/nawarpharmacy.com\/de\/produkt\/paramol-120mg5ml-125ml-syrup\/","title":{"rendered":"Paramol Sirup 120 mg\/5 ml \u2014 125 ml"},"content":{"rendered":"<p data-start=\"2385\" data-end=\"2423\"><strong data-start=\"2385\" data-end=\"2423\">Paramol Sirup 120 mg\/5 ml \u2014 125 ml<\/strong><\/p>\n<p data-start=\"2425\" data-end=\"2669\"><strong data-start=\"2425\" data-end=\"2442\">Beschreibung:<\/strong><br data-start=\"2442\" data-end=\"2445\" \/>Ein fl\u00fcssiges schmerzstillendes und fiebersenkendes Arzneimittel zur Linderung leichter bis m\u00e4\u00dfiger Schmerzen sowie zur Senkung erh\u00f6hter K\u00f6rpertemperatur. Als Wirkstoff ist in der Regel Paracetamol (Acetaminophen) enthalten.<\/p>\n<p data-start=\"2671\" data-end=\"2695\"><strong data-start=\"2671\" data-end=\"2693\">Anwendungsgebiete:<\/strong><\/p>\n<ul data-start=\"2696\" data-end=\"2886\">\n<li data-start=\"2696\" data-end=\"2767\">\n<p data-start=\"2698\" data-end=\"2767\">Linderung von Schmerzen wie Kopf-, Zahn-, Muskel- und Halsschmerzen<\/p>\n<\/li>\n<li data-start=\"2768\" data-end=\"2837\">\n<p data-start=\"2770\" data-end=\"2837\">Fiebersenkung bei h\u00e4ufigen Erkrankungen wie Erk\u00e4ltung oder Grippe<\/p>\n<\/li>\n<li data-start=\"2838\" data-end=\"2886\">\n<p data-start=\"2840\" data-end=\"2886\">symptomatische Behandlung leichter Beschwerden<\/p>\n<\/li>\n<\/ul>\n<p data-start=\"2888\" data-end=\"2952\"><strong data-start=\"2888\" data-end=\"2913\">Wirkstoff (pro 5 ml):<\/strong><br data-start=\"2913\" data-end=\"2916\" \/>Paracetamol (Acetaminophen) \u2014 120 mg<\/p>\n<p data-start=\"2954\" data-end=\"3162\"><strong data-start=\"2954\" data-end=\"2979\">Empfohlene Dosierung:<\/strong><br data-start=\"2979\" data-end=\"2982\" \/>Nur gem\u00e4\u00df \u00e4rztlicher Anweisung oder den Angaben in der Packungsbeilage anwenden.<br data-start=\"3062\" data-end=\"3065\" \/>Die \u00fcbliche Dosierung (abh\u00e4ngig von Alter, K\u00f6rpergewicht und produktspezifischen Empfehlungen):<\/p>\n<ul data-start=\"3163\" data-end=\"3416\">\n<li data-start=\"3163\" data-end=\"3416\">\n<p data-start=\"3165\" data-end=\"3416\">Die Dosierung f\u00fcr Kinder richtet sich in der Regel nach Alter und K\u00f6rpergewicht \u2014 die Angaben der Packungsbeilage oder die Anweisung des Arztes sind strikt einzuhalten.<br data-start=\"3333\" data-end=\"3336\" \/>Vor Gebrauch gut sch\u00fctteln. Die Dosis mit dem mitgelieferten Messger\u00e4t abmessen.<\/p>\n<\/li>\n<\/ul>\n<p data-start=\"3418\" data-end=\"3437\"><strong data-start=\"3418\" data-end=\"3435\">Warnhinweise:<\/strong><\/p>\n<ul data-start=\"3438\" data-end=\"3882\">\n<li data-start=\"3438\" data-end=\"3552\">\n<p data-start=\"3440\" data-end=\"3552\">Die empfohlene Dosis nicht \u00fcberschreiten \u2014 hohe Dosen von Paracetamol k\u00f6nnen schwere Lebersch\u00e4den verursachen.<\/p>\n<\/li>\n<li data-start=\"3553\" data-end=\"3593\">\n<p data-start=\"3555\" data-end=\"3593\">F\u00fcr Kinder unzug\u00e4nglich aufbewahren.<\/p>\n<\/li>\n<li data-start=\"3594\" data-end=\"3724\">\n<p data-start=\"3596\" data-end=\"3724\">Die gleichzeitige Anwendung mit anderen paracetamolhaltigen Arzneimitteln vermeiden, sofern dies nicht \u00e4rztlich empfohlen ist.<\/p>\n<\/li>\n<li data-start=\"3725\" data-end=\"3882\">\n<p data-start=\"3727\" data-end=\"3882\">Vor der Anwendung einen Arzt oder Apotheker konsultieren, wenn Sie schwanger sind, stillen, andere Arzneimittel einnehmen oder an Lebererkrankungen leiden.<\/p>\n<\/li>\n<\/ul>\n<p data-start=\"3884\" data-end=\"4055\"><strong data-start=\"3884\" data-end=\"3912\">M\u00f6gliche Nebenwirkungen:<\/strong><br data-start=\"3912\" data-end=\"3915\" \/>Paracetamol wird in der Regel gut vertragen. In seltenen F\u00e4llen k\u00f6nnen leichte Magen-Darm-Beschwerden oder allergische Reaktionen auftreten.<\/p>\n<p data-start=\"4057\" data-end=\"4082\"><strong data-start=\"4057\" data-end=\"4080\">Vorsichtsma\u00dfnahmen:<\/strong><\/p>\n<ul data-start=\"4083\" data-end=\"4321\">\n<li data-start=\"4083\" data-end=\"4197\">\n<p data-start=\"4085\" data-end=\"4197\">W\u00e4hrend der Behandlung keinen Alkohol konsumieren, da ein erh\u00f6htes Risiko f\u00fcr lebertoxische Wirkungen besteht.<\/p>\n<\/li>\n<li data-start=\"4198\" data-end=\"4321\">\n<p data-start=\"4200\" data-end=\"4321\">\u00c4rztlichen Rat einholen, wenn Schmerzen oder Fieber l\u00e4nger als einige Tage anhalten oder sich die Symptome verschlimmern.<\/p>\n<\/li>\n<\/ul>\n","protected":false},"excerpt":{"rendered":"<p>Paramol Sirup 120 mg\/5 ml \u2014 125 ml Beschreibung:Ein fl\u00fcssiges schmerzstillendes und fiebersenkendes Arzneimittel zur Linderung leichter bis m\u00e4\u00dfiger Schmerzen sowie zur Senkung erh\u00f6hter K\u00f6rpertemperatur. Als Wirkstoff ist in der Regel Paracetamol (Acetaminophen) enthalten. Anwendungsgebiete: Linderung von Schmerzen wie Kopf-, Zahn-, Muskel- und Halsschmerzen Fiebersenkung bei h\u00e4ufigen Erkrankungen wie Erk\u00e4ltung oder Grippe symptomatische Behandlung leichter&#8230;<\/p>\n","protected":false},"featured_media":8359,"comment_status":"open","ping_status":"closed","template":"","meta":{"rs_blank_template":"","rs_page_bg_color":"","slide_template_v7":"","_bst_post_transparent":"default","_bst_post_title":"","_bst_post_layout":"default","_bst_post_sidebar_id":"","_bst_post_content_style":"default","_bst_post_vertical_padding":"default","_bst_post_feature":"","_bst_post_feature_position":"","_bst_post_header":false,"_bst_post_footer":false},"product_brand":[],"product_cat":[351,293,217,219,353],"product_tag":[],"product_brands":[],"class_list":{"0":"post-8360","1":"product","2":"type-product","3":"status-publish","4":"has-post-thumbnail","6":"product_cat-medical-forms","7":"product_cat-anti-fever","8":"product_cat-medicines","9":"product_cat-painkillers-analgesics","10":"product_cat-syrup","12":"first","13":"instock","14":"shipping-taxable","15":"purchasable","16":"product-type-simple","17":"entry","18":"content-bg","19":"loop-entry"},"_links":{"self":[{"href":"https:\/\/nawarpharmacy.com\/de\/wp-json\/wp\/v2\/product\/8360","targetHints":{"allow":["GET"]}}],"collection":[{"href":"https:\/\/nawarpharmacy.com\/de\/wp-json\/wp\/v2\/product"}],"about":[{"href":"https:\/\/nawarpharmacy.com\/de\/wp-json\/wp\/v2\/types\/product"}],"replies":[{"embeddable":true,"href":"https:\/\/nawarpharmacy.com\/de\/wp-json\/wp\/v2\/comments?post=8360"}],"wp:featuredmedia":[{"embeddable":true,"href":"https:\/\/nawarpharmacy.com\/de\/wp-json\/wp\/v2\/media\/8359"}],"wp:attachment":[{"href":"https:\/\/nawarpharmacy.com\/de\/wp-json\/wp\/v2\/media?parent=8360"}],"wp:term":[{"taxonomy":"product_brand","embeddable":true,"href":"https:\/\/nawarpharmacy.com\/de\/wp-json\/wp\/v2\/product_brand?post=8360"},{"taxonomy":"product_cat","embeddable":true,"href":"https:\/\/nawarpharmacy.com\/de\/wp-json\/wp\/v2\/product_cat?post=8360"},{"taxonomy":"product_tag","embeddable":true,"href":"https:\/\/nawarpharmacy.com\/de\/wp-json\/wp\/v2\/product_tag?post=8360"},{"taxonomy":"product_brands","embeddable":true,"href":"https:\/\/nawarpharmacy.com\/de\/wp-json\/wp\/v2\/product_brands?post=8360"}],"curies":[{"name":"wp","href":"https:\/\/api.w.org\/{rel}","templated":true}]}}