{"id":8355,"date":"2026-01-04T12:15:08","date_gmt":"2026-01-04T12:15:08","guid":{"rendered":"https:\/\/nawarpharmacy.com\/?post_type=product&#038;p=8355"},"modified":"2026-01-25T20:22:19","modified_gmt":"2026-01-25T20:22:19","slug":"bambedil-syrup-120ml","status":"publish","type":"product","link":"https:\/\/nawarpharmacy.com\/de\/produkt\/bambedil-syrup-120ml\/","title":{"rendered":"Bambedil Sirup 120 ml"},"content":{"rendered":"<p data-start=\"2669\" data-end=\"2694\"><strong data-start=\"2669\" data-end=\"2694\">Bambedil Sirup 120 ml<\/strong><\/p>\n<p data-start=\"2696\" data-end=\"3092\"><strong data-start=\"2696\" data-end=\"2713\">Beschreibung:<\/strong><br data-start=\"2713\" data-end=\"2716\" \/>Ein fl\u00fcssiges Arzneimittel zur Behandlung von Atemwegserkrankungen, das zur Linderung von Husten und zur Unterst\u00fctzung des respiratorischen Wohlbefindens entwickelt wurde. Es enth\u00e4lt in der Regel ein Expektorans zur Verfl\u00fcssigung von Schleim in Kombination mit weiteren unterst\u00fctzenden Inhaltsstoffen, die die Atemwege beruhigen und Symptome eines produktiven Hustens lindern.<\/p>\n<p data-start=\"3094\" data-end=\"3153\"><strong data-start=\"3094\" data-end=\"3116\">Anwendungsgebiete:<\/strong><br data-start=\"3116\" data-end=\"3119\" \/>Zur symptomatischen Linderung von:<\/p>\n<ul data-start=\"3154\" data-end=\"3361\">\n<li data-start=\"3154\" data-end=\"3193\">\n<p data-start=\"3156\" data-end=\"3193\">Bruststauung und produktivem Husten<\/p>\n<\/li>\n<li data-start=\"3194\" data-end=\"3288\">\n<p data-start=\"3196\" data-end=\"3288\">z\u00e4hem Schleim im Zusammenhang mit Bronchitis, Erk\u00e4ltungen oder Reizung der oberen Atemwege<\/p>\n<\/li>\n<li data-start=\"3289\" data-end=\"3361\">\n<p data-start=\"3291\" data-end=\"3361\">Husten mit erschwertem Abhusten von Sekret, nach \u00e4rztlicher Empfehlung<\/p>\n<\/li>\n<\/ul>\n<p data-start=\"3363\" data-end=\"3526\"><strong data-start=\"3363\" data-end=\"3404\">Wesentliche Bestandteile (pro Dosis):<\/strong><br data-start=\"3404\" data-end=\"3407\" \/>Die genaue Zusammensetzung der Wirkstoffe variiert je nach Hersteller; Arzneimittel dieser Art enthalten jedoch h\u00e4ufig:<\/p>\n<ul data-start=\"3527\" data-end=\"3705\">\n<li data-start=\"3527\" data-end=\"3610\">\n<p data-start=\"3529\" data-end=\"3610\"><strong data-start=\"3529\" data-end=\"3547\">Expektoranzien<\/strong>, die Schleim verfl\u00fcssigen und dessen Abtransport erleichtern<\/p>\n<\/li>\n<li data-start=\"3611\" data-end=\"3705\">\n<p data-start=\"3613\" data-end=\"3705\"><strong data-start=\"3613\" data-end=\"3639\">Beruhigende Substanzen<\/strong>, die gereizte Schleimh\u00e4ute des Rachens und der Atemwege lindern<\/p>\n<\/li>\n<\/ul>\n<p data-start=\"3707\" data-end=\"3785\">(Die genaue Formulierung und Wirkst\u00e4rke sind dem Produktetikett zu entnehmen.)<\/p>\n<p data-start=\"3787\" data-end=\"4079\"><strong data-start=\"3787\" data-end=\"3812\">Empfohlene Dosierung:<\/strong><br data-start=\"3812\" data-end=\"3815\" \/>Nur gem\u00e4\u00df \u00e4rztlicher Anweisung oder den Angaben in der Gebrauchsinformation anwenden. Vor Gebrauch gut sch\u00fctteln und die Dosis mit dem mitgelieferten Messger\u00e4t abmessen. Dosierung und Einnahmeh\u00e4ufigkeit richten sich nach Alter und klinischem Zustand des Patienten.<\/p>\n<p data-start=\"4081\" data-end=\"4100\"><strong data-start=\"4081\" data-end=\"4098\">Warnhinweise:<\/strong><\/p>\n<ul data-start=\"4101\" data-end=\"4407\">\n<li data-start=\"4101\" data-end=\"4146\">\n<p data-start=\"4103\" data-end=\"4146\">Die empfohlene Dosis nicht \u00fcberschreiten.<\/p>\n<\/li>\n<li data-start=\"4147\" data-end=\"4187\">\n<p data-start=\"4149\" data-end=\"4187\">F\u00fcr Kinder unzug\u00e4nglich aufbewahren.<\/p>\n<\/li>\n<li data-start=\"4188\" data-end=\"4407\">\n<p data-start=\"4190\" data-end=\"4407\">Vor der Anwendung einen Arzt oder Apotheker konsultieren, wenn Sie schwanger sind, stillen, andere Arzneimittel einnehmen oder an Erkrankungen wie Asthma, chronischen Atemwegserkrankungen oder Herzerkrankungen leiden.<\/p>\n<\/li>\n<\/ul>\n<p data-start=\"4409\" data-end=\"4567\"><strong data-start=\"4409\" data-end=\"4436\">H\u00e4ufige Nebenwirkungen:<\/strong><br data-start=\"4436\" data-end=\"4439\" \/>M\u00f6gliche leichte Magen-Darm-Beschwerden, \u00dcbelkeit oder seltene allergische Reaktionen, abh\u00e4ngig von den enthaltenen Wirkstoffen.<\/p>\n<p data-start=\"4569\" data-end=\"4594\"><strong data-start=\"4569\" data-end=\"4592\">Vorsichtsma\u00dfnahmen:<\/strong><\/p>\n<ul data-start=\"4595\" data-end=\"4910\">\n<li data-start=\"4595\" data-end=\"4716\">\n<p data-start=\"4597\" data-end=\"4716\">Bei Patienten mit chronischen Atemwegserkrankungen nur mit Vorsicht anwenden, sofern nicht anders \u00e4rztlich empfohlen.<\/p>\n<\/li>\n<li data-start=\"4717\" data-end=\"4910\">\n<p data-start=\"4719\" data-end=\"4910\">Die Anwendung abbrechen und \u00e4rztlichen Rat einholen, wenn sich die Symptome verschlimmern, l\u00e4nger als einige Tage anhalten oder von hohem Fieber, Atemnot oder Brustschmerzen begleitet werden.<\/p>\n<\/li>\n<\/ul>\n","protected":false},"excerpt":{"rendered":"<p>Bambedil Sirup 120 ml Beschreibung:Ein fl\u00fcssiges Arzneimittel zur Behandlung von Atemwegserkrankungen, das zur Linderung von Husten und zur Unterst\u00fctzung des respiratorischen Wohlbefindens entwickelt wurde. Es enth\u00e4lt in der Regel ein Expektorans zur Verfl\u00fcssigung von Schleim in Kombination mit weiteren unterst\u00fctzenden Inhaltsstoffen, die die Atemwege beruhigen und Symptome eines produktiven Hustens lindern. Anwendungsgebiete:Zur symptomatischen Linderung von:&#8230;<\/p>\n","protected":false},"featured_media":8354,"comment_status":"open","ping_status":"closed","template":"","meta":{"rs_blank_template":"","rs_page_bg_color":"","slide_template_v7":"","_bst_post_transparent":"default","_bst_post_title":"","_bst_post_layout":"default","_bst_post_sidebar_id":"","_bst_post_content_style":"default","_bst_post_vertical_padding":"default","_bst_post_feature":"","_bst_post_feature_position":"","_bst_post_header":false,"_bst_post_footer":false},"product_brand":[],"product_cat":[235,351,217,353],"product_tag":[],"product_brands":[],"class_list":{"0":"post-8355","1":"product","2":"type-product","3":"status-publish","4":"has-post-thumbnail","6":"product_cat-respiratory-asthma-treatments","7":"product_cat-medical-forms","8":"product_cat-medicines","9":"product_cat-syrup","11":"first","12":"instock","13":"shipping-taxable","14":"purchasable","15":"product-type-simple","16":"entry","17":"content-bg","18":"loop-entry"},"_links":{"self":[{"href":"https:\/\/nawarpharmacy.com\/de\/wp-json\/wp\/v2\/product\/8355","targetHints":{"allow":["GET"]}}],"collection":[{"href":"https:\/\/nawarpharmacy.com\/de\/wp-json\/wp\/v2\/product"}],"about":[{"href":"https:\/\/nawarpharmacy.com\/de\/wp-json\/wp\/v2\/types\/product"}],"replies":[{"embeddable":true,"href":"https:\/\/nawarpharmacy.com\/de\/wp-json\/wp\/v2\/comments?post=8355"}],"wp:featuredmedia":[{"embeddable":true,"href":"https:\/\/nawarpharmacy.com\/de\/wp-json\/wp\/v2\/media\/8354"}],"wp:attachment":[{"href":"https:\/\/nawarpharmacy.com\/de\/wp-json\/wp\/v2\/media?parent=8355"}],"wp:term":[{"taxonomy":"product_brand","embeddable":true,"href":"https:\/\/nawarpharmacy.com\/de\/wp-json\/wp\/v2\/product_brand?post=8355"},{"taxonomy":"product_cat","embeddable":true,"href":"https:\/\/nawarpharmacy.com\/de\/wp-json\/wp\/v2\/product_cat?post=8355"},{"taxonomy":"product_tag","embeddable":true,"href":"https:\/\/nawarpharmacy.com\/de\/wp-json\/wp\/v2\/product_tag?post=8355"},{"taxonomy":"product_brands","embeddable":true,"href":"https:\/\/nawarpharmacy.com\/de\/wp-json\/wp\/v2\/product_brands?post=8355"}],"curies":[{"name":"wp","href":"https:\/\/api.w.org\/{rel}","templated":true}]}}