{"id":8334,"date":"2026-01-04T12:24:51","date_gmt":"2026-01-04T12:24:51","guid":{"rendered":"https:\/\/nawarpharmacy.com\/?post_type=product&#038;p=8334"},"modified":"2026-01-25T20:13:48","modified_gmt":"2026-01-25T20:13:48","slug":"bronchopro-syrup-100ml","status":"publish","type":"product","link":"https:\/\/nawarpharmacy.com\/de\/produkt\/bronchopro-syrup-100ml\/","title":{"rendered":"Bronchopro Sirup 100 ml"},"content":{"rendered":"<p data-start=\"2641\" data-end=\"2668\"><strong data-start=\"2641\" data-end=\"2668\">Bronchopro Sirup 100 ml<\/strong><\/p>\n<p data-start=\"2670\" data-end=\"3062\"><strong data-start=\"2670\" data-end=\"2687\">Beschreibung:<\/strong><br data-start=\"2687\" data-end=\"2690\" \/>Ein fl\u00fcssiges Arzneimittel zur Behandlung von Atemwegserkrankungen, das zur Linderung von Husten und zur Unterst\u00fctzung des respiratorischen Wohlbefindens entwickelt wurde. Es enth\u00e4lt in der Regel ein Expektorans zur Verfl\u00fcssigung von Schleim in Kombination mit weiteren unterst\u00fctzenden Substanzen, die die Atemwege beruhigen und die Entfernung von Bronchialsekret f\u00f6rdern.<\/p>\n<p data-start=\"3064\" data-end=\"3123\"><strong data-start=\"3064\" data-end=\"3086\">Anwendungsgebiete:<\/strong><br data-start=\"3086\" data-end=\"3089\" \/>Zur symptomatischen Linderung von:<\/p>\n<ul data-start=\"3124\" data-end=\"3389\">\n<li data-start=\"3124\" data-end=\"3165\">\n<p data-start=\"3126\" data-end=\"3165\">produktivem Husten mit Schleimbildung<\/p>\n<\/li>\n<li data-start=\"3166\" data-end=\"3273\">\n<p data-start=\"3168\" data-end=\"3273\">Brustkorbverengung bzw. Bruststauung infolge von Bronchitis, Erk\u00e4ltung oder Reizung der oberen Atemwege<\/p>\n<\/li>\n<li data-start=\"3274\" data-end=\"3389\">\n<p data-start=\"3276\" data-end=\"3389\">Zust\u00e4nden, bei denen das L\u00f6sen und Abhusten von Bronchialsekret die Atmung verbessert, nach \u00e4rztlicher Empfehlung<\/p>\n<\/li>\n<\/ul>\n<p data-start=\"3391\" data-end=\"3542\"><strong data-start=\"3391\" data-end=\"3432\">Wesentliche Bestandteile (pro Dosis):<\/strong><br data-start=\"3432\" data-end=\"3435\" \/>Die genaue Zusammensetzung variiert je nach Hersteller; Produkte dieser Art enthalten jedoch \u00fcblicherweise:<\/p>\n<ul data-start=\"3543\" data-end=\"3734\">\n<li data-start=\"3543\" data-end=\"3639\">\n<p data-start=\"3545\" data-end=\"3639\"><strong data-start=\"3545\" data-end=\"3576\">Expektoranzien \/ Mukolytika<\/strong>, die Schleim verfl\u00fcssigen und dessen Abtransport erleichtern<\/p>\n<\/li>\n<li data-start=\"3640\" data-end=\"3734\">\n<p data-start=\"3642\" data-end=\"3734\"><strong data-start=\"3642\" data-end=\"3668\">Beruhigende Substanzen<\/strong>, die gereizte Schleimh\u00e4ute der Atemwege und des Rachens lindern<\/p>\n<\/li>\n<\/ul>\n<p data-start=\"3736\" data-end=\"3820\">(Die genauen Wirkstoffe und deren Wirkst\u00e4rken sind dem Produktetikett zu entnehmen.)<\/p>\n<p data-start=\"3822\" data-end=\"4109\"><strong data-start=\"3822\" data-end=\"3847\">Empfohlene Dosierung:<\/strong><br data-start=\"3847\" data-end=\"3850\" \/>Nur gem\u00e4\u00df \u00e4rztlicher Anweisung oder den Angaben in der Packungsbeilage anwenden. Vor Gebrauch gut sch\u00fctteln und die Dosis mit dem mitgelieferten Messger\u00e4t abmessen. Dosierung und Einnahmeh\u00e4ufigkeit richten sich nach Alter und klinischem Zustand des Patienten.<\/p>\n<p data-start=\"4111\" data-end=\"4130\"><strong data-start=\"4111\" data-end=\"4128\">Warnhinweise:<\/strong><\/p>\n<ul data-start=\"4131\" data-end=\"4419\">\n<li data-start=\"4131\" data-end=\"4176\">\n<p data-start=\"4133\" data-end=\"4176\">Die empfohlene Dosis nicht \u00fcberschreiten.<\/p>\n<\/li>\n<li data-start=\"4177\" data-end=\"4217\">\n<p data-start=\"4179\" data-end=\"4217\">F\u00fcr Kinder unzug\u00e4nglich aufbewahren.<\/p>\n<\/li>\n<li data-start=\"4218\" data-end=\"4419\">\n<p data-start=\"4220\" data-end=\"4419\">Vor der Anwendung einen Arzt oder Apotheker konsultieren, wenn Sie schwanger sind, stillen, andere Arzneimittel einnehmen oder an Erkrankungen wie Asthma oder chronischen Atemwegserkrankungen leiden.<\/p>\n<\/li>\n<\/ul>\n<p data-start=\"4421\" data-end=\"4554\"><strong data-start=\"4421\" data-end=\"4448\">H\u00e4ufige Nebenwirkungen:<\/strong><br data-start=\"4448\" data-end=\"4451\" \/>M\u00f6gliche leichte Magen-Darm-Beschwerden oder seltene allergische Reaktionen bei empfindlichen Personen.<\/p>\n<p data-start=\"4556\" data-end=\"4581\"><strong data-start=\"4556\" data-end=\"4579\">Vorsichtsma\u00dfnahmen:<\/strong><\/p>\n<ul data-start=\"4582\" data-end=\"4897\">\n<li data-start=\"4582\" data-end=\"4703\">\n<p data-start=\"4584\" data-end=\"4703\">Bei Patienten mit chronischen Atemwegserkrankungen nur mit Vorsicht anwenden, sofern nicht anders \u00e4rztlich empfohlen.<\/p>\n<\/li>\n<li data-start=\"4704\" data-end=\"4897\">\n<p data-start=\"4706\" data-end=\"4897\">Die Anwendung abbrechen und \u00e4rztlichen Rat einholen, wenn sich die Symptome verschlimmern, l\u00e4nger als einige Tage anhalten oder von hohem Fieber, Atemnot oder Brustschmerzen begleitet werden.<\/p>\n<\/li>\n<\/ul>\n","protected":false},"excerpt":{"rendered":"<p>Bronchopro Sirup 100 ml Beschreibung:Ein fl\u00fcssiges Arzneimittel zur Behandlung von Atemwegserkrankungen, das zur Linderung von Husten und zur Unterst\u00fctzung des respiratorischen Wohlbefindens entwickelt wurde. Es enth\u00e4lt in der Regel ein Expektorans zur Verfl\u00fcssigung von Schleim in Kombination mit weiteren unterst\u00fctzenden Substanzen, die die Atemwege beruhigen und die Entfernung von Bronchialsekret f\u00f6rdern. Anwendungsgebiete:Zur symptomatischen Linderung von:&#8230;<\/p>\n","protected":false},"featured_media":8333,"comment_status":"open","ping_status":"closed","template":"","meta":{"rs_blank_template":"","rs_page_bg_color":"","slide_template_v7":"","_bst_post_transparent":"default","_bst_post_title":"","_bst_post_layout":"default","_bst_post_sidebar_id":"","_bst_post_content_style":"default","_bst_post_vertical_padding":"default","_bst_post_feature":"","_bst_post_feature_position":"","_bst_post_header":false,"_bst_post_footer":false},"product_brand":[],"product_cat":[351,217,263,353],"product_tag":[],"product_brands":[],"class_list":{"0":"post-8334","1":"product","2":"type-product","3":"status-publish","4":"has-post-thumbnail","6":"product_cat-medical-forms","7":"product_cat-medicines","8":"product_cat-mucolytic","9":"product_cat-syrup","11":"first","12":"instock","13":"shipping-taxable","14":"purchasable","15":"product-type-simple","16":"entry","17":"content-bg","18":"loop-entry"},"_links":{"self":[{"href":"https:\/\/nawarpharmacy.com\/de\/wp-json\/wp\/v2\/product\/8334","targetHints":{"allow":["GET"]}}],"collection":[{"href":"https:\/\/nawarpharmacy.com\/de\/wp-json\/wp\/v2\/product"}],"about":[{"href":"https:\/\/nawarpharmacy.com\/de\/wp-json\/wp\/v2\/types\/product"}],"replies":[{"embeddable":true,"href":"https:\/\/nawarpharmacy.com\/de\/wp-json\/wp\/v2\/comments?post=8334"}],"wp:featuredmedia":[{"embeddable":true,"href":"https:\/\/nawarpharmacy.com\/de\/wp-json\/wp\/v2\/media\/8333"}],"wp:attachment":[{"href":"https:\/\/nawarpharmacy.com\/de\/wp-json\/wp\/v2\/media?parent=8334"}],"wp:term":[{"taxonomy":"product_brand","embeddable":true,"href":"https:\/\/nawarpharmacy.com\/de\/wp-json\/wp\/v2\/product_brand?post=8334"},{"taxonomy":"product_cat","embeddable":true,"href":"https:\/\/nawarpharmacy.com\/de\/wp-json\/wp\/v2\/product_cat?post=8334"},{"taxonomy":"product_tag","embeddable":true,"href":"https:\/\/nawarpharmacy.com\/de\/wp-json\/wp\/v2\/product_tag?post=8334"},{"taxonomy":"product_brands","embeddable":true,"href":"https:\/\/nawarpharmacy.com\/de\/wp-json\/wp\/v2\/product_brands?post=8334"}],"curies":[{"name":"wp","href":"https:\/\/api.w.org\/{rel}","templated":true}]}}