{"id":8314,"date":"2026-01-06T11:19:33","date_gmt":"2026-01-06T11:19:33","guid":{"rendered":"https:\/\/nawarpharmacy.com\/?post_type=product&#038;p=8314"},"modified":"2026-01-25T19:57:53","modified_gmt":"2026-01-25T19:57:53","slug":"pectipro-syrup-90ml","status":"publish","type":"product","link":"https:\/\/nawarpharmacy.com\/de\/produkt\/pectipro-syrup-90ml\/","title":{"rendered":"Pectipro Sirup 90 ml"},"content":{"rendered":"<p data-start=\"2533\" data-end=\"2557\"><strong data-start=\"2533\" data-end=\"2557\">Pectipro Sirup 90 ml<\/strong><\/p>\n<p data-start=\"2559\" data-end=\"2930\"><strong data-start=\"2559\" data-end=\"2576\">Beschreibung:<\/strong><br data-start=\"2576\" data-end=\"2579\" \/>Ein fl\u00fcssiges Arzneimittel zur Behandlung von Atemwegserkrankungen, das zur Linderung von Husten und zur Unterst\u00fctzung freier Atemwege entwickelt wurde. Es enth\u00e4lt in der Regel eine Kombination von Wirkstoffen, die den Hals beruhigen, die Empfindlichkeit des Hustenreflexes verringern und das L\u00f6sen von Schleim f\u00f6rdern, um das Abhusten zu erleichtern.<\/p>\n<p data-start=\"2932\" data-end=\"2991\"><strong data-start=\"2932\" data-end=\"2954\">Anwendungsgebiete:<\/strong><br data-start=\"2954\" data-end=\"2957\" \/>Zur symptomatischen Linderung von:<\/p>\n<ul data-start=\"2992\" data-end=\"3214\">\n<li data-start=\"2992\" data-end=\"3023\">\n<p data-start=\"2994\" data-end=\"3023\">trockenem, reizendem Husten<\/p>\n<\/li>\n<li data-start=\"3024\" data-end=\"3065\">\n<p data-start=\"3026\" data-end=\"3065\">produktivem Husten mit Schleimbildung<\/p>\n<\/li>\n<li data-start=\"3066\" data-end=\"3214\">\n<p data-start=\"3068\" data-end=\"3214\">Halsreizungen im Zusammenhang mit Infektionen der oberen Atemwege wie Erk\u00e4ltung oder Bronchitis, nach Empfehlung eines medizinischen Fachpersonals<\/p>\n<\/li>\n<\/ul>\n<p data-start=\"3216\" data-end=\"3379\"><strong data-start=\"3216\" data-end=\"3257\">Wesentliche Bestandteile (pro Dosis):<\/strong><br data-start=\"3257\" data-end=\"3260\" \/>Die genaue Zusammensetzung kann je nach Hersteller variieren; Produkte dieser Kategorie enthalten jedoch \u00fcblicherweise:<\/p>\n<ul data-start=\"3380\" data-end=\"3621\">\n<li data-start=\"3380\" data-end=\"3448\">\n<p data-start=\"3382\" data-end=\"3448\"><strong data-start=\"3382\" data-end=\"3413\">Antitussiva (Hustenstiller)<\/strong> \u2014 zur Reduktion des Hustenreizes<\/p>\n<\/li>\n<li data-start=\"3449\" data-end=\"3546\">\n<p data-start=\"3451\" data-end=\"3546\"><strong data-start=\"3451\" data-end=\"3482\">Expektoranzien \/ Mukolytika<\/strong> \u2014 zur Verfl\u00fcssigung und Erleichterung des Schleimabtransports<\/p>\n<\/li>\n<li data-start=\"3547\" data-end=\"3621\">\n<p data-start=\"3549\" data-end=\"3621\"><strong data-start=\"3549\" data-end=\"3575\">Beruhigende Substanzen<\/strong> \u2014 zur Linderung gereizter Rachenschleimhaut<\/p>\n<\/li>\n<\/ul>\n<p data-start=\"3623\" data-end=\"3707\">(Die genauen Wirkstoffe und deren Wirkst\u00e4rken sind dem Produktetikett zu entnehmen.)<\/p>\n<p data-start=\"3709\" data-end=\"3995\"><strong data-start=\"3709\" data-end=\"3734\">Empfohlene Dosierung:<\/strong><br data-start=\"3734\" data-end=\"3737\" \/>Nur gem\u00e4\u00df \u00e4rztlicher Anweisung oder den Angaben auf der Packungsbeilage anwenden. Vor Gebrauch gut sch\u00fctteln und die Dosis mit dem beiliegenden Messger\u00e4t abmessen. Dosierung und Einnahmeh\u00e4ufigkeit richten sich nach Alter und klinischem Zustand des Patienten.<\/p>\n<p data-start=\"3997\" data-end=\"4016\"><strong data-start=\"3997\" data-end=\"4014\">Warnhinweise:<\/strong><\/p>\n<ul data-start=\"4017\" data-end=\"4288\">\n<li data-start=\"4017\" data-end=\"4062\">\n<p data-start=\"4019\" data-end=\"4062\">Die empfohlene Dosis nicht \u00fcberschreiten.<\/p>\n<\/li>\n<li data-start=\"4063\" data-end=\"4103\">\n<p data-start=\"4065\" data-end=\"4103\">F\u00fcr Kinder unzug\u00e4nglich aufbewahren.<\/p>\n<\/li>\n<li data-start=\"4104\" data-end=\"4288\">\n<p data-start=\"4106\" data-end=\"4288\">Vor der Anwendung einen Arzt oder Apotheker konsultieren, wenn Sie schwanger sind, stillen, andere Arzneimittel einnehmen oder an Asthma bzw. chronischen Atemwegserkrankungen leiden.<\/p>\n<\/li>\n<\/ul>\n<p data-start=\"4290\" data-end=\"4461\"><strong data-start=\"4290\" data-end=\"4317\">H\u00e4ufige Nebenwirkungen:<\/strong><br data-start=\"4317\" data-end=\"4320\" \/>Je nach enthaltenen Wirkstoffen k\u00f6nnen leichte Schl\u00e4frigkeit, Schwindel, Magen-Darm-Beschwerden oder selten allergische Reaktionen auftreten.<\/p>\n<p data-start=\"4463\" data-end=\"4488\"><strong data-start=\"4463\" data-end=\"4486\">Vorsichtsma\u00dfnahmen:<\/strong><\/p>\n<ul data-start=\"4489\" data-end=\"4788\">\n<li data-start=\"4489\" data-end=\"4610\">\n<p data-start=\"4491\" data-end=\"4610\">Bei Patienten mit chronischen Atemwegserkrankungen nur mit Vorsicht anwenden, sofern nicht anders \u00e4rztlich empfohlen.<\/p>\n<\/li>\n<li data-start=\"4611\" data-end=\"4788\">\n<p data-start=\"4613\" data-end=\"4788\">Die Anwendung abbrechen und \u00e4rztlichen Rat einholen, wenn sich die Symptome verschlimmern, l\u00e4nger als einige Tage anhalten oder von hohem Fieber oder Atemnot begleitet werden.<\/p>\n<\/li>\n<\/ul>\n","protected":false},"excerpt":{"rendered":"<p>Pectipro Sirup 90 ml Beschreibung:Ein fl\u00fcssiges Arzneimittel zur Behandlung von Atemwegserkrankungen, das zur Linderung von Husten und zur Unterst\u00fctzung freier Atemwege entwickelt wurde. Es enth\u00e4lt in der Regel eine Kombination von Wirkstoffen, die den Hals beruhigen, die Empfindlichkeit des Hustenreflexes verringern und das L\u00f6sen von Schleim f\u00f6rdern, um das Abhusten zu erleichtern. Anwendungsgebiete:Zur symptomatischen Linderung&#8230;<\/p>\n","protected":false},"featured_media":8313,"comment_status":"open","ping_status":"closed","template":"","meta":{"rs_blank_template":"","rs_page_bg_color":"","slide_template_v7":"","_bst_post_transparent":"default","_bst_post_title":"","_bst_post_layout":"default","_bst_post_sidebar_id":"","_bst_post_content_style":"default","_bst_post_vertical_padding":"default","_bst_post_feature":"","_bst_post_feature_position":"","_bst_post_header":false,"_bst_post_footer":false},"product_brand":[],"product_cat":[351,295,217,353],"product_tag":[],"product_brands":[],"class_list":{"0":"post-8314","1":"product","2":"type-product","3":"status-publish","4":"has-post-thumbnail","6":"product_cat-medical-forms","7":"product_cat-anti-cough","8":"product_cat-medicines","9":"product_cat-syrup","11":"first","12":"instock","13":"shipping-taxable","14":"purchasable","15":"product-type-simple","16":"entry","17":"content-bg","18":"loop-entry"},"_links":{"self":[{"href":"https:\/\/nawarpharmacy.com\/de\/wp-json\/wp\/v2\/product\/8314","targetHints":{"allow":["GET"]}}],"collection":[{"href":"https:\/\/nawarpharmacy.com\/de\/wp-json\/wp\/v2\/product"}],"about":[{"href":"https:\/\/nawarpharmacy.com\/de\/wp-json\/wp\/v2\/types\/product"}],"replies":[{"embeddable":true,"href":"https:\/\/nawarpharmacy.com\/de\/wp-json\/wp\/v2\/comments?post=8314"}],"wp:featuredmedia":[{"embeddable":true,"href":"https:\/\/nawarpharmacy.com\/de\/wp-json\/wp\/v2\/media\/8313"}],"wp:attachment":[{"href":"https:\/\/nawarpharmacy.com\/de\/wp-json\/wp\/v2\/media?parent=8314"}],"wp:term":[{"taxonomy":"product_brand","embeddable":true,"href":"https:\/\/nawarpharmacy.com\/de\/wp-json\/wp\/v2\/product_brand?post=8314"},{"taxonomy":"product_cat","embeddable":true,"href":"https:\/\/nawarpharmacy.com\/de\/wp-json\/wp\/v2\/product_cat?post=8314"},{"taxonomy":"product_tag","embeddable":true,"href":"https:\/\/nawarpharmacy.com\/de\/wp-json\/wp\/v2\/product_tag?post=8314"},{"taxonomy":"product_brands","embeddable":true,"href":"https:\/\/nawarpharmacy.com\/de\/wp-json\/wp\/v2\/product_brands?post=8314"}],"curies":[{"name":"wp","href":"https:\/\/api.w.org\/{rel}","templated":true}]}}