{"id":8254,"date":"2026-01-06T11:51:16","date_gmt":"2026-01-06T11:51:16","guid":{"rendered":"https:\/\/nawarpharmacy.com\/?post_type=product&#038;p=8254"},"modified":"2026-01-25T19:08:23","modified_gmt":"2026-01-25T19:08:23","slug":"chicks-breath-120-ml-syrup","status":"publish","type":"product","link":"https:\/\/nawarpharmacy.com\/de\/produkt\/chicks-breath-120-ml-syrup\/","title":{"rendered":"Chicks Breath 120 ml Sirup"},"content":{"rendered":"<p data-path-to-node=\"2\"><b data-path-to-node=\"2\" data-index-in-node=\"0\">Chicks Breath 120 ml Sirup<\/b><\/p>\n<p data-path-to-node=\"3\"><b data-path-to-node=\"3\" data-index-in-node=\"0\">Beschreibung:<\/b> <span class=\"citation-212 citation-end-212\">Ein fl\u00fcssiger Sirup zur Unterst\u00fctzung der Atemwege, der zur Linderung von Husten und zur F\u00f6rderung des Wohlbefindens der Atemwege entwickelt wurde.<\/span> Er enth\u00e4lt in der Regel nat\u00fcrliche schleiml\u00f6sende und beruhigende Inhaltsstoffe, die helfen, den Schleim zu l\u00f6sen und den Hustenreflex zu beruhigen, was das Atmen erleichtert und Reizungen in den Atemwegen reduziert.<\/p>\n<p data-path-to-node=\"4\"><b data-path-to-node=\"4\" data-index-in-node=\"0\">Indikationen:<\/b> Symptomatische Linderung von:<\/p>\n<p data-path-to-node=\"4\">\u2022 Produktivem Husten mit Schleimbildung.<\/p>\n<p data-path-to-node=\"4\">\u2022 Verschleimung der Brust aufgrund von Bronchitis, Erk\u00e4ltung oder Reizungen der oberen Atemwege.<\/p>\n<p data-path-to-node=\"4\"><span class=\"citation-211 citation-end-211\">\u2022 Rachenreizungen im Zusammenhang mit Husten.<\/span><\/p>\n<p data-path-to-node=\"4\">\u2022 Unterst\u00fctzung der leichteren Ausscheidung von Bronchialsekreten nach Empfehlung einer medizinischen Fachkraft.<\/p>\n<p data-path-to-node=\"5\"><b data-path-to-node=\"5\" data-index-in-node=\"0\">Hauptkomponenten (pro Dosis):<\/b> Die genaue Formulierung variiert je nach Hersteller, aber Produkte dieser Art enthalten \u00fcblicherweise:<\/p>\n<ul data-path-to-node=\"6\">\n<li>\n<p data-path-to-node=\"6,0,0\"><b data-path-to-node=\"6,0,0\" data-index-in-node=\"0\"><span class=\"citation-210\">Expektoranzien (Schleiml\u00f6ser)<\/span><\/b><span class=\"citation-210 citation-end-210\"> \u2014 helfen, den Schleim zu verd\u00fcnnen und zu l\u00f6sen.<\/span><\/p>\n<\/li>\n<li>\n<p data-path-to-node=\"6,1,0\"><b data-path-to-node=\"6,1,0\" data-index-in-node=\"0\"><span class=\"citation-209\">Beruhigende Extrakte<\/span><\/b><span class=\"citation-209 citation-end-209\"> \u2014 lindern gereiztes Rachen- und Atemwegsgewebe.<\/span> (Die genauen Wirkstoffe und St\u00e4rken m\u00fcssen dem Produktetikett entnommen werden.)<\/p>\n<\/li>\n<\/ul>\n<p data-path-to-node=\"7\"><b data-path-to-node=\"7\" data-index-in-node=\"0\">Dosierungsempfehlung:<\/b> Nur nach Anweisung einer medizinischen Fachkraft oder gem\u00e4\u00df den Anweisungen auf dem Produktetikett verwenden. Vor Gebrauch gut sch\u00fctteln und die Dosis mit der mitgelieferten Messvorrichtung abmessen.<\/p>\n","protected":false},"excerpt":{"rendered":"<p>Chicks Breath 120 ml Sirup Beschreibung: Ein fl\u00fcssiger Sirup zur Unterst\u00fctzung der Atemwege, der zur Linderung von Husten und zur F\u00f6rderung des Wohlbefindens der Atemwege entwickelt wurde. Er enth\u00e4lt in der Regel nat\u00fcrliche schleiml\u00f6sende und beruhigende Inhaltsstoffe, die helfen, den Schleim zu l\u00f6sen und den Hustenreflex zu beruhigen, was das Atmen erleichtert und Reizungen in&#8230;<\/p>\n","protected":false},"featured_media":8253,"comment_status":"open","ping_status":"closed","template":"","meta":{"rs_blank_template":"","rs_page_bg_color":"","slide_template_v7":"","_bst_post_transparent":"default","_bst_post_title":"","_bst_post_layout":"default","_bst_post_sidebar_id":"","_bst_post_content_style":"default","_bst_post_vertical_padding":"default","_bst_post_feature":"","_bst_post_feature_position":"","_bst_post_header":false,"_bst_post_footer":false},"product_brand":[],"product_cat":[235,351,217,353],"product_tag":[],"product_brands":[],"class_list":{"0":"post-8254","1":"product","2":"type-product","3":"status-publish","4":"has-post-thumbnail","6":"product_cat-respiratory-asthma-treatments","7":"product_cat-medical-forms","8":"product_cat-medicines","9":"product_cat-syrup","11":"first","12":"instock","13":"shipping-taxable","14":"purchasable","15":"product-type-simple","16":"entry","17":"content-bg","18":"loop-entry"},"_links":{"self":[{"href":"https:\/\/nawarpharmacy.com\/de\/wp-json\/wp\/v2\/product\/8254","targetHints":{"allow":["GET"]}}],"collection":[{"href":"https:\/\/nawarpharmacy.com\/de\/wp-json\/wp\/v2\/product"}],"about":[{"href":"https:\/\/nawarpharmacy.com\/de\/wp-json\/wp\/v2\/types\/product"}],"replies":[{"embeddable":true,"href":"https:\/\/nawarpharmacy.com\/de\/wp-json\/wp\/v2\/comments?post=8254"}],"wp:featuredmedia":[{"embeddable":true,"href":"https:\/\/nawarpharmacy.com\/de\/wp-json\/wp\/v2\/media\/8253"}],"wp:attachment":[{"href":"https:\/\/nawarpharmacy.com\/de\/wp-json\/wp\/v2\/media?parent=8254"}],"wp:term":[{"taxonomy":"product_brand","embeddable":true,"href":"https:\/\/nawarpharmacy.com\/de\/wp-json\/wp\/v2\/product_brand?post=8254"},{"taxonomy":"product_cat","embeddable":true,"href":"https:\/\/nawarpharmacy.com\/de\/wp-json\/wp\/v2\/product_cat?post=8254"},{"taxonomy":"product_tag","embeddable":true,"href":"https:\/\/nawarpharmacy.com\/de\/wp-json\/wp\/v2\/product_tag?post=8254"},{"taxonomy":"product_brands","embeddable":true,"href":"https:\/\/nawarpharmacy.com\/de\/wp-json\/wp\/v2\/product_brands?post=8254"}],"curies":[{"name":"wp","href":"https:\/\/api.w.org\/{rel}","templated":true}]}}