{"id":8210,"date":"2026-01-06T12:17:01","date_gmt":"2026-01-06T12:17:01","guid":{"rendered":"https:\/\/nawarpharmacy.com\/?post_type=product&#038;p=8210"},"modified":"2026-01-25T18:45:42","modified_gmt":"2026-01-25T18:45:42","slug":"total-120ml-syrup","status":"publish","type":"product","link":"https:\/\/nawarpharmacy.com\/de\/produkt\/total-120ml-syrup\/","title":{"rendered":"Total 120 ml Sirup"},"content":{"rendered":"<p data-path-to-node=\"3\"><b class=\"\" data-path-to-node=\"3\" data-index-in-node=\"0\">Total 120 ml Sirup<\/b><\/p>\n<p data-path-to-node=\"4\"><b class=\"\" data-path-to-node=\"4\" data-index-in-node=\"0\">Beschreibung:<\/b><span class=\"\"> Ein fl\u00fcssiges Multivitamin- und Mineralstoffpr\u00e4parat zur Unterst\u00fctzung der allgemeinen Gesundheit und des N\u00e4hrstoffgleichgewichts.<\/span><span class=\"\"> Es enth\u00e4lt in der Regel ein breites Spektrum an essenziellen Vitaminen und Mineralstoffen,<\/span><span class=\"\"> die zu normalem Wachstum,<\/span><span class=\"\"> Energiestoffwechsel,<\/span><span class=\"\"> Immunfunktion und allgemeinem Wohlbefinden beitragen.<\/span><\/p>\n<p data-path-to-node=\"5\"><b class=\"\" data-path-to-node=\"5\" data-index-in-node=\"0\">Indikationen:<\/b><span class=\"\"> Unterst\u00fctzung bei:<\/span><span class=\"\"> \u2022 Allgemeinen Ern\u00e4hrungsbed\u00fcrfnissen,<\/span><span class=\"\"> wenn die Nahrungsaufnahme unzureichend sein kann.<\/span><span class=\"\"> \u2022 Gesunde Entwicklung und Wachstum bei Kindern.<\/span><span class=\"\"> \u2022 Normaler Energieproduktion und Stoffwechsel.<\/span><span class=\"\"> \u2022 Unterst\u00fctzung des Immunsystems.<\/span><\/p>\n<p data-path-to-node=\"6\"><b class=\"\" data-path-to-node=\"6\" data-index-in-node=\"0\">Hauptkomponenten (pro Dosis):<\/b><span class=\"\"> Die genaue Formulierung variiert je nach Produkt,<\/span><span class=\"\"> aber Total Sirup enth\u00e4lt \u00fcblicherweise eine Mischung aus:<\/span><\/p>\n<ul data-path-to-node=\"7\">\n<li>\n<p data-path-to-node=\"7,0,0\"><b class=\"\" data-path-to-node=\"7,0,0\" data-index-in-node=\"0\">Vitamine A, C, D, E<\/b><span class=\"\"> \u2014 unterst\u00fctzen die Immunit\u00e4t,<\/span><span class=\"\"> die Knochengesundheit und den Antioxidantienschutz.<\/span><\/p>\n<\/li>\n<li>\n<p data-path-to-node=\"7,1,0\"><b class=\"\" data-path-to-node=\"7,1,0\" data-index-in-node=\"0\">B-Komplex-Vitamine<\/b><span class=\"\"> (wie B1,<\/span><span class=\"\"> B2,<\/span><span class=\"\"> B3,<\/span><span class=\"\"> B6,<\/span><span class=\"\"> B12,<\/span><span class=\"\"> Fols\u00e4ure) \u2014 unterst\u00fctzen den Energiestoffwechsel und die Funktion des Nervensystems.<\/span><\/p>\n<\/li>\n<li>\n<p data-path-to-node=\"7,2,0\"><b class=\"\" data-path-to-node=\"7,2,0\" data-index-in-node=\"0\">Mineralstoffe<\/b><span class=\"\"> (wie Zink,<\/span><span class=\"\"> Eisen) \u2014 tragen zur Immungesundheit und zu Stoffwechselprozessen bei.<\/span><span class=\"\"> (Die genauen Inhaltsstoffe und Konzentrationen m\u00fcssen dem spezifischen Produktetikett entnommen werden.<\/span><span class=\"\">)<\/span><\/p>\n<\/li>\n<\/ul>\n<p data-path-to-node=\"8\"><b class=\"\" data-path-to-node=\"8\" data-index-in-node=\"0\">Dosierungsempfehlung:<\/b><span class=\"\"> Nur nach Anweisung einer medizinischen Fachkraft oder gem\u00e4\u00df den Anweisungen auf dem Produktetikett verwenden.<\/span><span class=\"\"> Vor Gebrauch gut sch\u00fctteln und die abgemessene Dosis mit der mitgelieferten Dosiervorrichtung verabreichen.<\/span><span class=\"\"> Die Dosierung h\u00e4ngt in der Regel von Alter und N\u00e4hrstoffbedarf ab.<\/span><\/p>\n<p data-path-to-node=\"9\"><b class=\"\" data-path-to-node=\"9\" data-index-in-node=\"0\">Warnhinweise:<\/b><span class=\"\"> Die empfohlene Dosis darf nicht \u00fcberschritten werden.<\/span><span class=\"\"> Au\u00dferhalb der Reichweite von Kindern aufbewahren.<\/span><span class=\"\"> Konsultieren Sie vor der Anwendung eine medizinische Fachkraft,<\/span><span class=\"\"> wenn Sie schwanger sind,<\/span><span class=\"\"> stillen,<\/span><span class=\"\"> andere Medikamente einnehmen oder an einer Erkrankung leiden.<\/span><\/p>\n<p data-path-to-node=\"10\"><b class=\"\" data-path-to-node=\"10\" data-index-in-node=\"0\">Allgemeine Vorsichtsma\u00dfnahmen:<\/b><span class=\"\"> Eine \u00fcberm\u00e4\u00dfige Aufnahme bestimmter Vitamine oder Mineralstoffe kann bei einigen Personen zu leichten Magen-Darm-Beschwerden f\u00fchren.<\/span><span class=\"\"> Brechen Sie die Anwendung ab und konsultieren Sie eine medizinische Fachkraft,<\/span><span class=\"\"> falls Nebenwirkungen auftreten.<\/span><\/p>\n","protected":false},"excerpt":{"rendered":"<p>Total 120 ml Sirup Beschreibung: Ein fl\u00fcssiges Multivitamin- und Mineralstoffpr\u00e4parat zur Unterst\u00fctzung der allgemeinen Gesundheit und des N\u00e4hrstoffgleichgewichts. Es enth\u00e4lt in der Regel ein breites Spektrum an essenziellen Vitaminen und Mineralstoffen, die zu normalem Wachstum, Energiestoffwechsel, Immunfunktion und allgemeinem Wohlbefinden beitragen. Indikationen: Unterst\u00fctzung bei: \u2022 Allgemeinen Ern\u00e4hrungsbed\u00fcrfnissen, wenn die Nahrungsaufnahme unzureichend sein kann. \u2022 Gesunde&#8230;<\/p>\n","protected":false},"featured_media":8209,"comment_status":"open","ping_status":"closed","template":"","meta":{"rs_blank_template":"","rs_page_bg_color":"","slide_template_v7":"","_bst_post_transparent":"default","_bst_post_title":"","_bst_post_layout":"default","_bst_post_sidebar_id":"","_bst_post_content_style":"default","_bst_post_vertical_padding":"default","_bst_post_feature":"","_bst_post_feature_position":"","_bst_post_header":false,"_bst_post_footer":false},"product_brand":[],"product_cat":[351,217,231,353,229],"product_tag":[],"product_brands":[],"class_list":{"0":"post-8210","1":"product","2":"type-product","3":"status-publish","4":"has-post-thumbnail","6":"product_cat-medical-forms","7":"product_cat-medicines","8":"product_cat-mineral-supplements","9":"product_cat-syrup","10":"product_cat-vitamins-general-supplements","12":"first","13":"instock","14":"shipping-taxable","15":"purchasable","16":"product-type-simple","17":"entry","18":"content-bg","19":"loop-entry"},"_links":{"self":[{"href":"https:\/\/nawarpharmacy.com\/de\/wp-json\/wp\/v2\/product\/8210","targetHints":{"allow":["GET"]}}],"collection":[{"href":"https:\/\/nawarpharmacy.com\/de\/wp-json\/wp\/v2\/product"}],"about":[{"href":"https:\/\/nawarpharmacy.com\/de\/wp-json\/wp\/v2\/types\/product"}],"replies":[{"embeddable":true,"href":"https:\/\/nawarpharmacy.com\/de\/wp-json\/wp\/v2\/comments?post=8210"}],"wp:featuredmedia":[{"embeddable":true,"href":"https:\/\/nawarpharmacy.com\/de\/wp-json\/wp\/v2\/media\/8209"}],"wp:attachment":[{"href":"https:\/\/nawarpharmacy.com\/de\/wp-json\/wp\/v2\/media?parent=8210"}],"wp:term":[{"taxonomy":"product_brand","embeddable":true,"href":"https:\/\/nawarpharmacy.com\/de\/wp-json\/wp\/v2\/product_brand?post=8210"},{"taxonomy":"product_cat","embeddable":true,"href":"https:\/\/nawarpharmacy.com\/de\/wp-json\/wp\/v2\/product_cat?post=8210"},{"taxonomy":"product_tag","embeddable":true,"href":"https:\/\/nawarpharmacy.com\/de\/wp-json\/wp\/v2\/product_tag?post=8210"},{"taxonomy":"product_brands","embeddable":true,"href":"https:\/\/nawarpharmacy.com\/de\/wp-json\/wp\/v2\/product_brands?post=8210"}],"curies":[{"name":"wp","href":"https:\/\/api.w.org\/{rel}","templated":true}]}}