{"id":8201,"date":"2026-01-06T12:20:06","date_gmt":"2026-01-06T12:20:06","guid":{"rendered":"https:\/\/nawarpharmacy.com\/?post_type=product&#038;p=8201"},"modified":"2026-01-25T18:41:50","modified_gmt":"2026-01-25T18:41:50","slug":"tussi-ibm-syrup-100ml","status":"publish","type":"product","link":"https:\/\/nawarpharmacy.com\/de\/produkt\/tussi-ibm-syrup-100ml\/","title":{"rendered":"Tussi IBM Sirup 100 ml"},"content":{"rendered":"<p data-path-to-node=\"2\"><b data-path-to-node=\"2\" data-index-in-node=\"0\">Tussi IBM Sirup 100 ml<\/b><\/p>\n<p data-path-to-node=\"3\"><b data-path-to-node=\"3\" data-index-in-node=\"0\">Beschreibung:<\/b> Ein fl\u00fcssiges Hustenmittel zur Linderung von Husten und zur Beruhigung der Atemwege. Es kombiniert in der Regel eine hustenstillende (antitussive) Komponente mit anderen beruhigenden oder unterst\u00fctzenden Wirkstoffen, um sowohl trockenen als auch Reizhusten zu lindern.<\/p>\n<p data-path-to-node=\"4\"><b data-path-to-node=\"4\" data-index-in-node=\"0\">Indikationen:<\/b> Symptomatische Linderung von: \u2022 Trockenem Reizhusten \u2022 Rachenbeschwerden im Zusammenhang mit Reizungen der oberen Atemwege (wie Erk\u00e4ltung oder Bronchitis) \u2022 Hartn\u00e4ckigem Husten nach Empfehlung einer medizinischen Fachkraft<\/p>\n<p data-path-to-node=\"5\"><b data-path-to-node=\"5\" data-index-in-node=\"0\">Hauptkomponenten (pro Dosis):<\/b> Die genauen Wirkstoffe variieren je nach Hersteller, aber Sirupe dieser Kategorie enthalten h\u00e4ufig einen oder mehrere der folgenden Stoffe:<\/p>\n<ul data-path-to-node=\"6\">\n<li>\n<p data-path-to-node=\"6,0,0\"><b data-path-to-node=\"6,0,0\" data-index-in-node=\"0\">Antitussivum (Hustenstiller)<\/b> \u2014 hilft, den Hustenreflex zu reduzieren.<\/p>\n<\/li>\n<li>\n<p data-path-to-node=\"6,1,0\"><b data-path-to-node=\"6,1,0\" data-index-in-node=\"0\">Beruhigende Wirkstoffe<\/b>, die gereiztes Rachen- und Atemwegsgewebe lindern. (Die genaue Formulierung und St\u00e4rke m\u00fcssen dem Produktetikett entnommen werden.)<\/p>\n<\/li>\n<\/ul>\n<p data-path-to-node=\"7\"><b data-path-to-node=\"7\" data-index-in-node=\"0\">Dosierungsempfehlung:<\/b> Nur nach Anweisung einer medizinischen Fachkraft oder gem\u00e4\u00df den Anweisungen auf dem Etikett verwenden. Vor Gebrauch gut sch\u00fctteln und die abgemessene Dosis mit der mitgelieferten Dosiervorrichtung verabreichen. Dosierung und H\u00e4ufigkeit h\u00e4ngen vom Alter und dem klinischen Zustand ab.<\/p>\n<p data-path-to-node=\"8\"><b data-path-to-node=\"8\" data-index-in-node=\"0\">Warnhinweise:<\/b> \u2022 Die empfohlene Dosis darf nicht \u00fcberschritten werden. \u2022 Au\u00dferhalb der Reichweite von Kindern aufbewahren. \u2022 Konsultieren Sie vor der Anwendung eine medizinische Fachkraft, wenn Sie schwanger sind, stillen, andere Medikamente einnehmen oder an einer Erkrankung wie Asthma oder einer chronischen Atemwegserkrankung leiden.<\/p>\n<p data-path-to-node=\"9\"><b data-path-to-node=\"9\" data-index-in-node=\"0\">H\u00e4ufige Nebenwirkungen:<\/b> \u2022 Schl\u00e4frigkeit oder Schwindel (abh\u00e4ngig vom Wirkstoff) \u2022 Trockener Mund \u2022 Leichte Magen-Darm-Beschwerden<\/p>\n<p data-path-to-node=\"10\"><b data-path-to-node=\"10\" data-index-in-node=\"0\">Vorsichtsma\u00dfnahmen:<\/b> \u2022 Vermeiden Sie Alkohol und andere beruhigende Mittel, sofern nicht anders von einem Arzt verordnet. \u2022 Anwendung mit Vorsicht bei Personen mit Atemwegserkrankungen, sofern nicht von einer medizinischen Fachkraft angewiesen. \u2022 Brechen Sie die Anwendung ab und suchen Sie \u00e4rztlichen Rat auf, wenn sich die Symptome verschlimmern, l\u00e4nger als einige Tage anhalten oder mit hohem Fieber, Atembeschwerden oder Brustschmerzen einhergehen.<\/p>\n","protected":false},"excerpt":{"rendered":"<p>Tussi IBM Sirup 100 ml Beschreibung: Ein fl\u00fcssiges Hustenmittel zur Linderung von Husten und zur Beruhigung der Atemwege. Es kombiniert in der Regel eine hustenstillende (antitussive) Komponente mit anderen beruhigenden oder unterst\u00fctzenden Wirkstoffen, um sowohl trockenen als auch Reizhusten zu lindern. Indikationen: Symptomatische Linderung von: \u2022 Trockenem Reizhusten \u2022 Rachenbeschwerden im Zusammenhang mit Reizungen der&#8230;<\/p>\n","protected":false},"featured_media":8200,"comment_status":"open","ping_status":"closed","template":"","meta":{"rs_blank_template":"","rs_page_bg_color":"","slide_template_v7":"","_bst_post_transparent":"default","_bst_post_title":"","_bst_post_layout":"default","_bst_post_sidebar_id":"","_bst_post_content_style":"default","_bst_post_vertical_padding":"default","_bst_post_feature":"","_bst_post_feature_position":"","_bst_post_header":false,"_bst_post_footer":false},"product_brand":[],"product_cat":[235,351,295,217,263,353],"product_tag":[],"product_brands":[],"class_list":{"0":"post-8201","1":"product","2":"type-product","3":"status-publish","4":"has-post-thumbnail","6":"product_cat-respiratory-asthma-treatments","7":"product_cat-medical-forms","8":"product_cat-anti-cough","9":"product_cat-medicines","10":"product_cat-mucolytic","11":"product_cat-syrup","13":"first","14":"instock","15":"shipping-taxable","16":"purchasable","17":"product-type-simple","18":"entry","19":"content-bg","20":"loop-entry"},"_links":{"self":[{"href":"https:\/\/nawarpharmacy.com\/de\/wp-json\/wp\/v2\/product\/8201","targetHints":{"allow":["GET"]}}],"collection":[{"href":"https:\/\/nawarpharmacy.com\/de\/wp-json\/wp\/v2\/product"}],"about":[{"href":"https:\/\/nawarpharmacy.com\/de\/wp-json\/wp\/v2\/types\/product"}],"replies":[{"embeddable":true,"href":"https:\/\/nawarpharmacy.com\/de\/wp-json\/wp\/v2\/comments?post=8201"}],"wp:featuredmedia":[{"embeddable":true,"href":"https:\/\/nawarpharmacy.com\/de\/wp-json\/wp\/v2\/media\/8200"}],"wp:attachment":[{"href":"https:\/\/nawarpharmacy.com\/de\/wp-json\/wp\/v2\/media?parent=8201"}],"wp:term":[{"taxonomy":"product_brand","embeddable":true,"href":"https:\/\/nawarpharmacy.com\/de\/wp-json\/wp\/v2\/product_brand?post=8201"},{"taxonomy":"product_cat","embeddable":true,"href":"https:\/\/nawarpharmacy.com\/de\/wp-json\/wp\/v2\/product_cat?post=8201"},{"taxonomy":"product_tag","embeddable":true,"href":"https:\/\/nawarpharmacy.com\/de\/wp-json\/wp\/v2\/product_tag?post=8201"},{"taxonomy":"product_brands","embeddable":true,"href":"https:\/\/nawarpharmacy.com\/de\/wp-json\/wp\/v2\/product_brands?post=8201"}],"curies":[{"name":"wp","href":"https:\/\/api.w.org\/{rel}","templated":true}]}}