{"id":8193,"date":"2026-01-06T12:24:01","date_gmt":"2026-01-06T12:24:01","guid":{"rendered":"https:\/\/nawarpharmacy.com\/?post_type=product&#038;p=8193"},"modified":"2026-01-25T18:36:33","modified_gmt":"2026-01-25T18:36:33","slug":"tussivan-n-sirup-125-ml-2","status":"publish","type":"product","link":"https:\/\/nawarpharmacy.com\/de\/produkt\/tussivan-n-sirup-125-ml-2\/","title":{"rendered":"Tussivan-N Sirup 125 ml"},"content":{"rendered":"<p data-path-to-node=\"2\"><b data-path-to-node=\"2\" data-index-in-node=\"0\">Tussivan-N Sirup 125 ml<\/b><\/p>\n<p data-path-to-node=\"3\"><b data-path-to-node=\"3\" data-index-in-node=\"0\">Beschreibung:<\/b> Ein fl\u00fcssiges Hustenmittel zur Linderung von Husten und damit verbundenen Atemwegssymptomen. Es kombiniert in der Regel einen Hustenstiller mit weiteren Wirkstoffen (wie Expektoranzien oder Antihistaminika), um Husten und Rachenreizungen zu lindern.<\/p>\n<p data-path-to-node=\"4\"><b data-path-to-node=\"4\" data-index-in-node=\"0\">Indikationen:<\/b> Symptomatische Linderung von: \u2022 Trockenem oder Reizhusten \u2022 Husten im Zusammenhang mit Infektionen der oberen Atemwege wie Erk\u00e4ltungen oder Bronchitis \u2022 Rachenreizungen nach Empfehlung einer medizinischen Fachkraft<\/p>\n<p data-path-to-node=\"5\"><b data-path-to-node=\"5\" data-index-in-node=\"0\">Hauptkomponenten (pro Dosis):<\/b> Die genaue Formulierung kann je nach Hersteller variieren, aber Produkte der Kategorie Tussivan-N enthalten h\u00e4ufig eine Kombination aus: <span class=\"citation-56\">\u2022 <\/span><b data-path-to-node=\"5\" data-index-in-node=\"169\"><span class=\"citation-56\">Antitussivum (Hustenstiller)<\/span><\/b><span class=\"citation-56 citation-end-56\"> \u2014 hilft, den Hustenreiz zu reduzieren.<\/span> \u2022 <b data-path-to-node=\"5\" data-index-in-node=\"239\">Beruhigende Wirkstoffe<\/b> \u2014 lindern gereiztes Rachengewebe. \u2022 <b data-path-to-node=\"5\" data-index-in-node=\"298\">Zus\u00e4tzliche unterst\u00fctzende Inhaltsstoffe<\/b> (wie Antihistaminika oder leichte Expektoranzien), je nach Formulierung. (Die genauen Wirkstoffe und St\u00e4rken m\u00fcssen dem Produktetikett entnommen werden.)<\/p>\n<div class=\"source-inline-chip-container ng-star-inserted\"><\/div>\n<p data-path-to-node=\"6\"><b data-path-to-node=\"6\" data-index-in-node=\"0\">Dosierungsempfehlung:<\/b> Nur nach Anweisung einer medizinischen Fachkraft oder gem\u00e4\u00df den Anweisungen auf dem Etikett verwenden. Vor Gebrauch gut sch\u00fctteln und die Dosis mit der mitgelieferten Dosiervorrichtung abmessen. Dosierung und H\u00e4ufigkeit h\u00e4ngen vom Alter und dem klinischen Zustand ab.<\/p>\n<p data-path-to-node=\"7\"><b data-path-to-node=\"7\" data-index-in-node=\"0\">Warnhinweise:<\/b> \u2022 Die empfohlene Dosis darf nicht \u00fcberschritten werden. \u2022 Au\u00dferhalb der Reichweite von Kindern aufbewahren. \u2022 Konsultieren Sie vor der Anwendung eine medizinische Fachkraft, wenn Sie schwanger sind, stillen, andere Medikamente einnehmen oder an einer Erkrankung wie Asthma oder einer chronischen Atemwegserkrankung leiden.<\/p>\n<p data-path-to-node=\"8\"><b data-path-to-node=\"8\" data-index-in-node=\"0\">H\u00e4ufige Nebenwirkungen:<\/b> \u2022 Schl\u00e4frigkeit oder Schwindel (abh\u00e4ngig von den Wirkstoffen) \u2022 Trockener Mund \u2022 Leichte Magen-Darm-Beschwerden<\/p>\n<p data-path-to-node=\"9\"><b data-path-to-node=\"9\" data-index-in-node=\"0\">Vorsichtsma\u00dfnahmen:<\/b> \u2022 Vermeiden Sie Alkohol und andere beruhigende Mittel, sofern nicht anders von einem Arzt verordnet. \u2022 Brechen Sie die Anwendung ab und suchen Sie \u00e4rztlichen Rat auf, wenn sich die Symptome verschlimmern, l\u00e4nger als einige Tage anhalten oder mit hohem Fieber, Atembeschwerden oder Brustschmerzen einhergehen.<\/p>\n","protected":false},"excerpt":{"rendered":"<p>Tussivan-N Sirup 125 ml Beschreibung: Ein fl\u00fcssiges Hustenmittel zur Linderung von Husten und damit verbundenen Atemwegssymptomen. Es kombiniert in der Regel einen Hustenstiller mit weiteren Wirkstoffen (wie Expektoranzien oder Antihistaminika), um Husten und Rachenreizungen zu lindern. Indikationen: Symptomatische Linderung von: \u2022 Trockenem oder Reizhusten \u2022 Husten im Zusammenhang mit Infektionen der oberen Atemwege wie Erk\u00e4ltungen&#8230;<\/p>\n","protected":false},"featured_media":8188,"comment_status":"open","ping_status":"closed","template":"","meta":{"rs_blank_template":"","rs_page_bg_color":"","slide_template_v7":"","_bst_post_transparent":"default","_bst_post_title":"","_bst_post_layout":"default","_bst_post_sidebar_id":"","_bst_post_content_style":"default","_bst_post_vertical_padding":"default","_bst_post_feature":"","_bst_post_feature_position":"","_bst_post_header":false,"_bst_post_footer":false},"product_brand":[],"product_cat":[235,351,295,217,263,353],"product_tag":[],"product_brands":[],"class_list":{"0":"post-8193","1":"product","2":"type-product","3":"status-publish","4":"has-post-thumbnail","6":"product_cat-respiratory-asthma-treatments","7":"product_cat-medical-forms","8":"product_cat-anti-cough","9":"product_cat-medicines","10":"product_cat-mucolytic","11":"product_cat-syrup","13":"first","14":"instock","15":"shipping-taxable","16":"purchasable","17":"product-type-simple","18":"entry","19":"content-bg","20":"loop-entry"},"_links":{"self":[{"href":"https:\/\/nawarpharmacy.com\/de\/wp-json\/wp\/v2\/product\/8193","targetHints":{"allow":["GET"]}}],"collection":[{"href":"https:\/\/nawarpharmacy.com\/de\/wp-json\/wp\/v2\/product"}],"about":[{"href":"https:\/\/nawarpharmacy.com\/de\/wp-json\/wp\/v2\/types\/product"}],"replies":[{"embeddable":true,"href":"https:\/\/nawarpharmacy.com\/de\/wp-json\/wp\/v2\/comments?post=8193"}],"wp:featuredmedia":[{"embeddable":true,"href":"https:\/\/nawarpharmacy.com\/de\/wp-json\/wp\/v2\/media\/8188"}],"wp:attachment":[{"href":"https:\/\/nawarpharmacy.com\/de\/wp-json\/wp\/v2\/media?parent=8193"}],"wp:term":[{"taxonomy":"product_brand","embeddable":true,"href":"https:\/\/nawarpharmacy.com\/de\/wp-json\/wp\/v2\/product_brand?post=8193"},{"taxonomy":"product_cat","embeddable":true,"href":"https:\/\/nawarpharmacy.com\/de\/wp-json\/wp\/v2\/product_cat?post=8193"},{"taxonomy":"product_tag","embeddable":true,"href":"https:\/\/nawarpharmacy.com\/de\/wp-json\/wp\/v2\/product_tag?post=8193"},{"taxonomy":"product_brands","embeddable":true,"href":"https:\/\/nawarpharmacy.com\/de\/wp-json\/wp\/v2\/product_brands?post=8193"}],"curies":[{"name":"wp","href":"https:\/\/api.w.org\/{rel}","templated":true}]}}