{"id":8181,"date":"2026-01-06T12:30:01","date_gmt":"2026-01-06T12:30:01","guid":{"rendered":"https:\/\/nawarpharmacy.com\/?post_type=product&#038;p=8181"},"modified":"2026-01-25T18:33:01","modified_gmt":"2026-01-25T18:33:01","slug":"tiratam-100-mg-ml-sirup-120-ml","status":"publish","type":"product","link":"https:\/\/nawarpharmacy.com\/de\/produkt\/tiratam-100-mg-ml-sirup-120-ml\/","title":{"rendered":"Tiratam 100 mg\/ml Sirup 120 ml"},"content":{"rendered":"<p data-path-to-node=\"2\"><b class=\"\" data-path-to-node=\"2\" data-index-in-node=\"0\">Tiratam 100 mg\/ml Sirup 120 ml<\/b><\/p>\n<p data-path-to-node=\"3\"><b class=\"\" data-path-to-node=\"3\" data-index-in-node=\"0\">Beschreibung:<\/b><span class=\"\"> Ein verschreibungspflichtiges Antiepileptikum in fl\u00fcssiger Form,<\/span><span class=\"\"> das Valproins\u00e4ure (Natriumvalproat\/Valproat) enth\u00e4lt.<\/span><span class=\"\"> Es wird zur Kontrolle und Vorbeugung von Krampfanf\u00e4llen eingesetzt,<\/span><span class=\"\"> indem es abnormale elektrische Aktivit\u00e4ten im Gehirn stabilisiert.<\/span><\/p>\n<p data-path-to-node=\"4\"><b class=\"\" data-path-to-node=\"4\" data-index-in-node=\"0\">Indikationen:<\/b><span class=\"\"> \u2022 Behandlung verschiedener Arten von Anfallsleiden (z.<\/span><span class=\"\"> B.<\/span><span class=\"\"> generalisierte,<\/span><span class=\"\"> Absencen-,<\/span><span class=\"\"> myoklonische und partielle Anf\u00e4lle).<\/span><span class=\"\"> \u2022 Zusatztherapie bei Epilepsie,<\/span><span class=\"\"> wenn eine zus\u00e4tzliche Anfallskontrolle erforderlich ist.<\/span><span class=\"\"> \u2022 Andere neurologische Erkrankungen nach Festlegung durch eine medizinische Fachkraft.<\/span><\/p>\n<p data-path-to-node=\"5\"><b class=\"\" data-path-to-node=\"5\" data-index-in-node=\"0\">Hauptkomponente:<\/b><span class=\"\"> Valproat 100 mg pro ml Sirup.<\/span><\/p>\n<p data-path-to-node=\"6\"><b class=\"\" data-path-to-node=\"6\" data-index-in-node=\"0\">Dosierungsempfehlung:<\/b><span class=\"\"> Nur nach \u00e4rztlicher Verschreibung anwenden.<\/span><span class=\"\"> Die Dosierung h\u00e4ngt von der Art des Anfallsleidens,<\/span><span class=\"\"> dem Alter,<\/span><span class=\"\"> dem Gewicht und dem klinischen Ansprechen ab.<\/span><span class=\"\"> Vor Gebrauch gut sch\u00fctteln und die Dosis mit der mitgelieferten Messvorrichtung abmessen.<\/span><span class=\"\"> Die Einnahme kann nach Anweisung einmal oder mehrmals t\u00e4glich erfolgen.<\/span><\/p>\n<p data-path-to-node=\"7\"><b class=\"\" data-path-to-node=\"7\" data-index-in-node=\"0\">Wirkungsmechanismus:<\/b><span class=\"\"> Valproat erh\u00f6ht den Spiegel des hemmenden Neurotransmitters GABA im Gehirn und reduziert abnormale elektrische Aktivit\u00e4ten,<\/span><span class=\"\"> was zur Vorbeugung und Kontrolle von Anf\u00e4llen beitr\u00e4gt.<\/span><\/p>\n<p data-path-to-node=\"8\"><b class=\"\" data-path-to-node=\"8\" data-index-in-node=\"0\">Warnhinweise:<\/b><span class=\"\"> \u2022 Nur unter \u00e4rztlicher Aufsicht einnehmen; die Dosis darf nicht ohne \u00e4rztliche Anleitung angepasst oder abgesetzt werden.<\/span><span class=\"\"> \u2022 Au\u00dferhalb der Reichweite von Kindern aufbewahren.<\/span><span class=\"\"> \u2022 Konsultieren Sie vor der Anwendung eine medizinische Fachkraft,<\/span><span class=\"\"> wenn Sie schwanger sind,<\/span><span class=\"\"> eine Schwangerschaft planen,<\/span><span class=\"\"> stillen,<\/span><span class=\"\"> andere Medikamente einnehmen oder an einer Leber- oder Nierenerkrankung leiden.<\/span><\/p>\n<p data-path-to-node=\"9\"><b class=\"\" data-path-to-node=\"9\" data-index-in-node=\"0\">H\u00e4ufige Nebenwirkungen:<\/b><span class=\"\"> \u2022 Schl\u00e4frigkeit oder M\u00fcdigkeit \u2022 Gastrointestinale Beschwerden (\u00dcbelkeit,<\/span><span class=\"\"> Erbrechen) \u2022 Tremor (Zittern) \u2022 Gewichtsver\u00e4nderungen \u2022 Stimmungsver\u00e4nderungen \u2022 Haarausfall (selten)<\/span><\/p>\n<p data-path-to-node=\"10\"><b class=\"\" data-path-to-node=\"10\" data-index-in-node=\"0\">Vorsichtsma\u00dfnahmen:<\/b><span class=\"\"> \u2022 Eine \u00dcberwachung der Leberfunktion wird empfohlen,<\/span><span class=\"\"> insbesondere bei Kleinkindern oder in den ersten Behandlungsmonaten.<\/span><span class=\"\"> \u2022 Anwendung mit Vorsicht bei Personen mit Lebererkrankungen,<\/span><span class=\"\"> Mitochondriopathien oder Harnstoffzyklusdefekten.<\/span><span class=\"\"> \u2022 Valproat weist teratogene Risiken auf; es sollte in der Schwangerschaft nur bei eindeutiger Notwendigkeit und unter strenger \u00e4rztlicher Aufsicht angewendet werden.<\/span><span class=\"\"> \u2022 Eine regelm\u00e4\u00dfige \u00dcberwachung des Blutspiegels kann ratsam sein,<\/span><span class=\"\"> um therapeutische Spiegel sicherzustellen und Toxizit\u00e4t zu vermeiden.<\/span><\/p>\n","protected":false},"excerpt":{"rendered":"<p>Tiratam 100 mg\/ml Sirup 120 ml Beschreibung: Ein verschreibungspflichtiges Antiepileptikum in fl\u00fcssiger Form, das Valproins\u00e4ure (Natriumvalproat\/Valproat) enth\u00e4lt. Es wird zur Kontrolle und Vorbeugung von Krampfanf\u00e4llen eingesetzt, indem es abnormale elektrische Aktivit\u00e4ten im Gehirn stabilisiert. Indikationen: \u2022 Behandlung verschiedener Arten von Anfallsleiden (z. B. generalisierte, Absencen-, myoklonische und partielle Anf\u00e4lle). \u2022 Zusatztherapie bei Epilepsie, wenn eine&#8230;<\/p>\n","protected":false},"featured_media":8180,"comment_status":"open","ping_status":"closed","template":"","meta":{"rs_blank_template":"","rs_page_bg_color":"","slide_template_v7":"","_bst_post_transparent":"default","_bst_post_title":"","_bst_post_layout":"default","_bst_post_sidebar_id":"","_bst_post_content_style":"default","_bst_post_vertical_padding":"default","_bst_post_feature":"","_bst_post_feature_position":"","_bst_post_header":false,"_bst_post_footer":false},"product_brand":[],"product_cat":[351,217,277,353],"product_tag":[],"product_brands":[],"class_list":{"0":"post-8181","1":"product","2":"type-product","3":"status-publish","4":"has-post-thumbnail","6":"product_cat-medical-forms","7":"product_cat-medicines","8":"product_cat-nervous-system-medications","9":"product_cat-syrup","11":"first","12":"instock","13":"shipping-taxable","14":"purchasable","15":"product-type-simple","16":"entry","17":"content-bg","18":"loop-entry"},"_links":{"self":[{"href":"https:\/\/nawarpharmacy.com\/de\/wp-json\/wp\/v2\/product\/8181","targetHints":{"allow":["GET"]}}],"collection":[{"href":"https:\/\/nawarpharmacy.com\/de\/wp-json\/wp\/v2\/product"}],"about":[{"href":"https:\/\/nawarpharmacy.com\/de\/wp-json\/wp\/v2\/types\/product"}],"replies":[{"embeddable":true,"href":"https:\/\/nawarpharmacy.com\/de\/wp-json\/wp\/v2\/comments?post=8181"}],"wp:featuredmedia":[{"embeddable":true,"href":"https:\/\/nawarpharmacy.com\/de\/wp-json\/wp\/v2\/media\/8180"}],"wp:attachment":[{"href":"https:\/\/nawarpharmacy.com\/de\/wp-json\/wp\/v2\/media?parent=8181"}],"wp:term":[{"taxonomy":"product_brand","embeddable":true,"href":"https:\/\/nawarpharmacy.com\/de\/wp-json\/wp\/v2\/product_brand?post=8181"},{"taxonomy":"product_cat","embeddable":true,"href":"https:\/\/nawarpharmacy.com\/de\/wp-json\/wp\/v2\/product_cat?post=8181"},{"taxonomy":"product_tag","embeddable":true,"href":"https:\/\/nawarpharmacy.com\/de\/wp-json\/wp\/v2\/product_tag?post=8181"},{"taxonomy":"product_brands","embeddable":true,"href":"https:\/\/nawarpharmacy.com\/de\/wp-json\/wp\/v2\/product_brands?post=8181"}],"curies":[{"name":"wp","href":"https:\/\/api.w.org\/{rel}","templated":true}]}}