{"id":8155,"date":"2026-01-06T12:40:30","date_gmt":"2026-01-06T12:40:30","guid":{"rendered":"https:\/\/nawarpharmacy.com\/?post_type=product&#038;p=8155"},"modified":"2026-01-25T18:16:27","modified_gmt":"2026-01-25T18:16:27","slug":"gastromotil-200-ml-suspension","status":"publish","type":"product","link":"https:\/\/nawarpharmacy.com\/de\/produkt\/gastromotil-200-ml-suspension\/","title":{"rendered":"Gastromotil 200 ml Suspension"},"content":{"rendered":"<p data-path-to-node=\"3\"><b class=\"\" data-path-to-node=\"3\" data-index-in-node=\"0\">Gastromotil 200 ml Suspension<\/b><\/p>\n<p data-path-to-node=\"4\"><b class=\"\" data-path-to-node=\"4\" data-index-in-node=\"0\">Beschreibung:<\/b><span class=\"\"> Ein fl\u00fcssiges Magen-Darm-Medikament zur Linderung von Bl\u00e4hungen,<\/span><span class=\"\"> V\u00f6llegef\u00fchl und Verdauungsbeschwerden.<\/span><span class=\"\"> Es enth\u00e4lt in der Regel Wirkstoffe,<\/span><span class=\"\"> die Gasblasen im Magen und Darm reduzieren und damit verbundene Beschwerden lindern.<\/span><\/p>\n<p data-path-to-node=\"5\"><b class=\"\" data-path-to-node=\"5\" data-index-in-node=\"0\">Anwendungsgebiete (Indikationen):<\/b><span class=\"\"> Symptomatische Linderung von:<\/span><span class=\"\"> \u2022 \u00dcberm\u00e4\u00dfigen Gasansammlungen (Bl\u00e4hungen) \u2022 V\u00f6llegef\u00fchl und Bauchbeschwerden \u2022 Verdauungsst\u00f6rungen im Zusammenhang mit Gasansammlungen \u2022 Leichten Magenverstimmungen infolge von Verdauungsst\u00f6rungen<\/span><\/p>\n<p data-path-to-node=\"6\"><b class=\"\" data-path-to-node=\"6\" data-index-in-node=\"0\">Hauptkomponenten (pro Dosis):<\/b><span class=\"\"> Die genauen Inhaltsstoffe variieren je nach Hersteller,<\/span><span class=\"\"> aber Suspensionen gegen Bl\u00e4hungen enthalten \u00fcblicherweise:<\/span><\/p>\n<ul data-path-to-node=\"7\">\n<li>\n<p data-path-to-node=\"7,0,0\"><b class=\"\" data-path-to-node=\"7,0,0\" data-index-in-node=\"0\">Simethicon<\/b><span class=\"\"> \u2014 ein Entsch\u00e4umer,<\/span><span class=\"\"> der Gasblasen aufl\u00f6st,<\/span><span class=\"\"> um deren Abgang zu erleichtern.<\/span><\/p>\n<\/li>\n<li>\n<p data-path-to-node=\"7,1,0\"><span class=\"\">Beruhigende Wirkstoffe,<\/span><span class=\"\"> die Reizungen der Magenschleimhaut lindern.<\/span><span class=\"\"> (Die genauen Wirkstoffe und Konzentrationen sollten auf dem Produktetikett \u00fcberpr\u00fcft werden.<\/span><span class=\"\">)<\/span><\/p>\n<\/li>\n<\/ul>\n<p data-path-to-node=\"8\"><b class=\"\" data-path-to-node=\"8\" data-index-in-node=\"0\">Dosierungsempfehlung:<\/b><span class=\"\"> Nur nach Anweisung einer medizinischen Fachkraft oder gem\u00e4\u00df den Anweisungen auf dem Etikett verwenden.<\/span><span class=\"\"> Vor Gebrauch gut sch\u00fctteln und die Dosis mit dem mitgelieferten Dosierhilfe abmessen.<\/span><span class=\"\"> Dosierung und H\u00e4ufigkeit h\u00e4ngen von Alter und Schwere der Symptome ab.<\/span><\/p>\n<p data-path-to-node=\"9\"><b class=\"\" data-path-to-node=\"9\" data-index-in-node=\"0\">Warnhinweise:<\/b><span class=\"\"> \u2022 Die empfohlene Dosis darf nicht \u00fcberschritten werden.<\/span><span class=\"\"> \u2022 Au\u00dferhalb der Reichweite von Kindern aufbewahren.<\/span><span class=\"\"> \u2022 Konsultieren Sie vor der Anwendung einen Arzt,<\/span><span class=\"\"> wenn Sie schwanger sind,<\/span><span class=\"\"> stillen,<\/span><span class=\"\"> andere Medikamente einnehmen oder an einer Vorerkrankung leiden.<\/span><\/p>\n<p data-path-to-node=\"10\"><b class=\"\" data-path-to-node=\"10\" data-index-in-node=\"0\">H\u00e4ufige Nebenwirkungen:<\/b><span class=\"\"> Simethicon ist im Allgemeinen gut vertr\u00e4glich; Nebenwirkungen sind selten,<\/span><span class=\"\"> k\u00f6nnen aber leichte Ver\u00e4nderungen im Magen-Darm-Trakt beinhalten.<\/span><\/p>\n<p data-path-to-node=\"11\"><b class=\"\" data-path-to-node=\"11\" data-index-in-node=\"0\">Vorsichtsma\u00dfnahmen:<\/b><span class=\"\"> \u2022 Wenn die Symptome anhalten,<\/span><span class=\"\"> sich verschlimmern oder mit starken Schmerzen,<\/span><span class=\"\"> Erbrechen,<\/span><span class=\"\"> Fieber oder Blut im Stuhl einhergehen,<\/span><span class=\"\"> suchen Sie einen Arzt auf.<\/span><span class=\"\"> \u2022 \u00dcberpr\u00fcfen Sie immer die genauen Wirkstoffe und Dosierungsanweisungen auf der Produktverpackung oder bei einem Gesundheitsdienstleister.<\/span><\/p>\n","protected":false},"excerpt":{"rendered":"<p>Gastromotil 200 ml Suspension Beschreibung: Ein fl\u00fcssiges Magen-Darm-Medikament zur Linderung von Bl\u00e4hungen, V\u00f6llegef\u00fchl und Verdauungsbeschwerden. Es enth\u00e4lt in der Regel Wirkstoffe, die Gasblasen im Magen und Darm reduzieren und damit verbundene Beschwerden lindern. Anwendungsgebiete (Indikationen): Symptomatische Linderung von: \u2022 \u00dcberm\u00e4\u00dfigen Gasansammlungen (Bl\u00e4hungen) \u2022 V\u00f6llegef\u00fchl und Bauchbeschwerden \u2022 Verdauungsst\u00f6rungen im Zusammenhang mit Gasansammlungen \u2022 Leichten Magenverstimmungen&#8230;<\/p>\n","protected":false},"featured_media":8154,"comment_status":"open","ping_status":"closed","template":"","meta":{"rs_blank_template":"","rs_page_bg_color":"","slide_template_v7":"","_bst_post_transparent":"default","_bst_post_title":"","_bst_post_layout":"default","_bst_post_sidebar_id":"","_bst_post_content_style":"default","_bst_post_vertical_padding":"default","_bst_post_feature":"","_bst_post_feature_position":"","_bst_post_header":false,"_bst_post_footer":false},"product_brand":[],"product_cat":[351,217,353],"product_tag":[],"product_brands":[],"class_list":{"0":"post-8155","1":"product","2":"type-product","3":"status-publish","4":"has-post-thumbnail","6":"product_cat-medical-forms","7":"product_cat-medicines","8":"product_cat-syrup","10":"first","11":"instock","12":"shipping-taxable","13":"purchasable","14":"product-type-simple","15":"entry","16":"content-bg","17":"loop-entry"},"_links":{"self":[{"href":"https:\/\/nawarpharmacy.com\/de\/wp-json\/wp\/v2\/product\/8155","targetHints":{"allow":["GET"]}}],"collection":[{"href":"https:\/\/nawarpharmacy.com\/de\/wp-json\/wp\/v2\/product"}],"about":[{"href":"https:\/\/nawarpharmacy.com\/de\/wp-json\/wp\/v2\/types\/product"}],"replies":[{"embeddable":true,"href":"https:\/\/nawarpharmacy.com\/de\/wp-json\/wp\/v2\/comments?post=8155"}],"wp:featuredmedia":[{"embeddable":true,"href":"https:\/\/nawarpharmacy.com\/de\/wp-json\/wp\/v2\/media\/8154"}],"wp:attachment":[{"href":"https:\/\/nawarpharmacy.com\/de\/wp-json\/wp\/v2\/media?parent=8155"}],"wp:term":[{"taxonomy":"product_brand","embeddable":true,"href":"https:\/\/nawarpharmacy.com\/de\/wp-json\/wp\/v2\/product_brand?post=8155"},{"taxonomy":"product_cat","embeddable":true,"href":"https:\/\/nawarpharmacy.com\/de\/wp-json\/wp\/v2\/product_cat?post=8155"},{"taxonomy":"product_tag","embeddable":true,"href":"https:\/\/nawarpharmacy.com\/de\/wp-json\/wp\/v2\/product_tag?post=8155"},{"taxonomy":"product_brands","embeddable":true,"href":"https:\/\/nawarpharmacy.com\/de\/wp-json\/wp\/v2\/product_brands?post=8155"}],"curies":[{"name":"wp","href":"https:\/\/api.w.org\/{rel}","templated":true}]}}