{"id":7591,"date":"2025-11-24T12:43:37","date_gmt":"2025-11-24T12:43:37","guid":{"rendered":"https:\/\/nawarpharmacy.com\/?post_type=product&#038;p=7591"},"modified":"2026-02-05T18:03:03","modified_gmt":"2026-02-05T18:03:03","slug":"vita-hair-60-tablets","status":"publish","type":"product","link":"https:\/\/nawarpharmacy.com\/de\/produkt\/vita-hair-60-tablets\/","title":{"rendered":"Vita Hair 60 Tabletten"},"content":{"rendered":"<div class=\"flex max-w-full flex-col grow\">\n<div class=\"min-h-8 text-message relative flex w-full flex-col items-end gap-2 text-start break-words whitespace-normal [.text-message+&amp;]:mt-1\" dir=\"auto\" data-message-author-role=\"assistant\" data-message-id=\"4cc2255c-5db2-4a4f-958f-7847dc9e3541\" data-message-model-slug=\"gpt-5-mini\">\n<div class=\"flex w-full flex-col gap-1 empty:hidden first:pt-[1px]\">\n<div class=\"markdown prose dark:prose-invert w-full break-words light markdown-new-styling\">\n<p data-start=\"1234\" data-end=\"1270\"><strong>Vita Hair 60 Tabletten<\/strong><\/p>\n<p data-start=\"1272\" data-end=\"1338\"><strong data-start=\"1272\" data-end=\"1286\">Kategorie:<\/strong><br data-start=\"1286\" data-end=\"1289\" \/>Haar- &amp; Nagelunterst\u00fctzung \/ Multivitaminpr\u00e4parat<\/p>\n<p data-start=\"1340\" data-end=\"1381\"><strong data-start=\"1340\" data-end=\"1379\">Aktive Bestandteile (pro Tablette):<\/strong><\/p>\n<ul data-start=\"1382\" data-end=\"1533\">\n<li data-start=\"1382\" data-end=\"1396\">\n<p data-start=\"1384\" data-end=\"1396\"><strong data-start=\"1384\" data-end=\"1394\">Biotin<\/strong><\/p>\n<\/li>\n<li data-start=\"1397\" data-end=\"1409\">\n<p data-start=\"1399\" data-end=\"1409\"><strong data-start=\"1399\" data-end=\"1407\">Zink<\/strong><\/p>\n<\/li>\n<li data-start=\"1410\" data-end=\"1423\">\n<p data-start=\"1412\" data-end=\"1423\"><strong data-start=\"1412\" data-end=\"1421\">Selen<\/strong><\/p>\n<\/li>\n<li data-start=\"1424\" data-end=\"1460\">\n<p data-start=\"1426\" data-end=\"1460\"><strong data-start=\"1426\" data-end=\"1458\">B-Vitamine (B1, B2, B6, B12)<\/strong><\/p>\n<\/li>\n<li data-start=\"1461\" data-end=\"1477\">\n<p data-start=\"1463\" data-end=\"1477\"><strong data-start=\"1463\" data-end=\"1475\">Fols\u00e4ure<\/strong><\/p>\n<\/li>\n<li data-start=\"1478\" data-end=\"1533\">\n<p data-start=\"1480\" data-end=\"1533\"><strong data-start=\"1480\" data-end=\"1533\">Weitere unterst\u00fctzende Vitamine und Mineralstoffe<\/strong><\/p>\n<\/li>\n<\/ul>\n<p data-start=\"1535\" data-end=\"1559\"><strong data-start=\"1535\" data-end=\"1557\">Anwendungsgebiete:<\/strong><\/p>\n<ul data-start=\"1560\" data-end=\"1748\">\n<li data-start=\"1560\" data-end=\"1608\">\n<p data-start=\"1562\" data-end=\"1608\">F\u00f6rdert gesundes Haarwachstum und Haarst\u00e4rke<\/p>\n<\/li>\n<li data-start=\"1609\" data-end=\"1659\">\n<p data-start=\"1611\" data-end=\"1659\">Unterst\u00fctzt die Gesundheit von N\u00e4geln und Haut<\/p>\n<\/li>\n<li data-start=\"1660\" data-end=\"1748\">\n<p data-start=\"1662\" data-end=\"1748\">Kann Haarverd\u00fcnnung und Haarausfall bei ern\u00e4hrungsbedingten Mangelzust\u00e4nden reduzieren<\/p>\n<\/li>\n<\/ul>\n<p data-start=\"1750\" data-end=\"1921\"><strong data-start=\"1750\" data-end=\"1778\">Dosierung und Anwendung:<\/strong><br data-start=\"1778\" data-end=\"1781\" \/>Erwachsene: 1 Tablette t\u00e4glich, vorzugsweise zu einer Mahlzeit einnehmen.<br data-start=\"1854\" data-end=\"1857\" \/>Bei besonderen Beschwerden\/Erkrankungen \u00e4rztlichen Rat befolgen.<\/p>\n<p data-start=\"1923\" data-end=\"1943\"><strong data-start=\"1923\" data-end=\"1941\">Gegenanzeigen:<\/strong><\/p>\n<ul data-start=\"1944\" data-end=\"2066\">\n<li data-start=\"1944\" data-end=\"2010\">\n<p data-start=\"1946\" data-end=\"2010\">Bekannte \u00dcberempfindlichkeit gegen\u00fcber einem der Inhaltsstoffe<\/p>\n<\/li>\n<li data-start=\"2011\" data-end=\"2066\">\n<p data-start=\"2013\" data-end=\"2066\">Nicht empfohlen f\u00fcr Kinder ohne medizinische Aufsicht<\/p>\n<\/li>\n<\/ul>\n<p data-start=\"2068\" data-end=\"2221\"><strong data-start=\"2068\" data-end=\"2087\">Nebenwirkungen:<\/strong><br data-start=\"2087\" data-end=\"2090\" \/>Selten: leichte \u00dcbelkeit, Magenbeschwerden oder Hautreaktionen.<br data-start=\"2153\" data-end=\"2156\" \/>Eine \u00fcberm\u00e4\u00dfige Einnahme kann Magen-Darm-Beschwerden verursachen.<\/p>\n<p data-start=\"2223\" data-end=\"2358\"><strong data-start=\"2223\" data-end=\"2236\">Lagerung:<\/strong><br data-start=\"2236\" data-end=\"2239\" \/>K\u00fchl, trocken und vor direkter Sonneneinstrahlung gesch\u00fctzt lagern.<br data-start=\"2306\" data-end=\"2309\" \/>Au\u00dferhalb der Reichweite von Kindern aufbewahren.<\/p>\n<p data-start=\"2360\" data-end=\"2420\" data-is-last-node=\"\" data-is-only-node=\"\"><strong data-start=\"2360\" data-end=\"2381\">Darreichungsform:<\/strong><br data-start=\"2381\" data-end=\"2384\" \/>Tabletten \u2014 60 Tabletten pro Packung<\/p>\n<\/div>\n<\/div>\n<\/div>\n<\/div>\n","protected":false},"excerpt":{"rendered":"<p>Umfassende Unterst\u00fctzung f\u00fcr Haare, Haut und N\u00e4gel mit Biotin, Zink und B-Vitaminen \u2013 60er Packung.<\/p>\n","protected":false},"featured_media":7587,"comment_status":"open","ping_status":"closed","template":"","meta":{"rs_blank_template":"","rs_page_bg_color":"","slide_template_v7":"","_bst_post_transparent":"default","_bst_post_title":"","_bst_post_layout":"default","_bst_post_sidebar_id":"","_bst_post_content_style":"default","_bst_post_vertical_padding":"default","_bst_post_feature":"","_bst_post_feature_position":"","_bst_post_header":false,"_bst_post_footer":false},"product_brand":[],"product_cat":[351,217,413,457,229],"product_tag":[],"product_brands":[],"class_list":{"0":"post-7591","1":"product","2":"type-product","3":"status-publish","4":"has-post-thumbnail","6":"product_cat-medical-forms","7":"product_cat-medicines","8":"product_cat-hair-nails-medications","9":"product_cat-tablets-capsules","10":"product_cat-vitamins-general-supplements","12":"first","13":"instock","14":"shipping-taxable","15":"purchasable","16":"product-type-simple","17":"entry","18":"content-bg","19":"loop-entry"},"_links":{"self":[{"href":"https:\/\/nawarpharmacy.com\/de\/wp-json\/wp\/v2\/product\/7591","targetHints":{"allow":["GET"]}}],"collection":[{"href":"https:\/\/nawarpharmacy.com\/de\/wp-json\/wp\/v2\/product"}],"about":[{"href":"https:\/\/nawarpharmacy.com\/de\/wp-json\/wp\/v2\/types\/product"}],"replies":[{"embeddable":true,"href":"https:\/\/nawarpharmacy.com\/de\/wp-json\/wp\/v2\/comments?post=7591"}],"wp:featuredmedia":[{"embeddable":true,"href":"https:\/\/nawarpharmacy.com\/de\/wp-json\/wp\/v2\/media\/7587"}],"wp:attachment":[{"href":"https:\/\/nawarpharmacy.com\/de\/wp-json\/wp\/v2\/media?parent=7591"}],"wp:term":[{"taxonomy":"product_brand","embeddable":true,"href":"https:\/\/nawarpharmacy.com\/de\/wp-json\/wp\/v2\/product_brand?post=7591"},{"taxonomy":"product_cat","embeddable":true,"href":"https:\/\/nawarpharmacy.com\/de\/wp-json\/wp\/v2\/product_cat?post=7591"},{"taxonomy":"product_tag","embeddable":true,"href":"https:\/\/nawarpharmacy.com\/de\/wp-json\/wp\/v2\/product_tag?post=7591"},{"taxonomy":"product_brands","embeddable":true,"href":"https:\/\/nawarpharmacy.com\/de\/wp-json\/wp\/v2\/product_brands?post=7591"}],"curies":[{"name":"wp","href":"https:\/\/api.w.org\/{rel}","templated":true}]}}