{"id":7577,"date":"2025-11-24T12:40:35","date_gmt":"2025-11-24T12:40:35","guid":{"rendered":"https:\/\/nawarpharmacy.com\/?post_type=product&#038;p=7577"},"modified":"2026-02-05T18:05:51","modified_gmt":"2026-02-05T18:05:51","slug":"vitamin-e-400-mg-24-kapseln","status":"publish","type":"product","link":"https:\/\/nawarpharmacy.com\/de\/produkt\/vitamin-e-400-mg-24-kapseln\/","title":{"rendered":"Vitamin E 400 mg 24 Weichkapseln"},"content":{"rendered":"<article class=\"text-token-text-primary w-full focus:outline-none [--shadow-height:45px] has-data-writing-block:pointer-events-none has-data-writing-block:-mt-(--shadow-height) has-data-writing-block:pt-(--shadow-height) [&amp;:has([data-writing-block])&gt;*]:pointer-events-auto [content-visibility:auto] supports-[content-visibility:auto]:[contain-intrinsic-size:auto_100lvh] scroll-mt-[calc(var(--header-height)+min(200px,max(70px,20svh)))]\" dir=\"auto\" data-turn-id=\"request-WEB:d24dbb17-1635-465e-afce-835fdb073a4a-149\" data-testid=\"conversation-turn-6\" data-scroll-anchor=\"true\" data-turn=\"assistant\">\n<div class=\"text-base my-auto mx-auto pb-10 [--thread-content-margin:--spacing(4)] thread-sm:[--thread-content-margin:--spacing(6)] thread-lg:[--thread-content-margin:--spacing(16)] px-(--thread-content-margin)\">\n<div class=\"[--thread-content-max-width:40rem] thread-lg:[--thread-content-max-width:48rem] mx-auto max-w-(--thread-content-max-width) flex-1 group\/turn-messages focus-visible:outline-hidden relative flex w-full min-w-0 flex-col agent-turn\">\n<div class=\"flex max-w-full flex-col grow\">\n<div class=\"min-h-8 text-message relative flex w-full flex-col items-end gap-2 text-start break-words whitespace-normal [.text-message+&amp;]:mt-1\" dir=\"auto\" data-message-author-role=\"assistant\" data-message-id=\"17843f43-bbcb-4a81-bbf3-f3f05c63809f\" data-message-model-slug=\"gpt-5-mini\">\n<div class=\"flex w-full flex-col gap-1 empty:hidden first:pt-[1px]\">\n<div class=\"markdown prose dark:prose-invert w-full break-words light markdown-new-styling\">\n<p data-start=\"1143\" data-end=\"1180\"><strong data-start=\"1143\" data-end=\"1180\">Vitamin E 400 mg 24 Weichkapseln<\/strong><\/p>\n<p data-start=\"1182\" data-end=\"1220\"><strong data-start=\"1182\" data-end=\"1196\">Kategorie:<\/strong><br data-start=\"1196\" data-end=\"1199\" \/>Vitamin \/ Antioxidans<\/p>\n<p data-start=\"1222\" data-end=\"1297\"><strong data-start=\"1222\" data-end=\"1236\">Wirkstoff:<\/strong><br data-start=\"1236\" data-end=\"1239\" \/><strong data-start=\"1239\" data-end=\"1277\">Vitamin E (als d-alpha-Tocopherol)<\/strong> \u2014 400 mg pro Kapsel<\/p>\n<p data-start=\"1299\" data-end=\"1323\"><strong data-start=\"1299\" data-end=\"1321\">Anwendungsgebiete:<\/strong><\/p>\n<ul data-start=\"1324\" data-end=\"1512\">\n<li data-start=\"1324\" data-end=\"1371\">\n<p data-start=\"1326\" data-end=\"1371\">Unterst\u00fctzung der Funktion des Immunsystems<\/p>\n<\/li>\n<li data-start=\"1372\" data-end=\"1415\">\n<p data-start=\"1374\" data-end=\"1415\">Schutz der Zellen vor oxidativem Stress<\/p>\n<\/li>\n<li data-start=\"1416\" data-end=\"1453\">\n<p data-start=\"1418\" data-end=\"1453\">F\u00f6rderung gesunder Haut und Augen<\/p>\n<\/li>\n<li data-start=\"1454\" data-end=\"1512\">\n<p data-start=\"1456\" data-end=\"1512\">Kann zur allgemeinen Herz-Kreislauf-Gesundheit beitragen<\/p>\n<\/li>\n<\/ul>\n<p data-start=\"1514\" data-end=\"1716\"><strong data-start=\"1514\" data-end=\"1542\">Dosierung und Anwendung:<\/strong><br data-start=\"1542\" data-end=\"1545\" \/>Erwachsene: 1 Kapsel t\u00e4glich, vorzugsweise zu einer Mahlzeit einnehmen.<br data-start=\"1616\" data-end=\"1619\" \/>Wenn h\u00f6here Dosierungen empfohlen werden, den Anweisungen des medizinischen Fachpersonals folgen.<\/p>\n<p data-start=\"1718\" data-end=\"1738\"><strong data-start=\"1718\" data-end=\"1736\">Gegenanzeigen:<\/strong><\/p>\n<ul data-start=\"1739\" data-end=\"1877\">\n<li data-start=\"1739\" data-end=\"1815\">\n<p data-start=\"1741\" data-end=\"1815\">Bekannte \u00dcberempfindlichkeit gegen Vitamin E oder einen der Bestandteile<\/p>\n<\/li>\n<li data-start=\"1816\" data-end=\"1877\">\n<p data-start=\"1818\" data-end=\"1877\">Vorsicht bei gleichzeitiger Behandlung mit Antikoagulanzien<\/p>\n<\/li>\n<\/ul>\n<p data-start=\"1879\" data-end=\"2026\"><strong data-start=\"1879\" data-end=\"1898\">Nebenwirkungen:<\/strong><br data-start=\"1898\" data-end=\"1901\" \/>Selten: \u00dcbelkeit, Durchfall, Bauchkr\u00e4mpfe, Kopfschmerzen.<br data-start=\"1958\" data-end=\"1961\" \/>Eine \u00fcberm\u00e4\u00dfige Langzeiteinnahme kann das Blutungsrisiko erh\u00f6hen.<\/p>\n<p data-start=\"2028\" data-end=\"2163\"><strong data-start=\"2028\" data-end=\"2041\">Lagerung:<\/strong><br data-start=\"2041\" data-end=\"2044\" \/>K\u00fchl, trocken und vor direkter Sonneneinstrahlung gesch\u00fctzt lagern.<br data-start=\"2111\" data-end=\"2114\" \/>Au\u00dferhalb der Reichweite von Kindern aufbewahren.<\/p>\n<p data-start=\"2165\" data-end=\"2226\" data-is-last-node=\"\" data-is-only-node=\"\"><strong data-start=\"2165\" data-end=\"2186\">Darreichungsform:<\/strong><br data-start=\"2186\" data-end=\"2189\" \/>Weichkapseln \u2014 24 Kapseln pro Packung<\/p>\n<\/div>\n<\/div>\n<\/div>\n<\/div>\n<\/div>\n<\/div>\n<\/article>\n","protected":false},"excerpt":{"rendered":"<p>Kraftvolles Antioxidans-Supplement mit 400 MG Vitamin E pro Kapsel zum Schutz der Zellen.<\/p>\n","protected":false},"featured_media":7576,"comment_status":"open","ping_status":"closed","template":"","meta":{"rs_blank_template":"","rs_page_bg_color":"","slide_template_v7":"","_bst_post_transparent":"default","_bst_post_title":"","_bst_post_layout":"default","_bst_post_sidebar_id":"","_bst_post_content_style":"default","_bst_post_vertical_padding":"default","_bst_post_feature":"","_bst_post_feature_position":"","_bst_post_header":false,"_bst_post_footer":false},"product_brand":[],"product_cat":[351,217,457,229],"product_tag":[],"product_brands":[],"class_list":{"0":"post-7577","1":"product","2":"type-product","3":"status-publish","4":"has-post-thumbnail","6":"product_cat-medical-forms","7":"product_cat-medicines","8":"product_cat-tablets-capsules","9":"product_cat-vitamins-general-supplements","11":"first","12":"instock","13":"shipping-taxable","14":"purchasable","15":"product-type-simple","16":"entry","17":"content-bg","18":"loop-entry"},"_links":{"self":[{"href":"https:\/\/nawarpharmacy.com\/de\/wp-json\/wp\/v2\/product\/7577","targetHints":{"allow":["GET"]}}],"collection":[{"href":"https:\/\/nawarpharmacy.com\/de\/wp-json\/wp\/v2\/product"}],"about":[{"href":"https:\/\/nawarpharmacy.com\/de\/wp-json\/wp\/v2\/types\/product"}],"replies":[{"embeddable":true,"href":"https:\/\/nawarpharmacy.com\/de\/wp-json\/wp\/v2\/comments?post=7577"}],"wp:featuredmedia":[{"embeddable":true,"href":"https:\/\/nawarpharmacy.com\/de\/wp-json\/wp\/v2\/media\/7576"}],"wp:attachment":[{"href":"https:\/\/nawarpharmacy.com\/de\/wp-json\/wp\/v2\/media?parent=7577"}],"wp:term":[{"taxonomy":"product_brand","embeddable":true,"href":"https:\/\/nawarpharmacy.com\/de\/wp-json\/wp\/v2\/product_brand?post=7577"},{"taxonomy":"product_cat","embeddable":true,"href":"https:\/\/nawarpharmacy.com\/de\/wp-json\/wp\/v2\/product_cat?post=7577"},{"taxonomy":"product_tag","embeddable":true,"href":"https:\/\/nawarpharmacy.com\/de\/wp-json\/wp\/v2\/product_tag?post=7577"},{"taxonomy":"product_brands","embeddable":true,"href":"https:\/\/nawarpharmacy.com\/de\/wp-json\/wp\/v2\/product_brands?post=7577"}],"curies":[{"name":"wp","href":"https:\/\/api.w.org\/{rel}","templated":true}]}}