{"id":7570,"date":"2025-11-24T12:35:24","date_gmt":"2025-11-24T12:35:24","guid":{"rendered":"https:\/\/nawarpharmacy.com\/?post_type=product&#038;p=7570"},"modified":"2026-02-05T18:10:58","modified_gmt":"2026-02-05T18:10:58","slug":"fertitonex-30-capsules","status":"publish","type":"product","link":"https:\/\/nawarpharmacy.com\/de\/produkt\/fertitonex-30-capsules\/","title":{"rendered":"Fertitonex 30 Kapseln"},"content":{"rendered":"<article class=\"text-token-text-primary w-full focus:outline-none [--shadow-height:45px] has-data-writing-block:pointer-events-none has-data-writing-block:-mt-(--shadow-height) has-data-writing-block:pt-(--shadow-height) [&amp;:has([data-writing-block])&gt;*]:pointer-events-auto [content-visibility:auto] supports-[content-visibility:auto]:[contain-intrinsic-size:auto_100lvh] scroll-mt-[calc(var(--header-height)+min(200px,max(70px,20svh)))]\" dir=\"auto\" data-turn-id=\"request-692073f5-3f80-832c-872f-7626d4388ea8-142\" data-testid=\"conversation-turn-302\" data-scroll-anchor=\"true\" data-turn=\"assistant\">\n<div class=\"text-base my-auto mx-auto pb-10 [--thread-content-margin:--spacing(4)] thread-sm:[--thread-content-margin:--spacing(6)] thread-lg:[--thread-content-margin:--spacing(16)] px-(--thread-content-margin)\">\n<div class=\"[--thread-content-max-width:40rem] thread-lg:[--thread-content-max-width:48rem] mx-auto max-w-(--thread-content-max-width) flex-1 group\/turn-messages focus-visible:outline-hidden relative flex w-full min-w-0 flex-col agent-turn\">\n<div class=\"flex max-w-full flex-col grow\">\n<div class=\"min-h-8 text-message relative flex w-full flex-col items-end gap-2 text-start break-words whitespace-normal [.text-message+&amp;]:mt-1\" dir=\"auto\" data-message-author-role=\"assistant\" data-message-id=\"873ce913-7e36-4d75-8ee5-07c51fc8303c\" data-message-model-slug=\"gpt-5-mini\">\n<div class=\"flex w-full flex-col gap-1 empty:hidden first:pt-[1px]\">\n<div class=\"markdown prose dark:prose-invert w-full break-words light markdown-new-styling\">\n<p data-start=\"1215\" data-end=\"1241\"><strong data-start=\"1215\" data-end=\"1241\">Fertitonex 30 Kapseln<\/strong><\/p>\n<p data-start=\"1243\" data-end=\"1272\"><strong data-start=\"1243\" data-end=\"1264\">Darreichungsform:<\/strong> Kapseln<\/p>\n<p data-start=\"1274\" data-end=\"1435\"><strong data-start=\"1274\" data-end=\"1311\">Aktive Bestandteile (pro Kapsel):<\/strong><br data-start=\"1311\" data-end=\"1314\" \/><strong data-start=\"1314\" data-end=\"1334\">Myo-Inositol 2 g<\/strong>, <strong data-start=\"1336\" data-end=\"1362\">D-Chiro-Inositol 50 mg<\/strong>, <strong data-start=\"1364\" data-end=\"1383\">Fols\u00e4ure 200 \u00b5g<\/strong>, weitere unterst\u00fctzende Vitamine und Mineralstoffe.<\/p>\n<p data-start=\"1437\" data-end=\"1474\"><strong data-start=\"1437\" data-end=\"1472\">Anwendungsgebiete \/ Verwendung:<\/strong><\/p>\n<ul data-start=\"1475\" data-end=\"1745\">\n<li data-start=\"1475\" data-end=\"1547\">\n<p data-start=\"1477\" data-end=\"1547\">Unterst\u00fctzung der weiblichen reproduktiven Gesundheit und Fertilit\u00e4t<\/p>\n<\/li>\n<li data-start=\"1548\" data-end=\"1619\">\n<p data-start=\"1550\" data-end=\"1619\">Hilfe bei der Regulierung des Menstruationszyklus und der Ovulation<\/p>\n<\/li>\n<li data-start=\"1620\" data-end=\"1681\">\n<p data-start=\"1622\" data-end=\"1681\">Unterst\u00fctzung des Hormonhaushalts und der Ovarialfunktion<\/p>\n<\/li>\n<li data-start=\"1682\" data-end=\"1745\">\n<p data-start=\"1684\" data-end=\"1745\">Antioxidative Unterst\u00fctzung f\u00fcr das reproduktive Wohlbefinden<\/p>\n<\/li>\n<\/ul>\n<p data-start=\"1747\" data-end=\"1872\"><strong data-start=\"1747\" data-end=\"1773\">Anwendung \/ Dosierung:<\/strong><br data-start=\"1773\" data-end=\"1776\" \/><strong data-start=\"1776\" data-end=\"1797\">2 Kapseln t\u00e4glich<\/strong>, vorzugsweise zu einer Mahlzeit, oder nach \u00e4rztlicher Anweisung einnehmen.<\/p>\n<p data-start=\"1874\" data-end=\"1894\"><strong data-start=\"1874\" data-end=\"1892\">Gegenanzeigen:<\/strong><\/p>\n<ul data-start=\"1895\" data-end=\"1954\">\n<li data-start=\"1895\" data-end=\"1954\">\n<p data-start=\"1897\" data-end=\"1954\">Allergie\/\u00dcberempfindlichkeit gegen einen der Bestandteile<\/p>\n<\/li>\n<\/ul>\n<p data-start=\"1956\" data-end=\"1981\"><strong data-start=\"1956\" data-end=\"1979\">Vorsichtsma\u00dfnahmen:<\/strong><\/p>\n<ul data-start=\"1982\" data-end=\"2113\">\n<li data-start=\"1982\" data-end=\"2068\">\n<p data-start=\"1984\" data-end=\"2068\">Schwangere oder stillende Frauen sollten vor der Anwendung \u00e4rztlichen Rat einholen<\/p>\n<\/li>\n<li data-start=\"2069\" data-end=\"2113\">\n<p data-start=\"2071\" data-end=\"2113\">Kein Ersatz f\u00fcr eine ausgewogene Ern\u00e4hrung<\/p>\n<\/li>\n<\/ul>\n<p data-start=\"2115\" data-end=\"2246\"><strong data-start=\"2115\" data-end=\"2134\">Nebenwirkungen:<\/strong><br data-start=\"2134\" data-end=\"2137\" \/>In der Regel gut vertr\u00e4glich.<br data-start=\"2166\" data-end=\"2169\" \/>Selten: leichte Magen-Darm-Beschwerden, \u00dcbelkeit oder allergische Reaktionen.<\/p>\n<p data-start=\"2248\" data-end=\"2383\" data-is-last-node=\"\" data-is-only-node=\"\"><strong data-start=\"2248\" data-end=\"2261\">Lagerung:<\/strong><br data-start=\"2261\" data-end=\"2264\" \/>K\u00fchl, trocken und vor direkter Sonneneinstrahlung gesch\u00fctzt lagern.<br data-start=\"2331\" data-end=\"2334\" \/>Au\u00dferhalb der Reichweite von Kindern aufbewahren.<\/p>\n<\/div>\n<\/div>\n<\/div>\n<\/div>\n<\/div>\n<\/div>\n<\/article>\n","protected":false},"excerpt":{"rendered":"<p>Unterst\u00fctzungsformel f\u00fcr die weibliche Fruchtbarkeit mit Myo-Inositol und Fols\u00e4ure f\u00fcr die reproduktive Gesundheit.<\/p>\n","protected":false},"featured_media":7569,"comment_status":"open","ping_status":"closed","template":"","meta":{"rs_blank_template":"","rs_page_bg_color":"","slide_template_v7":"","_bst_post_transparent":"default","_bst_post_title":"","_bst_post_layout":"default","_bst_post_sidebar_id":"","_bst_post_content_style":"default","_bst_post_vertical_padding":"default","_bst_post_feature":"","_bst_post_feature_position":"","_bst_post_header":false,"_bst_post_footer":false},"product_brand":[],"product_cat":[351,217,457,229],"product_tag":[],"product_brands":[],"class_list":{"0":"post-7570","1":"product","2":"type-product","3":"status-publish","4":"has-post-thumbnail","6":"product_cat-medical-forms","7":"product_cat-medicines","8":"product_cat-tablets-capsules","9":"product_cat-vitamins-general-supplements","11":"first","12":"instock","13":"shipping-taxable","14":"purchasable","15":"product-type-simple","16":"entry","17":"content-bg","18":"loop-entry"},"_links":{"self":[{"href":"https:\/\/nawarpharmacy.com\/de\/wp-json\/wp\/v2\/product\/7570","targetHints":{"allow":["GET"]}}],"collection":[{"href":"https:\/\/nawarpharmacy.com\/de\/wp-json\/wp\/v2\/product"}],"about":[{"href":"https:\/\/nawarpharmacy.com\/de\/wp-json\/wp\/v2\/types\/product"}],"replies":[{"embeddable":true,"href":"https:\/\/nawarpharmacy.com\/de\/wp-json\/wp\/v2\/comments?post=7570"}],"wp:featuredmedia":[{"embeddable":true,"href":"https:\/\/nawarpharmacy.com\/de\/wp-json\/wp\/v2\/media\/7569"}],"wp:attachment":[{"href":"https:\/\/nawarpharmacy.com\/de\/wp-json\/wp\/v2\/media?parent=7570"}],"wp:term":[{"taxonomy":"product_brand","embeddable":true,"href":"https:\/\/nawarpharmacy.com\/de\/wp-json\/wp\/v2\/product_brand?post=7570"},{"taxonomy":"product_cat","embeddable":true,"href":"https:\/\/nawarpharmacy.com\/de\/wp-json\/wp\/v2\/product_cat?post=7570"},{"taxonomy":"product_tag","embeddable":true,"href":"https:\/\/nawarpharmacy.com\/de\/wp-json\/wp\/v2\/product_tag?post=7570"},{"taxonomy":"product_brands","embeddable":true,"href":"https:\/\/nawarpharmacy.com\/de\/wp-json\/wp\/v2\/product_brands?post=7570"}],"curies":[{"name":"wp","href":"https:\/\/api.w.org\/{rel}","templated":true}]}}