{"id":7520,"date":"2025-11-24T12:26:12","date_gmt":"2025-11-24T12:26:12","guid":{"rendered":"https:\/\/nawarpharmacy.com\/?post_type=product&#038;p=7520"},"modified":"2025-12-07T16:57:15","modified_gmt":"2025-12-07T16:57:15","slug":"silver-seas-20-capsules","status":"publish","type":"product","link":"https:\/\/nawarpharmacy.com\/de\/produkt\/silver-seas-20-capsules\/","title":{"rendered":"Silver Seas 20 Kapseln"},"content":{"rendered":"<p>Eine hochwertige Immun-Unterst\u00fctzungsformel mit kolloidalem Silber bei 10 ppm zur St\u00e4rkung der nat\u00fcrlichen Abwehrmechanismen des K\u00f6rpers. Bietet antioxidative Vorteile und unterst\u00fctzt das allgemeine Wohlbefinden und die Vitalit\u00e4t.<\/p>\n","protected":false},"excerpt":{"rendered":"<p>Eine hochwertige Immun-Unterst\u00fctzungsformel mit kolloidalem Silber bei 10 ppm zur St\u00e4rkung der nat\u00fcrlichen Abwehrmechanismen des K\u00f6rpers. Bietet antioxidative Vorteile und unterst\u00fctzt das allgemeine Wohlbefinden und die Vitalit\u00e4t.<\/p>\n","protected":false},"featured_media":7519,"comment_status":"open","ping_status":"closed","template":"","meta":{"rs_blank_template":"","rs_page_bg_color":"","slide_template_v7":"","_bst_post_transparent":"default","_bst_post_title":"","_bst_post_layout":"default","_bst_post_sidebar_id":"","_bst_post_content_style":"default","_bst_post_vertical_padding":"default","_bst_post_feature":"","_bst_post_feature_position":"","_bst_post_header":false,"_bst_post_footer":false},"product_brand":[],"product_cat":[351,217,229],"product_tag":[],"product_brands":[],"class_list":{"0":"post-7520","1":"product","2":"type-product","3":"status-publish","4":"has-post-thumbnail","6":"product_cat-medical-forms","7":"product_cat-medicines","8":"product_cat-vitamins-general-supplements","10":"first","11":"instock","12":"shipping-taxable","13":"purchasable","14":"product-type-simple","15":"entry","16":"content-bg","17":"loop-entry"},"_links":{"self":[{"href":"https:\/\/nawarpharmacy.com\/de\/wp-json\/wp\/v2\/product\/7520","targetHints":{"allow":["GET"]}}],"collection":[{"href":"https:\/\/nawarpharmacy.com\/de\/wp-json\/wp\/v2\/product"}],"about":[{"href":"https:\/\/nawarpharmacy.com\/de\/wp-json\/wp\/v2\/types\/product"}],"replies":[{"embeddable":true,"href":"https:\/\/nawarpharmacy.com\/de\/wp-json\/wp\/v2\/comments?post=7520"}],"wp:featuredmedia":[{"embeddable":true,"href":"https:\/\/nawarpharmacy.com\/de\/wp-json\/wp\/v2\/media\/7519"}],"wp:attachment":[{"href":"https:\/\/nawarpharmacy.com\/de\/wp-json\/wp\/v2\/media?parent=7520"}],"wp:term":[{"taxonomy":"product_brand","embeddable":true,"href":"https:\/\/nawarpharmacy.com\/de\/wp-json\/wp\/v2\/product_brand?post=7520"},{"taxonomy":"product_cat","embeddable":true,"href":"https:\/\/nawarpharmacy.com\/de\/wp-json\/wp\/v2\/product_cat?post=7520"},{"taxonomy":"product_tag","embeddable":true,"href":"https:\/\/nawarpharmacy.com\/de\/wp-json\/wp\/v2\/product_tag?post=7520"},{"taxonomy":"product_brands","embeddable":true,"href":"https:\/\/nawarpharmacy.com\/de\/wp-json\/wp\/v2\/product_brands?post=7520"}],"curies":[{"name":"wp","href":"https:\/\/api.w.org\/{rel}","templated":true}]}}