{"id":2915,"date":"2025-07-22T00:44:43","date_gmt":"2025-07-22T00:44:43","guid":{"rendered":"https:\/\/nawarpharmacy.com\/product\/la-roche-posay-lipikar-syndet-ap-lipid-replenishing-cream-body-wash\/"},"modified":"2025-07-22T00:44:47","modified_gmt":"2025-07-22T00:44:47","slug":"la-roche-posay-lipikar-syndet-ap-lipid-replenishing-cream-body-wash","status":"publish","type":"product","link":"https:\/\/nawarpharmacy.com\/de\/produkt\/la-roche-posay-lipikar-syndet-ap-lipid-replenishing-cream-body-wash\/","title":{"rendered":"La Roche-Posay Lipikar Syndet AP+ Lipid Replenishing Cream Body Wash"},"content":{"rendered":"<p>Provides lipids and immediately soaks into dry skin, reinforces the skin barrier on the long term, protecting it from external aggressions:<br \/>\nBenefits:<br \/>\nNiacinamide:<br \/>\nto help restore the cutaneous barrier and soothe feelings of tightness.<br \/>\nShea Butter:<br \/>\nfor intense lipid replenishment, allowing skin to regain a supple, high-comfort feel.<br \/>\nNon-greasy, non-sticky.<br \/>\nGood skin tolerance: 98%.<br \/>\nPerfectly cleanses the skin: 98%.<br \/>\nComfort: 96% Easy to apply: 95%.<br \/>\nFoaming power: 83%.<br \/>\nUltra gentle wash in a creamy gel texture.<br \/>\nSuitable for new borns, children and adults.<br \/>\nFor face &#038; body.<br \/>\nFor very dry and eczema prone skin.<br \/>\nSoap-free, fragrance-free, paraben-free.<br \/>\nHow to use:<br \/>\nSqueeze a small amount of LIPIKAR SYNDET AP+ into the palm of the hand. Apply to moistened skin.<br \/>\nMassage gently. Rinse. Does not sting the eyes.<br \/>\n\u00d8\u00aa\u00d9\u2020\u00d8\u00b8\u00d9\u0160\u00d9\u0081 \u00d8\u00b9\u00d8\u00a7\u00d9\u201e\u00d9\u0160 \u00d8\u00a7\u00d9\u201e\u00d8\u00aa\u00d8\u00ad\u00d9\u2026\u00d9\u201e \u00d9\u02c6\u00d8\u00ae\u00d8\u00a7\u00d9\u201e\u00d9\u008d \u00d9\u2026\u00d9\u2020 \u00d8\u00a7\u00d9\u201e\u00d8\u00b5\u00d8\u00a7\u00d8\u00a8\u00d9\u02c6\u00d9\u2020 \u00d9\u02c6\u00d8\u00a7\u00d9\u201e\u00d8\u00b9\u00d8\u00b7\u00d8\u00b1 \u00d9\u02c6\u00d8\u00a7\u00d9\u201e\u00d8\u00a8\u00d8\u00a7\u00d8\u00b1\u00d8\u00a7\u00d8\u00a8\u00d9\u0160\u00d9\u2020. \u00d9\u0160\u00d8\u00b3\u00d8\u00a7\u00d8\u00b9\u00d8\u00af \u00d8\u00b9\u00d9\u201e\u00d9\u2030 \u00d8\u00a7\u00d8\u00b3\u00d8\u00aa\u00d8\u00b9\u00d8\u00a7\u00d8\u00af\u00d8\u00a9 \u00d8\u00ad\u00d8\u00a7\u00d8\u00ac\u00d8\u00b2 \u00d8\u00a7\u00d9\u201e\u00d8\u00a8\u00d8\u00b4\u00d8\u00b1\u00d8\u00a9.<br \/>\n\u00d8\u00ac\u00d9\u201e \u00d8\u00a7\u00d9\u201e\u00d8\u00aa\u00d9\u2020\u00d8\u00b6\u00d9\u0160\u00d9\u0081 \u00d9\u0081\u00d8\u00a7\u00d8\u00a6\u00d9\u201a \u00d8\u00a7\u00d9\u201e\u00d8\u00aa\u00d8\u00ad\u00d9\u2026\u00d9\u201e \u00d8\u00a7\u00d9\u201e\u00d9\u2026\u00d9\u008f\u00d8\u00b5\u00d9\u2026\u00d9\u2026 \u00d9\u201e\u00d9\u201e\u00d8\u00a8\u00d8\u00b4\u00d8\u00b1\u00d8\u00a9 \u00d8\u00b4\u00d8\u00af\u00d9\u0160\u00d8\u00af\u00d8\u00a9 \u00d8\u00a7\u00d9\u201e\u00d8\u00ac\u00d9\u0081\u00d8\u00a7\u00d9\u0081 \u00d9\u02c6\u00d8\u00a7\u00d9\u201e\u00d8\u00ad\u00d8\u00b3\u00d8\u00a7\u00d8\u00b3\u00d8\u00a9 \u00d9\u02c6\u00d8\u00a7\u00d9\u201e\u00d9\u2026\u00d8\u00aa\u00d9\u2021\u00d9\u0160\u00d8\u00ac\u00d8\u00a9 \u00d8\u00a7\u00d9\u201e\u00d9\u2026\u00d8\u00b9\u00d8\u00b1\u00d8\u00b6\u00d8\u00a9 \u00d9\u201e\u00d9\u201e\u00d8\u00ad\u00d9\u0192\u00d8\u00a9. \u00d8\u00ac\u00d9\u0081\u00d8\u00a7\u00d9\u0081 \u00d8\u00b4\u00d8\u00af\u00d9\u0160\u00d8\u00af. \u00d8\u00a7\u00d9\u201e\u00d8\u00a8\u00d8\u00b4\u00d8\u00b1\u00d8\u00a9 \u00d8\u00a7\u00d9\u201e\u00d8\u00b9\u00d8\u00b1\u00d8\u00b6\u00d8\u00a9 \u00d9\u201e\u00d9\u201e\u00d8\u00aa\u00d8\u00a3\u00d8\u00aa\u00d8\u00a8. \u00d8\u00b1\u00d8\u00b6\u00d8\u00b9 \u00d9\u02c6\u00d8\u00a3\u00d8\u00b7\u00d9\u0081\u00d8\u00a7\u00d9\u201e \u00d9\u02c6\u00d8\u00a8\u00d8\u00a7\u00d9\u201e\u00d8\u00ba\u00d9\u0160\u00d9\u0160\u00d9\u2020.<br \/>\n\u00d9\u0160\u00d8\u00aa\u00d9\u2026\u00d9\u0160\u00d8\u00b2 \u00d8\u00ac\u00d9\u201e \u00d8\u00a7\u00d9\u201e\u00d8\u00aa\u00d8\u00b7\u00d9\u2021\u00d9\u0160\u00d8\u00b1 \u00d8\u00b9\u00d8\u00a7\u00d9\u201e\u00d9\u0160 \u00d8\u00a7\u00d9\u201e\u00d8\u00aa\u00d8\u00ad\u00d9\u2026\u00d9\u201e \u00d8\u00a8\u00d8\u00a3\u00d9\u2020\u00d9\u2021 \u00d8\u00ae\u00d8\u00a7\u00d9\u201e\u00d9\u008d \u00d9\u2026\u00d9\u2020 \u00d8\u00a7\u00d9\u201e\u00d8\u00b5\u00d8\u00a7\u00d8\u00a8\u00d9\u02c6\u00d9\u2020 \u00d9\u02c6\u00d8\u00a7\u00d9\u201e\u00d8\u00b9\u00d8\u00b7\u00d9\u02c6\u00d8\u00b1 \u00d9\u02c6 \u00d8\u00a7\u00d9\u201e\u00d8\u00a8\u00d8\u00a7\u00d8\u00b1\u00d8\u00a7\u00d8\u00a8\u00d9\u0160\u00d9\u2020 \u00d9\u02c6\u00d9\u2026\u00d8\u00b5\u00d8\u00b5\u00d9\u2026 \u00d9\u201e\u00d9\u201e\u00d8\u00a8\u00d8\u00b4\u00d8\u00b1\u00d8\u00a9 \u00d8\u00b4\u00d8\u00af\u00d9\u0160\u00d8\u00af \u00d8\u00a7\u00d9\u201e\u00d8\u00ad\u00d8\u00b3\u00d8\u00a7\u00d8\u00b3\u00d9\u0160\u00d8\u00a9 \u00d9\u02c6\u00d8\u00a7\u00d9\u201e\u00d9\u2026\u00d8\u00aa\u00d9\u2021\u00d9\u0160\u00d8\u00ac\u00d8\u00a9 \u00d9\u02c6\u00d8\u00a7\u00d9\u201e\u00d8\u00b9\u00d8\u00b1\u00d8\u00b6\u00d8\u00a9 \u00d9\u201e\u00d9\u201e\u00d8\u00ad\u00d9\u0192\u00d8\u00a9. \u00d9\u0192\u00d9\u2026\u00d8\u00a7 \u00d9\u0160\u00d8\u00ad\u00d8\u00aa\u00d9\u02c6\u00d9\u0160 \u00d8\u00b9\u00d9\u201e\u00d9\u2030 \u00d8\u00a7\u00d9\u201e\u00d8\u00ba\u00d9\u201e\u00d9\u0160\u00d8\u00b3\u00d9\u0160\u00d8\u00b1\u00d9\u0160\u00d9\u2020 \u00d8\u00a8\u00d8\u00aa\u00d8\u00b1\u00d9\u0192\u00d9\u0160\u00d8\u00b2 10\u00d9\u00aa\u00d8\u0152 \u00d9\u02c6\u00d8\u00b2\u00d8\u00a8\u00d8\u00af\u00d8\u00a9\u00d8\u00a7\u00d9\u201e\u00d8\u00b4\u00d9\u0160\u00d8\u00a7\u00d9\u02c6 \u00d9\u2020\u00d9\u0160\u00d8\u00a7\u00d9\u0192\u00d9\u0160\u00d9\u2020\u00d8\u00a7\u00d9\u2026\u00d9\u0160\u00d8\u00af\u00d9\u0160 \u00d9\u201e\u00d9\u201e\u00d9\u2026\u00d8\u00b3\u00d8\u00a7\u00d8\u00b9\u00d8\u00af\u00d8\u00a9 \u00d8\u00b9\u00d9\u201e\u00d9\u0160 \u00d8\u00a7\u00d8\u00b3\u00d8\u00aa\u00d8\u00b9\u00d8\u00a7\u00d8\u00af\u00d8\u00a9 \u00d8\u00ad\u00d8\u00a7\u00d8\u00ac\u00d8\u00b2 \u00d8\u00a7\u00d9\u201e\u00d8\u00a8\u00d8\u00b4\u00d8\u00b1\u00d8\u00a9.<br \/>\n\u00e2\u20ac\u00a2 \u00d8\u00ba\u00d8\u00b3\u00d9\u02c6\u00d9\u201e \u00d9\u201e\u00d8\u00b7\u00d9\u0160\u00d9\u0081 \u00d9\u201e\u00d9\u201e\u00d8\u00ba\u00d8\u00a7\u00d9\u0160\u00d8\u00a9 \u00d9\u0081\u00d9\u0160 \u00d9\u2026\u00d9\u201e\u00d9\u2026\u00d8\u00b3 \u00d8\u00ac\u00d9\u201e<br \/>\n\u00e2\u20ac\u00a2 \u00d9\u2026\u00d9\u2020\u00d8\u00a7\u00d8\u00b3\u00d8\u00a8 \u00d9\u201e\u00d8\u00ad\u00d8\u00af\u00d9\u0160\u00d8\u00ab\u00d9\u0160 \u00d8\u00a7\u00d9\u201e\u00d9\u02c6\u00d9\u201e\u00d8\u00a7\u00d8\u00af\u00d8\u00a9 \u00d9\u02c6\u00d8\u00a7\u00d9\u201e\u00d8\u00a3\u00d8\u00b7\u00d9\u0081\u00d8\u00a7\u00d9\u201e \u00d9\u02c6\u00d8\u00a7\u00d9\u201e\u00d8\u00a8\u00d8\u00a7\u00d9\u201e\u00d8\u00ba\u00d9\u0160\u00d9\u2020.<br \/>\n\u00e2\u20ac\u00a2 \u00d9\u0160\u00d9\u008f\u00d9\u2020\u00d8\u00b8\u00d9\u0081 \u00d8\u00a8\u00d9\u201e\u00d8\u00b7\u00d9\u0081 \u00d8\u0152 \u00d9\u201e\u00d8\u00a7 \u00d9\u0160\u00d9\u201e\u00d8\u00af\u00d8\u00ba \u00d8\u00a7\u00d9\u201e\u00d8\u00b9\u00d9\u0160\u00d9\u2020\u00d9\u0160\u00d9\u2020 \u00d8\u0152 \u00d9\u0160\u00d8\u00b4\u00d8\u00b7\u00d9\u0081 \u00d8\u00a8\u00d8\u00b3\u00d9\u2021\u00d9\u02c6\u00d9\u201e\u00d8\u00a9<br \/>\n\u00e2\u20ac\u00a2 \u00d9\u201e\u00d9\u201e\u00d9\u02c6\u00d8\u00ac\u00d9\u2021 \u00d9\u02c6\u00d8\u00a7\u00d9\u201e\u00d8\u00ac\u00d8\u00b3\u00d9\u2026<br \/>\n\u00e2\u20ac\u00a2 \u00d9\u201e\u00d9\u201e\u00d8\u00a8\u00d8\u00b4\u00d8\u00b1\u00d8\u00a9 \u00d8\u00b4\u00d8\u00af\u00d9\u0160\u00d8\u00af\u00d8\u00a9 \u00d8\u00a7\u00d9\u201e\u00d8\u00ac\u00d9\u0081\u00d8\u00a7\u00d9\u0081 \u00d9\u02c6\u00d8\u00a7\u00d9\u201e\u00d9\u2026\u00d8\u00b9\u00d8\u00b1\u00d8\u00b6\u00d8\u00a9 \u00d9\u201e\u00d9\u201e\u00d8\u00a3\u00d9\u0192\u00d8\u00b2\u00d9\u0160\u00d9\u2026\u00d8\u00a7<br \/>\n\u00e2\u20ac\u00a2 \u00d8\u00ae\u00d8\u00a7\u00d9\u201e\u00d9\u0160 \u00d9\u2026\u00d9\u2020 \u00d8\u00a7\u00d9\u201e\u00d8\u00b5\u00d8\u00a7\u00d8\u00a8\u00d9\u02c6\u00d9\u2020 \u00d8\u0152 \u00d9\u02c6\u00d8\u00ae\u00d8\u00a7\u00d9\u201e\u00d9\u0160 \u00d9\u2026\u00d9\u2020 \u00d8\u00a7\u00d9\u201e\u00d8\u00b9\u00d8\u00b7\u00d9\u02c6\u00d8\u00b1 \u00d8\u0152 \u00d8\u00ae\u00d8\u00a7\u00d9\u201e\u00d9\u0160 \u00d9\u2026\u00d9\u2020 \u00d8\u00a7\u00d9\u201e\u00d8\u00a8\u00d8\u00a7\u00d8\u00b1\u00d8\u00a7\u00d8\u00a8\u00d9\u0160\u00d9\u2020.<br \/>\n\u00d8\u00b7\u00d8\u00b1\u00d9\u0160\u00d9\u201a\u00d8\u00a9 \u00d8\u00a7\u00d9\u201e\u00d8\u00a5\u00d8\u00b3\u00d8\u00aa\u00d8\u00ae\u00d8\u00af\u00d8\u00a7\u00d9\u2026:<br \/>\n\u00d9\u201e\u00d9\u201e\u00d8\u00aa\u00d9\u2020\u00d8\u00b8\u00d9\u0160\u00d9\u0081 \u00d8\u00a7\u00d9\u201e\u00d9\u0160\u00d9\u02c6\u00d9\u2026\u00d9\u0160. \u00d8\u00a7\u00d8\u00b6\u00d8\u00ba\u00d8\u00b7 \u00d9\u201e\u00d9\u201e\u00d8\u00ad\u00d8\u00b5\u00d9\u02c6\u00d9\u201e \u00d8\u00b9\u00d9\u201e\u00d9\u2030 \u00d9\u0192\u00d9\u2026\u00d9\u0160\u00d8\u00a9 \u00d8\u00b5\u00d8\u00ba\u00d9\u0160\u00d8\u00b1\u00d8\u00a9 \u00d8\u00b9\u00d9\u201e\u00d9\u2030 \u00d8\u00b1\u00d8\u00a7\u00d8\u00ad\u00d8\u00a9 \u00d8\u00a7\u00d9\u201e\u00d9\u0160\u00d8\u00af. \u00d9\u0160\u00d8\u00b3\u00d8\u00aa\u00d8\u00b9\u00d9\u2026\u00d9\u201e \u00d9\u2026\u00d8\u00b9 \u00d8\u00a7\u00d9\u201e\u00d8\u00a8\u00d8\u00b4\u00d8\u00b1\u00d8\u00a9 \u00d8\u00a7\u00d9\u201e\u00d9\u2026\u00d8\u00a8\u00d9\u201e\u00d9\u201e\u00d8\u00a9. \u00d8\u00af\u00d9\u201e\u00d9\u0192 \u00d8\u00a8\u00d8\u00b1\u00d9\u0081\u00d9\u201a. \u00d9\u201a\u00d9\u2026 \u00d8\u00a8\u00d8\u00a7\u00d9\u201e\u00d8\u00b4\u00d8\u00b7\u00d9\u0081.<\/p>\n","protected":false},"excerpt":{"rendered":"<p>Provides lipids and immediately soaks into dry skin, reinforces the skin barrier on the long term, protecting it from external aggressions: Benefits: Niacinamide: to help restore the cutaneous barrier and soothe feelings of tightness. Shea Butter: for intense lipid replenishment, allowing skin to regain a supple, high-comfort feel. Non-greasy, non-sticky. Good skin tolerance: 98%. Perfectly&#8230;<\/p>\n","protected":false},"featured_media":2916,"comment_status":"closed","ping_status":"open","template":"","meta":{"rs_blank_template":"","rs_page_bg_color":"","slide_template_v7":"","_bst_post_transparent":"","_bst_post_title":"","_bst_post_layout":"","_bst_post_sidebar_id":"","_bst_post_content_style":"","_bst_post_vertical_padding":"","_bst_post_feature":"","_bst_post_feature_position":"","_bst_post_header":false,"_bst_post_footer":false},"product_brand":[],"product_cat":[15],"product_tag":[],"product_brands":[],"class_list":{"0":"post-2915","1":"product","2":"type-product","3":"status-publish","4":"has-post-thumbnail","6":"product_cat-uncategorized","8":"first","9":"instock","10":"purchasable","11":"product-type-simple","12":"entry","13":"content-bg","14":"loop-entry"},"_links":{"self":[{"href":"https:\/\/nawarpharmacy.com\/de\/wp-json\/wp\/v2\/product\/2915","targetHints":{"allow":["GET"]}}],"collection":[{"href":"https:\/\/nawarpharmacy.com\/de\/wp-json\/wp\/v2\/product"}],"about":[{"href":"https:\/\/nawarpharmacy.com\/de\/wp-json\/wp\/v2\/types\/product"}],"replies":[{"embeddable":true,"href":"https:\/\/nawarpharmacy.com\/de\/wp-json\/wp\/v2\/comments?post=2915"}],"wp:featuredmedia":[{"embeddable":true,"href":"https:\/\/nawarpharmacy.com\/de\/wp-json\/wp\/v2\/media\/2916"}],"wp:attachment":[{"href":"https:\/\/nawarpharmacy.com\/de\/wp-json\/wp\/v2\/media?parent=2915"}],"wp:term":[{"taxonomy":"product_brand","embeddable":true,"href":"https:\/\/nawarpharmacy.com\/de\/wp-json\/wp\/v2\/product_brand?post=2915"},{"taxonomy":"product_cat","embeddable":true,"href":"https:\/\/nawarpharmacy.com\/de\/wp-json\/wp\/v2\/product_cat?post=2915"},{"taxonomy":"product_tag","embeddable":true,"href":"https:\/\/nawarpharmacy.com\/de\/wp-json\/wp\/v2\/product_tag?post=2915"},{"taxonomy":"product_brands","embeddable":true,"href":"https:\/\/nawarpharmacy.com\/de\/wp-json\/wp\/v2\/product_brands?post=2915"}],"curies":[{"name":"wp","href":"https:\/\/api.w.org\/{rel}","templated":true}]}}