{"id":2913,"date":"2025-07-22T00:44:43","date_gmt":"2025-07-22T00:44:43","guid":{"rendered":"https:\/\/nawarpharmacy.com\/product\/la-roche-posay-effaclar-mat-sebo-controlling-moisturizer-cream-40ml\/"},"modified":"2025-07-22T00:44:45","modified_gmt":"2025-07-22T00:44:45","slug":"la-roche-posay-effaclar-mat-sebo-controlling-moisturizer-cream-40ml","status":"publish","type":"product","link":"https:\/\/nawarpharmacy.com\/de\/produkt\/la-roche-posay-effaclar-mat-sebo-controlling-moisturizer-cream-40ml\/","title":{"rendered":"La Roche-Posay Effaclar Mat Sebo-Controlling Moisturizer Cream &#8211; 40ml"},"content":{"rendered":"<p>Effaclar mat is an oil-control moisturizer that combats shine and reduces pore size in oily acne-prone skin. Specifically formulated for oily skin that is prone to excessive shine. With daily care, the anti-shine, oil-free formula helps to minimize the appearance of pores and shine by reducing excess sebum. Provides long-lasting hydration for up to 8 hours<br \/>\nSpecifically formulated for oily skin that is prone to excessive shine. With daily care, the anti-shine, oil-free formula helps to minimize the appearance of pores and shine by reducing excess sebum. Provides long-lasting hydration for up to 8 hours.<br \/>\nTargets excess oil to mattify skin and refine pores.<br \/>\nProvides daily Hydration.<br \/>\nOil-free &#038; non-comedogenic with a light matte finish.<br \/>\nExcellent base for makeup.<br \/>\nHow to use:<br \/>\nApply a mattifying and hydrating moisturizer to the face and neck morning and evening after cleansing.<br \/>\n\u00d9\u2026\u00d8\u00b5\u00d9\u2026\u00d9\u2026 \u00d8\u00ae\u00d8\u00b5\u00d9\u0160\u00d8\u00b5\u00d9\u2039\u00d8\u00a7 \u00d9\u201e\u00d9\u201e\u00d8\u00a8\u00d8\u00b4\u00d8\u00b1\u00d8\u00a9 \u00d8\u00a7\u00d9\u201e\u00d8\u00af\u00d9\u2021\u00d9\u2020\u00d9\u0160\u00d8\u00a9 \u00d8\u00a7\u00d9\u201e\u00d9\u2026\u00d8\u00b9\u00d8\u00b1\u00d8\u00b6\u00d8\u00a9 \u00d9\u201e\u00d9\u201e\u00d8\u00aa\u00d8\u00a3\u00d9\u201e\u00d9\u201a \u00d8\u00a7\u00d9\u201e\u00d9\u2026\u00d9\u0081\u00d8\u00b1\u00d8\u00b7. \u00d9\u2026\u00d8\u00b9 \u00d8\u00a7\u00d9\u201e\u00d8\u00b9\u00d9\u2020\u00d8\u00a7\u00d9\u0160\u00d8\u00a9 \u00d8\u00a7\u00d9\u201e\u00d9\u0160\u00d9\u02c6\u00d9\u2026\u00d9\u0160\u00d8\u00a9 \u00d8\u0152 \u00d8\u00aa\u00d8\u00b3\u00d8\u00a7\u00d8\u00b9\u00d8\u00af \u00d8\u00a7\u00d9\u201e\u00d8\u00aa\u00d8\u00b1\u00d9\u0192\u00d9\u0160\u00d8\u00a8\u00d8\u00a9 \u00d8\u00a7\u00d9\u201e\u00d9\u2026\u00d8\u00b6\u00d8\u00a7\u00d8\u00af\u00d8\u00a9 \u00d9\u201e\u00d9\u201e\u00d9\u2026\u00d8\u00b9\u00d8\u00a7\u00d9\u2020 \u00d9\u02c6\u00d8\u00a7\u00d9\u201e\u00d8\u00ae\u00d8\u00a7\u00d9\u201e\u00d9\u0160\u00d8\u00a9 \u00d9\u2026\u00d9\u2020 \u00d8\u00a7\u00d9\u201e\u00d8\u00b2\u00d9\u0160\u00d9\u02c6\u00d8\u00aa \u00d8\u00b9\u00d9\u201e\u00d9\u2030 \u00d8\u00aa\u00d9\u201a\u00d9\u201e\u00d9\u0160\u00d9\u201e \u00d8\u00b8\u00d9\u2021\u00d9\u02c6\u00d8\u00b1 \u00d8\u00a7\u00d9\u201e\u00d9\u2026\u00d8\u00b3\u00d8\u00a7\u00d9\u2026 \u00d9\u02c6\u00d8\u00a7\u00d9\u201e\u00d9\u201e\u00d9\u2026\u00d8\u00b9\u00d8\u00a7\u00d9\u2020 \u00d8\u00b9\u00d9\u2020 \u00d8\u00b7\u00d8\u00b1\u00d9\u0160\u00d9\u201a \u00d8\u00aa\u00d9\u201a\u00d9\u201e\u00d9\u0160\u00d9\u201e \u00d8\u00a7\u00d9\u201e\u00d8\u00af\u00d9\u2021\u00d9\u02c6\u00d9\u2020 \u00d8\u00a7\u00d9\u201e\u00d8\u00b2\u00d8\u00a7\u00d8\u00a6\u00d8\u00af\u00d8\u00a9. \u00d9\u0160\u00d9\u02c6\u00d9\u0081\u00d8\u00b1 \u00d8\u00aa\u00d8\u00b1\u00d8\u00b7\u00d9\u0160\u00d8\u00a8\u00d9\u2039\u00d8\u00a7 \u00d8\u00b7\u00d9\u02c6\u00d9\u0160\u00d9\u201e \u00d8\u00a7\u00d9\u201e\u00d8\u00a3\u00d9\u2026\u00d8\u00af \u00d9\u201e\u00d9\u2026\u00d8\u00af\u00d8\u00a9 \u00d8\u00aa\u00d8\u00b5\u00d9\u201e \u00d8\u00a5\u00d9\u201e\u00d9\u2030 8 \u00d8\u00b3\u00d8\u00a7\u00d8\u00b9\u00d8\u00a7\u00d8\u00aa.<br \/>\n\u00e2\u20ac\u00a2 \u00d9\u0160\u00d8\u00b3\u00d8\u00aa\u00d9\u2021\u00d8\u00af\u00d9\u0081 \u00d8\u00a7\u00d9\u201e\u00d8\u00b2\u00d9\u0160\u00d9\u02c6\u00d8\u00aa \u00d8\u00a7\u00d9\u201e\u00d8\u00b2\u00d8\u00a7\u00d8\u00a6\u00d8\u00af\u00d8\u00a9 \u00d9\u201e\u00d8\u00aa\u00d9\u201e\u00d8\u00b7\u00d9\u0160\u00d9\u0081 \u00d8\u00a7\u00d9\u201e\u00d8\u00a8\u00d8\u00b4\u00d8\u00b1\u00d8\u00a9 \u00d9\u02c6\u00d8\u00aa\u00d9\u2020\u00d9\u201a\u00d9\u0160\u00d8\u00a9 \u00d8\u00a7\u00d9\u201e\u00d9\u2026\u00d8\u00b3\u00d8\u00a7\u00d9\u2026.<br \/>\n\u00e2\u20ac\u00a2 \u00d9\u0160\u00d9\u02c6\u00d9\u0081\u00d8\u00b1 \u00d8\u00a7\u00d9\u201e\u00d8\u00aa\u00d8\u00b1\u00d8\u00b7\u00d9\u0160\u00d8\u00a8 \u00d8\u00a7\u00d9\u201e\u00d9\u0160\u00d9\u02c6\u00d9\u2026\u00d9\u0160.<br \/>\n\u00e2\u20ac\u00a2 \u00d8\u00ae\u00d8\u00a7\u00d9\u201e\u00d9\u0160 \u00d9\u2026\u00d9\u2020 \u00d8\u00a7\u00d9\u201e\u00d8\u00b2\u00d9\u0160\u00d9\u02c6\u00d8\u00aa \u00d9\u02c6\u00d8\u00ba\u00d9\u0160\u00d8\u00b1 \u00d9\u0192\u00d9\u02c6\u00d9\u2026\u00d9\u0160\u00d8\u00af\u00d9\u02c6\u00d8\u00ba\u00d9\u0160\u00d9\u2020\u00d9\u0160\u00d9\u0192 \u00d9\u2026\u00d8\u00b9 \u00d9\u201e\u00d9\u2026\u00d8\u00b3\u00d8\u00a9 \u00d9\u2020\u00d9\u2021\u00d8\u00a7\u00d8\u00a6\u00d9\u0160\u00d8\u00a9 \u00d8\u00ae\u00d9\u0081\u00d9\u0160\u00d9\u0081\u00d8\u00a9 \u00d8\u00ba\u00d9\u0160\u00d8\u00b1 \u00d9\u201e\u00d8\u00a7\u00d9\u2026\u00d8\u00b9\u00d8\u00a9.<br \/>\n\u00e2\u20ac\u00a2 \u00d9\u201a\u00d8\u00a7\u00d8\u00b9\u00d8\u00af\u00d8\u00a9 \u00d9\u2026\u00d9\u2026\u00d8\u00aa\u00d8\u00a7\u00d8\u00b2\u00d8\u00a9 \u00d9\u201e\u00d9\u201e\u00d9\u2026\u00d9\u0192\u00d9\u0160\u00d8\u00a7\u00d8\u00ac.<br \/>\n\u00d8\u00b7\u00d8\u00b1\u00d9\u0160\u00d9\u201a\u00d8\u00a9 \u00d8\u00a7\u00d9\u201e\u00d8\u00a7\u00d8\u00b3\u00d8\u00aa\u00d8\u00ae\u00d8\u00af\u00d8\u00a7\u00d9\u2026:<br \/>\n\u00d9\u0160\u00d9\u02c6\u00d8\u00b6\u00d8\u00b9 \u00d8\u00b9\u00d9\u201e\u00d9\u2030 \u00d8\u00a7\u00d9\u201e\u00d9\u02c6\u00d8\u00ac\u00d9\u2021 \u00d8\u00a8\u00d8\u00a7\u00d9\u201e\u00d9\u0192\u00d8\u00a7\u00d9\u2026\u00d9\u201e \u00d9\u0081\u00d9\u0160 \u00d8\u00a7\u00d9\u201e\u00d8\u00b5\u00d8\u00a8\u00d8\u00a7\u00d8\u00ad \u00d8\u00a3\u00d9\u02c6 \u00d8\u00a7\u00d9\u201e\u00d9\u2026\u00d8\u00b3\u00d8\u00a7\u00d8\u00a1 \u00d8\u00a3\u00d9\u02c6 \u00d9\u0081\u00d9\u0160 \u00d9\u0192\u00d9\u201e\u00d8\u00a7 \u00d8\u00a7\u00d9\u201e\u00d9\u02c6\u00d9\u201a\u00d8\u00aa\u00d9\u0160\u00d9\u2020 \u00d8\u00a8\u00d8\u00b9\u00d8\u00af \u00d8\u00aa\u00d9\u2020\u00d8\u00b8\u00d9\u0160\u00d9\u0081 \u00d8\u00a7\u00d9\u201e\u00d8\u00a8\u00d8\u00b4\u00d8\u00b1\u00d8\u00a9 \u00d8\u00a8\u00d8\u00ac\u00d9\u201e \u00d8\u00a5\u00d9\u0160\u00d9\u0081\u00d8\u00a7\u00d9\u0192\u00d9\u201e\u00d8\u00a7\u00d8\u00b1 \u00d8\u00a7\u00d9\u201e\u00d8\u00b1\u00d8\u00ba\u00d9\u02c6\u00d9\u0160.<br \/>\n\u00d8\u00aa\u00d8\u00ac\u00d9\u2020\u00d8\u00a8\u00d9\u02c6\u00d8\u00a7 \u00d9\u2026\u00d9\u2020\u00d8\u00b7\u00d9\u201a\u00d8\u00a9 \u00d9\u2026\u00d8\u00ad\u00d9\u0160\u00d8\u00b7 \u00d8\u00a7\u00d9\u201e\u00d8\u00b9\u00d9\u0160\u00d9\u2020. \u00d8\u00a3\u00d8\u00b3\u00d8\u00a7\u00d8\u00b3 \u00d9\u2026\u00d9\u2026\u00d8\u00aa\u00d8\u00a7\u00d8\u00b2 \u00d9\u201e\u00d9\u201e\u00d9\u2026\u00d9\u0192\u00d9\u0160\u00d8\u00a7\u00d8\u00ac.<\/p>\n","protected":false},"excerpt":{"rendered":"<p>Effaclar mat is an oil-control moisturizer that combats shine and reduces pore size in oily acne-prone skin. Specifically formulated for oily skin that is prone to excessive shine. With daily care, the anti-shine, oil-free formula helps to minimize the appearance of pores and shine by reducing excess sebum. Provides long-lasting hydration for up to 8&#8230;<\/p>\n","protected":false},"featured_media":2914,"comment_status":"closed","ping_status":"open","template":"","meta":{"rs_blank_template":"","rs_page_bg_color":"","slide_template_v7":"","_bst_post_transparent":"","_bst_post_title":"","_bst_post_layout":"","_bst_post_sidebar_id":"","_bst_post_content_style":"","_bst_post_vertical_padding":"","_bst_post_feature":"","_bst_post_feature_position":"","_bst_post_header":false,"_bst_post_footer":false},"product_brand":[],"product_cat":[15],"product_tag":[],"product_brands":[],"class_list":{"0":"post-2913","1":"product","2":"type-product","3":"status-publish","4":"has-post-thumbnail","6":"product_cat-uncategorized","8":"first","9":"instock","10":"purchasable","11":"product-type-simple","12":"entry","13":"content-bg","14":"loop-entry"},"_links":{"self":[{"href":"https:\/\/nawarpharmacy.com\/de\/wp-json\/wp\/v2\/product\/2913","targetHints":{"allow":["GET"]}}],"collection":[{"href":"https:\/\/nawarpharmacy.com\/de\/wp-json\/wp\/v2\/product"}],"about":[{"href":"https:\/\/nawarpharmacy.com\/de\/wp-json\/wp\/v2\/types\/product"}],"replies":[{"embeddable":true,"href":"https:\/\/nawarpharmacy.com\/de\/wp-json\/wp\/v2\/comments?post=2913"}],"wp:featuredmedia":[{"embeddable":true,"href":"https:\/\/nawarpharmacy.com\/de\/wp-json\/wp\/v2\/media\/2914"}],"wp:attachment":[{"href":"https:\/\/nawarpharmacy.com\/de\/wp-json\/wp\/v2\/media?parent=2913"}],"wp:term":[{"taxonomy":"product_brand","embeddable":true,"href":"https:\/\/nawarpharmacy.com\/de\/wp-json\/wp\/v2\/product_brand?post=2913"},{"taxonomy":"product_cat","embeddable":true,"href":"https:\/\/nawarpharmacy.com\/de\/wp-json\/wp\/v2\/product_cat?post=2913"},{"taxonomy":"product_tag","embeddable":true,"href":"https:\/\/nawarpharmacy.com\/de\/wp-json\/wp\/v2\/product_tag?post=2913"},{"taxonomy":"product_brands","embeddable":true,"href":"https:\/\/nawarpharmacy.com\/de\/wp-json\/wp\/v2\/product_brands?post=2913"}],"curies":[{"name":"wp","href":"https:\/\/api.w.org\/{rel}","templated":true}]}}