{"id":2642,"date":"2025-07-22T00:41:16","date_gmt":"2025-07-22T00:41:16","guid":{"rendered":"https:\/\/nawarpharmacy.com\/product\/vichy-purete-thermale-micellar-water-for-sensitive-skin-200ml\/"},"modified":"2025-07-22T00:41:16","modified_gmt":"2025-07-22T00:41:16","slug":"vichy-purete-thermale-micellar-water-for-sensitive-skin-200ml","status":"publish","type":"product","link":"https:\/\/nawarpharmacy.com\/de\/produkt\/vichy-purete-thermale-micellar-water-for-sensitive-skin-200ml\/","title":{"rendered":"Vichy Purete Thermale Micellar Water For Sensitive Skin &#8211; 200ml"},"content":{"rendered":"<p>A gentle, yet effective cleanser created for sensitive skin. Micellar water formula cleanses skin, removes face &#038; eye makeup, and soothes skin all in one simple step. No rubbing or rinsing is required. The dermatologist-tested the formula with Panthenol (Vitamin B5) and 15 Mineral-Rich Vichy Volcanic Water to help hydrate and reinforce the skin barrier.<br \/>\nA powerful cleansing micellar water enriched with Vichy Mineralizing water and soothing panthenol. It removes all surface impurities, sebum, dirt, and makeup. The skin is soothed, revitalized, and fortified.<br \/>\nRemoves impurities caused by exposome factors like pollution, leaving skin feeling clean, fortified, and soothed.<br \/>\nRefreshing water-like texture gently yet effectively cleanses sensitive skin. Non-drying. Refreshing fragrance selected to maximize the sensorial experience.<br \/>\nTested under Dermatological and Ophthalmological Control. Paraben free.<br \/>\nCleansing and makeup removing micellar water.<br \/>\nsoothing and suitable for sensitive skin and eyes.<br \/>\nRemoves all impurities, sebum, dirt, and makeup.<br \/>\nHow to use:<br \/>\nRemove gently towards the outside of the lashes.<br \/>\nIngredients:<br \/>\nAqua \u00e2\u20ac\u00a2 hexylene glycol \u00e2\u20ac\u00a2 glycerin \u00e2\u20ac\u00a2 sodium cocoamphoacetate \u00e2\u20ac\u00a2 sodium chloride \u00e2\u20ac\u00a2 poloxamer 184 \u00e2\u20ac\u00a2 disodium edta \u00e2\u20ac\u00a2 panthenol \u00e2\u20ac\u00a2 myrtrimonium bromide \u00e2\u20ac\u00a2 parfum.<br \/>\nPanthenol (Vitamin B5) and 15 Mineral-Rich Vichy Volcanic Water.<br \/>\n\u00d9\u2026\u00d9\u0160\u00d8\u00a7\u00d9\u2021 \u00d9\u2026\u00d9\u008f\u00d9\u2020\u00d8\u00b8\u00d9\u2018\u00d9\u0081\u00d8\u00a9\u00d8\u0152 \u00d8\u00aa\u00d9\u02c6\u00d9\u2020\u00d8\u00b1 \u00d9\u2026\u00d9\u201e\u00d8\u00b7\u00d9\u2018\u00d9\u0081 \u00d9\u201e\u00d9\u201e\u00d8\u00a8\u00d8\u00b4\u00d8\u00b1\u00d8\u00a9\u00d8\u0152 \u00d9\u2026\u00d8\u00b2\u00d9\u0160\u00d9\u201e \u00d9\u201e\u00d9\u2026\u00d9\u0192\u00d9\u0160\u00d8\u00a7\u00d8\u00ac \u00d8\u00a7\u00d9\u201e\u00d8\u00b9\u00d9\u0160\u00d9\u02c6\u00d9\u2020 \u00d9\u0081\u00d9\u0160 \u00d9\u2026\u00d9\u2020\u00d8\u00aa\u00d8\u00ac \u00d9\u02c6\u00d8\u00a7\u00d8\u00ad\u00d8\u00af.<br \/>\n\u00d9\u201e\u00d9\u201e\u00d8\u00b9\u00d9\u0160\u00d9\u02c6\u00d9\u2020 \u00d9\u02c6\u00d8\u00a7\u00d9\u201e\u00d8\u00a8\u00d8\u00b4\u00d8\u00b1\u00d8\u00a9 \u00d8\u00a7\u00d9\u201e\u00d8\u00ad\u00d8\u00b3\u00d9\u2018\u00d8\u00a7\u00d8\u00b3\u00d8\u00a9<br \/>\n\u00d9\u0160\u00d9\u008f\u00d9\u2020\u00d8\u00b8\u00d9\u2018\u00d9\u0081 \u00d8\u00a7\u00d9\u201e\u00d8\u00a8\u00d8\u00b4\u00d8\u00b1\u00d8\u00a9 \u00d8\u00aa\u00d9\u2026\u00d8\u00a7\u00d9\u2026\u00d9\u2039\u00d8\u00a7 \u00d9\u2026\u00d9\u2020 \u00d8\u00a7\u00d9\u201e\u00d8\u00b4\u00d9\u02c6\u00d8\u00a7\u00d8\u00a6\u00d8\u00a8\u00d8\u0152 \u00d9\u0160\u00d8\u00b2\u00d9\u0160\u00d9\u201e \u00d8\u00a7\u00d9\u201e\u00d9\u2026\u00d9\u0192\u00d9\u0160\u00d8\u00a7\u00d8\u00ac \u00d8\u00b9\u00d9\u2020 \u00d8\u00a7\u00d9\u201e\u00d9\u02c6\u00d8\u00ac\u00d9\u2021 \u00d9\u02c6\u00d8\u00a7\u00d9\u201e\u00d8\u00b9\u00d9\u0160\u00d9\u2020\u00d9\u0160\u00d9\u2020 \u00d9\u02c6\u00d9\u0160\u00d9\u008f\u00d9\u201e\u00d8\u00b7\u00d9\u2018\u00d9\u0081 \u00d8\u00a7\u00d9\u201e\u00d8\u00a8\u00d8\u00b4\u00d8\u00b1\u00d8\u00a9 \u00d9\u0081\u00d9\u0160 \u00d8\u00ae\u00d8\u00b7\u00d9\u02c6\u00d8\u00a9 \u00d9\u02c6\u00d8\u00a7\u00d8\u00ad\u00d8\u00af\u00d8\u00a9.<br \/>\n\u00e2\u20ac\u00a2 \u00d8\u00a8\u00d9\u0081\u00d8\u00b6\u00d9\u201e \u00d8\u00aa\u00d8\u00b1\u00d9\u0192\u00d9\u0160\u00d8\u00a8\u00d8\u00aa\u00d9\u2021 \u00d8\u00a7\u00d9\u201e\u00d9\u2026\u00d8\u00a4\u00d8\u00b3\u00d8\u00b3\u00d8\u00a9 \u00d8\u00b9\u00d9\u201e\u00d9\u2030 \u00d8\u00aa\u00d9\u0192\u00d9\u2020\u00d9\u02c6\u00d9\u201e\u00d9\u02c6\u00d8\u00ac\u00d9\u0160\u00d8\u00a9 \u00d8\u00a7\u00d9\u201e\u00d9\u2026\u00d9\u0160\u00d8\u00b3\u00d9\u0160\u00d9\u201e\u00d8\u00a7\u00d8\u00b1\u00d8\u0152 \u00d9\u201a\u00d8\u00a7\u00d8\u00af\u00d8\u00b1 \u00d8\u00b9\u00d9\u201e\u00d9\u2030 \u00d8\u00a7\u00d8\u00b2\u00d8\u00a7\u00d9\u201e\u00d8\u00a9 \u00d8\u00a7\u00d9\u201e\u00d8\u00b4\u00d9\u02c6\u00d8\u00a7\u00d8\u00a6\u00d8\u00a8 \u00d9\u2026\u00d9\u2020 \u00d8\u00af\u00d9\u02c6\u00d9\u2020 \u00d9\u0081\u00d8\u00b1\u00d9\u0192 \u00d8\u00a7\u00d9\u201e\u00d8\u00a8\u00d8\u00b4\u00d8\u00b1\u00d8\u00a9.<br \/>\n\u00e2\u20ac\u00a2 \u00d9\u201e\u00d9\u201e\u00d8\u00a8\u00d8\u00b4\u00d8\u00b1\u00d8\u00a9 \u00d9\u02c6\u00d8\u00a7\u00d9\u201e\u00d8\u00b9\u00d9\u0160\u00d9\u2020\u00d9\u0160\u00d9\u2020 \u00d8\u00a7\u00d9\u201e\u00d8\u00ad\u00d8\u00b3\u00d8\u00a7\u00d8\u00b3\u00d8\u00a9.<br \/>\n\u00e2\u20ac\u00a2 \u00d9\u2021\u00d8\u00a7\u00d9\u0160\u00d8\u00a8\u00d9\u02c6\u00d8\u00a3\u00d9\u201e\u00d9\u0160\u00d8\u00b1\u00d8\u00ac\u00d9\u0160\u00d9\u2020\u00d9\u0160\u00d9\u0192.<br \/>\n\u00e2\u20ac\u00a2 \u00d8\u00ae\u00d8\u00a7\u00d9\u201e\u00d9\u0160 \u00d9\u2026\u00d9\u2020 \u00d8\u00a7\u00d9\u201e\u00d8\u00a8\u00d8\u00b1\u00d8\u00a7\u00d8\u00a8\u00d9\u0160\u00d9\u2020.<br \/>\n\u00e2\u20ac\u00a2 \u00d8\u00ae\u00d8\u00a7\u00d9\u201e\u00d9\u0160 \u00d9\u2026\u00d9\u2020 \u00d8\u00a7\u00d9\u201e\u00d9\u0192\u00d8\u00ad\u00d9\u02c6\u00d9\u201e.<br \/>\n\u00e2\u20ac\u00a2 \u00d8\u00aa\u00d9\u2026 \u00d8\u00a7\u00d8\u00ae\u00d8\u00aa\u00d8\u00a8\u00d8\u00a7\u00d8\u00b1\u00d9\u2021 \u00d8\u00aa\u00d8\u00ad\u00d8\u00aa \u00d8\u00a7\u00d8\u00b4\u00d8\u00b1\u00d8\u00a7\u00d9\u0081 \u00d8\u00a7\u00d8\u00b7\u00d8\u00a8\u00d8\u00a7\u00d8\u00a1 \u00d8\u00a7\u00d9\u201e\u00d8\u00ac\u00d9\u201e\u00d8\u00af.<br \/>\n\u00e2\u20ac\u00a2 \u00d9\u0160\u00d8\u00ad\u00d8\u00aa\u00d9\u02c6\u00d9\u0160 \u00d8\u00b9\u00d9\u201e\u00d9\u2030 \u00d9\u2026\u00d9\u0160\u00d8\u00a7\u00d9\u2021 \u00d9\u0081\u00d9\u0160\u00d8\u00b4\u00d9\u0160 \u00d8\u00a7\u00d9\u201e\u00d9\u2026\u00d8\u00b9\u00d8\u00af\u00d9\u2020\u00d9\u0160\u00d8\u00a9.<br \/>\n\u00e2\u20ac\u00a2 \u00d9\u0160\u00d8\u00aa\u00d8\u00b1\u00d9\u0192 \u00d8\u00a7\u00d9\u201e\u00d8\u00a8\u00d8\u00b4\u00d8\u00b1\u00d8\u00a9 \u00d9\u2020\u00d8\u00b8\u00d9\u0160\u00d9\u0081\u00d8\u00a9 \u00d9\u02c6\u00d9\u2020\u00d8\u00a7\u00d8\u00b9\u00d9\u2026\u00d8\u00a9 \u00d9\u2026\u00d9\u2020 \u00d8\u00af\u00d9\u02c6\u00d9\u2020 \u00d8\u00a7\u00d9\u0160 \u00d8\u00a7\u00d8\u00b2\u00d8\u00b9\u00d8\u00a7\u00d8\u00ac.<br \/>\n\u00d9\u2026\u00d9\u2020\u00d8\u00a7\u00d8\u00b3\u00d8\u00a8 \u00d9\u201e\u00d9\u201e\u00d8\u00a8\u00d8\u00b4\u00d8\u00b1\u00d8\u00a9 \u00d8\u00a7\u00d9\u201e\u00d8\u00ad\u00d8\u00b3\u00d8\u00a7\u00d8\u00b3\u00d8\u00a9. \u00d8\u00b5\u00d9\u2026\u00d9\u2026 \u00d9\u201e\u00d8\u00aa\u00d9\u0081\u00d8\u00a7\u00d8\u00af\u00d9\u0160 \u00d8\u00a7\u00d9\u201e\u00d8\u00ad\u00d8\u00b3\u00d8\u00a7\u00d8\u00b3\u00d9\u0160\u00d8\u00a9. \u00d8\u00ae\u00d8\u00a7\u00d9\u201e\u00d9\u008d \u00d9\u2026\u00d9\u2020 \u00d8\u00a7\u00d9\u201e\u00d8\u00a8\u00d8\u00a7\u00d8\u00b1\u00d8\u00a7\u00d8\u00a8\u00d9\u0160\u00d9\u2020. \u00d8\u00aa\u00d9\u2026\u00d9\u2018 \u00d8\u00a7\u00d8\u00ae\u00d8\u00aa\u00d8\u00a8\u00d8\u00a7\u00d8\u00b1\u00d9\u2021 \u00d8\u00a8\u00d8\u00a5\u00d8\u00b4\u00d8\u00b1\u00d8\u00a7\u00d9\u0081 \u00d8\u00a3\u00d8\u00b7\u00d8\u00a8\u00d9\u2018\u00d8\u00a7\u00d8\u00a1 \u00d8\u00a7\u00d9\u201e\u00d8\u00ac\u00d9\u201e\u00d8\u00af.<br \/>\n\u00d8\u00aa\u00d8\u00b1\u00d9\u0192\u00d9\u0160\u00d8\u00a8\u00d8\u00a9 \u00d9\u2026\u00d8\u00a7\u00d8\u00a6\u00d9\u0160\u00d8\u00a9 \u00d9\u2026\u00d9\u008f\u00d9\u2020\u00d8\u00b9\u00d8\u00b4\u00d8\u00a9 \u00d9\u02c6\u00d8\u00ae\u00d9\u0081\u00d9\u0160\u00d9\u0081\u00d8\u00a9 \u00d9\u201e\u00d8\u00a7 \u00d8\u00aa\u00d8\u00aa\u00d8\u00b7\u00d9\u201e\u00d9\u2018\u00d8\u00a8 \u00d9\u0081\u00d8\u00b1\u00d9\u0192\u00d9\u2039\u00d8\u00a7 \u00d8\u00b4\u00d8\u00af\u00d9\u0160\u00d8\u00af\u00d9\u2039\u00d8\u00a7 \u00d8\u00b9\u00d9\u201e\u00d9\u2030 \u00d8\u00a7\u00d9\u201e\u00d9\u02c6\u00d8\u00ac\u00d9\u2021 \u00d9\u201e\u00d8\u00aa\u00d8\u00b9\u00d9\u2026\u00d9\u201e \u00d8\u00a8\u00d9\u0081\u00d8\u00b9\u00d8\u00a7\u00d9\u201e\u00d9\u0160\u00d8\u00a9. \u00d9\u201e\u00d8\u00a7 \u00d8\u00aa\u00d8\u00aa\u00d8\u00b1\u00d9\u0192 \u00d8\u00a2\u00d8\u00ab\u00d8\u00a7\u00d8\u00b1\u00d9\u2039\u00d8\u00a7 \u00d8\u00af\u00d9\u2021\u00d9\u2020\u00d9\u0160\u00d8\u00a9 \u00d8\u00b9\u00d9\u201e\u00d9\u2030 \u00d8\u00a7\u00d9\u201e\u00d8\u00a8\u00d8\u00b4\u00d8\u00b1\u00d8\u00a9.<br \/>\n\u00d8\u00b7\u00d8\u00b1\u00d9\u0160\u00d9\u201a\u00d8\u00a9 \u00d8\u00a7\u00d9\u201e\u00d8\u00a7\u00d8\u00b3\u00d8\u00aa\u00d8\u00ae\u00d8\u00af\u00d8\u00a7\u00d9\u2026:<br \/>\n\u00d8\u00b6\u00d8\u00b9\u00d9\u0160\u00d9\u2021 \u00d8\u00b9\u00d9\u201e\u00d9\u2030 \u00d9\u0192\u00d8\u00b1\u00d8\u00a9 \u00d9\u201a\u00d8\u00b7\u00d9\u2020\u00d9\u0160\u00d8\u00a9 \u00d9\u02c6\u00d9\u2026\u00d8\u00b1\u00d9\u2018\u00d8\u00b1\u00d9\u0160\u00d9\u2021\u00d8\u00a7 \u00d8\u00b9\u00d9\u201e\u00d9\u2030 \u00d8\u00a7\u00d9\u201e\u00d9\u02c6\u00d8\u00ac\u00d9\u2021 \u00d9\u02c6\u00d8\u00a7\u00d9\u201e\u00d8\u00b9\u00d9\u0160\u00d9\u2020\u00d9\u0160\u00d9\u2020. \u00d9\u201e\u00d8\u00a7 \u00d8\u00af\u00d8\u00a7\u00d8\u00b9\u00d9\u0160 \u00d9\u201e\u00d8\u00ba\u00d8\u00b3\u00d9\u201e\u00d9\u2021.<br \/>\n\u00d8\u00a3\u00d8\u00b2\u00d9\u0160\u00d9\u201e\u00d9\u0160 \u00d8\u00a7\u00d9\u201e\u00d9\u2026\u00d8\u00a7\u00d9\u0192\u00d9\u0160\u00d8\u00a7\u00d8\u00ac \u00d8\u00a8\u00d8\u00ae\u00d9\u0081\u00d9\u2018\u00d8\u00a9 \u00d8\u00a8\u00d8\u00a7\u00d9\u201e\u00d8\u00a7\u00d8\u00aa\u00d8\u00ac\u00d8\u00a7\u00d9\u2021 \u00d8\u00a7\u00d9\u201e\u00d8\u00ae\u00d8\u00a7\u00d8\u00b1\u00d8\u00ac\u00d9\u0160 (\u00d8\u00a2\u00d8\u00ae\u00d8\u00b1 \u00d8\u00a7\u00d9\u201e\u00d8\u00b1\u00d9\u2026\u00d9\u02c6\u00d8\u00b4).<\/p>\n","protected":false},"excerpt":{"rendered":"<p>A gentle, yet effective cleanser created for sensitive skin. Micellar water formula cleanses skin, removes face &#038; eye makeup, and soothes skin all in one simple step. No rubbing or rinsing is required. The dermatologist-tested the formula with Panthenol (Vitamin B5) and 15 Mineral-Rich Vichy Volcanic Water to help hydrate and reinforce the skin barrier&#8230;.<\/p>\n","protected":false},"featured_media":2643,"comment_status":"closed","ping_status":"open","template":"","meta":{"rs_blank_template":"","rs_page_bg_color":"","slide_template_v7":"","_bst_post_transparent":"","_bst_post_title":"","_bst_post_layout":"","_bst_post_sidebar_id":"","_bst_post_content_style":"","_bst_post_vertical_padding":"","_bst_post_feature":"","_bst_post_feature_position":"","_bst_post_header":false,"_bst_post_footer":false},"product_brand":[],"product_cat":[15],"product_tag":[],"product_brands":[],"class_list":{"0":"post-2642","1":"product","2":"type-product","3":"status-publish","4":"has-post-thumbnail","6":"product_cat-uncategorized","8":"first","9":"instock","10":"purchasable","11":"product-type-simple","12":"entry","13":"content-bg","14":"loop-entry"},"_links":{"self":[{"href":"https:\/\/nawarpharmacy.com\/de\/wp-json\/wp\/v2\/product\/2642","targetHints":{"allow":["GET"]}}],"collection":[{"href":"https:\/\/nawarpharmacy.com\/de\/wp-json\/wp\/v2\/product"}],"about":[{"href":"https:\/\/nawarpharmacy.com\/de\/wp-json\/wp\/v2\/types\/product"}],"replies":[{"embeddable":true,"href":"https:\/\/nawarpharmacy.com\/de\/wp-json\/wp\/v2\/comments?post=2642"}],"wp:featuredmedia":[{"embeddable":true,"href":"https:\/\/nawarpharmacy.com\/de\/wp-json\/wp\/v2\/media\/2643"}],"wp:attachment":[{"href":"https:\/\/nawarpharmacy.com\/de\/wp-json\/wp\/v2\/media?parent=2642"}],"wp:term":[{"taxonomy":"product_brand","embeddable":true,"href":"https:\/\/nawarpharmacy.com\/de\/wp-json\/wp\/v2\/product_brand?post=2642"},{"taxonomy":"product_cat","embeddable":true,"href":"https:\/\/nawarpharmacy.com\/de\/wp-json\/wp\/v2\/product_cat?post=2642"},{"taxonomy":"product_tag","embeddable":true,"href":"https:\/\/nawarpharmacy.com\/de\/wp-json\/wp\/v2\/product_tag?post=2642"},{"taxonomy":"product_brands","embeddable":true,"href":"https:\/\/nawarpharmacy.com\/de\/wp-json\/wp\/v2\/product_brands?post=2642"}],"curies":[{"name":"wp","href":"https:\/\/api.w.org\/{rel}","templated":true}]}}