{"id":2635,"date":"2025-07-22T00:41:06","date_gmt":"2025-07-22T00:41:06","guid":{"rendered":"https:\/\/nawarpharmacy.com\/product\/vichy-normaderm-phytosolution-double-correction-care-cream-50ml\/"},"modified":"2025-07-22T00:41:09","modified_gmt":"2025-07-22T00:41:09","slug":"vichy-normaderm-phytosolution-double-correction-care-cream-50ml","status":"publish","type":"product","link":"https:\/\/nawarpharmacy.com\/de\/produkt\/vichy-normaderm-phytosolution-double-correction-care-cream-50ml\/","title":{"rendered":"Vichy Normaderm Phytosolution Double Correction Care Cream &#8211; 50ml"},"content":{"rendered":"<p>The Vichy\u00e2\u20ac\u2122s ultimate daily moisturizer for oily and acne-prone skin, powered by dermatological ingredients from natural origin with a double-efficacy on the skin:<br \/>\nTarget acne imperfections:<br \/>\npurifies and corrects pimples, blackheads and marks.<br \/>\nRenew the skin:<br \/>\nhydrates for 24HR, regulates sebum and reduce pores visibility. Regenerates the skin, reinforcing its barrier function against external aggressors.<br \/>\nEfficacy:<br \/>\na water-based ultra-lightweight texture preventing pores obstruction, that easily glides onto the skin and absorbs quickly. No greasy finish.<br \/>\nA water-based ultra-lightweight texture preventing pores obstruction, that easily glides onto the skin and absorbs quickly.<br \/>\nNo greasy finish.<br \/>\nNon comedogenic<br \/>\nPhysiological PH (5.5)<br \/>\nAnti-pollution<br \/>\nLocally, targets:<br \/>\nBlemishes: -42%*Blackheads : -31%<br \/>\nResidual marks -62%*Radiance +26%<br \/>\nClinical scoring on 50 women with an oily acne prone skin, including sensitive skin.<br \/>\nActive ingredients:<br \/>\nSalicylic Acid, Hyaluronic Acid, Probiotic-derived Bifidus<br \/>\nSkin type oily and acne-prone skin<br \/>\nHow to use:<br \/>\nUse mornign and evening for puified, hydrated and renewed skin.<br \/>\nIngredients:<br \/>\nAqua \/ water &#8211; glycerin &#8211; salicylic acid &#8211; isononyl isononanoate &#8211; butylene glycol &#8211; kaolin &#8211; zinc sulfate &#8211; bifida ferment lysate &#8211; sodium hydroxide &#8211; sodium polyacrylate &#8211; sodium hyaluronate &#8211; sodium benzoate &#8211; phenoxyethanol &#8211; ascorbyl glucoside &#8211; caprylyl glycol &#8211; hydrolyzed algin &#8211; trisodium ethylenediamine disuccinate &#8211; biosaccharide gum-1 &#8211; acrylates\/c10-30 alkyl acrylate crosspolymer &#8211; parfum \/ fragrance<br \/>\n\u00d9\u2026\u00d8\u00b1\u00d8\u00b7\u00d8\u00a8 \u00d9\u0081\u00d9\u0160\u00d8\u00b4\u00d9\u0160 \u00d8\u00a7\u00d9\u201e\u00d9\u0160\u00d9\u02c6\u00d9\u2026\u00d9\u0160 \u00d9\u201e\u00d9\u201e\u00d8\u00a8\u00d8\u00b4\u00d8\u00b1\u00d8\u00a9 \u00d8\u00a7\u00d9\u201e\u00d8\u00b2\u00d9\u0160\u00d8\u00aa\u00d9\u0160\u00d8\u00a9 \u00d8\u00a7\u00d9\u201e\u00d8\u00af\u00d9\u2021\u00d9\u2020\u00d9\u0160\u00d8\u00a9\u00d8\u0152 \u00d9\u02c6\u00d8\u00a7\u00d9\u201e\u00d9\u2026\u00d8\u00af\u00d8\u00b9\u00d9\u02c6\u00d9\u2026 \u00d8\u00a8\u00d9\u2026\u00d9\u0192\u00d9\u02c6\u00d9\u2020\u00d8\u00a7\u00d8\u00aa \u00d9\u2026\u00d9\u2020 \u00d9\u2026\u00d8\u00b5\u00d8\u00af\u00d8\u00b1 \u00d8\u00b7\u00d8\u00a8\u00d9\u0160\u00d8\u00b9\u00d9\u0160 \u00d9\u201e\u00d8\u00af\u00d9\u2030 \u00d8\u00a7\u00d9\u201e\u00d9\u0081\u00d8\u00b9\u00d8\u00a7\u00d9\u201e\u00d9\u0160\u00d8\u00a9 \u00d8\u00a7\u00d9\u201e\u00d9\u2026\u00d8\u00b2\u00d8\u00af\u00d9\u02c6\u00d8\u00ac\u00d8\u00a9 \u00d8\u00b9\u00d9\u201e\u00d9\u2030 \u00d8\u00a7\u00d9\u201e\u00d8\u00a8\u00d8\u00b4\u00d8\u00b1\u00d8\u00a9<br \/>\n\u00d9\u0160\u00d8\u00b3\u00d8\u00aa\u00d9\u2021\u00d8\u00af\u00d9\u0081 \u00d8\u00ad\u00d8\u00a8 \u00d8\u00a7\u00d9\u201e\u00d8\u00b4\u00d8\u00a8\u00d8\u00a7\u00d8\u00a8:<br \/>\n\u00d9\u0160\u00d9\u2020\u00d9\u201a\u00d9\u0160 \u00d9\u02c6\u00d9\u0160\u00d8\u00b5\u00d8\u00ad\u00d8\u00ad \u00d8\u00a7\u00d9\u201e\u00d8\u00a8\u00d8\u00ab\u00d9\u02c6\u00d8\u00b1 \u00d9\u02c6\u00d8\u00a7\u00d9\u201e\u00d8\u00b1\u00d8\u00a4\u00d9\u02c6\u00d8\u00b3 \u00d8\u00a7\u00d9\u201e\u00d8\u00b3\u00d9\u02c6\u00d8\u00af\u00d8\u00a7\u00d8\u00a1 \u00d9\u02c6\u00d8\u00a7\u00d8\u00ab\u00d8\u00a7\u00d8\u00b1\u00d9\u2021\u00d8\u00a7.<br \/>\n\u00d9\u0160\u00d8\u00ac\u00d8\u00af\u00d8\u00af \u00d8\u00a7\u00d9\u201e\u00d8\u00a8\u00d8\u00b4\u00d8\u00b1\u00d8\u00a9:<br \/>\n\u00d9\u0160\u00d8\u00b1\u00d8\u00b7\u00d8\u00a8 \u00d9\u201e\u00d9\u2026\u00d8\u00af\u00d8\u00a9 \u00d9\u00a2\u00d9\u00a4 \u00d8\u00b3\u00d8\u00a7\u00d8\u00b9\u00d8\u00a9\u00d8\u0152 \u00d9\u0160\u00d9\u2020\u00d8\u00b8\u00d9\u2026 \u00d8\u00a5\u00d9\u2020\u00d8\u00aa\u00d8\u00a7\u00d8\u00ac \u00d8\u00a7\u00d9\u201e\u00d8\u00b2\u00d9\u2021\u00d9\u2026 \u00d9\u02c6\u00d9\u0160\u00d9\u201a\u00d9\u201e\u00d9\u201e \u00d9\u2026\u00d9\u2020 \u00d8\u00b8\u00d9\u2021\u00d9\u02c6\u00d8\u00b1 \u00d8\u00a7\u00d9\u201e\u00d9\u2026\u00d8\u00b3\u00d8\u00a7\u00d9\u2026. \u00d9\u0160\u00d8\u00ac\u00d8\u00af\u00d8\u00af \u00d9\u02c6\u00d9\u0160\u00d9\u201a\u00d9\u02c6\u00d9\u0160 \u00d8\u00ad\u00d8\u00a7\u00d8\u00ac\u00d8\u00b2 \u00d8\u00a7\u00d9\u201e\u00d8\u00a8\u00d8\u00b4\u00d8\u00b1\u00d8\u00a9 \u00d8\u00b6\u00d8\u00af \u00d8\u00a7\u00d9\u201e\u00d9\u2026\u00d8\u00b9\u00d8\u00aa\u00d8\u00af\u00d9\u0160\u00d9\u2020 \u00d8\u00a7\u00d9\u201e\u00d8\u00ae\u00d8\u00a7\u00d8\u00b1\u00d8\u00ac\u00d9\u0160\u00d9\u0160\u00d9\u2020.<br \/>\n\u00d9\u0081\u00d8\u00b9\u00d8\u00a7\u00d9\u201e\u00d9\u0160\u00d8\u00a9:<br \/>\n\u00d9\u2026\u00d8\u00b2\u00d9\u0160\u00d8\u00ac \u00d8\u00ae\u00d9\u0081\u00d9\u0160\u00d9\u0081 \u00d8\u00a7\u00d9\u201e\u00d9\u02c6\u00d8\u00b2\u00d9\u2020 \u00d9\u0160\u00d9\u2026\u00d9\u2020\u00d8\u00b9 \u00d8\u00a7\u00d9\u2020\u00d8\u00b3\u00d8\u00af\u00d8\u00a7\u00d8\u00af \u00d8\u00a7\u00d9\u201e\u00d9\u2026\u00d8\u00b3\u00d8\u00a7\u00d9\u2026 \u00d8\u0152 \u00d9\u02c6\u00d8\u00a7\u00d9\u201e\u00d8\u00b0\u00d9\u0160 \u00d9\u0160\u00d8\u00b7\u00d8\u00a8\u00d9\u201a \u00d8\u00a8\u00d8\u00b3\u00d9\u2021\u00d9\u02c6\u00d9\u201e\u00d8\u00a9 \u00d8\u00b9\u00d9\u201e\u00d9\u2030 \u00d8\u00a7\u00d9\u201e\u00d8\u00a8\u00d8\u00b4\u00d8\u00b1\u00d8\u00a9 \u00d9\u02c6\u00d9\u0160\u00d9\u2026\u00d8\u00aa\u00d8\u00b5 \u00d8\u00a8\u00d8\u00b3\u00d8\u00b1\u00d8\u00b9\u00d8\u00a9.<br \/>\n\u00e2\u20ac\u00a2 \u00d8\u00af\u00d8\u00b1\u00d8\u00ac\u00d8\u00a9 \u00d8\u00a7\u00d9\u201e\u00d8\u00ad\u00d9\u2026\u00d9\u02c6\u00d8\u00b6\u00d8\u00a9 \u00d8\u00a7\u00d9\u201e\u00d9\u0081\u00d8\u00b3\u00d9\u0160\u00d9\u02c6\u00d9\u201e\u00d9\u02c6\u00d8\u00ac\u00d9\u0160\u00d8\u00a9 (5.5)<br \/>\n\u00e2\u20ac\u00a2 \u00d8\u00a7\u00d9\u201e\u00d8\u00b9\u00d9\u0160\u00d9\u02c6\u00d8\u00a8: -42\u00d9\u00aa *<br \/>\n\u00e2\u20ac\u00a2 \u00d8\u00a7\u00d9\u201e\u00d8\u00b1\u00d8\u00a4\u00d9\u02c6\u00d8\u00b3 \u00d8\u00a7\u00d9\u201e\u00d8\u00b3\u00d9\u02c6\u00d8\u00af\u00d8\u00a7\u00d8\u00a1: -31\u00d9\u00aa *<br \/>\n\u00e2\u20ac\u00a2 \u00d8\u00a7\u00d9\u201e\u00d8\u00b9\u00d9\u201e\u00d8\u00a7\u00d9\u2026\u00d8\u00a7\u00d8\u00aa \u00d8\u00a7\u00d9\u201e\u00d9\u2026\u00d8\u00aa\u00d8\u00a8\u00d9\u201a\u00d9\u0160\u00d8\u00a9 \u00d9\u2026\u00d9\u2020 \u00d8\u00a7\u00d9\u201e\u00d8\u00b4\u00d9\u02c6\u00d8\u00a7\u00d8\u00a6\u00d8\u00a8 \u00d8\u00a7\u00d9\u201e\u00d8\u00b3\u00d8\u00a7\u00d8\u00a8\u00d9\u201a\u00d8\u00a9 -62\u00d9\u00aa<br \/>\n\u00e2\u20ac\u00a2 \u00d8\u00a5\u00d8\u00b4\u00d8\u00b1\u00d8\u00a7\u00d9\u201a + 26 \u00d9\u00aa *<br \/>\n\u00e2\u20ac\u00a2 \u00d8\u00a5\u00d8\u00ae\u00d8\u00aa\u00d8\u00a8\u00d8\u00a7\u00d8\u00b1 \u00d8\u00b7\u00d8\u00a8\u00d9\u0160 \u00d8\u00b9\u00d9\u201e\u00d9\u2030 \u00d9\u00a5\u00d9\u00a0 \u00d8\u00a7\u00d9\u2026\u00d8\u00b1\u00d8\u00a3\u00d8\u00a9 \u00d9\u2026\u00d8\u00b9 \u00d8\u00a8\u00d8\u00b4\u00d8\u00b1\u00d8\u00a9 \u00d8\u00af\u00d9\u2021\u00d9\u2020\u00d9\u0160\u00d8\u00a9\u00d8\u0152 \u00d8\u00a8\u00d9\u2026\u00d8\u00a7 \u00d9\u0081\u00d9\u0160 \u00d8\u00b0\u00d9\u201e\u00d9\u0192 \u00d8\u00a7\u00d9\u201e\u00d8\u00a8\u00d8\u00b4\u00d8\u00b1\u00d8\u00a9 \u00d8\u00a7\u00d9\u201e\u00d8\u00ad\u00d8\u00b3\u00d8\u00a7\u00d8\u00b3\u00d8\u00a9.<br \/>\n\u00d8\u00a7\u00d9\u201e\u00d9\u2026\u00d9\u0192\u00d9\u02c6\u00d9\u2020\u00d8\u00a7\u00d8\u00aa \u00d8\u00a7\u00d9\u201e\u00d9\u2020\u00d8\u00b4\u00d8\u00b7\u00d8\u00a9:<br \/>\n\u00d8\u00ad\u00d9\u2026\u00d8\u00b6 \u00d8\u00a7\u00d9\u201e\u00d8\u00b3\u00d8\u00a7\u00d9\u201e\u00d9\u0160\u00d8\u00b3\u00d9\u0160\u00d9\u201e\u00d9\u0160\u00d9\u0192\u00d8\u0152 \u00d8\u00ad\u00d9\u2026\u00d8\u00b6 \u00d8\u00a7\u00d9\u201e\u00d9\u2021\u00d9\u0160\u00d8\u00a7\u00d9\u201e\u00d9\u02c6\u00d8\u00b1\u00d9\u02c6\u00d9\u2020\u00d9\u0160\u00d9\u0192 \u00d8\u0152 \u00d8\u00a8\u00d9\u0160\u00d9\u0081\u00d9\u0160\u00d8\u00af\u00d9\u02c6\u00d8\u00b3 \u00d8\u00a7\u00d9\u201e\u00d9\u2026\u00d9\u02c6\u00d8\u00b3\u00d8\u00aa\u00d8\u00ae\u00d9\u201e\u00d8\u00b3 \u00d9\u2026\u00d9\u2020 \u00d8\u00a7\u00d9\u201e\u00d8\u00a8\u00d8\u00b1\u00d9\u02c6\u00d8\u00a8\u00d9\u0160\u00d9\u02c6\u00d8\u00aa\u00d9\u0160\u00d9\u0192.<br \/>\n\u00d9\u2020\u00d9\u02c6\u00d8\u00b9 \u00d8\u00a7\u00d9\u201e\u00d8\u00a8\u00d8\u00b4\u00d8\u00b1\u00d8\u00a9:<br \/>\n\u00d8\u00a7\u00d9\u201e\u00d8\u00a8\u00d8\u00b4\u00d8\u00b1\u00d8\u00a9 \u00d8\u00a7\u00d9\u201e\u00d8\u00af\u00d9\u2021\u00d9\u2020\u00d9\u0160\u00d8\u00a9.<br \/>\n\u00d8\u00b7\u00d8\u00b1\u00d9\u0160\u00d9\u201a\u00d8\u00a9 \u00d8\u00a7\u00d9\u201e\u00d8\u00a7\u00d8\u00b3\u00d8\u00aa\u00d8\u00ae\u00d8\u00af\u00d8\u00a7\u00d9\u2026:<br \/>\n\u00d8\u00a7\u00d8\u00b3\u00d8\u00aa\u00d8\u00ae\u00d8\u00af\u00d9\u2026\u00d9\u0160\u00d9\u2021 \u00d9\u0160\u00d9\u02c6\u00d9\u2026\u00d9\u0160\u00d8\u00a7\u00d9\u2039 \u00d8\u00b9\u00d9\u201e\u00d9\u2030 \u00d8\u00a8\u00d8\u00b4\u00d8\u00b1\u00d8\u00a9 \u00d9\u2020\u00d8\u00b8\u00d9\u0160\u00d9\u0081\u00d8\u00a9 \u00d9\u02c6\u00d8\u00ac\u00d8\u00a7\u00d9\u0081\u00d8\u00a9.<\/p>\n","protected":false},"excerpt":{"rendered":"<p>The Vichy\u00e2\u20ac\u2122s ultimate daily moisturizer for oily and acne-prone skin, powered by dermatological ingredients from natural origin with a double-efficacy on the skin: Target acne imperfections: purifies and corrects pimples, blackheads and marks. Renew the skin: hydrates for 24HR, regulates sebum and reduce pores visibility. Regenerates the skin, reinforcing its barrier function against external aggressors&#8230;.<\/p>\n","protected":false},"featured_media":2636,"comment_status":"closed","ping_status":"open","template":"","meta":{"rs_blank_template":"","rs_page_bg_color":"","slide_template_v7":"","_bst_post_transparent":"","_bst_post_title":"","_bst_post_layout":"","_bst_post_sidebar_id":"","_bst_post_content_style":"","_bst_post_vertical_padding":"","_bst_post_feature":"","_bst_post_feature_position":"","_bst_post_header":false,"_bst_post_footer":false},"product_brand":[],"product_cat":[15],"product_tag":[],"product_brands":[],"class_list":{"0":"post-2635","1":"product","2":"type-product","3":"status-publish","4":"has-post-thumbnail","6":"product_cat-uncategorized","8":"first","9":"instock","10":"purchasable","11":"product-type-simple","12":"entry","13":"content-bg","14":"loop-entry"},"_links":{"self":[{"href":"https:\/\/nawarpharmacy.com\/de\/wp-json\/wp\/v2\/product\/2635","targetHints":{"allow":["GET"]}}],"collection":[{"href":"https:\/\/nawarpharmacy.com\/de\/wp-json\/wp\/v2\/product"}],"about":[{"href":"https:\/\/nawarpharmacy.com\/de\/wp-json\/wp\/v2\/types\/product"}],"replies":[{"embeddable":true,"href":"https:\/\/nawarpharmacy.com\/de\/wp-json\/wp\/v2\/comments?post=2635"}],"wp:featuredmedia":[{"embeddable":true,"href":"https:\/\/nawarpharmacy.com\/de\/wp-json\/wp\/v2\/media\/2636"}],"wp:attachment":[{"href":"https:\/\/nawarpharmacy.com\/de\/wp-json\/wp\/v2\/media?parent=2635"}],"wp:term":[{"taxonomy":"product_brand","embeddable":true,"href":"https:\/\/nawarpharmacy.com\/de\/wp-json\/wp\/v2\/product_brand?post=2635"},{"taxonomy":"product_cat","embeddable":true,"href":"https:\/\/nawarpharmacy.com\/de\/wp-json\/wp\/v2\/product_cat?post=2635"},{"taxonomy":"product_tag","embeddable":true,"href":"https:\/\/nawarpharmacy.com\/de\/wp-json\/wp\/v2\/product_tag?post=2635"},{"taxonomy":"product_brands","embeddable":true,"href":"https:\/\/nawarpharmacy.com\/de\/wp-json\/wp\/v2\/product_brands?post=2635"}],"curies":[{"name":"wp","href":"https:\/\/api.w.org\/{rel}","templated":true}]}}