{"id":2633,"date":"2025-07-22T00:41:06","date_gmt":"2025-07-22T00:41:06","guid":{"rendered":"https:\/\/nawarpharmacy.com\/product\/vichy-homme-extreme-control-72h-anti-perspirant-roll-on-50ml\/"},"modified":"2025-07-22T00:41:07","modified_gmt":"2025-07-22T00:41:07","slug":"vichy-homme-extreme-control-72h-anti-perspirant-roll-on-50ml","status":"publish","type":"product","link":"https:\/\/nawarpharmacy.com\/de\/produkt\/vichy-homme-extreme-control-72h-anti-perspirant-roll-on-50ml\/","title":{"rendered":"Vichy Homme Extreme Control 72H Anti-Perspirant Roll-On &#8211; 50ml"},"content":{"rendered":"<p>The formula, rich in anti-perspirant active ingredients and ultra-absorbent minerals, regulates perspiration and moisture for 72 hours.<br \/>\nRegulates perspiration and moisture for 72 hours.<br \/>\nLeaves skin comfortably with no stickiness.<br \/>\n72 hr anti persiprant roll on efficacy.<br \/>\nFormulated with Ultra absorbent minerals.<br \/>\nNon-stick finish.<br \/>\nFor Men.<br \/>\nHow to use:<br \/>\nApply to clean, dry armpits.<br \/>\nIngredients:<br \/>\nAqua \/ water &#8211; aluminum chlorohydrate &#8211; dimethicone &#8211; aluminum sesquichlorohydrate &#8211; c14-22 alcohols &#8211; steareth-100\/peg-136\/hdi copolymer &#8211; parfum \/ fragrance &#8211; perlite &#8211; c12-20 alkyl glucoside &#8211; iodopropynyl butylcarbamate.<br \/>\n\u00d9\u2026\u00d8\u00b2\u00d9\u0160\u00d9\u201e \u00d8\u00a7\u00d9\u201e\u00d8\u00b9\u00d8\u00b1\u00d9\u201a \u00d8\u00a8\u00d8\u00aa\u00d8\u00ad\u00d9\u0192\u00d9\u2026 \u00d9\u201a\u00d9\u02c6\u00d9\u0160 \u00d8\u00b9\u00d9\u201e\u00d9\u2030 \u00d9\u2026\u00d8\u00af\u00d8\u00a7\u00d8\u00b1 72 \u00d8\u00b3\u00d8\u00a7\u00d8\u00b9\u00d8\u00a9. \u00d9\u201e\u00d9\u201e\u00d8\u00b1\u00d8\u00ac\u00d8\u00a7\u00d9\u201e \u00d8\u00a7\u00d9\u201e\u00d8\u00b0\u00d9\u0160\u00d9\u2020 \u00d9\u0160\u00d8\u00a8\u00d8\u00ad\u00d8\u00ab\u00d9\u02c6\u00d9\u2020 \u00d8\u00b9\u00d9\u2020 \u00d9\u0081\u00d8\u00b9\u00d8\u00a7\u00d9\u201e\u00d9\u0160\u00d8\u00a9 \u00d9\u2026\u00d8\u00b2\u00d9\u0160\u00d9\u201e \u00d8\u00a7\u00d9\u201e\u00d8\u00b9\u00d8\u00b1\u00d9\u201a \u00d9\u0160\u00d8\u00b7\u00d9\u02c6\u00d9\u201e \u00d9\u2026\u00d9\u2021\u00d9\u2026\u00d8\u00a7 \u00d9\u0192\u00d8\u00a7\u00d9\u2020\u00d8\u00aa \u00d8\u00a7\u00d9\u201e\u00d8\u00a3\u00d8\u00ad\u00d9\u02c6\u00d8\u00a7\u00d9\u201e \u00d8\u00a7\u00d9\u201e\u00d9\u0160\u00d9\u02c6\u00d9\u2026\u00d9\u0160\u00d8\u00a9.<br \/>\n\u00e2\u20ac\u00a2 \u00d8\u00aa\u00d8\u00b1\u00d9\u0192\u00d9\u0160\u00d8\u00a8\u00d8\u00aa\u00d9\u2021\u00d8\u00a7 \u00d8\u00ba\u00d9\u2020\u00d9\u0160\u00d8\u00a9 \u00d8\u00a8\u00d8\u00aa\u00d8\u00b1\u00d9\u0192\u00d9\u0160\u00d8\u00a8\u00d8\u00a7\u00d8\u00aa \u00d9\u0081\u00d8\u00b9\u00d8\u00a7\u00d9\u201e\u00d8\u00a9 \u00d8\u00b6\u00d8\u00af \u00d8\u00a7\u00d9\u201e\u00d8\u00aa\u00d8\u00b9\u00d8\u00b1\u00d9\u201a \u00d9\u02c6 \u00d9\u2026\u00d8\u00b9\u00d8\u00a7\u00d8\u00af\u00d9\u2020 \u00d8\u00b9\u00d8\u00a7\u00d9\u201e\u00d9\u0160\u00d8\u00a9 \u00d8\u00a7\u00d9\u201e\u00d8\u00a5\u00d9\u2026\u00d8\u00aa\u00d8\u00b5\u00d8\u00a7\u00d8\u00b5\u00d8\u0152 \u00d8\u00aa\u00d8\u00b6\u00d8\u00a8\u00d8\u00b7 \u00d8\u00a7\u00d9\u201e\u00d8\u00aa\u00d8\u00b9\u00d8\u00b1\u00d9\u201a \u00d9\u02c6 \u00d8\u00a7\u00d9\u201e\u00d8\u00b1\u00d8\u00b7\u00d9\u02c6\u00d8\u00a8\u00d8\u00a9 \u00d8\u00ae\u00d9\u201e\u00d8\u00a7\u00d9\u201e 72 \u00d8\u00b3\u00d8\u00a7\u00d8\u00b9\u00d8\u00a9.<br \/>\n\u00e2\u20ac\u00a2 \u00d8\u00aa\u00d8\u00aa\u00d8\u00b1\u00d9\u0192 \u00d8\u00a7\u00d9\u201e\u00d8\u00a8\u00d8\u00b4\u00d8\u00b1\u00d8\u00a9 \u00d8\u00a3\u00d9\u0192\u00d8\u00ab\u00d8\u00b1 \u00d8\u00b1\u00d8\u00a7\u00d8\u00ad\u00d8\u00a9 \u00d8\u00af\u00d9\u02c6\u00d9\u2020 \u00d8\u00a3\u00d9\u0160 \u00d8\u00b4\u00d8\u00b9\u00d9\u02c6\u00d8\u00b1 \u00d8\u00a8\u00d8\u00a7\u00d9\u201e\u00d8\u00aa\u00d8\u00b5\u00d8\u00a7\u00d9\u201a \u00d9\u02c6 \u00d9\u201e\u00d8\u00a7 \u00d8\u00a7\u00d8\u00ad\u00d8\u00b3\u00d8\u00a7\u00d8\u00b3 \u00d8\u00a7\u00d9\u201e\u00d8\u00aa\u00d9\u2021\u00d9\u0160\u00d8\u00ac \u00d8\u00b7\u00d9\u02c6\u00d8\u00a7\u00d9\u201e \u00d8\u00a7\u00d9\u201e\u00d9\u2020\u00d9\u2021\u00d8\u00a7\u00d8\u00b1.<br \/>\n\u00e2\u20ac\u00a2 \u00d8\u00aa\u00d8\u00ad\u00d9\u2026\u00d9\u201e \u00d9\u0081\u00d8\u00a7\u00d8\u00a6\u00d9\u201a: \u00d9\u201e\u00d8\u00a7 \u00d9\u0160\u00d8\u00b3\u00d8\u00a8\u00d8\u00a8 \u00d8\u00a7\u00d9\u201e\u00d8\u00aa\u00d9\u2021\u00d9\u0160\u00d8\u00ac \u00d8\u00a3\u00d9\u02c6 \u00d8\u00a7\u00d9\u201e\u00d8\u00ad\u00d8\u00b3\u00d8\u00a7\u00d8\u00b3\u00d9\u0160\u00d8\u00a9. \u00d8\u00ae\u00d8\u00a7\u00d9\u201e \u00d9\u2026\u00d9\u2020 \u00d8\u00a7\u00d9\u201e\u00d9\u0192\u00d8\u00ad\u00d9\u02c6\u00d9\u201e \u00d9\u02c6 \u00d8\u00ae\u00d8\u00a7\u00d9\u201e \u00d9\u2026\u00d9\u2020 \u00d8\u00a7\u00d9\u201e\u00d8\u00a8\u00d8\u00a7\u00d8\u00b1\u00d8\u00a7\u00d8\u00a8\u00d9\u0160\u00d9\u2020.<br \/>\n\u00e2\u20ac\u00a2 \u00d9\u0160\u00d8\u00aa\u00d8\u00b1\u00d9\u0192 \u00d8\u00a7\u00d9\u201e\u00d8\u00a8\u00d8\u00b4\u00d8\u00b1\u00d8\u00a9 \u00d9\u2026\u00d8\u00b1\u00d8\u00aa\u00d8\u00a7\u00d8\u00ad\u00d8\u00a9 \u00d8\u00a8\u00d8\u00af\u00d9\u02c6\u00d9\u2020 \u00d8\u00a3\u00d9\u0160 \u00d8\u00b4\u00d8\u00b9\u00d9\u02c6\u00d8\u00b1 \u00d9\u201e\u00d8\u00b2\u00d8\u00ac.<br \/>\n\u00e2\u20ac\u00a2 \u00d9\u201e\u00d8\u00aa\u00d8\u00ad\u00d9\u2026\u00d9\u201e \u00d9\u0081\u00d8\u00a7\u00d8\u00a6\u00d9\u201a: \u00d9\u201e\u00d8\u00a7 \u00d8\u00aa\u00d8\u00b3\u00d8\u00a8\u00d8\u00a8 \u00d8\u00a7\u00d9\u201e\u00d8\u00aa\u00d9\u2021\u00d9\u0160\u00d8\u00ac\u00d8\u0152 \u00d9\u2026\u00d8\u00b5\u00d9\u2026\u00d9\u2026 \u00d9\u201e\u00d8\u00aa\u00d9\u0081\u00d8\u00a7\u00d8\u00af\u00d9\u0160 \u00d8\u00a7\u00d9\u201e\u00d8\u00ad\u00d8\u00b3\u00d8\u00a7\u00d8\u00b3\u00d9\u0160\u00d8\u00a9.<br \/>\n\u00d8\u00b7\u00d8\u00b1\u00d9\u0160\u00d9\u201a\u00d8\u00a9 \u00d8\u00a7\u00d9\u201e\u00d8\u00a5\u00d8\u00b3\u00d8\u00aa\u00d8\u00ae\u00d8\u00af\u00d8\u00a7\u00d9\u2026:<br \/>\n\u00d9\u0160\u00d8\u00ac\u00d8\u00a8 \u00d8\u00aa\u00d8\u00b7\u00d8\u00a8\u00d9\u0160\u00d9\u201a\u00d9\u2021 \u00d8\u00b9\u00d9\u201e\u00d9\u2030 \u00d8\u00a5\u00d8\u00a8\u00d8\u00b7\u00d9\u0160\u00d9\u2020 \u00d9\u2020\u00d8\u00b8\u00d9\u0160\u00d9\u0081\u00d9\u0160\u00d9\u2020 \u00d9\u02c6 \u00d8\u00ac\u00d8\u00a7\u00d9\u0081\u00d9\u0160\u00d9\u2020.<\/p>\n","protected":false},"excerpt":{"rendered":"<p>The formula, rich in anti-perspirant active ingredients and ultra-absorbent minerals, regulates perspiration and moisture for 72 hours. Regulates perspiration and moisture for 72 hours. Leaves skin comfortably with no stickiness. 72 hr anti persiprant roll on efficacy. Formulated with Ultra absorbent minerals. Non-stick finish. For Men. How to use: Apply to clean, dry armpits. Ingredients:&#8230;<\/p>\n","protected":false},"featured_media":2634,"comment_status":"closed","ping_status":"open","template":"","meta":{"rs_blank_template":"","rs_page_bg_color":"","slide_template_v7":"","_bst_post_transparent":"","_bst_post_title":"","_bst_post_layout":"","_bst_post_sidebar_id":"","_bst_post_content_style":"","_bst_post_vertical_padding":"","_bst_post_feature":"","_bst_post_feature_position":"","_bst_post_header":false,"_bst_post_footer":false},"product_brand":[],"product_cat":[15],"product_tag":[],"product_brands":[],"class_list":{"0":"post-2633","1":"product","2":"type-product","3":"status-publish","4":"has-post-thumbnail","6":"product_cat-uncategorized","8":"first","9":"instock","10":"purchasable","11":"product-type-simple","12":"entry","13":"content-bg","14":"loop-entry"},"_links":{"self":[{"href":"https:\/\/nawarpharmacy.com\/de\/wp-json\/wp\/v2\/product\/2633","targetHints":{"allow":["GET"]}}],"collection":[{"href":"https:\/\/nawarpharmacy.com\/de\/wp-json\/wp\/v2\/product"}],"about":[{"href":"https:\/\/nawarpharmacy.com\/de\/wp-json\/wp\/v2\/types\/product"}],"replies":[{"embeddable":true,"href":"https:\/\/nawarpharmacy.com\/de\/wp-json\/wp\/v2\/comments?post=2633"}],"wp:featuredmedia":[{"embeddable":true,"href":"https:\/\/nawarpharmacy.com\/de\/wp-json\/wp\/v2\/media\/2634"}],"wp:attachment":[{"href":"https:\/\/nawarpharmacy.com\/de\/wp-json\/wp\/v2\/media?parent=2633"}],"wp:term":[{"taxonomy":"product_brand","embeddable":true,"href":"https:\/\/nawarpharmacy.com\/de\/wp-json\/wp\/v2\/product_brand?post=2633"},{"taxonomy":"product_cat","embeddable":true,"href":"https:\/\/nawarpharmacy.com\/de\/wp-json\/wp\/v2\/product_cat?post=2633"},{"taxonomy":"product_tag","embeddable":true,"href":"https:\/\/nawarpharmacy.com\/de\/wp-json\/wp\/v2\/product_tag?post=2633"},{"taxonomy":"product_brands","embeddable":true,"href":"https:\/\/nawarpharmacy.com\/de\/wp-json\/wp\/v2\/product_brands?post=2633"}],"curies":[{"name":"wp","href":"https:\/\/api.w.org\/{rel}","templated":true}]}}