{"id":2618,"date":"2025-07-22T00:40:51","date_gmt":"2025-07-22T00:40:51","guid":{"rendered":"https:\/\/nawarpharmacy.com\/product\/vichy-dercos-densi-solutions-restoring-thickening-balm-200ml\/"},"modified":"2025-07-22T00:40:51","modified_gmt":"2025-07-22T00:40:51","slug":"vichy-dercos-densi-solutions-restoring-thickening-balm-200ml","status":"publish","type":"product","link":"https:\/\/nawarpharmacy.com\/de\/produkt\/vichy-dercos-densi-solutions-restoring-thickening-balm-200ml\/","title":{"rendered":"Vichy Dercos Densi-Solutions Restoring Thickening Balm &#8211; 200ml"},"content":{"rendered":"<p>Hair mass is the combination of the number, the thickness, and the resistance of the hair. It can decrease influenced by hair ageing and environmental aggressions. This Balm contains repairing Ceramide and firming Candelilla wax to<br \/>\nThickening dermatological efficacy +62% volume after 1 use with the Densi-Solutions thickening shampoo.<br \/>\nDercos, the dermatological hair and scalp expert. Recommended by dermatologists.<br \/>\nPromotes thicker-looking hair in just 6 weeks.<br \/>\nProvides immediate volume and shine.<br \/>\nConditions hair making it stronger, more resistant, and thicker looking.<br \/>\nFor daily use with Dercos Thickening Shampoo.<br \/>\nEnriched with Rhamnose and restructuring Ceramide..<br \/>\nHow to use:<br \/>\nApply after using the Densi-Solutions Shampoo on rinsed and damp hair. Leave in for 1 to 2 minutes, then rinse thoroughly. In case of contact with eyes, rinse them immediately.<br \/>\nIngredients:<br \/>\nAqua \/ water &#8211; sodium laureth sulfate &#8211; cocamidopropyl betaine &#8211; sodium lauryl sulfate &#8211; laureth-5 carboxylic acid &#8211; aminopropyl triethoxysilane &#8211; amodimethicone &#8211; c11-15 pareth-7 &#8211; caramel &#8211; chlorphenesin &#8211; citric acid &#8211; disodium edta &#8211; geraniol &#8211; glycerin &#8211; hexyl cinnamal &#8211; isoeugenol &#8211; lactic acid &#8211; laureth-9 &#8211; limonene &#8211; linalool &#8211; mentha piperita oil \/ peppermint oil &#8211; menthol &#8211; peg-55 propylene glycol oleate &#8211; peg-60 hydrogenated castor oil &#8211; phenoxyethanol &#8211; piroctone olamine &#8211; polyquaternium-67 &#8211; ppg-5-ceteth-20 &#8211; propylene glycol &#8211; rhamnose &#8211; salicylic acid &#8211; sodium chloride &#8211; sodium hydroxide &#8211; sorbic acid &#8211; tocopheryl acetate &#8211; trideceth-12 &#8211; parfum \/ fragrance<br \/>\n\u00d8\u00af\u00d9\u0160\u00d8\u00b1\u00d9\u0192\u00d9\u02c6\u00d8\u00b3 \u00d8\u00af\u00d9\u0160\u00d9\u2020\u00d8\u00b3\u00d9\u0160-\u00d8\u00b3\u00d9\u02c6\u00d9\u201e\u00d9\u0160\u00d9\u02c6\u00d8\u00b4\u00d9\u2020\u00d8\u00b2 \u00d8\u00a7\u00d9\u201e\u00d8\u00a8\u00d9\u201e\u00d8\u00b3\u00d9\u2026 \u00d8\u00a7\u00d9\u201e\u00d9\u2026\u00d8\u00b1\u00d9\u2026\u00d9\u2018\u00d9\u2026 \u00d9\u02c6\u00d8\u00a7\u00d9\u201e\u00d9\u2026\u00d9\u0192\u00d8\u00ab\u00d9\u0081<br \/>\n\u00d9\u0192\u00d8\u00ab\u00d8\u00a7\u00d9\u0081\u00d8\u00a9 \u00d8\u00a7\u00d9\u201e\u00d8\u00b4\u00d8\u00b9\u00d8\u00b1 \u00d9\u2026\u00d9\u0192\u00d9\u02c6\u00d9\u2020\u00d8\u00a9 \u00d9\u2026\u00d9\u2020 3 \u00d8\u00b9\u00d9\u2020\u00d8\u00a7\u00d8\u00b5\u00d8\u00b1: \u00d8\u00b9\u00d8\u00af\u00d8\u00af \u00d8\u00a7\u00d9\u201e\u00d8\u00b4\u00d8\u00b9\u00d8\u00b1\u00d8\u0152 \u00d8\u00b3\u00d9\u2026\u00d9\u0192 \u00d8\u00a7\u00d9\u201e\u00d8\u00b4\u00d8\u00b9\u00d8\u00b1\u00d8\u0152 \u00d9\u02c6\u00d9\u201a\u00d9\u02c6\u00d8\u00a9 \u00d8\u00a7\u00d9\u201e\u00d8\u00b4\u00d8\u00b9\u00d8\u00b1. \u00d9\u02c6\u00d9\u201a\u00d8\u00af \u00d8\u00aa\u00d9\u201a\u00d9\u201e \u00d9\u2026\u00d9\u201a\u00d9\u02c6\u00d9\u2026\u00d8\u00a7\u00d8\u00aa \u00d8\u00a7\u00d9\u201e\u00d8\u00b4\u00d8\u00b9\u00d8\u00b1 \u00d8\u00a7\u00d9\u201e\u00d9\u0192\u00d8\u00ab\u00d9\u0160\u00d9\u0081 \u00d9\u2021\u00d8\u00b0\u00d9\u2021 \u00d9\u2026\u00d8\u00b9 \u00d8\u00a7\u00d9\u201e\u00d8\u00aa\u00d9\u201a\u00d8\u00af\u00d9\u2026 \u00d9\u0081\u00d9\u0160 \u00d8\u00a7\u00d9\u201e\u00d8\u00b9\u00d9\u2026\u00d8\u00b1 \u00d9\u02c6\u00d8\u00a8\u00d8\u00b3\u00d8\u00a8\u00d8\u00a8 \u00d8\u00a7\u00d9\u201e\u00d8\u00a7\u00d8\u00b9\u00d8\u00aa\u00d8\u00af\u00d8\u00a7\u00d8\u00a1\u00d8\u00a7\u00d8\u00aa \u00d8\u00a7\u00d9\u201e\u00d8\u00a8\u00d9\u0160\u00d8\u00a6\u00d9\u0160\u00d8\u00a9.<br \/>\n\u00e2\u20ac\u00a2 \u00d9\u0160\u00d8\u00ad\u00d8\u00aa\u00d9\u02c6\u00d9\u0160 \u00d9\u2021\u00d8\u00b0\u00d8\u00a7 \u00d8\u00a7\u00d9\u201e\u00d8\u00a8\u00d9\u201e\u00d8\u00b3\u00d9\u2026 \u00d8\u00b9\u00d9\u201e\u00d9\u2030 Ceramide \u00d9\u02c6-Candelila wax \u00d9\u0081\u00d9\u0160\u00d8\u00ae\u00d8\u00aa\u00d8\u00b1\u00d9\u201a \u00d8\u00a3\u00d9\u201e\u00d9\u0160\u00d8\u00a7\u00d9\u0081 \u00d8\u00a7\u00d9\u201e\u00d8\u00b4\u00d8\u00b9\u00d8\u00b1 \u00d9\u02c6 \u00d9\u0160\u00d9\u201a\u00d9\u02c6\u00d9\u0160 \u00d8\u00a7\u00d9\u201e\u00d8\u00aa\u00d9\u2026\u00d8\u00a7\u00d8\u00b3\u00d9\u0192. \u00d9\u2026\u00d9\u2026\u00d8\u00a7 \u00d9\u0160\u00d9\u2026\u00d9\u2020\u00d8\u00ad \u00d8\u00a7\u00d9\u201e\u00d8\u00b4\u00d8\u00b9\u00d8\u00b1 \u00d8\u00a7\u00d9\u201e\u00d9\u2026\u00d8\u00b2\u00d9\u0160\u00d8\u00af \u00d9\u2026\u00d9\u2020 \u00d8\u00a7\u00d9\u201e\u00d9\u2026\u00d9\u201a\u00d8\u00a7\u00d9\u02c6\u00d9\u2026\u00d8\u00a9 \u00d9\u02c6\u00d8\u00a7\u00d9\u201e\u00d8\u00b3\u00d9\u2026\u00d8\u00a7\u00d9\u0192\u00d8\u00a9.<br \/>\n\u00e2\u20ac\u00a2 \u00d9\u0160\u00d8\u00b1\u00d8\u00b7\u00d8\u00a8 \u00d9\u0081\u00d8\u00b1\u00d9\u02c6\u00d8\u00a9 \u00d8\u00a7\u00d9\u201e\u00d8\u00b1\u00d8\u00a3\u00d8\u00b3 \u00d8\u00a8\u00d9\u0160\u00d9\u2020\u00d9\u2026\u00d8\u00a7 \u00d9\u0160\u00d8\u00b1\u00d9\u2026\u00d9\u2026 \u00d9\u02c6\u00d9\u0160\u00d8\u00b6\u00d9\u0160\u00d9\u0081 \u00d8\u00aa\u00d9\u2026\u00d8\u00a7\u00d8\u00b3\u00d9\u0192\u00d9\u2039\u00d8\u00a7 \u00d9\u02c6\u00d9\u201e\u00d9\u2026\u00d8\u00b9\u00d8\u00a7\u00d9\u2020\u00d9\u2039\u00d8\u00a7 \u00d9\u201e\u00d9\u201e\u00d8\u00b4\u00d8\u00b9\u00d8\u00b1 \u00d8\u00af\u00d9\u02c6\u00d9\u2020 \u00d8\u00a5\u00d8\u00ab\u00d9\u201a\u00d8\u00a7\u00d9\u201e\u00d9\u2021.<br \/>\n\u00e2\u20ac\u00a2 \u00d9\u0081\u00d8\u00b9\u00d8\u00a7\u00d9\u201e\u00d9\u0160\u00d8\u00a9 \u00d8\u00b3\u00d9\u2026\u00d8\u00a7\u00d9\u0192\u00d8\u00a9 \u00d8\u00a7\u00d9\u201e\u00d8\u00b4\u00d8\u00b9\u00d8\u00b1\u00d9\u2026\u00d8\u00ab\u00d8\u00a8\u00d8\u00aa\u00d8\u00a9 \u00d9\u201e\u00d8\u00af\u00d9\u2030 \u00d8\u00a3\u00d8\u00b7\u00d8\u00a8\u00d8\u00a7\u00d8\u00a1 \u00d8\u00a7\u00d9\u201e\u00d8\u00ac\u00d9\u201e\u00d8\u00af<br \/>\n\u00e2\u20ac\u00a2 + 62\u00d9\u00aa \u00d8\u00ad\u00d8\u00ac\u00d9\u2026 \u00d8\u00a8\u00d8\u00b9\u00d8\u00af \u00d8\u00a3\u00d9\u02c6\u00d9\u201e \u00d8\u00a7\u00d8\u00b3\u00d8\u00aa\u00d8\u00ae\u00d8\u00af\u00d8\u00a7\u00d9\u2026 \u00d9\u2026\u00d8\u00b9 \u00d8\u00a7\u00d9\u201e\u00d8\u00b4\u00d8\u00a7\u00d9\u2026\u00d8\u00a8\u00d9\u02c6 \u00d8\u00a7\u00d9\u201e\u00d9\u2026\u00d9\u0192\u00d8\u00ab\u00d9\u0081 \u00d8\u00af\u00d9\u0160\u00d9\u2020\u00d8\u00b3\u00d9\u0160 \u00d8\u00b3\u00d9\u02c6\u00d9\u201e\u00d9\u0160\u00d9\u02c6\u00d8\u00b4\u00d9\u2020\u00d8\u00b2.<br \/>\n\u00e2\u20ac\u00a2 \u00d9\u0192\u00d8\u00aa\u00d9\u201e\u00d8\u00a9 \u00d8\u00a7\u00d9\u201e\u00d8\u00b4\u00d8\u00b9\u00d8\u00b1 \u00d9\u2021\u00d9\u0160 \u00d8\u00a7\u00d9\u201e\u00d9\u2026\u00d8\u00b2\u00d9\u0160\u00d8\u00ac \u00d9\u2026\u00d9\u2020 \u00d8\u00b9\u00d8\u00af\u00d8\u00af\u00d8\u0152\u00d8\u00b3\u00d9\u2026\u00d9\u0192 \u00d9\u02c6\u00d9\u2026\u00d9\u201a\u00d8\u00a7\u00d9\u02c6\u00d9\u2026\u00d8\u00a9 \u00d8\u00a7\u00d9\u201e\u00d8\u00b4\u00d8\u00b9\u00d8\u00b1.<br \/>\n\u00e2\u20ac\u00a2 \u00d9\u0160\u00d9\u2026\u00d9\u0192\u00d9\u2020 \u00d8\u00a3\u00d9\u2020 \u00d8\u00aa\u00d9\u2020\u00d8\u00ae\u00d9\u0081\u00d8\u00b6 \u00d9\u2026\u00d8\u00b9 \u00d8\u00a7\u00d9\u201e\u00d8\u00aa\u00d9\u201a\u00d8\u00af\u00d9\u2026 \u00d9\u0081\u00d9\u0160 \u00d8\u00a7\u00d9\u201e\u00d8\u00b9\u00d9\u2026\u00d8\u00b1 \u00d9\u02c6\u00d8\u00a8\u00d8\u00b3\u00d8\u00a8\u00d8\u00a8 \u00d8\u00a7\u00d9\u201e\u00d8\u00a7\u00d8\u00b9\u00d8\u00aa\u00d8\u00af\u00d8\u00a7\u00d8\u00a1\u00d8\u00a7\u00d8\u00aa \u00d8\u00a7\u00d9\u201e\u00d8\u00a8\u00d9\u0160\u00d8\u00a6\u00d9\u0160\u00d8\u00a9 .<br \/>\n\u00d8\u00b7\u00d8\u00b1\u00d9\u0160\u00d9\u201a\u00d8\u00a9 \u00d8\u00a7\u00d9\u201e\u00d8\u00a7\u00d8\u00b3\u00d8\u00aa\u00d8\u00ae\u00d8\u00af\u00d8\u00a7\u00d9\u2026:<br \/>\n\u00d9\u02c6\u00d9\u201a\u00d8\u00aa \u00d8\u00a7\u00d9\u201e\u00d8\u00a7\u00d8\u00b3\u00d8\u00aa\u00d8\u00ae\u00d8\u00af\u00d8\u00a7\u00d9\u2026: \u00d8\u00a3\u00d9\u0192\u00d8\u00ab\u00d8\u00b1 \u00d9\u2026\u00d9\u2020 \u00d9\u2026\u00d8\u00b1\u00d8\u00a9 \u00d9\u0081\u00d9\u0160 \u00d8\u00a7\u00d9\u201e\u00d8\u00a7\u00d8\u00b3\u00d8\u00a8\u00d9\u02c6\u00d8\u00b9<\/p>\n","protected":false},"excerpt":{"rendered":"<p>Hair mass is the combination of the number, the thickness, and the resistance of the hair. It can decrease influenced by hair ageing and environmental aggressions. This Balm contains repairing Ceramide and firming Candelilla wax to Thickening dermatological efficacy +62% volume after 1 use with the Densi-Solutions thickening shampoo. Dercos, the dermatological hair and scalp&#8230;<\/p>\n","protected":false},"featured_media":2619,"comment_status":"closed","ping_status":"open","template":"","meta":{"rs_blank_template":"","rs_page_bg_color":"","slide_template_v7":"","_bst_post_transparent":"","_bst_post_title":"","_bst_post_layout":"","_bst_post_sidebar_id":"","_bst_post_content_style":"","_bst_post_vertical_padding":"","_bst_post_feature":"","_bst_post_feature_position":"","_bst_post_header":false,"_bst_post_footer":false},"product_brand":[],"product_cat":[15],"product_tag":[],"product_brands":[],"class_list":{"0":"post-2618","1":"product","2":"type-product","3":"status-publish","4":"has-post-thumbnail","6":"product_cat-uncategorized","8":"first","9":"instock","10":"purchasable","11":"product-type-simple","12":"entry","13":"content-bg","14":"loop-entry"},"_links":{"self":[{"href":"https:\/\/nawarpharmacy.com\/de\/wp-json\/wp\/v2\/product\/2618","targetHints":{"allow":["GET"]}}],"collection":[{"href":"https:\/\/nawarpharmacy.com\/de\/wp-json\/wp\/v2\/product"}],"about":[{"href":"https:\/\/nawarpharmacy.com\/de\/wp-json\/wp\/v2\/types\/product"}],"replies":[{"embeddable":true,"href":"https:\/\/nawarpharmacy.com\/de\/wp-json\/wp\/v2\/comments?post=2618"}],"wp:featuredmedia":[{"embeddable":true,"href":"https:\/\/nawarpharmacy.com\/de\/wp-json\/wp\/v2\/media\/2619"}],"wp:attachment":[{"href":"https:\/\/nawarpharmacy.com\/de\/wp-json\/wp\/v2\/media?parent=2618"}],"wp:term":[{"taxonomy":"product_brand","embeddable":true,"href":"https:\/\/nawarpharmacy.com\/de\/wp-json\/wp\/v2\/product_brand?post=2618"},{"taxonomy":"product_cat","embeddable":true,"href":"https:\/\/nawarpharmacy.com\/de\/wp-json\/wp\/v2\/product_cat?post=2618"},{"taxonomy":"product_tag","embeddable":true,"href":"https:\/\/nawarpharmacy.com\/de\/wp-json\/wp\/v2\/product_tag?post=2618"},{"taxonomy":"product_brands","embeddable":true,"href":"https:\/\/nawarpharmacy.com\/de\/wp-json\/wp\/v2\/product_brands?post=2618"}],"curies":[{"name":"wp","href":"https:\/\/api.w.org\/{rel}","templated":true}]}}