{"id":1520,"date":"2025-07-22T00:22:29","date_gmt":"2025-07-22T00:22:29","guid":{"rendered":"https:\/\/nawarpharmacy.com\/product\/la-roche-posay-anthelios-dermo-baby-sunscreen-lotion-spf50-50ml\/"},"modified":"2025-07-22T00:23:27","modified_gmt":"2025-07-22T00:23:27","slug":"la-roche-posay-anthelios-dermo-baby-sunscreen-lotion-spf50-50ml","status":"publish","type":"product","link":"https:\/\/nawarpharmacy.com\/de\/produkt\/la-roche-posay-anthelios-dermo-baby-sunscreen-lotion-spf50-50ml\/","title":{"rendered":"La Roche-Posay Anthelios Dermo Baby Sunscreen Lotion SPF50+ &#8211; 50ml"},"content":{"rendered":"<p>Paeditricians and dermatologists recommend that babies under the age of 3 have no direct sun exposure whatsoever. Even in the shade optimal protection is recommended to protect their delicate and fragile skin from indirect UV rays. Anthelios Dermo-Pediatrics SPF50+ Baby Lotion is La Roche-Posay&#8217;s first UV protection designed specifically for babies 6 months + in the event of indirect sun exposure.<br \/>\nBenefits:<br \/>\nMore than the minimum UVA protection recommended by EU standards.<br \/>\nHigh tolerance &#8211; tested under dermatological and pediatric control and atopy-prone skin.<br \/>\nComfortable texture &#8211; enriched with Shea Butter.<br \/>\nSPF50+ sun Protection for babies.<br \/>\nSuitable for babies 6 months and up.<br \/>\nFor Face &#038; body.<br \/>\nSpecially formulated for delicate or atopic-prone baby skin.<br \/>\nHow to use:<br \/>\nApply the product just before going out on the uncovered parts of your baby.<br \/>\nReapply frequently and generously to maintain protection, especially after perspiring.<br \/>\nAvoid the eye area. In case of contact, rinse them immediately and thoroughly. Avoid contact with fabrics.<br \/>\n\u00d8\u00aa\u00d8\u00b1\u00d9\u0192\u00d9\u0160\u00d8\u00a8\u00d8\u00a9 \u00d8\u00ac\u00d8\u00af\u00d9\u0160\u00d8\u00af\u00d8\u00a9 \u00d9\u02c6\u00d8\u00ae\u00d8\u00a7\u00d8\u00b5\u00d8\u00a9 \u00d9\u201e\u00d9\u201e\u00d8\u00a3\u00d8\u00b7\u00d9\u0081\u00d8\u00a7\u00d9\u201e \u00d8\u00a7\u00d9\u201e\u00d8\u00b1\u00d8\u00b6\u00d8\u00b9. \u00d9\u2026\u00d8\u00ab\u00d8\u00a7\u00d9\u201e\u00d9\u0160 \u00d9\u201e\u00d9\u201e\u00d9\u02c6\u00d9\u201a\u00d8\u00a7\u00d9\u0160\u00d8\u00a9 \u00d9\u2026\u00d9\u2020 \u00d8\u00a3\u00d8\u00b4\u00d8\u00b9\u00d8\u00a9 \u00d8\u00a7\u00d9\u201e\u00d8\u00b4\u00d9\u2026\u00d8\u00b3 \u00d9\u0081\u00d9\u02c6\u00d9\u201a \u00d8\u00a7\u00d9\u201e\u00d8\u00a8\u00d9\u2020\u00d9\u0081\u00d8\u00b3\u00d8\u00ac\u00d9\u0160\u00d8\u00a9 \u00d8\u00a7\u00d9\u201e\u00d9\u2026\u00d8\u00aa\u00d9\u02c6\u00d8\u00b3\u00d8\u00b7\u00d8\u00a9 50+ \u00d9\u02c6\u00d8\u00a7\u00d9\u201e\u00d8\u00a3\u00d8\u00b4\u00d8\u00b9\u00d8\u00a9 \u00d9\u0081\u00d9\u02c6\u00d9\u201a \u00d8\u00a7\u00d9\u201e\u00d8\u00a8\u00d9\u2020\u00d9\u0081\u00d8\u00b3\u00d8\u00ac\u00d9\u0160\u00d8\u00a9 \u00d8\u00a7\u00d9\u201e\u00d8\u00b7\u00d9\u02c6\u00d9\u0160\u00d9\u201e\u00d8\u00a9 \u00d8\u00a3\u00d9\u0192\u00d8\u00ab\u00d8\u00b1 \u00d8\u00b5\u00d8\u00b1\u00d8\u00a7\u00d9\u2026\u00d8\u00a9 \u00d9\u2026\u00d9\u2020 \u00d8\u00a7\u00d9\u201e\u00d8\u00aa\u00d9\u02c6\u00d8\u00b5\u00d9\u0160\u00d8\u00a7\u00d8\u00aa \u00d8\u00a7\u00d9\u201e\u00d8\u00a3\u00d9\u02c6\u00d8\u00b1\u00d9\u02c6\u00d8\u00a8\u00d9\u0160\u00d8\u00a9 (\u00d9\u201e\u00d9\u201e\u00d8\u00b9\u00d9\u2020\u00d8\u00a7\u00d9\u0160\u00d8\u00a9 \u00d8\u00a8\u00d8\u00a7\u00d9\u201e\u00d8\u00a8\u00d8\u00b4\u00d8\u00b1\u00d8\u00a9 \u00d9\u2026\u00d9\u2020 \u00d8\u00a3\u00d8\u00b4\u00d8\u00b9\u00d8\u00a9 \u00d8\u00a7\u00d9\u201e\u00d8\u00b4\u00d9\u2026\u00d8\u00b3) \u00d8\u00a8\u00d9\u0081\u00d8\u00b6\u00d9\u201e \u00d9\u2020\u00d8\u00b8\u00d8\u00a7\u00d9\u2026 \u00d8\u00a7\u00d9\u201e\u00d8\u00aa\u00d8\u00b1\u00d8\u00b4\u00d9\u0160\u00d8\u00ad \u00d8\u00a7\u00d9\u201e\u00d9\u2026\u00d8\u00a8\u00d8\u00aa\u00d9\u0192\u00d8\u00b1 \u00d8\u00a7\u00d9\u201e\u00d8\u00b5\u00d8\u00a7\u00d9\u2026\u00d8\u00af \u00d9\u201e\u00d9\u201e\u00d8\u00b6\u00d9\u02c6\u00d8\u00a1. \u00d8\u00aa\u00d8\u00b1\u00d9\u0192\u00d9\u0160\u00d8\u00a8\u00d8\u00a9 \u00d9\u2026\u00d8\u00aa\u00d8\u00ac\u00d8\u00a7\u00d9\u2020\u00d8\u00b3\u00d8\u00a9 \u00d9\u2026\u00d8\u00b9 \u00d8\u00a8\u00d8\u00b4\u00d8\u00b1\u00d8\u00a9 \u00d8\u00a7\u00d9\u201e\u00d8\u00a3\u00d8\u00b7\u00d9\u0081\u00d8\u00a7\u00d9\u201e \u00d8\u00a7\u00d9\u201e\u00d8\u00b1\u00d8\u00b6\u00d8\u00b9: \u00d9\u2026\u00d9\u0152\u00d8\u00b7\u00d9\u02c6\u00d8\u00b1 \u00d8\u00a8\u00d8\u00a7\u00d9\u201e\u00d8\u00ac\u00d8\u00b1\u00d8\u00b9\u00d8\u00a9 \u00d8\u00a7\u00d9\u201e\u00d9\u2026\u00d9\u2020\u00d8\u00a7\u00d8\u00b3\u00d8\u00a8\u00d8\u00a9 \u00d9\u2026\u00d9\u2020 \u00d8\u00a7\u00d9\u201e\u00d9\u2026\u00d9\u0192\u00d9\u02c6\u00d9\u2020\u00d8\u00a7\u00d8\u00aa \u00d8\u00a7\u00d9\u201e\u00d9\u2026\u00d8\u00ae\u00d8\u00aa\u00d8\u00a7\u00d8\u00b1\u00d8\u00a9 \u00d8\u00a8\u00d8\u00b9\u00d9\u2020\u00d8\u00a7\u00d9\u0160\u00d8\u00a9 \u00d9\u201e\u00d9\u201e\u00d8\u00b3\u00d9\u201e\u00d8\u00a7\u00d9\u2026\u00d8\u00a9. \u00d8\u00ba\u00d9\u2020\u00d9\u0160 \u00d8\u00a8\u00d8\u00b2\u00d8\u00a8\u00d8\u00af\u00d8\u00a9 \u00d8\u00a7\u00d9\u201e\u00d8\u00b4\u00d9\u0160\u00d8\u00a7 \u00d8\u00a7\u00d9\u201e\u00d9\u2026\u00d8\u00b4\u00d8\u00aa\u00d9\u201a\u00d8\u00a9 \u00d9\u2026\u00d9\u2020 \u00d8\u00a7\u00d9\u201e\u00d8\u00b7\u00d8\u00a8\u00d9\u0160\u00d8\u00b9\u00d8\u00a9 \u00d9\u201e\u00d8\u00aa\u00d8\u00b1\u00d8\u00b7\u00d9\u0160\u00d8\u00a8 \u00d9\u02c6\u00d8\u00aa\u00d9\u2021\u00d8\u00af\u00d8\u00a6\u00d8\u00a9 \u00d8\u00a7\u00d9\u201e\u00d8\u00a8\u00d8\u00b4\u00d8\u00b1\u00d8\u00a9 \u00d9\u2026\u00d8\u00b9 \u00d8\u00aa\u00d8\u00b9\u00d8\u00b2\u00d9\u0160\u00d8\u00b2 \u00d8\u00ad\u00d8\u00a7\u00d8\u00ac\u00d8\u00b2 \u00d9\u02c6\u00d9\u201a\u00d8\u00a7\u00d8\u00a6\u00d9\u0160 \u00d8\u00a8\u00d9\u2021. \u00d9\u201a\u00d9\u02c6\u00d8\u00a7\u00d9\u2026 \u00d9\u2020\u00d8\u00a7\u00d8\u00b9\u00d9\u2026 \u00d9\u201e\u00d9\u0160\u00d9\u2020 \u00d9\u02c6\u00d9\u2026\u00d8\u00b1\u00d9\u0160\u00d8\u00ad.\u00d9\u201e\u00d8\u00a7\u00d9\u0160\u00d8\u00b3\u00d8\u00a8\u00d8\u00a8 \u00d8\u00aa\u00d8\u00ad\u00d8\u00b3\u00d8\u00b3 \u00d8\u00a7\u00d9\u201e\u00d8\u00a8\u00d8\u00b4\u00d8\u00b1\u00d8\u00a9 \u00d8\u00a3\u00d9\u02c6 \u00d8\u00a7\u00d9\u2020\u00d8\u00b3\u00d8\u00af\u00d8\u00a7\u00d8\u00af \u00d8\u00a7\u00d9\u201e\u00d9\u2026\u00d8\u00b3\u00d8\u00a7\u00d9\u2026\u00d8\u00a7\u00d8\u00aa. \u00d9\u2026\u00d8\u00ae\u00d8\u00aa\u00d8\u00a8\u00d8\u00b1 \u00d8\u00aa\u00d8\u00ad\u00d8\u00aa \u00d8\u00a5\u00d8\u00b4\u00d8\u00b1\u00d8\u00a7\u00d9\u0081 \u00d8\u00a3\u00d8\u00b7\u00d8\u00a8\u00d8\u00a7\u00d8\u00a1 \u00d8\u00a3\u00d9\u2026\u00d8\u00b1\u00d8\u00a7\u00d8\u00b6 \u00d8\u00ac\u00d9\u201e\u00d8\u00af\u00d9\u0160\u00d8\u00a9 \u00d9\u02c6\u00d8\u00a3\u00d8\u00b7\u00d8\u00a8\u00d8\u00a7\u00d8\u00a1 \u00d8\u00a3\u00d8\u00b7\u00d9\u0081\u00d8\u00a7\u00d9\u201e.<br \/>\n\u00d9\u2026\u00d8\u00b1\u00d9\u0192\u00d8\u00a8 \u00d8\u00ae\u00d8\u00b5\u00d9\u0160\u00d8\u00b5\u00d9\u2039\u00d8\u00a7 \u00d9\u201e\u00d8\u00a8\u00d8\u00b4\u00d8\u00b1\u00d8\u00a9 \u00d8\u00a7\u00d9\u201e\u00d8\u00b7\u00d9\u0081\u00d9\u201e \u00d8\u00a7\u00d9\u201e\u00d8\u00ad\u00d8\u00b3\u00d8\u00a7\u00d8\u00b3\u00d8\u00a9 \u00d9\u02c6\u00d8\u00a7\u00d9\u201e\u00d9\u2026\u00d8\u00b9\u00d8\u00b1\u00d8\u00b6\u00d8\u00a9 \u00d9\u201e\u00d9\u201e\u00d8\u00aa\u00d8\u00a3\u00d8\u00aa\u00d8\u00a8.<br \/>\n\u00d8\u00a8\u00d8\u00b4\u00d8\u00b1\u00d8\u00a9 \u00d8\u00a7\u00d9\u201e\u00d8\u00b1\u00d8\u00b6\u00d9\u0160\u00d8\u00b9 \u00d8\u00a7\u00d9\u201e\u00d8\u00ad\u00d8\u00b3\u00d8\u00a7\u00d8\u00b3\u00d8\u00a9 \u00d8\u00a3\u00d9\u02c6 \u00d8\u00a7\u00d9\u201e\u00d9\u2026\u00d8\u00b9\u00d8\u00b1\u00d8\u00b6\u00d8\u00a9 \u00d9\u201e\u00d9\u201e\u00d8\u00aa\u00d8\u00a3\u00d8\u00aa\u00d8\u00a8. \u00d8\u00a7\u00d9\u201e\u00d9\u02c6\u00d8\u00ac\u00d9\u2021\u00d8\u00a9 \u00d9\u02c6\u00d8\u00a7\u00d9\u201e\u00d8\u00ac\u00d8\u00b3\u00d9\u2026. \u00d8\u00a7\u00d9\u201e\u00d8\u00aa\u00d8\u00b9\u00d8\u00b1\u00d8\u00b6 \u00d8\u00ba\u00d9\u0160\u00d8\u00b1 \u00d8\u00a7\u00d9\u201e\u00d9\u2026\u00d8\u00a8\u00d8\u00a7\u00d8\u00b4\u00d8\u00b1 \u00d9\u201e\u00d8\u00a3\u00d8\u00b4\u00d8\u00b9\u00d8\u00a9 \u00d8\u00a7\u00d9\u201e\u00d8\u00b4\u00d9\u2026\u00d8\u00b3. \u00d9\u201e\u00d9\u201e\u00d8\u00a7\u00d8\u00b3\u00d8\u00aa\u00d8\u00ae\u00d8\u00af\u00d8\u00a7\u00d9\u2026 \u00d9\u2026\u00d9\u2020 \u00d8\u00b3\u00d9\u2020 6 \u00d8\u00a3\u00d8\u00b4\u00d9\u2021\u00d8\u00b1.<br \/>\n\u00e2\u20ac\u00a2 SPF50 + \u00d8\u00a7\u00d9\u201e\u00d8\u00ad\u00d9\u2026\u00d8\u00a7\u00d9\u0160\u00d8\u00a9 \u00d9\u2026\u00d9\u2020 \u00d8\u00a3\u00d8\u00b4\u00d8\u00b9\u00d8\u00a9 \u00d8\u00a7\u00d9\u201e\u00d8\u00b4\u00d9\u2026\u00d8\u00b3 \u00d9\u201e\u00d9\u201e\u00d8\u00a3\u00d8\u00b7\u00d9\u0081\u00d8\u00a7\u00d9\u201e.<br \/>\n\u00e2\u20ac\u00a2 \u00d9\u2026\u00d9\u2020\u00d8\u00a7\u00d8\u00b3\u00d8\u00a8 \u00d9\u201e\u00d9\u201e\u00d8\u00a3\u00d8\u00b7\u00d9\u0081\u00d8\u00a7\u00d9\u201e 6 \u00d8\u00a3\u00d8\u00b4\u00d9\u2021\u00d8\u00b1 \u00d9\u02c6\u00d9\u2026\u00d8\u00a7 \u00d9\u0081\u00d9\u02c6\u00d9\u201a.<br \/>\n\u00e2\u20ac\u00a2 \u00d9\u201e\u00d9\u201e\u00d9\u02c6\u00d8\u00ac\u00d9\u2021 \u00d9\u02c6\u00d8\u00a7\u00d9\u201e\u00d8\u00ac\u00d8\u00b3\u00d9\u2026<br \/>\n\u00e2\u20ac\u00a2 \u00d9\u02c6\u00d8\u00b6\u00d8\u00b9\u00d8\u00aa \u00d8\u00ae\u00d8\u00b5\u00d9\u0160\u00d8\u00b5\u00d8\u00a7 \u00d9\u201e\u00d8\u00a8\u00d8\u00b4\u00d8\u00b1\u00d8\u00a9 \u00d8\u00a7\u00d9\u201e\u00d8\u00b7\u00d9\u0081\u00d9\u201e \u00d8\u00a7\u00d9\u201e\u00d8\u00ad\u00d8\u00b3\u00d8\u00a7\u00d8\u00b3\u00d8\u00a9 \u00d8\u00a3\u00d9\u02c6 \u00d8\u00a7\u00d9\u201e\u00d9\u2026\u00d8\u00b9\u00d8\u00b1\u00d8\u00b6\u00d8\u00a9 \u00d9\u201e\u00d9\u201e\u00d8\u00a3\u00d9\u0192\u00d8\u00b2\u00d9\u0160\u00d9\u2026\u00d8\u00a7.<br \/>\n\u00e2\u20ac\u00a2 \u00d9\u2026\u00d8\u00b5\u00d9\u2026\u00d9\u2026 \u00d9\u201e\u00d8\u00aa\u00d9\u0081\u00d8\u00a7\u00d8\u00af\u00d9\u0160 \u00d8\u00a7\u00d9\u201e\u00d8\u00ad\u00d8\u00b3\u00d8\u00a7\u00d8\u00b3\u00d9\u0160\u00d8\u00a9<br \/>\n\u00d8\u00b7\u00d8\u00b1\u00d9\u0160\u00d9\u201a\u00d8\u00a9 \u00d8\u00a7\u00d9\u201e\u00d8\u00a5\u00d8\u00b3\u00d8\u00aa\u00d8\u00ae\u00d8\u00af\u00d8\u00a7\u00d9\u2026:<br \/>\n\u00d8\u00ad\u00d8\u00a7\u00d9\u0081\u00d8\u00b8 \u00d8\u00b9\u00d9\u201e\u00d9\u2030 \u00d8\u00a5\u00d8\u00a8\u00d8\u00b9\u00d8\u00a7\u00d8\u00af \u00d8\u00a7\u00d9\u201e\u00d8\u00b1\u00d8\u00b6\u00d8\u00b9 \u00d9\u02c6\u00d8\u00a7\u00d9\u201e\u00d8\u00a3\u00d8\u00b7\u00d9\u0081\u00d8\u00a7\u00d9\u201e \u00d8\u00a7\u00d9\u201e\u00d8\u00b5\u00d8\u00ba\u00d8\u00a7\u00d8\u00b1 \u00d8\u00b9\u00d9\u2020 \u00d8\u00a3\u00d8\u00b4\u00d8\u00b9\u00d8\u00a9 \u00d8\u00a7\u00d9\u201e\u00d8\u00b4\u00d9\u2026\u00d8\u00b3 \u00d8\u00a7\u00d9\u201e\u00d9\u2026\u00d8\u00a8\u00d8\u00a7\u00d8\u00b4\u00d8\u00b1\u00d8\u00a9.<br \/>\n\u00d8\u00ad\u00d8\u00a7\u00d9\u0081\u00d8\u00b8 \u00d8\u00b9\u00d9\u201e\u00d9\u2030 \u00d8\u00aa\u00d8\u00ba\u00d8\u00b7\u00d9\u0160\u00d8\u00a9 \u00d8\u00a7\u00d9\u201e\u00d8\u00b1\u00d8\u00b6\u00d8\u00b9 \u00d9\u02c6\u00d8\u00a7\u00d9\u201e\u00d8\u00a3\u00d8\u00b7\u00d9\u0081\u00d8\u00a7\u00d9\u201e \u00d8\u00a7\u00d9\u201e\u00d8\u00b5\u00d8\u00ba\u00d8\u00a7\u00d8\u00b1 \u00d8\u00a8\u00d8\u00b4\u00d9\u0192\u00d9\u201e \u00d8\u00ac\u00d9\u0160\u00d8\u00af \u00d8\u00a8\u00d9\u2026\u00d8\u00a7 \u00d9\u0081\u00d9\u0160 \u00d8\u00b0\u00d9\u201e\u00d9\u0192 \u00d8\u00a7\u00d8\u00b1\u00d8\u00aa\u00d8\u00af\u00d8\u00a7\u00d8\u00a6\u00d9\u2021\u00d9\u2026 \u00d9\u201e\u00d9\u201a\u00d8\u00a8\u00d8\u00b9\u00d8\u00a9 \u00d9\u02c6\u00d9\u201a\u00d9\u2026\u00d9\u0160\u00d8\u00b5 \u00d9\u02c6\u00d9\u2020\u00d8\u00b8\u00d8\u00a7\u00d8\u00b1\u00d8\u00a7\u00d8\u00aa \u00d8\u00b4\u00d9\u2026\u00d8\u00b3\u00d9\u0160\u00d8\u00a9.<br \/>\n\u00d9\u201a\u00d8\u00af \u00d9\u0160\u00d9\u2026\u00d8\u00ab\u00d9\u201e \u00d8\u00a7\u00d9\u201e\u00d8\u00aa\u00d8\u00b9\u00d8\u00b1\u00d8\u00b6 \u00d8\u00ba\u00d9\u0160\u00d8\u00b1 \u00d8\u00a7\u00d9\u201e\u00d9\u2026\u00d8\u00a8\u00d8\u00a7\u00d8\u00b4\u00d8\u00b1 \u00d9\u201e\u00d8\u00a3\u00d8\u00b4\u00d8\u00b9\u00d8\u00a9 \u00d8\u00a7\u00d9\u201e\u00d8\u00b4\u00d9\u2026\u00d8\u00b3 \u00d8\u00ae\u00d8\u00b7\u00d8\u00b1\u00d9\u2039\u00d8\u00a7. \u00d9\u201e\u00d8\u00a7 \u00d8\u00aa\u00d9\u02c6\u00d9\u0081\u00d8\u00b1 \u00d9\u2026\u00d9\u2020\u00d8\u00aa\u00d8\u00ac\u00d8\u00a7\u00d8\u00aa \u00d8\u00a7\u00d9\u201e\u00d9\u02c6\u00d9\u201a\u00d8\u00a7\u00d9\u0160\u00d8\u00a9 \u00d9\u2026\u00d9\u2020 \u00d8\u00a3\u00d8\u00b4\u00d8\u00b9\u00d8\u00a9 \u00d8\u00a7\u00d9\u201e\u00d8\u00b4\u00d9\u2026\u00d8\u00b3 \u00d8\u00ad\u00d9\u2026\u00d8\u00a7\u00d9\u0160\u00d8\u00a9 100%.<br \/>\n\u00d8\u00a7\u00d8\u00b3\u00d8\u00aa\u00d8\u00b9\u00d9\u2026\u00d9\u201e \u00d8\u00a7\u00d9\u201e\u00d9\u2026\u00d9\u2020\u00d8\u00aa\u00d8\u00ac \u00d9\u201e\u00d8\u00b7\u00d9\u0081\u00d9\u201e\u00d9\u0192 \u00d9\u0081\u00d9\u201a\u00d8\u00b7 \u00d9\u201a\u00d8\u00a8\u00d9\u201e \u00d8\u00a7\u00d9\u201e\u00d8\u00ae\u00d8\u00b1\u00d9\u02c6\u00d8\u00ac \u00d8\u00a5\u00d9\u201e\u00d9\u2030 \u00d8\u00a7\u00d9\u201e\u00d8\u00a3\u00d9\u2026\u00d8\u00a7\u00d9\u0192\u00d9\u2020 \u00d8\u00a7\u00d9\u201e\u00d9\u2026\u00d9\u0192\u00d8\u00b4\u00d9\u02c6\u00d9\u0081\u00d8\u00a9. \u00d8\u00a3\u00d8\u00b9\u00d8\u00af \u00d8\u00a7\u00d8\u00b3\u00d8\u00aa\u00d8\u00b9\u00d9\u2026\u00d8\u00a7\u00d9\u201e \u00d8\u00a8\u00d8\u00b4\u00d9\u0192\u00d9\u201e \u00d9\u2026\u00d8\u00aa\u00d9\u0192\u00d8\u00b1\u00d8\u00b1 \u00d9\u02c6\u00d8\u00a8\u00d9\u0192\u00d9\u2026\u00d9\u0160\u00d8\u00a9 \u00d9\u0192\u00d8\u00a8\u00d9\u0160\u00d8\u00b1\u00d8\u00a9 \u00d9\u201e\u00d9\u201e\u00d8\u00ad\u00d9\u0081\u00d8\u00a7\u00d8\u00b8 \u00d8\u00b9\u00d9\u201e\u00d9\u2030 \u00d8\u00a7\u00d9\u201e\u00d8\u00ad\u00d9\u2026\u00d8\u00a7\u00d9\u0160\u00d8\u00a9 \u00d9\u02c6\u00d8\u00ae\u00d8\u00a7\u00d8\u00b5\u00d8\u00a9 \u00d8\u00a8\u00d8\u00b9\u00d8\u00af \u00d8\u00a7\u00d9\u201e\u00d8\u00aa\u00d8\u00b9\u00d8\u00b1\u00d9\u201a. \u00d8\u00aa\u00d8\u00ac\u00d9\u2020\u00d8\u00a8 \u00d9\u2026\u00d9\u2020\u00d8\u00b7\u00d9\u201a\u00d8\u00a9 \u00d8\u00a7\u00d9\u201e\u00d8\u00b9\u00d9\u0160\u00d9\u2020. \u00d9\u0081\u00d9\u0160 \u00d8\u00ad\u00d8\u00a7\u00d9\u201e\u00d8\u00a9 \u00d9\u2026\u00d9\u201e\u00d8\u00a7\u00d9\u2026\u00d8\u00b3\u00d8\u00a9 \u00d8\u00a3\u00d8\u00ad\u00d8\u00af \u00d8\u00a7\u00d9\u201e\u00d9\u2026\u00d9\u2020\u00d8\u00aa\u00d8\u00ac\u00d8\u00a7\u00d8\u00aa \u00d9\u201e\u00d9\u201e\u00d8\u00b9\u00d9\u0160\u00d9\u2020\u00d8\u0152 \u00d8\u00a7\u00d8\u00b4\u00d8\u00b7\u00d9\u0081\u00d9\u2021 \u00d9\u0081\u00d9\u02c6\u00d8\u00b1\u00d9\u2039\u00d8\u00a7 \u00d9\u02c6\u00d8\u00a8\u00d8\u00af\u00d9\u201a\u00d8\u00a9. \u00d8\u00aa\u00d8\u00ac\u00d9\u2020\u00d8\u00a8 \u00d9\u2026\u00d9\u201e\u00d8\u00a7\u00d9\u2026\u00d8\u00b3\u00d8\u00a9 \u00d8\u00a7\u00d9\u201e\u00d8\u00a3\u00d9\u201a\u00d9\u2026\u00d8\u00b4\u00d8\u00a9.<\/p>\n","protected":false},"excerpt":{"rendered":"<p>Paeditricians and dermatologists recommend that babies under the age of 3 have no direct sun exposure whatsoever. Even in the shade optimal protection is recommended to protect their delicate and fragile skin from indirect UV rays. Anthelios Dermo-Pediatrics SPF50+ Baby Lotion is La Roche-Posay&#8217;s first UV protection designed specifically for babies 6 months + in&#8230;<\/p>\n","protected":false},"featured_media":1521,"comment_status":"closed","ping_status":"open","template":"","meta":{"rs_blank_template":"","rs_page_bg_color":"","slide_template_v7":"","_bst_post_transparent":"","_bst_post_title":"","_bst_post_layout":"","_bst_post_sidebar_id":"","_bst_post_content_style":"","_bst_post_vertical_padding":"","_bst_post_feature":"","_bst_post_feature_position":"","_bst_post_header":false,"_bst_post_footer":false},"product_brand":[],"product_cat":[15],"product_tag":[],"product_brands":[],"class_list":{"0":"post-1520","1":"product","2":"type-product","3":"status-publish","4":"has-post-thumbnail","6":"product_cat-uncategorized","8":"first","9":"instock","10":"purchasable","11":"product-type-simple","12":"entry","13":"content-bg","14":"loop-entry"},"_links":{"self":[{"href":"https:\/\/nawarpharmacy.com\/de\/wp-json\/wp\/v2\/product\/1520","targetHints":{"allow":["GET"]}}],"collection":[{"href":"https:\/\/nawarpharmacy.com\/de\/wp-json\/wp\/v2\/product"}],"about":[{"href":"https:\/\/nawarpharmacy.com\/de\/wp-json\/wp\/v2\/types\/product"}],"replies":[{"embeddable":true,"href":"https:\/\/nawarpharmacy.com\/de\/wp-json\/wp\/v2\/comments?post=1520"}],"wp:featuredmedia":[{"embeddable":true,"href":"https:\/\/nawarpharmacy.com\/de\/wp-json\/wp\/v2\/media\/1521"}],"wp:attachment":[{"href":"https:\/\/nawarpharmacy.com\/de\/wp-json\/wp\/v2\/media?parent=1520"}],"wp:term":[{"taxonomy":"product_brand","embeddable":true,"href":"https:\/\/nawarpharmacy.com\/de\/wp-json\/wp\/v2\/product_brand?post=1520"},{"taxonomy":"product_cat","embeddable":true,"href":"https:\/\/nawarpharmacy.com\/de\/wp-json\/wp\/v2\/product_cat?post=1520"},{"taxonomy":"product_tag","embeddable":true,"href":"https:\/\/nawarpharmacy.com\/de\/wp-json\/wp\/v2\/product_tag?post=1520"},{"taxonomy":"product_brands","embeddable":true,"href":"https:\/\/nawarpharmacy.com\/de\/wp-json\/wp\/v2\/product_brands?post=1520"}],"curies":[{"name":"wp","href":"https:\/\/api.w.org\/{rel}","templated":true}]}}