{"id":1473,"date":"2025-07-22T00:22:29","date_gmt":"2025-07-22T00:22:29","guid":{"rendered":"https:\/\/nawarpharmacy.com\/product\/vichy-stress-resist-antiperspirant-treatment-72-hour-roll-on-50-ml-2\/"},"modified":"2025-07-22T00:22:31","modified_gmt":"2025-07-22T00:22:31","slug":"vichy-stress-resist-antiperspirant-treatment-72-hour-roll-on-50-ml-2","status":"publish","type":"product","link":"https:\/\/nawarpharmacy.com\/de\/produkt\/vichy-stress-resist-antiperspirant-treatment-72-hour-roll-on-50-ml-2\/","title":{"rendered":"Vichy Stress Resist Antiperspirant Treatment 72 Hour Roll-On 50 ml"},"content":{"rendered":"<p>Hyper-effective anti-perspirant, even under stress. Rich in anti-perspirant active ingredients, ultra-absorbent minerals, and Perspicalm\u00e2\u201e\u00a2, this anti-perspirant regulates heat and perspiration at times of stress.\u00c2\u00a0 Protected, you feel secure all day long.<br \/>\nBenefits:<br \/>\n72-hour antiperspirant efficacy, effective even at times of stress.<br \/>\nincreased efficacy application after application.<br \/>\nHow to use:<br \/>\nApply daily to clean, and dry armpits.<br \/>\nIngredients:<br \/>\nAqua\/water &#8211; aluminum chlorohydrate &#8211; dimethicone &#8211; aluminum sesquichlorohydrate &#8211; c14-22 alcohols &#8211; steareth-100\/peg-136\/hdi copolymer &#8211; parfum \/ fragrance &#8211; perlite &#8211; c12-20 alkyl glucoside &#8211; iodopropynyl butylcarbamate &#8211; rosa gallica extract\/rosa gallica flower extract.<br \/>\n\u00d9\u0081\u00d8\u00b9\u00d8\u00a7\u00d9\u201e\u00d9\u0160\u00d8\u00a9 \u00d9\u201e\u00d9\u2026\u00d9\u201a\u00d8\u00a7\u00d9\u02c6\u00d9\u2026\u00d8\u00a9 \u00d8\u00a7\u00d9\u201e\u00d8\u00aa\u00d8\u00b9\u00d8\u00b1\u00d9\u201a\u00d8\u0152 \u00d8\u00ad\u00d8\u00aa\u00d9\u2030 \u00d8\u00aa\u00d8\u00ad\u00d8\u00aa \u00d8\u00a7\u00d9\u201e\u00d8\u00b6\u00d8\u00ba\u00d9\u02c6\u00d8\u00b7 \u00d8\u00a7\u00d9\u201e\u00d9\u0160\u00d9\u02c6\u00d9\u2026\u00d9\u0160\u00d8\u00a9. \u00d9\u201e\u00d9\u201e\u00d9\u2020\u00d8\u00b3\u00d8\u00a7\u00d8\u00a1 \u00d8\u00a7\u00d9\u201e\u00d8\u00b0\u00d9\u0160\u00d9\u2020 \u00d9\u0160\u00d8\u00b9\u00d8\u00a7\u00d9\u2020\u00d9\u02c6\u00d9\u2020 \u00d9\u2026\u00d9\u2020 \u00d8\u00a7\u00d9\u201e\u00d8\u00aa\u00d8\u00b9\u00d8\u00b1\u00d9\u201a \u00d8\u00a7\u00d9\u201e\u00d9\u2026\u00d9\u0081\u00d8\u00b1\u00d8\u00b7 \u00d9\u02c6 \u00d9\u0160\u00d8\u00b1\u00d9\u0160\u00d8\u00af\u00d9\u02c6\u00d9\u2020 \u00d8\u00a7\u00d9\u201e\u00d8\u00ac\u00d9\u2026\u00d8\u00b9 \u00d8\u00a8\u00d9\u0160\u00d9\u2020 \u00d9\u2026\u00d8\u00b2\u00d9\u0160\u00d9\u201e \u00d9\u201e\u00d9\u201e\u00d8\u00b9\u00d8\u00b1\u00d9\u201a \u00d9\u0081\u00d8\u00b9\u00d8\u00a7\u00d9\u201e \u00d9\u02c6 \u00d9\u0192\u00d9\u0081\u00d8\u00a7\u00d8\u00a1\u00d8\u00a9 \u00d8\u00b9\u00d8\u00a7\u00d9\u201e\u00d9\u0160\u00d8\u00a9 \u00d8\u00aa\u00d8\u00aa\u00d8\u00ad\u00d9\u2026\u00d9\u201e\u00d9\u2021 \u00d8\u00a8\u00d8\u00b4\u00d8\u00b1\u00d8\u00aa\u00d9\u2021\u00d9\u2026.<br \/>\n\u00e2\u20ac\u00a2 \u00d9\u0081\u00d8\u00b9\u00d8\u00a7\u00d9\u201e\u00d9\u0160\u00d8\u00a9 \u00d9\u201a\u00d9\u02c6\u00d9\u0160\u00d8\u00a9 \u00d9\u201e\u00d9\u2026\u00d9\u201a\u00d8\u00a7\u00d9\u02c6\u00d9\u2026\u00d8\u00a9 \u00d8\u00a7\u00d9\u201e\u00d8\u00aa\u00d8\u00b9\u00d8\u00b1\u00d9\u201a \u00d8\u00ad\u00d8\u00aa\u00d9\u2030 \u00d8\u00aa\u00d8\u00ad\u00d8\u00aa \u00d8\u00a7\u00d9\u201e\u00d8\u00b6\u00d8\u00ba\u00d9\u02c6\u00d8\u00b7 \u00d8\u00a7\u00d9\u201e\u00d9\u0160\u00d9\u02c6\u00d9\u2026\u00d9\u0160\u00d8\u00a9 \u00d9\u02c6 \u00d8\u00a7\u00d9\u201e\u00d8\u00a5\u00d8\u00ac\u00d9\u2021\u00d8\u00a7\u00d8\u00af.<br \/>\n\u00e2\u20ac\u00a2 \u00d8\u00ba\u00d9\u2020\u00d9\u0160 \u00d8\u00a8\u00d8\u00a7\u00d9\u201e\u00d8\u00aa\u00d8\u00b1\u00d8\u00a7\u00d9\u0192\u00d9\u0160\u00d8\u00a8 \u00d8\u00a7\u00d9\u201e\u00d9\u2026\u00d8\u00b6\u00d8\u00a7\u00d8\u00af\u00d8\u00a9 \u00d9\u201e\u00d9\u201e\u00d8\u00aa\u00d8\u00b9\u00d8\u00b1\u00d9\u201a\u00d8\u0152 \u00d9\u2026\u00d8\u00b9\u00d8\u00a7\u00d8\u00af\u00d9\u2020 \u00d9\u0081\u00d8\u00a7\u00d8\u00a6\u00d9\u201a\u00d8\u00a9 \u00d8\u00a7\u00d9\u201e\u00d8\u00a5\u00d9\u2026\u00d8\u00aa\u00d8\u00b5\u00d8\u00a7\u00d8\u00b5 \u00d9\u02c6 \u00d8\u00a7\u00d9\u201e\u00d8\u00a8\u00d9\u0160\u00d8\u00b1\u00d8\u00b3\u00d8\u00a8\u00d9\u0160\u00d9\u0192\u00d8\u00a7\u00d9\u201e\u00d9\u2026 (\u00e2\u201e\u00a2Perspicalm). \u00d9\u2021\u00d8\u00b0\u00d8\u00a7 \u00d8\u00a7\u00d9\u201e\u00d9\u2026\u00d8\u00b2\u00d9\u0160\u00d9\u201e \u00d9\u201e\u00d9\u201e\u00d8\u00b9\u00d8\u00b1\u00d9\u201a \u00d9\u0160\u00d9\u2020\u00d8\u00b8\u00d9\u2026 \u00d8\u00ad\u00d8\u00b1\u00d8\u00a7\u00d8\u00b1\u00d8\u00a9 \u00d8\u00a7\u00d9\u201e\u00d8\u00a8\u00d8\u00b4\u00d8\u00b1\u00d8\u00a9 \u00d8\u00aa\u00d8\u00ad\u00d8\u00aa \u00d8\u00a7\u00d9\u201e\u00d8\u00b6\u00d8\u00ba\u00d9\u02c6\u00d8\u00b7 \u00d8\u00a7\u00d9\u201e\u00d9\u0160\u00d9\u02c6\u00d9\u2026\u00d9\u0160\u00d8\u00a9\u00d8\u0152 \u00d9\u0081\u00d9\u0160\u00d9\u201a\u00d9\u02c6\u00d9\u2026 \u00d8\u00a8\u00d8\u00ad\u00d9\u2026\u00d8\u00a7\u00d9\u0160\u00d8\u00aa\u00d9\u0192 \u00d8\u00b7\u00d9\u02c6\u00d8\u00a7\u00d9\u201e \u00d8\u00a7\u00d9\u201e\u00d9\u2020\u00d9\u2021\u00d8\u00a7\u00d8\u00b1.<br \/>\n\u00e2\u20ac\u00a2 \u00d8\u00aa\u00d8\u00b1\u00d9\u0192\u00d9\u0160\u00d8\u00a8\u00d8\u00a9 \u00d8\u00a7\u00d8\u00ae\u00d8\u00aa\u00d8\u00a8\u00d8\u00b1\u00d8\u00aa 100% \u00d8\u00b9\u00d9\u201e\u00d9\u2030 \u00d8\u00a8\u00d8\u00b4\u00d8\u00b1\u00d8\u00a9 \u00d8\u00ad\u00d8\u00b3\u00d8\u00a7\u00d8\u00b3\u00d8\u00a9\u00d8\u0152 \u00d8\u00ae\u00d8\u00a7\u00d9\u201e\u00d9\u0160\u00d8\u00a9 \u00d9\u2026\u00d9\u2020 \u00d8\u00a7\u00d9\u201e\u00d9\u0192\u00d8\u00ad\u00d9\u02c6\u00d9\u201e.<br \/>\n\u00e2\u20ac\u00a2 \u00d8\u00ae\u00d8\u00a7\u00d9\u201e\u00d9\u0160\u00d8\u00a9 \u00d9\u2026\u00d9\u2020 \u00d8\u00a7\u00d9\u201e\u00d8\u00a8\u00d8\u00a7\u00d8\u00b1\u00d8\u00a7\u00d8\u00a8\u00d9\u0160\u00d9\u2020.<br \/>\n\u00e2\u20ac\u00a2 \u00d9\u0081\u00d8\u00b9\u00d8\u00a7\u00d9\u201e\u00d9\u0160\u00d8\u00a9 \u00d9\u2026\u00d9\u201a\u00d8\u00a7\u00d9\u02c6\u00d9\u2026\u00d8\u00a9 \u00d9\u201e\u00d9\u201e\u00d8\u00aa\u00d8\u00b9\u00d8\u00b1\u00d9\u201a \u00d8\u00b7\u00d9\u02c6\u00d8\u00a7\u00d9\u201e 72 \u00d8\u00b3\u00d8\u00a7\u00d8\u00b9\u00d8\u00a9 \u00d8\u00ad\u00d8\u00aa\u00d9\u2030 \u00d8\u00aa\u00d8\u00ad\u00d8\u00aa \u00d8\u00a7\u00d9\u201e\u00d8\u00b6\u00d8\u00ba\u00d9\u02c6\u00d8\u00b7 \u00d8\u00a7\u00d9\u201e\u00d9\u0160\u00d9\u02c6\u00d9\u2026\u00d9\u0160\u00d8\u00a9 \u00d9\u02c6 \u00d8\u00a7\u00d9\u201e\u00d8\u00a5\u00d8\u00ac\u00d9\u2021\u00d8\u00a7\u00d8\u00af.<br \/>\n\u00d8\u00b7\u00d8\u00b1\u00d9\u0160\u00d9\u201a\u00d8\u00a9 \u00d8\u00a7\u00d9\u201e\u00d8\u00a5\u00d8\u00b3\u00d8\u00aa\u00d8\u00ae\u00d8\u00af\u00d8\u00a7\u00d9\u2026:<br \/>\n\u00d9\u0160\u00d8\u00ac\u00d8\u00a8 \u00d8\u00aa\u00d8\u00b7\u00d8\u00a8\u00d9\u0160\u00d9\u201a\u00d9\u2021 \u00d9\u0160\u00d9\u02c6\u00d9\u2026\u00d9\u0160\u00d8\u00a7\u00d9\u2039 \u00d8\u00b9\u00d9\u201e\u00d9\u2030 \u00d8\u00a5\u00d8\u00a8\u00d8\u00b7\u00d9\u0160\u00d9\u2020 \u00d9\u2020\u00d8\u00b8\u00d9\u0160\u00d9\u0081\u00d9\u0160\u00d9\u2020 \u00d9\u02c6\u00d8\u00ac\u00d8\u00a7\u00d9\u0081\u00d9\u0160\u00d9\u2020.<\/p>\n","protected":false},"excerpt":{"rendered":"<p>Hyper-effective anti-perspirant, even under stress. Rich in anti-perspirant active ingredients, ultra-absorbent minerals, and Perspicalm\u00e2\u201e\u00a2, this anti-perspirant regulates heat and perspiration at times of stress.\u00c2\u00a0 Protected, you feel secure all day long. Benefits: 72-hour antiperspirant efficacy, effective even at times of stress. increased efficacy application after application. How to use: Apply daily to clean, and dry&#8230;<\/p>\n","protected":false},"featured_media":1368,"comment_status":"closed","ping_status":"open","template":"","meta":{"rs_blank_template":"","rs_page_bg_color":"","slide_template_v7":"","_bst_post_transparent":"","_bst_post_title":"","_bst_post_layout":"","_bst_post_sidebar_id":"","_bst_post_content_style":"","_bst_post_vertical_padding":"","_bst_post_feature":"","_bst_post_feature_position":"","_bst_post_header":false,"_bst_post_footer":false},"product_brand":[],"product_cat":[15],"product_tag":[],"product_brands":[],"class_list":{"0":"post-1473","1":"product","2":"type-product","3":"status-publish","4":"has-post-thumbnail","6":"product_cat-uncategorized","8":"first","9":"instock","10":"purchasable","11":"product-type-simple","12":"entry","13":"content-bg","14":"loop-entry"},"_links":{"self":[{"href":"https:\/\/nawarpharmacy.com\/de\/wp-json\/wp\/v2\/product\/1473","targetHints":{"allow":["GET"]}}],"collection":[{"href":"https:\/\/nawarpharmacy.com\/de\/wp-json\/wp\/v2\/product"}],"about":[{"href":"https:\/\/nawarpharmacy.com\/de\/wp-json\/wp\/v2\/types\/product"}],"replies":[{"embeddable":true,"href":"https:\/\/nawarpharmacy.com\/de\/wp-json\/wp\/v2\/comments?post=1473"}],"wp:featuredmedia":[{"embeddable":true,"href":"https:\/\/nawarpharmacy.com\/de\/wp-json\/wp\/v2\/media\/1368"}],"wp:attachment":[{"href":"https:\/\/nawarpharmacy.com\/de\/wp-json\/wp\/v2\/media?parent=1473"}],"wp:term":[{"taxonomy":"product_brand","embeddable":true,"href":"https:\/\/nawarpharmacy.com\/de\/wp-json\/wp\/v2\/product_brand?post=1473"},{"taxonomy":"product_cat","embeddable":true,"href":"https:\/\/nawarpharmacy.com\/de\/wp-json\/wp\/v2\/product_cat?post=1473"},{"taxonomy":"product_tag","embeddable":true,"href":"https:\/\/nawarpharmacy.com\/de\/wp-json\/wp\/v2\/product_tag?post=1473"},{"taxonomy":"product_brands","embeddable":true,"href":"https:\/\/nawarpharmacy.com\/de\/wp-json\/wp\/v2\/product_brands?post=1473"}],"curies":[{"name":"wp","href":"https:\/\/api.w.org\/{rel}","templated":true}]}}