{"id":1469,"date":"2025-07-22T00:22:29","date_gmt":"2025-07-22T00:22:29","guid":{"rendered":"https:\/\/nawarpharmacy.com\/product\/vichy-capital-soleil-bb-anti-brillance-mattifying-tinted-sunscreen-fluied-spf-50-50ml-2\/"},"modified":"2025-07-22T00:22:30","modified_gmt":"2025-07-22T00:22:30","slug":"vichy-capital-soleil-bb-anti-brillance-mattifying-tinted-sunscreen-fluied-spf-50-50ml-2","status":"publish","type":"product","link":"https:\/\/nawarpharmacy.com\/de\/produkt\/vichy-capital-soleil-bb-anti-brillance-mattifying-tinted-sunscreen-fluied-spf-50-50ml-2\/","title":{"rendered":"Vichy Capital Soleil BB Anti Brillance Mattifying Tinted Sunscreen Fluied SPF 50+ &#8211; 50ml"},"content":{"rendered":"<p>High UV protection SPF50 and ideal tan revealer. Combats premature aging and the damaging effects caused by UV rays using the Mexoryl\u00c2\u00ae, a UVA and UVB filtering system. Skin is effectively protected, it reveals an ideal skin immediately and day after day.<br \/>\nVery High tinted UV protection from sun exposure.<br \/>\nMatte\/ dry touch finish.<br \/>\nUVA PF 46.<br \/>\nSPF50+.<br \/>\nOily and combination skin.<br \/>\nBenefits:<br \/>\nhigh uva-uvb protection with spf50.<br \/>\nluminosity booster thanks to the long-uva filter.<br \/>\ninstant complexion warmth with a universal bb shade.<br \/>\neven and radiant skin via the action of high-coverage pigments.<br \/>\nan instant skin-beauty mattifying effect thanks to the dry touch.<br \/>\nan absorbent effect and a dry, powdered finish.<br \/>\n360\u00c2\u00b0 measured efficacy for visibly more youthful eyes.<br \/>\nWrinkles are smoothed.<br \/>\nDark circles and under-eye bags were reduced.<br \/>\nHow to use:<br \/>\nApply every morning as the final step of your skincare routine, even around the eyes and on the neck. It&#8217;s ultra-light, highly breathable texture provides an invisible, non-greasy skin-like finish, creating a perfect base for smooth make-up application.<br \/>\nIngredients:<br \/>\nAqua \/ water &#8211; ci 77891 \/ titanium dioxide &#8211; homosalate &#8211; ethylhexyl salicylate &#8211; dimethicone &#8211; ethylhexyl triazone &#8211; c12-15 alkyl benzoate &#8211; bis-ethylhexyloxyphenol methoxyphenyl triazine &#8211; drometrizole trisiloxane &#8211; butyl methoxydibenzoylmethane &#8211; aluminum starch octenylsuccinate &#8211; octocrylene &#8211; glycerin &#8211; silica &#8211; pentylene glycol &#8211; styrene\/acrylates copolymer &#8211; ci 77491, ci 77492, ci 77499 \/ iron oxides &#8211; stearyl alcohol &#8211; potassium cetyl phosphate &#8211; parfum \/ fragrance &#8211; caprylyl methicone &#8211; acrylates\/c10-30 alkyl acrylate crosspolymer &#8211; aluminum hydroxide &#8211; caprylyl glycol &#8211; cinnamomum cassia bark extract &#8211; disodium edta &#8211; inulin lauryl carbamate &#8211; peg-8 laurate &#8211; phenoxyethanol &#8211; poterium officinale root extract &#8211; stearic acid &#8211; terephthalylidene dicamphor sulfonic acid &#8211; titanium dioxide [nano] \/ titanium dioxide &#8211; tocopherol &#8211; triethanolamine &#8211; xanthan gum &#8211; zingiber officinale root extract \/ ginger root extract.<br \/>\n\u00d8\u00aa\u00d8\u00b1\u00d9\u0192\u00d9\u0160\u00d8\u00a8\u00d8\u00a9 \u00d9\u2026\u00d9\u201e\u00d9\u02c6\u00d9\u2020\u00d8\u00a9 \u00d8\u00aa\u00d9\u2026\u00d9\u2020\u00d8\u00ad \u00d8\u00a7\u00d9\u201e\u00d8\u00a8\u00d8\u00b4\u00d8\u00b1\u00d8\u00a9 \u00d8\u00a5\u00d8\u00b4\u00d8\u00b1\u00d8\u00a7\u00d9\u201a\u00d8\u00a9 \u00d9\u0081\u00d9\u02c6\u00d8\u00b1\u00d9\u0160\u00d8\u00a9 \u00d9\u02c6\u00d9\u201e\u00d9\u2026\u00d8\u00b3\u00d8\u00a9 \u00d9\u2020\u00d9\u2021\u00d8\u00a7\u00d8\u00a6\u00d9\u0160\u00d8\u00a9 \u00d8\u00af\u00d9\u02c6\u00d9\u2020 \u00d9\u201e\u00d9\u2026\u00d8\u00b9\u00d8\u00a7\u00d9\u2020. \u00d9\u2026\u00d9\u2020\u00d8\u00a7\u00d8\u00b3\u00d8\u00a8 \u00d9\u201e\u00d9\u201e\u00d8\u00a8\u00d8\u00b4\u00d8\u00b1\u00d8\u00a9 \u00d8\u00a7\u00d9\u201e\u00d9\u2026\u00d8\u00ae\u00d8\u00aa\u00d9\u201e\u00d8\u00b7\u00d8\u00a9 \u00d9\u02c6\u00d8\u00a7\u00d9\u201e\u00d8\u00af\u00d9\u2021\u00d9\u2020\u00d9\u0160\u00d8\u00a9.<br \/>\n\u00d9\u201e\u00d9\u201e\u00d9\u2020\u00d8\u00b3\u00d8\u00a7\u00d8\u00a1 \u00d8\u00a7\u00d9\u201e\u00d9\u201e\u00d9\u02c6\u00d8\u00a7\u00d8\u00aa\u00d9\u0160 \u00d9\u0160\u00d8\u00aa\u00d9\u2026\u00d8\u00aa\u00d9\u2018\u00d8\u00b9\u00d9\u2020 \u00d8\u00a8\u00d8\u00a8\u00d8\u00b4\u00d8\u00b1\u00d8\u00a9 \u00d8\u00ad\u00d8\u00b3\u00d9\u2018\u00d8\u00a7\u00d8\u00b3\u00d8\u00a9 \u00d9\u2026\u00d8\u00ae\u00d8\u00aa\u00d9\u201e\u00d8\u00b7\u00d8\u00a9 \u00d9\u2026\u00d8\u00a7\u00d8\u00a6\u00d9\u201e\u00d8\u00a9 \u00d8\u00a5\u00d9\u201e\u00d9\u2030 \u00d8\u00a7\u00d9\u201e\u00d8\u00af\u00d9\u2021\u00d9\u2020\u00d9\u0160\u00d8\u00a9 \u00d9\u02c6\u00d9\u0160\u00d8\u00a8\u00d8\u00ad\u00d8\u00ab\u00d9\u2020 \u00d8\u00b9\u00d9\u2020 \u00d9\u2026\u00d9\u2020\u00d8\u00aa\u00d8\u00ac \u00d9\u02c6\u00d9\u201a\u00d8\u00a7\u00d9\u0160\u00d8\u00a9 \u00d9\u2026\u00d9\u2020 \u00d8\u00a7\u00d9\u201e\u00d8\u00b4\u00d9\u2026\u00d8\u00b3 \u00d9\u2026\u00d9\u201e\u00d9\u02c6\u00d9\u2018\u00d9\u2020 \u00d9\u201e\u00d9\u201e\u00d9\u02c6\u00d8\u00ac\u00d9\u2021 \u00d9\u2026\u00d8\u00a7 \u00d9\u0160\u00d8\u00b3\u00d9\u2026\u00d8\u00ad \u00d8\u00a8\u00d8\u00a5\u00d8\u00b8\u00d9\u2021\u00d8\u00a7\u00d8\u00b1 \u00d8\u00ac\u00d9\u2026\u00d8\u00a7\u00d9\u201e \u00d8\u00a8\u00d8\u00b4\u00d8\u00b1\u00d8\u00aa\u00d9\u2021\u00d9\u2020\u00d9\u2018 \u00d9\u0081\u00d9\u02c6\u00d8\u00b1\u00d9\u2039\u00d8\u00a7.<br \/>\n\u00d8\u00a8\u00d9\u0081\u00d8\u00b6\u00d9\u201e \u00d8\u00aa\u00d8\u00b1\u00d9\u0192\u00d9\u0160\u00d8\u00a8\u00d8\u00a7\u00d8\u00aa \u00d8\u00a8\u00d9\u0160.\u00d8\u00a8\u00d9\u0160 \u00d8\u00a7\u00d9\u201e\u00d8\u00aa\u00d9\u0160 \u00d8\u00aa\u00d8\u00b3\u00d8\u00a7\u00d8\u00b9\u00d8\u00af \u00d8\u00b9\u00d9\u201e\u00d9\u2030 \u00d8\u00aa\u00d9\u02c6\u00d8\u00ad\u00d9\u0160\u00d8\u00af \u00d9\u201e\u00d9\u02c6\u00d9\u2020 \u00d8\u00a7\u00d9\u201e\u00d8\u00a8\u00d8\u00b4\u00d8\u00b1\u00d8\u00a9 \u00d9\u201e\u00d8\u00a5\u00d8\u00b9\u00d8\u00b7\u00d8\u00a7\u00d8\u00a6\u00d9\u2021\u00d8\u00a7 \u00d9\u201e\u00d9\u02c6\u00d9\u2020\u00d9\u2039\u00d8\u00a7 \u00d8\u00a3\u00d8\u00b3\u00d9\u2026\u00d8\u00b1\u00d9\u2039\u00d8\u00a7 \u00d8\u00b7\u00d8\u00a8\u00d9\u0160\u00d8\u00b9\u00d9\u0160\u00d9\u2039\u00d8\u00a7 \u00d9\u02c6\u00d9\u2026\u00d8\u00aa\u00d8\u00ac\u00d8\u00a7\u00d9\u2020\u00d8\u00b3\u00d9\u2039\u00d8\u00a7.<br \/>\n\u00d9\u0160\u00d9\u02c6\u00d9\u2026\u00d9\u2039\u00d8\u00a7 \u00d8\u00a8\u00d8\u00b9\u00d8\u00af \u00d9\u0160\u00d9\u02c6\u00d9\u2026.<br \/>\n\u00d8\u00a8\u00d9\u0081\u00d8\u00b6\u00d9\u201e \u00d9\u2020\u00d8\u00b8\u00d8\u00a7\u00d9\u2026 \u00d8\u00a7\u00d9\u201e\u00d8\u00ad\u00d9\u2026\u00d8\u00a7\u00d9\u0160\u00d8\u00a9 \u00d8\u00a7\u00d9\u201e\u00d9\u2026\u00d9\u008f\u00d8\u00b9\u00d8\u00b2\u00d9\u2018\u00d8\u00b2 \u00d9\u2026\u00d9\u2020 \u00d8\u00a7\u00d9\u201e\u00d8\u00a3\u00d8\u00b4\u00d8\u00b9\u00d9\u2018\u00d8\u00a9 \u00d9\u0081\u00d9\u02c6\u00d9\u201a \u00d8\u00a7\u00d9\u201e\u00d8\u00a8\u00d9\u2020\u00d9\u0081\u00d8\u00b3\u00d8\u00ac\u00d9\u0160\u00d8\u00a9 \u00d8\u00a7\u00d9\u201e\u00d9\u0081\u00d8\u00b9\u00d9\u2018\u00d8\u00a7\u00d9\u201e \u00d8\u00b9\u00d9\u201e\u00d9\u2030 \u00d8\u00a7\u00d9\u201e\u00d8\u00a3\u00d8\u00b4\u00d8\u00b9\u00d9\u2018\u00d8\u00a9 \u00d9\u0081\u00d9\u02c6\u00d9\u201a \u00d8\u00a7\u00d9\u201e\u00d8\u00a8\u00d9\u2020\u00d9\u0081\u00d8\u00b3\u00d8\u00ac\u00d9\u0160\u00d8\u00a9 \u00d8\u00a7\u00d9\u201e\u00d8\u00a3\u00d8\u00b7\u00d9\u02c6\u00d9\u201e \u00d9\u201e\u00d8\u00aa\u00d8\u00ad\u00d8\u00b5\u00d9\u201e\u00d9\u0160 \u00d8\u00b9\u00d9\u201e\u00d9\u2030 \u00d8\u00a8\u00d8\u00b4\u00d8\u00b1\u00d8\u00a9 \u00d8\u00ac\u00d9\u2026\u00d9\u0160\u00d9\u201e\u00d8\u00a9 \u00d9\u02c6\u00d8\u00b3\u00d9\u008f\u00d9\u2026\u00d8\u00b1\u00d8\u00a9 \u00d9\u2026\u00d9\u008f\u00d8\u00b4\u00d8\u00b1\u00d9\u201a\u00d8\u00a9.<br \/>\n\u00e2\u20ac\u00a2 \u00d8\u00ad\u00d9\u2026\u00d8\u00a7\u00d9\u0160\u00d8\u00a9 \u00d9\u2026\u00d8\u00ab\u00d8\u00a7\u00d9\u201e\u00d9\u0160\u00d8\u00a9 \u00d9\u2026\u00d9\u2020 \u00d8\u00a7\u00d9\u201e\u00d8\u00a3\u00d8\u00b4\u00d8\u00b9\u00d9\u2018\u00d8\u00a9 \u00d9\u0081\u00d9\u02c6\u00d9\u201a \u00d8\u00a7\u00d9\u201e\u00d8\u00a8\u00d9\u2020\u00d9\u0081\u00d8\u00b3\u00d8\u00ac\u00d9\u0160\u00d8\u00a9 \u00d8\u00a7\u00d9\u201e\u00d8\u00b7\u00d9\u02c6\u00d9\u0160\u00d9\u201e\u00d8\u00a9 \u00d9\u02c6\u00d8\u00a7\u00d9\u201e\u00d9\u2026\u00d8\u00aa\u00d9\u02c6\u00d8\u00b3\u00d9\u2018\u00d8\u00b7\u00d8\u00a9 UVA-UVB.<br \/>\n\u00e2\u20ac\u00a2 \u00d8\u00aa\u00d8\u00b9\u00d8\u00b2\u00d9\u0160\u00d8\u00b2 \u00d8\u00a7\u00d9\u201e\u00d8\u00a5\u00d8\u00b4\u00d8\u00b1\u00d8\u00a7\u00d9\u201a \u00d8\u00a8\u00d9\u0081\u00d8\u00b6\u00d9\u201e \u00d9\u0081\u00d9\u201e\u00d8\u00aa\u00d8\u00b1 \u00d9\u201e\u00d9\u201e\u00d8\u00a3\u00d8\u00b4\u00d8\u00b9\u00d9\u2018\u00d8\u00a9 \u00d9\u0081\u00d9\u02c6\u00d9\u201a \u00d8\u00a7\u00d9\u201e\u00d8\u00a8\u00d9\u2020\u00d9\u0081\u00d8\u00b3\u00d8\u00ac\u00d9\u0160\u00d9\u2018\u00d8\u00a9 \u00d8\u00a7\u00d9\u201e\u00d8\u00a3\u00d8\u00b7\u00d9\u02c6\u00d9\u201e.<br \/>\n\u00e2\u20ac\u00a2 \u00d9\u201e\u00d9\u02c6\u00d9\u2020 \u00d8\u00af\u00d8\u00a7\u00d9\u0081\u00d8\u00a6 \u00d9\u0081\u00d9\u02c6\u00d8\u00b1\u00d9\u0160 \u00d9\u201e\u00d9\u201e\u00d8\u00a8\u00d8\u00b4\u00d8\u00b1\u00d8\u00a9 \u00d8\u00a8\u00d9\u0081\u00d8\u00b6\u00d9\u201e \u00d9\u201e\u00d9\u02c6\u00d9\u2020 \u00d8\u00a8\u00d9\u0160.\u00d8\u00a8\u00d9\u0160. \u00d8\u00a7\u00d9\u201e\u00d8\u00b9\u00d8\u00a7\u00d9\u201e\u00d9\u2026\u00d9\u0160.<br \/>\n\u00e2\u20ac\u00a2 \u00d8\u00a8\u00d8\u00b4\u00d8\u00b1\u00d8\u00a9 \u00d9\u2026\u00d9\u02c6\u00d8\u00ad\u00d9\u2018\u00d8\u00af\u00d8\u00a9 \u00d8\u00a7\u00d9\u201e\u00d9\u201e\u00d9\u02c6\u00d9\u2020 \u00d9\u02c6\u00d9\u2026\u00d9\u008f\u00d8\u00b4\u00d8\u00b1\u00d9\u201a\u00d8\u00a9 \u00d8\u00a8\u00d9\u0081\u00d8\u00b6\u00d9\u201e \u00d8\u00a7\u00d9\u201e\u00d8\u00ad\u00d8\u00a8\u00d9\u0160\u00d8\u00a8\u00d8\u00a7\u00d8\u00aa \u00d8\u00a7\u00d9\u201e\u00d8\u00b5\u00d8\u00a8\u00d8\u00ba\u00d9\u0160\u00d9\u2018\u00d8\u00a9 \u00d8\u00a7\u00d9\u201e\u00d8\u00b9\u00d8\u00a7\u00d9\u201e\u00d9\u0160\u00d8\u00a9 \u00d8\u00a7\u00d9\u201e\u00d8\u00aa\u00d8\u00ba\u00d8\u00b7\u00d9\u0160\u00d8\u00a9.<br \/>\n\u00e2\u20ac\u00a2 \u00d9\u2026\u00d8\u00b8\u00d9\u2021\u00d8\u00b1 \u00d9\u0081\u00d9\u02c6\u00d8\u00b1\u00d9\u0160 \u00d8\u00ac\u00d8\u00a7\u00d9\u0081 \u00d9\u0160\u00d8\u00b9\u00d8\u00b2\u00d9\u2018\u00d8\u00b2 \u00d8\u00ac\u00d9\u2026\u00d8\u00a7\u00d9\u201e \u00d8\u00a7\u00d9\u201e\u00d8\u00a8\u00d8\u00b4\u00d8\u00b1\u00d8\u00a9 \u00d8\u00a8\u00d9\u0081\u00d8\u00b6\u00d9\u201e \u00d8\u00a7\u00d9\u201e\u00d8\u00b3\u00d9\u0160\u00d9\u201e\u00d9\u0160\u00d9\u0192\u00d8\u00a7.<br \/>\n\u00e2\u20ac\u00a2 \u00d9\u201a\u00d8\u00af\u00d8\u00b1\u00d8\u00a9 \u00d8\u00b9\u00d9\u201e\u00d9\u2030 \u00d8\u00a7\u00d9\u201e\u00d8\u00a7\u00d9\u2026\u00d8\u00aa\u00d8\u00b5\u00d8\u00a7\u00d8\u00b5 \u00d9\u02c6\u00d8\u00a7\u00d9\u201e\u00d8\u00ac\u00d9\u0081\u00d8\u00a7\u00d9\u0081 \u00d9\u02c6\u00d9\u2026\u00d9\u201e\u00d9\u2026\u00d8\u00b3 \u00d9\u2020\u00d9\u2021\u00d8\u00a7\u00d8\u00a6\u00d9\u0160 \u00d9\u2026\u00d9\u2020 \u00d8\u00a8\u00d9\u02c6\u00d8\u00af\u00d8\u00b1\u00d8\u00a9 \u00d8\u00a8\u00d9\u0081\u00d8\u00b6\u00d9\u201e \u00d9\u2020\u00d8\u00b4\u00d8\u00a7\u00d8\u00a1 \u00d8\u00a7\u00d9\u201e\u00d8\u00b0\u00d8\u00b1\u00d8\u00a9.<br \/>\n\u00d8\u00b7\u00d8\u00b1\u00d9\u0160\u00d9\u201a\u00d8\u00a9 \u00d8\u00a7\u00d9\u201e\u00d8\u00a7\u00d8\u00b3\u00d8\u00aa\u00d8\u00ae\u00d8\u00af\u00d8\u00a7\u00d9\u2026:<br \/>\n\u00d8\u00b6\u00d8\u00b9\u00d9\u0160 \u00d8\u00a7\u00d9\u201e\u00d9\u0192\u00d8\u00b1\u00d9\u0160\u00d9\u2026 \u00d8\u00a7\u00d9\u201e\u00d9\u2026\u00d9\u201e\u00d9\u2018\u00d9\u02c6\u00d9\u2020 \u00d9\u201e\u00d8\u00ad\u00d9\u2026\u00d8\u00a7\u00d9\u0160\u00d8\u00a9 \u00d8\u00a7\u00d9\u201e\u00d8\u00a8\u00d8\u00b4\u00d8\u00b1\u00d8\u00a9 \u00d9\u201a\u00d8\u00a8\u00d9\u201e \u00d8\u00a7\u00d9\u201e\u00d8\u00aa\u00d8\u00b9\u00d8\u00b1\u00d9\u2018\u00d8\u00b6 \u00d9\u201e\u00d8\u00a3\u00d8\u00b4\u00d8\u00b9\u00d9\u2018\u00d8\u00a9 \u00d8\u00a7\u00d9\u201e\u00d8\u00b4\u00d9\u2026\u00d8\u00b3. \u00d8\u00b6\u00d8\u00b9\u00d9\u0160\u00d9\u2021 \u00d9\u2026\u00d8\u00b1\u00d8\u00a7\u00d8\u00b1\u00d9\u2039\u00d8\u00a7 \u00d9\u02c6\u00d8\u00aa\u00d9\u0192\u00d8\u00b1\u00d8\u00a7\u00d8\u00b1\u00d9\u2039\u00d8\u00a7 \u00d9\u02c6\u00d8\u00a8\u00d9\u0192\u00d9\u2026\u00d9\u0160\u00d8\u00a9 \u00d9\u02c6\u00d8\u00a7\u00d9\u0081\u00d8\u00b1\u00d8\u00a9 \u00d9\u201e\u00d8\u00aa\u00d8\u00a3\u00d9\u2026\u00d9\u0160\u00d9\u2020 \u00d8\u00ad\u00d9\u2026\u00d8\u00a7\u00d9\u0160\u00d8\u00a9 \u00d9\u2026\u00d8\u00aa\u00d9\u02c6\u00d8\u00a7\u00d8\u00b5\u00d9\u201e\u00d8\u00a9 \u00d8\u00ae\u00d8\u00a7\u00d8\u00b5\u00d9\u2018\u00d8\u00a9\u00d9\u2039 \u00d8\u00a8\u00d8\u00b9\u00d8\u00af \u00d8\u00a7\u00d9\u201e\u00d8\u00b3\u00d8\u00a8\u00d8\u00a7\u00d8\u00ad\u00d8\u00a9 \u00d9\u02c6\u00d8\u00a7\u00d9\u201e\u00d8\u00aa\u00d8\u00b9\u00d8\u00b1\u00d9\u2018\u00d9\u201a \u00d9\u02c6\u00d8\u00a7\u00d9\u201e\u00d8\u00aa\u00d9\u2020\u00d8\u00b4\u00d9\u0160\u00d9\u0081 \u00d8\u00a8\u00d9\u2026\u00d9\u2020\u00d8\u00b4\u00d9\u0081\u00d8\u00a9.<\/p>\n","protected":false},"excerpt":{"rendered":"<p>High UV protection SPF50 and ideal tan revealer. Combats premature aging and the damaging effects caused by UV rays using the Mexoryl\u00c2\u00ae, a UVA and UVB filtering system. Skin is effectively protected, it reveals an ideal skin immediately and day after day. Very High tinted UV protection from sun exposure. Matte\/ dry touch finish. UVA&#8230;<\/p>\n","protected":false},"featured_media":1358,"comment_status":"closed","ping_status":"open","template":"","meta":{"rs_blank_template":"","rs_page_bg_color":"","slide_template_v7":"","_bst_post_transparent":"","_bst_post_title":"","_bst_post_layout":"","_bst_post_sidebar_id":"","_bst_post_content_style":"","_bst_post_vertical_padding":"","_bst_post_feature":"","_bst_post_feature_position":"","_bst_post_header":false,"_bst_post_footer":false},"product_brand":[],"product_cat":[15],"product_tag":[],"product_brands":[],"class_list":{"0":"post-1469","1":"product","2":"type-product","3":"status-publish","4":"has-post-thumbnail","6":"product_cat-uncategorized","8":"first","9":"instock","10":"purchasable","11":"product-type-simple","12":"entry","13":"content-bg","14":"loop-entry"},"_links":{"self":[{"href":"https:\/\/nawarpharmacy.com\/de\/wp-json\/wp\/v2\/product\/1469","targetHints":{"allow":["GET"]}}],"collection":[{"href":"https:\/\/nawarpharmacy.com\/de\/wp-json\/wp\/v2\/product"}],"about":[{"href":"https:\/\/nawarpharmacy.com\/de\/wp-json\/wp\/v2\/types\/product"}],"replies":[{"embeddable":true,"href":"https:\/\/nawarpharmacy.com\/de\/wp-json\/wp\/v2\/comments?post=1469"}],"wp:featuredmedia":[{"embeddable":true,"href":"https:\/\/nawarpharmacy.com\/de\/wp-json\/wp\/v2\/media\/1358"}],"wp:attachment":[{"href":"https:\/\/nawarpharmacy.com\/de\/wp-json\/wp\/v2\/media?parent=1469"}],"wp:term":[{"taxonomy":"product_brand","embeddable":true,"href":"https:\/\/nawarpharmacy.com\/de\/wp-json\/wp\/v2\/product_brand?post=1469"},{"taxonomy":"product_cat","embeddable":true,"href":"https:\/\/nawarpharmacy.com\/de\/wp-json\/wp\/v2\/product_cat?post=1469"},{"taxonomy":"product_tag","embeddable":true,"href":"https:\/\/nawarpharmacy.com\/de\/wp-json\/wp\/v2\/product_tag?post=1469"},{"taxonomy":"product_brands","embeddable":true,"href":"https:\/\/nawarpharmacy.com\/de\/wp-json\/wp\/v2\/product_brands?post=1469"}],"curies":[{"name":"wp","href":"https:\/\/api.w.org\/{rel}","templated":true}]}}