{"id":1360,"date":"2025-07-21T23:58:42","date_gmt":"2025-07-21T23:58:42","guid":{"rendered":"https:\/\/nawarpharmacy.com\/product\/vichy-liftactiv-hyaluronic-acid-anti-wrinkle-firming-eye-cream-15ml\/"},"modified":"2025-07-21T23:58:51","modified_gmt":"2025-07-21T23:58:51","slug":"vichy-liftactiv-hyaluronic-acid-anti-wrinkle-firming-eye-cream-15ml","status":"publish","type":"product","link":"https:\/\/nawarpharmacy.com\/de\/produkt\/vichy-liftactiv-hyaluronic-acid-anti-wrinkle-firming-eye-cream-15ml\/","title":{"rendered":"Vichy Liftactiv Hyaluronic Acid Anti-Wrinkle Firming Eye Cream &#8211; 15ml"},"content":{"rendered":"<p>Vichy Liftactiv Supreme Eyes has had an upgrade. Discover the improved look and formula of Liftactiv H.A. Anti-Wrinkle Firming Eye Cream, designed to target wrinkles, dark circles and under-eye bags. Reduce crow\u00e2\u20ac\u2122s feet and firm eyelids.<br \/>\nImproved formula with three additional actives: Hyaluronic Acid, Vitamin Cg, and Probiotic derived fractions. Combined with Rhamnose, Caffeine and Vichy Mineralising Water. Achieve radiant, smoother, and firmer eye area.<br \/>\nProven to help promote surface cell renewal of the delicate skin, and combat signs of aging, including noticeably reducing the appearance of dark circles and puffiness, for brighter and refreshed eyes.<br \/>\nHow to use:<br \/>\n1. Cleanse and tone the skin. Pat dry.<br \/>\n2. Apply corrective serum and light daily moisturizer to face and neck<br \/>\n3. Apply Liftactiv Supreme Eyes in gentle smoothing action<br \/>\nIngredients:<br \/>\nAqua \/ water \u00e2\u2014\u008f dimethicone \u00e2\u2014\u008f hydrogenated polyisobutene \u00e2\u2014\u008f glycerin \u00e2\u2014\u008f rhamnose \u00e2\u2014\u008f cetyl alcohol \u00e2\u2014\u008f glyceryl stearate \u00e2\u2014\u008f zea mays starch \/ corn starch \u00e2\u2014\u008f peg-40 stearate \u00e2\u2014\u008f cera alba \/ beeswax \u00e2\u2014\u008f pentylene glycol \u00e2\u2014\u008f adenosine \u00e2\u2014\u008f caffeine \u00e2\u2014\u008f hydrolyzed hyaluronic acid \u00e2\u2014\u008f hydroxyacetophenone \u00e2\u2014\u008f lauroyl lysine \u00e2\u2014\u008f sodium hyaluronate \u00e2\u2014\u008f triethanolamine \u00e2\u2014\u008f vitreoscilla ferment \u00e2\u2014\u008f ascorbyl glucoside \u00e2\u2014\u008f panthenol \u00e2\u2014\u008f tocopherol \u00e2\u2014\u008f dipotassium glycyrrhizate \u00e2\u2014\u008f ammonium polyacryloyldimethyl taurate \u00e2\u2014\u008f caprylyl glycol \u00e2\u2014\u008f citric acid \u00e2\u2014\u008f myristic acid \u00e2\u2014\u008f palmitic acid \u00e2\u2014\u008f poloxamer 338 \u00e2\u2014\u008f sorbitan tristearate \u00e2\u2014\u008f stearic acid \u00e2\u2014\u008f<br \/>\n\u00d9\u0160\u00d8\u00b5\u00d8\u00ad\u00d8\u00ad \u00d9\u2026\u00d8\u00b8\u00d9\u2021\u00d8\u00b1 \u00d8\u00a7\u00d9\u201e\u00d8\u00aa\u00d8\u00ac\u00d8\u00a7\u00d8\u00b9\u00d9\u0160\u00d8\u00af \u00d9\u02c6 \u00d9\u0160\u00d8\u00b4\u00d8\u00af \u00d8\u00a7\u00d9\u201e\u00d8\u00ac\u00d9\u0081\u00d9\u02c6\u00d9\u2020 \u00d9\u02c6 \u00d9\u0160\u00d8\u00ae\u00d9\u0081\u00d9\u0081 \u00d9\u2026\u00d9\u2020 \u00d8\u00a7\u00d9\u201e\u00d8\u00ac\u00d9\u0160\u00d9\u02c6\u00d8\u00a8 \u00d9\u02c6 \u00d8\u00a7\u00d9\u201e\u00d9\u2021\u00d8\u00a7\u00d9\u201e\u00d8\u00a7\u00d8\u00aa \u00d8\u00a7\u00d9\u201e\u00d8\u00b3\u00d9\u02c6\u00d8\u00af\u00d8\u00a7\u00d8\u00a1 \u00d8\u00aa\u00d8\u00ad\u00d8\u00aa \u00d8\u00a7\u00d9\u201e\u00d8\u00b9\u00d9\u0160\u00d9\u2020.<br \/>\n\u00d9\u201e\u00d8\u00ac\u00d9\u2026\u00d9\u0160\u00d8\u00b9 \u00d8\u00a7\u00d9\u201e\u00d9\u2020\u00d8\u00b3\u00d8\u00a7\u00d8\u00a1 \u00d8\u00a7\u00d9\u201e\u00d8\u00aa\u00d9\u0160 \u00d8\u00aa\u00d8\u00a8\u00d8\u00ad\u00d8\u00ab\u00d9\u2020 \u00d8\u00b9\u00d9\u2020 \u00d8\u00b9\u00d9\u2020\u00d8\u00a7\u00d9\u0160\u00d8\u00a9 \u00d9\u2026\u00d8\u00aa\u00d9\u0192\u00d8\u00a7\u00d9\u2026\u00d9\u201e\u00d8\u00a9 \u00d9\u201e\u00d9\u2026\u00d9\u2020\u00d8\u00b7\u00d9\u201a\u00d8\u00a9 \u00d9\u2026\u00d8\u00ad\u00d9\u0160\u00d8\u00b7 \u00d8\u00a7\u00d9\u201e\u00d8\u00b9\u00d9\u0160\u00d9\u2020\u00d9\u0160\u00d9\u2020 \u00d8\u00ad\u00d8\u00aa\u00d9\u2030 \u00d8\u00a7\u00d9\u201e\u00d8\u00ad\u00d8\u00b3\u00d8\u00a7\u00d8\u00b3\u00d8\u00a9 \u00d9\u2026\u00d9\u2020\u00d9\u2021\u00d8\u00a7: \u00d8\u00a7\u00d9\u201e\u00d8\u00aa\u00d8\u00ac\u00d8\u00a7\u00d8\u00b9\u00d9\u0160\u00d8\u00af \u00d9\u02c6\u00d8\u00a7\u00d9\u201e\u00d8\u00ac\u00d9\u0081\u00d9\u02c6\u00d9\u2020 \u00d9\u02c6\u00d8\u00a7\u00d9\u201e\u00d9\u2021\u00d8\u00a7\u00d9\u201e\u00d8\u00a7\u00d8\u00aa \u00d8\u00a7\u00d9\u201e\u00d8\u00b3\u00d9\u02c6\u00d8\u00af\u00d8\u00a7\u00d8\u00a1 \u00d9\u02c6\u00d8\u00a7\u00d9\u201e\u00d8\u00a3\u00d9\u0192\u00d9\u0160\u00d8\u00a7\u00d8\u00b3 \u00d8\u00a7\u00d9\u201e\u00d9\u2026\u00d9\u2020\u00d8\u00aa\u00d9\u0081\u00d8\u00ae\u00d8\u00a9 \u00d8\u00aa\u00d8\u00ad\u00d8\u00aa \u00d8\u00a7\u00d9\u201e\u00d8\u00b9\u00d9\u0160\u00d9\u2020\u00d9\u0160\u00d9\u2020. \u00d9\u2026\u00d9\u2020\u00d8\u00a7\u00d8\u00b3\u00d8\u00a8 \u00d9\u201e\u00d9\u201e\u00d8\u00b9\u00d9\u0160\u00d9\u02c6\u00d9\u2020 \u00d8\u00a7\u00d9\u201e\u00d8\u00ad\u00d8\u00b3\u00d8\u00a7\u00d8\u00b3\u00d8\u00a9..<br \/>\n\u00d8\u00aa\u00d8\u00b1\u00d9\u0192\u00d9\u0160\u00d8\u00a8\u00d8\u00aa\u00d9\u2021 \u00d9\u2026\u00d8\u00b5\u00d9\u2026\u00d9\u2026\u00d8\u00a9 \u00d9\u201e\u00d8\u00aa\u00d9\u0081\u00d8\u00a7\u00d8\u00af\u00d9\u0160 \u00d8\u00a7\u00d9\u201e\u00d8\u00ad\u00d8\u00b3\u00d8\u00a7\u00d8\u00b3\u00d9\u0160\u00d8\u00a9. \u00d8\u00ba\u00d9\u0160\u00d8\u00b1 \u00d9\u2026\u00d8\u00b9\u00d8\u00b7\u00d8\u00b1. \u00d8\u00a7\u00d8\u00ae\u00d8\u00aa\u00d8\u00a8\u00d8\u00b1\u00d8\u00aa \u00d8\u00b9\u00d9\u201e\u00d9\u2030 \u00d8\u00a7\u00d9\u201e\u00d8\u00a8\u00d8\u00b4\u00d8\u00b1\u00d8\u00a9 \u00d8\u00a7\u00d9\u201e\u00d8\u00ad\u00d8\u00b3\u00d8\u00a7\u00d8\u00b3\u00d8\u00a9 \u00d8\u00aa\u00d8\u00ad\u00d8\u00aa \u00d8\u00b1\u00d8\u00b9\u00d8\u00a7\u00d9\u0160\u00d8\u00a9 \u00d8\u00a3\u00d8\u00b7\u00d8\u00a8\u00d8\u00a7\u00d8\u00a1 \u00d8\u00a7\u00d9\u201e\u00d8\u00ac\u00d9\u201e\u00d8\u00af \u00d9\u02c6 \u00d8\u00a7\u00d9\u201e\u00d8\u00b9\u00d9\u0160\u00d9\u2020\u00d9\u0160\u00d9\u2020.<br \/>\n\u00d9\u0081\u00d8\u00b9\u00d8\u00a7\u00d9\u201e\u00d9\u0160\u00d8\u00a9 \u00d8\u00aa\u00d9\u2026 \u00d9\u201a\u00d9\u0160\u00d8\u00a7\u00d8\u00b3\u00d9\u2021\u00d8\u00a7 \u00d8\u00b9\u00d9\u201e\u00d9\u2030 \u00d9\u2026\u00d8\u00af\u00d8\u00a7\u00d8\u00b1 360\u00c2\u00b0 \u00d8\u00af\u00d8\u00b1\u00d8\u00ac\u00d8\u00a9 \u00d9\u201e\u00d9\u2020\u00d8\u00b6\u00d8\u00a7\u00d8\u00b1\u00d8\u00a9 \u00d8\u00a3\u00d9\u0192\u00d8\u00ab\u00d8\u00b1: \u00d9\u0160\u00d8\u00ae\u00d9\u0081\u00d9\u0081 \u00d9\u2026\u00d8\u00b8\u00d9\u2021\u00d8\u00b1 \u00d8\u00a7\u00d9\u201e\u00d8\u00aa\u00d8\u00ac\u00d8\u00a7\u00d8\u00b9\u00d9\u0160\u00d8\u00af \u00d9\u02c6\u00d9\u0160\u00d8\u00b4\u00d8\u00af\u00d9\u2018 \u00d8\u00a7\u00d9\u201e\u00d8\u00ac\u00d9\u0081\u00d9\u02c6\u00d9\u2020 \u00d9\u02c6\u00d9\u0160\u00d8\u00ae\u00d9\u0081\u00d9\u0081 \u00d9\u2026\u00d8\u00b8\u00d9\u2021\u00d8\u00b1 \u00d8\u00a7\u00d9\u201e\u00d8\u00ac\u00d9\u0160\u00d9\u02c6\u00d8\u00a8 \u00d8\u00a7\u00d9\u201e\u00d9\u2026\u00d9\u2020\u00d8\u00aa\u00d9\u0081\u00d8\u00ae\u00d8\u00a9 \u00d8\u00aa\u00d8\u00ad\u00d8\u00aa \u00d8\u00a7\u00d9\u201e\u00d8\u00b9\u00d9\u0160\u00d9\u02c6\u00d9\u2020 \u00d9\u02c6\u00d8\u00a7\u00d9\u201e\u00d9\u2021\u00d8\u00a7\u00d9\u201e\u00d8\u00a7\u00d8\u00aa \u00d8\u00a7\u00d9\u201e\u00d8\u00b3\u00d9\u02c6\u00d8\u00af\u00d8\u00a7\u00d8\u00a1.<br \/>\n\u00d8\u00aa\u00d8\u00b1\u00d9\u0192\u00d9\u0160\u00d8\u00a8\u00d8\u00a9 \u00d9\u2026\u00d8\u00ad\u00d8\u00b3\u00d9\u2020\u00d8\u00a9 \u00d8\u00a8\u00d8\u00ab\u00d9\u201e\u00d8\u00a7\u00d8\u00ab\u00d8\u00a9 \u00d8\u00b9\u00d9\u2020\u00d8\u00a7\u00d8\u00b5\u00d8\u00b1 \u00d8\u00a5\u00d8\u00b6\u00d8\u00a7\u00d9\u0081\u00d9\u0160\u00d8\u00a9: \u00d8\u00ad\u00d9\u2026\u00d8\u00b6 \u00d8\u00a7\u00d9\u201e\u00d9\u2021\u00d9\u0160\u00d8\u00a7\u00d9\u201e\u00d9\u02c6\u00d8\u00b1\u00d9\u02c6\u00d9\u2020\u00d9\u0160\u00d9\u0192\u00d8\u0152 \u00d9\u02c6\u00d9\u0081\u00d9\u0160\u00d8\u00aa\u00d8\u00a7\u00d9\u2026\u00d9\u0160\u00d9\u2020 Cg\u00d8\u0152 \u00d9\u02c6\u00d8\u00a7\u00d9\u201e\u00d8\u00a3\u00d8\u00ac\u00d8\u00b2\u00d8\u00a7\u00d8\u00a1 \u00d8\u00a7\u00d9\u201e\u00d9\u2026\u00d8\u00b4\u00d8\u00aa\u00d9\u201a\u00d8\u00a9 \u00d9\u2026\u00d9\u2020 \u00d8\u00a7\u00d9\u201e\u00d8\u00a8\u00d8\u00b1\u00d9\u02c6\u00d8\u00a8\u00d9\u0160\u00d9\u02c6\u00d8\u00aa\u00d9\u0160\u00d9\u0192. \u00d9\u2026\u00d9\u2026\u00d8\u00b2\u00d9\u02c6\u00d8\u00ac \u00d8\u00a8\u00d8\u00a7\u00d9\u201e\u00d8\u00b1\u00d8\u00a7\u00d9\u2026\u00d9\u2020\u00d9\u02c6\u00d8\u00b2 \u00d9\u02c6\u00d8\u00a7\u00d9\u201e\u00d9\u0192\u00d8\u00a7\u00d9\u0081\u00d9\u0160\u00d9\u0160\u00d9\u2020 \u00d9\u02c6\u00d9\u2026\u00d9\u0160\u00d8\u00a7\u00d9\u2021 \u00d9\u0081\u00d9\u0160\u00d8\u00b4\u00d9\u0160 \u00d8\u00a7\u00d9\u201e\u00d9\u2026\u00d8\u00b9\u00d8\u00af\u00d9\u2020\u00d9\u0160\u00d8\u00a9. \u00d8\u00a7\u00d8\u00ad\u00d8\u00b5\u00d9\u201e\u00d9\u0160 \u00d8\u00b9\u00d9\u201e\u00d9\u2030 \u00d9\u2026\u00d9\u2020\u00d8\u00b7\u00d9\u201a\u00d8\u00a9 \u00d8\u00b9\u00d9\u0160\u00d9\u2020 \u00d9\u2026\u00d8\u00b4\u00d8\u00b1\u00d9\u201a\u00d8\u00a9 \u00d9\u02c6\u00d8\u00a3\u00d9\u0192\u00d8\u00ab\u00d8\u00b1 \u00d9\u2020\u00d8\u00b9\u00d9\u02c6\u00d9\u2026\u00d8\u00a9 \u00d9\u02c6\u00d8\u00ab\u00d8\u00a8\u00d8\u00a7\u00d8\u00aa\u00d9\u2039\u00d8\u00a7.<br \/>\n\u00d8\u00ab\u00d8\u00a8\u00d8\u00aa \u00d8\u00a3\u00d9\u2020\u00d9\u2021 \u00d9\u0160\u00d8\u00b3\u00d8\u00a7\u00d8\u00b9\u00d8\u00af \u00d8\u00b9\u00d9\u201e\u00d9\u2030 \u00d8\u00aa\u00d8\u00b9\u00d8\u00b2\u00d9\u0160\u00d8\u00b2 \u00d8\u00aa\u00d8\u00ac\u00d8\u00af\u00d9\u0160\u00d8\u00af \u00d8\u00a7\u00d9\u201e\u00d8\u00ae\u00d9\u201e\u00d8\u00a7\u00d9\u0160\u00d8\u00a7 \u00d8\u00a7\u00d9\u201e\u00d8\u00b3\u00d8\u00b7\u00d8\u00ad\u00d9\u0160\u00d8\u00a9 \u00d9\u201e\u00d9\u201e\u00d8\u00a8\u00d8\u00b4\u00d8\u00b1\u00d8\u00a9 \u00d8\u00a7\u00d9\u201e\u00d8\u00ad\u00d8\u00b3\u00d8\u00a7\u00d8\u00b3\u00d8\u00a9\u00d8\u0152 \u00d9\u02c6\u00d9\u2026\u00d9\u0192\u00d8\u00a7\u00d9\u0081\u00d8\u00ad\u00d8\u00a9 \u00d8\u00b9\u00d9\u201e\u00d8\u00a7\u00d9\u2026\u00d8\u00a7\u00d8\u00aa \u00d8\u00a7\u00d9\u201e\u00d8\u00b4\u00d9\u0160\u00d8\u00ae\u00d9\u02c6\u00d8\u00ae\u00d8\u00a9\u00d8\u0152 \u00d8\u00a8\u00d9\u2026\u00d8\u00a7 \u00d9\u0081\u00d9\u0160 \u00d8\u00b0\u00d9\u201e\u00d9\u0192 \u00d8\u00aa\u00d9\u201a\u00d9\u201e\u00d9\u0160\u00d9\u201e \u00d8\u00b8\u00d9\u2021\u00d9\u02c6\u00d8\u00b1 \u00d8\u00a7\u00d9\u201e\u00d9\u2021\u00d8\u00a7\u00d9\u201e\u00d8\u00a7\u00d8\u00aa \u00d8\u00a7\u00d9\u201e\u00d8\u00b3\u00d9\u02c6\u00d8\u00af\u00d8\u00a7\u00d8\u00a1 \u00d9\u02c6\u00d8\u00a7\u00d9\u201e\u00d8\u00a7\u00d9\u2020\u00d8\u00aa\u00d9\u0081\u00d8\u00a7\u00d8\u00ae \u00d8\u00a8\u00d8\u00b4\u00d9\u0192\u00d9\u201e \u00d9\u2026\u00d9\u201e\u00d8\u00ad\u00d9\u02c6\u00d8\u00b8\u00d8\u0152 \u00d9\u201e\u00d9\u201e\u00d8\u00ad\u00d8\u00b5\u00d9\u02c6\u00d9\u201e \u00d8\u00b9\u00d9\u201e\u00d9\u2030 \u00d8\u00b9\u00d9\u0160\u00d9\u02c6\u00d9\u2020 \u00d8\u00a3\u00d9\u0192\u00d8\u00ab\u00d8\u00b1 \u00d8\u00a5\u00d8\u00b4\u00d8\u00b1\u00d8\u00a7\u00d9\u201a\u00d9\u2039\u00d8\u00a7 \u00d9\u02c6\u00d8\u00a7\u00d9\u2020\u00d8\u00aa\u00d8\u00b9\u00d8\u00a7\u00d8\u00b4\u00d9\u2039\u00d8\u00a7.<br \/>\n\u00d8\u00b7\u00d8\u00b1\u00d9\u0160\u00d9\u201a\u00d8\u00a9 \u00d8\u00a7\u00d9\u201e\u00d8\u00a7\u00d8\u00b3\u00d8\u00aa\u00d8\u00ae\u00d8\u00af\u00d8\u00a7\u00d9\u2026:<br \/>\n\u00d9\u0160\u00d8\u00ac\u00d8\u00a8 \u00d8\u00aa\u00d8\u00b7\u00d8\u00a8\u00d9\u0160\u00d9\u201a\u00d9\u2021 \u00d8\u00b5\u00d8\u00a8\u00d8\u00a7\u00d8\u00ad\u00d8\u00a7 \u00d9\u02c6 \u00d9\u2026\u00d8\u00b3\u00d8\u00a7\u00d8\u00a1\u00d8\u00a7 \u00d8\u00a8\u00d9\u201e\u00d9\u2026\u00d8\u00b3\u00d8\u00a7\u00d8\u00aa \u00d8\u00ae\u00d9\u0081\u00d9\u0160\u00d9\u0081\u00d8\u00a9 \u00d9\u201e\u00d9\u201e\u00d9\u2026\u00d9\u2020\u00d8\u00b7\u00d9\u201a\u00d8\u00a9 \u00d8\u00a7\u00d9\u201e\u00d9\u2026\u00d8\u00ad\u00d9\u0160\u00d8\u00b7\u00d8\u00a9 \u00d8\u00a8\u00d8\u00a7\u00d9\u201e\u00d8\u00b9\u00d9\u0160\u00d9\u2020\u00d9\u0160\u00d9\u2020 (\u00d8\u00a8\u00d8\u00af\u00d8\u00a1\u00d8\u00a7\u00d9\u2039 \u00d9\u2026\u00d9\u2020 \u00d8\u00a7\u00d9\u201e\u00d9\u2021\u00d8\u00a7\u00d9\u201e\u00d8\u00a7\u00d8\u00aa \u00d8\u00a7\u00d9\u201e\u00d8\u00b3\u00d9\u02c6\u00d8\u00af\u00d8\u00a7\u00d8\u00a1 \u00d9\u02c6\u00d8\u00a7\u00d9\u201e\u00d8\u00ac\u00d9\u0081\u00d9\u2020 \u00d9\u02c6\u00d8\u00aa\u00d8\u00ad\u00d8\u00aa \u00d8\u00a7\u00d9\u201e\u00d8\u00ad\u00d8\u00a7\u00d8\u00ac\u00d8\u00a8 \u00d9\u02c6\u00d8\u00a7\u00d9\u201e\u00d8\u00aa\u00d8\u00ac\u00d8\u00a7\u00d8\u00b9\u00d9\u0160\u00d8\u00af \u00d8\u00a7\u00d9\u201e\u00d9\u2026\u00d8\u00ad\u00d9\u0160\u00d8\u00b7\u00d8\u00a9 \u00d8\u00a8\u00d8\u00a7\u00d9\u201e\u00d8\u00b9\u00d9\u0160\u00d9\u2020). \u00d9\u0160\u00d9\u02c6\u00d8\u00b2\u00d9\u2018\u00d8\u00b9 \u00d8\u00a7\u00d9\u201e\u00d9\u0192\u00d8\u00b1\u00d9\u0160\u00d9\u2026 \u00d8\u00b9\u00d9\u201e\u00d9\u2030 \u00d8\u00a7\u00d9\u201e\u00d8\u00a8\u00d8\u00b4\u00d8\u00b1\u00d8\u00a9 (\u00d9\u2026\u00d9\u2020 \u00d8\u00af\u00d9\u02c6\u00d9\u2020 \u00d8\u00a7\u00d9\u201e\u00d8\u00b6\u00d8\u00ba\u00d8\u00b7 \u00d8\u00b9\u00d9\u201e\u00d9\u0160\u00d9\u2021\u00d8\u00a7) \u00d8\u00a8\u00d8\u00af\u00d8\u00a1\u00d8\u00a7\u00d9\u2039 \u00d9\u2026\u00d9\u2020 \u00d9\u2026\u00d9\u2020\u00d8\u00b7\u00d9\u201a\u00d8\u00a9 \u00d8\u00a7\u00d9\u201e\u00d8\u00b9\u00d9\u0160\u00d9\u2020 \u00d8\u00a7\u00d9\u201e\u00d8\u00af\u00d8\u00a7\u00d8\u00ae\u00d9\u201e\u00d9\u0160\u00d8\u00a9 \u00d9\u02c6\u00d9\u2020\u00d8\u00ad\u00d9\u02c6 \u00d8\u00a7\u00d9\u201e\u00d8\u00ae\u00d8\u00a7\u00d8\u00b1\u00d8\u00ac\u00d8\u0152 \u00d9\u2026\u00d9\u2020 \u00d8\u00ae\u00d9\u201e\u00d8\u00a7\u00d9\u201e \u00d8\u00a7\u00d9\u201e\u00d8\u00aa\u00d8\u00b1\u00d8\u00a8\u00d9\u0160\u00d8\u00aa \u00d8\u00a8\u00d8\u00ae\u00d9\u0081\u00d9\u2018\u00d8\u00a9 \u00d8\u00b9\u00d9\u201e\u00d9\u2030 \u00d8\u00a3\u00d9\u2020 \u00d9\u0160\u00d9\u2020\u00d8\u00aa\u00d9\u2021\u00d9\u0160 \u00d8\u00aa\u00d8\u00b7\u00d8\u00a8\u00d9\u0160\u00d9\u201a \u00d8\u00a7\u00d9\u201e\u00d9\u0192\u00d8\u00b1\u00d9\u0160\u00d9\u2026 \u00d8\u00b9\u00d9\u2020\u00d8\u00af \u00d8\u00a7\u00d9\u201e\u00d8\u00aa\u00d8\u00ac\u00d8\u00a7\u00d8\u00b9\u00d9\u0160\u00d8\u00af \u00d8\u00a7\u00d9\u201e\u00d9\u2026\u00d8\u00ad\u00d9\u0160\u00d8\u00b7\u00d8\u00a9 \u00d8\u00a8\u00d8\u00a7\u00d9\u201e\u00d8\u00b9\u00d9\u0160\u00d9\u2020. \u00d9\u0160\u00d9\u2026\u00d9\u0192\u00d9\u2020 \u00d8\u00a3\u00d9\u2020 \u00d9\u0160\u00d9\u2026\u00d8\u00aa\u00d8\u00af \u00d8\u00aa\u00d8\u00b7\u00d8\u00a8\u00d9\u0160\u00d9\u201a \u00d9\u201e\u00d9\u0160\u00d9\u0081\u00d8\u00aa \u00d8\u00a3\u00d9\u0192\u00d8\u00aa\u00d9\u0160\u00d9\u0081 \u00d8\u00a5\u00d9\u201e\u00d9\u2030 \u00d8\u00ad\u00d8\u00af\u00d9\u02c6\u00d8\u00af \u00d8\u00a7\u00d9\u201e\u00d8\u00b1\u00d9\u2026\u00d9\u02c6\u00d8\u00b4.<\/p>\n","protected":false},"excerpt":{"rendered":"<p>Vichy Liftactiv Supreme Eyes has had an upgrade. Discover the improved look and formula of Liftactiv H.A. Anti-Wrinkle Firming Eye Cream, designed to target wrinkles, dark circles and under-eye bags. Reduce crow\u00e2\u20ac\u2122s feet and firm eyelids. Improved formula with three additional actives: Hyaluronic Acid, Vitamin Cg, and Probiotic derived fractions. Combined with Rhamnose, Caffeine and&#8230;<\/p>\n","protected":false},"featured_media":1361,"comment_status":"closed","ping_status":"open","template":"","meta":{"rs_blank_template":"","rs_page_bg_color":"","slide_template_v7":"","_bst_post_transparent":"","_bst_post_title":"","_bst_post_layout":"","_bst_post_sidebar_id":"","_bst_post_content_style":"","_bst_post_vertical_padding":"","_bst_post_feature":"","_bst_post_feature_position":"","_bst_post_header":false,"_bst_post_footer":false},"product_brand":[],"product_cat":[15],"product_tag":[],"product_brands":[],"class_list":{"0":"post-1360","1":"product","2":"type-product","3":"status-publish","4":"has-post-thumbnail","6":"product_cat-uncategorized","8":"first","9":"instock","10":"purchasable","11":"product-type-simple","12":"entry","13":"content-bg","14":"loop-entry"},"_links":{"self":[{"href":"https:\/\/nawarpharmacy.com\/de\/wp-json\/wp\/v2\/product\/1360","targetHints":{"allow":["GET"]}}],"collection":[{"href":"https:\/\/nawarpharmacy.com\/de\/wp-json\/wp\/v2\/product"}],"about":[{"href":"https:\/\/nawarpharmacy.com\/de\/wp-json\/wp\/v2\/types\/product"}],"replies":[{"embeddable":true,"href":"https:\/\/nawarpharmacy.com\/de\/wp-json\/wp\/v2\/comments?post=1360"}],"wp:featuredmedia":[{"embeddable":true,"href":"https:\/\/nawarpharmacy.com\/de\/wp-json\/wp\/v2\/media\/1361"}],"wp:attachment":[{"href":"https:\/\/nawarpharmacy.com\/de\/wp-json\/wp\/v2\/media?parent=1360"}],"wp:term":[{"taxonomy":"product_brand","embeddable":true,"href":"https:\/\/nawarpharmacy.com\/de\/wp-json\/wp\/v2\/product_brand?post=1360"},{"taxonomy":"product_cat","embeddable":true,"href":"https:\/\/nawarpharmacy.com\/de\/wp-json\/wp\/v2\/product_cat?post=1360"},{"taxonomy":"product_tag","embeddable":true,"href":"https:\/\/nawarpharmacy.com\/de\/wp-json\/wp\/v2\/product_tag?post=1360"},{"taxonomy":"product_brands","embeddable":true,"href":"https:\/\/nawarpharmacy.com\/de\/wp-json\/wp\/v2\/product_brands?post=1360"}],"curies":[{"name":"wp","href":"https:\/\/api.w.org\/{rel}","templated":true}]}}