{"id":10713,"date":"2025-11-19T11:40:52","date_gmt":"2025-11-19T11:40:52","guid":{"rendered":"https:\/\/nawarpharmacy.com\/?post_type=product&#038;p=10713"},"modified":"2026-02-26T22:29:49","modified_gmt":"2026-02-26T22:29:49","slug":"picolax-oral-drops-15ml","status":"publish","type":"product","link":"https:\/\/nawarpharmacy.com\/de\/produkt\/picolax-oral-drops-15ml\/","title":{"rendered":"Picolax orale Tropfen 15 ml"},"content":{"rendered":"<div class=\"flex flex-col text-sm pb-25\">\n<article class=\"text-token-text-primary w-full focus:outline-none [--shadow-height:45px] has-data-writing-block:pointer-events-none has-data-writing-block:-mt-(--shadow-height) has-data-writing-block:pt-(--shadow-height) [&amp;:has([data-writing-block])&gt;*]:pointer-events-auto scroll-mt-[calc(var(--header-height)+min(200px,max(70px,20svh)))]\" dir=\"auto\" tabindex=\"-1\" data-turn-id=\"request-WEB:1fb551c8-723f-4635-af76-1761af7fc3f6-102\" data-testid=\"conversation-turn-206\" data-scroll-anchor=\"true\" data-turn=\"assistant\">\n<div class=\"text-base my-auto mx-auto pb-10 [--thread-content-margin:--spacing(4)] @w-sm\/main:[--thread-content-margin:--spacing(6)] @w-lg\/main:[--thread-content-margin:--spacing(16)] px-(--thread-content-margin)\">\n<div class=\"[--thread-content-max-width:40rem] @w-lg\/main:[--thread-content-max-width:48rem] mx-auto max-w-(--thread-content-max-width) flex-1 group\/turn-messages focus-visible:outline-hidden relative flex w-full min-w-0 flex-col agent-turn\" tabindex=\"-1\">\n<div class=\"flex max-w-full flex-col grow\">\n<div class=\"min-h-8 text-message relative flex w-full flex-col items-end gap-2 text-start break-words whitespace-normal [.text-message+&amp;]:mt-1\" dir=\"auto\" data-message-author-role=\"assistant\" data-message-id=\"cc7d3fa2-43bb-4d90-9468-3f00ef8c8c1d\" data-message-model-slug=\"gpt-5-2\">\n<div class=\"flex w-full flex-col gap-1 empty:hidden first:pt-[1px]\">\n<div class=\"markdown prose dark:prose-invert w-full wrap-break-word dark markdown-new-styling\">\n<p data-start=\"1287\" data-end=\"1320\"><strong data-start=\"1287\" data-end=\"1318\">Picolax orale Tropfen 15 ml<\/strong><\/p>\n<p data-start=\"1322\" data-end=\"1358\"><strong data-start=\"1322\" data-end=\"1336\">Wirkstoff:<\/strong><br data-start=\"1336\" data-end=\"1339\" \/>Natriumpicosulfat<\/p>\n<p data-start=\"1360\" data-end=\"1520\"><strong data-start=\"1360\" data-end=\"1377\">Indikationen:<\/strong><br data-start=\"1377\" data-end=\"1380\" \/>Anwendung als stimulierendes Laxans zur Linderung gelegentlicher Verstopfung.<br data-start=\"1457\" data-end=\"1460\" \/>F\u00f6rdert die Darmperistaltik und erleichtert den Stuhlgang.<\/p>\n<p data-start=\"1522\" data-end=\"1766\"><strong data-start=\"1522\" data-end=\"1536\">Dosierung:<\/strong><br data-start=\"1536\" data-end=\"1539\" \/><strong data-start=\"1539\" data-end=\"1554\">Erwachsene:<\/strong> 5\u201310 Tropfen einmal t\u00e4glich, \u00fcblicherweise abends vor dem Schlafengehen.<br data-start=\"1627\" data-end=\"1630\" \/><strong data-start=\"1630\" data-end=\"1641\">Kinder:<\/strong> Nur unter \u00e4rztlicher Aufsicht anwenden; die Dosis richtet sich nach Alter und K\u00f6rpergewicht.<br data-start=\"1734\" data-end=\"1737\" \/>Vor Gebrauch gut sch\u00fctteln.<\/p>\n<p data-start=\"1768\" data-end=\"1962\"><strong data-start=\"1768\" data-end=\"1791\">Kontraindikationen:<\/strong><br data-start=\"1791\" data-end=\"1794\" \/>\u00dcberempfindlichkeit gegen Natriumpicosulfat.<br data-start=\"1838\" data-end=\"1841\" \/>Darmverschluss, Ileus oder starke Bauchschmerzen unbekannter Ursache.<br data-start=\"1910\" data-end=\"1913\" \/>Nicht anwenden bei Verdacht auf akutes Abdomen.<\/p>\n<p data-start=\"1964\" data-end=\"2094\"><strong data-start=\"1964\" data-end=\"1983\">Nebenwirkungen:<\/strong><br data-start=\"1983\" data-end=\"1986\" \/>Bauchkr\u00e4mpfe oder -beschwerden<br data-start=\"2016\" data-end=\"2019\" \/>Durchfall<br data-start=\"2028\" data-end=\"2031\" \/>\u00dcbelkeit<br data-start=\"2039\" data-end=\"2042\" \/>Selten: Elektrolytst\u00f6rungen bei l\u00e4ngerer Anwendung<\/p>\n<p data-start=\"2096\" data-end=\"2324\"><strong data-start=\"2096\" data-end=\"2117\">Wechselwirkungen:<\/strong><br data-start=\"2117\" data-end=\"2120\" \/>Vorsicht bei gleichzeitiger Anwendung anderer Laxanzien, um eine \u00fcberm\u00e4\u00dfige Darmstimulation zu vermeiden.<br data-start=\"2225\" data-end=\"2228\" \/>Bei Durchfall kann die Resorption anderer oral eingenommener Arzneimittel beeintr\u00e4chtigt sein.<\/p>\n<p data-start=\"2326\" data-end=\"2461\" data-is-last-node=\"\" data-is-only-node=\"\"><strong data-start=\"2326\" data-end=\"2339\">Lagerung:<\/strong><br data-start=\"2339\" data-end=\"2342\" \/>Bei Raumtemperatur lagern, vor Licht sch\u00fctzen.<br data-start=\"2388\" data-end=\"2391\" \/>Die Flasche fest verschlossen und f\u00fcr Kinder unzug\u00e4nglich aufbewahren.<\/p>\n<\/div>\n<\/div>\n<\/div>\n<\/div>\n<div class=\"z-0 flex min-h-[46px] justify-start\"><\/div>\n<div class=\"mt-3 w-full empty:hidden\">\n<div class=\"text-center\"><\/div>\n<\/div>\n<\/div>\n<\/div>\n<\/article>\n<\/div>\n<div class=\"pointer-events-none h-px w-px absolute bottom-0\" aria-hidden=\"true\" data-edge=\"true\"><\/div>\n<div id=\"gtx-trans\" style=\"position: absolute; left: 173px; top: -17px;\">\n<div class=\"gtx-trans-icon\"><\/div>\n<\/div>\n","protected":false},"excerpt":{"rendered":"<p>Picolax orale Tropfen 15 ml Wirkstoff:Natriumpicosulfat Indikationen:Anwendung als stimulierendes Laxans zur Linderung gelegentlicher Verstopfung.F\u00f6rdert die Darmperistaltik und erleichtert den Stuhlgang. Dosierung:Erwachsene: 5\u201310 Tropfen einmal t\u00e4glich, \u00fcblicherweise abends vor dem Schlafengehen.Kinder: Nur unter \u00e4rztlicher Aufsicht anwenden; die Dosis richtet sich nach Alter und K\u00f6rpergewicht.Vor Gebrauch gut sch\u00fctteln. Kontraindikationen:\u00dcberempfindlichkeit gegen Natriumpicosulfat.Darmverschluss, Ileus oder starke Bauchschmerzen unbekannter Ursache.Nicht&#8230;<\/p>\n","protected":false},"featured_media":10712,"comment_status":"open","ping_status":"closed","template":"","meta":{"rs_blank_template":"","rs_page_bg_color":"","slide_template_v7":"","_bst_post_transparent":"default","_bst_post_title":"","_bst_post_layout":"default","_bst_post_sidebar_id":"","_bst_post_content_style":"default","_bst_post_vertical_padding":"default","_bst_post_feature":"","_bst_post_feature_position":"","_bst_post_header":false,"_bst_post_footer":false},"product_brand":[],"product_cat":[351,217,361],"product_tag":[],"product_brands":[],"class_list":{"0":"post-10713","1":"product","2":"type-product","3":"status-publish","4":"has-post-thumbnail","6":"product_cat-medical-forms","7":"product_cat-medicines","8":"product_cat-oral-drops","10":"first","11":"instock","12":"shipping-taxable","13":"purchasable","14":"product-type-simple","15":"entry","16":"content-bg","17":"loop-entry"},"_links":{"self":[{"href":"https:\/\/nawarpharmacy.com\/de\/wp-json\/wp\/v2\/product\/10713","targetHints":{"allow":["GET"]}}],"collection":[{"href":"https:\/\/nawarpharmacy.com\/de\/wp-json\/wp\/v2\/product"}],"about":[{"href":"https:\/\/nawarpharmacy.com\/de\/wp-json\/wp\/v2\/types\/product"}],"replies":[{"embeddable":true,"href":"https:\/\/nawarpharmacy.com\/de\/wp-json\/wp\/v2\/comments?post=10713"}],"wp:featuredmedia":[{"embeddable":true,"href":"https:\/\/nawarpharmacy.com\/de\/wp-json\/wp\/v2\/media\/10712"}],"wp:attachment":[{"href":"https:\/\/nawarpharmacy.com\/de\/wp-json\/wp\/v2\/media?parent=10713"}],"wp:term":[{"taxonomy":"product_brand","embeddable":true,"href":"https:\/\/nawarpharmacy.com\/de\/wp-json\/wp\/v2\/product_brand?post=10713"},{"taxonomy":"product_cat","embeddable":true,"href":"https:\/\/nawarpharmacy.com\/de\/wp-json\/wp\/v2\/product_cat?post=10713"},{"taxonomy":"product_tag","embeddable":true,"href":"https:\/\/nawarpharmacy.com\/de\/wp-json\/wp\/v2\/product_tag?post=10713"},{"taxonomy":"product_brands","embeddable":true,"href":"https:\/\/nawarpharmacy.com\/de\/wp-json\/wp\/v2\/product_brands?post=10713"}],"curies":[{"name":"wp","href":"https:\/\/api.w.org\/{rel}","templated":true}]}}