{"id":10707,"date":"2025-11-19T11:54:14","date_gmt":"2025-11-19T11:54:14","guid":{"rendered":"https:\/\/nawarpharmacy.com\/?post_type=product&#038;p=10707"},"modified":"2026-02-26T22:27:55","modified_gmt":"2026-02-26T22:27:55","slug":"voltaren-1-emulgel-50gm","status":"publish","type":"product","link":"https:\/\/nawarpharmacy.com\/de\/produkt\/voltaren-1-emulgel-50gm\/","title":{"rendered":"Voltaren 1% Emulgel 50 g"},"content":{"rendered":"<article class=\"text-token-text-primary w-full focus:outline-none [--shadow-height:45px] has-data-writing-block:pointer-events-none has-data-writing-block:-mt-(--shadow-height) has-data-writing-block:pt-(--shadow-height) [&amp;:has([data-writing-block])&gt;*]:pointer-events-auto [content-visibility:auto] supports-[content-visibility:auto]:[contain-intrinsic-size:auto_100lvh] scroll-mt-[calc(var(--header-height)+min(200px,max(70px,20svh)))]\" dir=\"auto\" data-turn-id=\"request-691b06b7-6218-832d-8a14-33a40741db89-19\" data-testid=\"conversation-turn-128\" data-scroll-anchor=\"true\" data-turn=\"assistant\">\n<div class=\"text-base my-auto mx-auto pb-10 [--thread-content-margin:--spacing(4)] thread-sm:[--thread-content-margin:--spacing(6)] thread-lg:[--thread-content-margin:--spacing(16)] px-(--thread-content-margin)\">\n<div class=\"[--thread-content-max-width:40rem] thread-lg:[--thread-content-max-width:48rem] mx-auto max-w-(--thread-content-max-width) flex-1 group\/turn-messages focus-visible:outline-hidden relative flex w-full min-w-0 flex-col agent-turn\">\n<div class=\"flex max-w-full flex-col grow\">\n<div class=\"min-h-8 text-message relative flex w-full flex-col items-end gap-2 text-start break-words whitespace-normal [.text-message+&amp;]:mt-1\" dir=\"auto\" data-message-author-role=\"assistant\" data-message-id=\"f144d5cb-c137-4a34-8c8a-5ece4af0ddaf\" data-message-model-slug=\"gpt-5-mini\">\n<div class=\"flex w-full flex-col gap-1 empty:hidden first:pt-[1px]\">\n<div class=\"markdown prose dark:prose-invert w-full break-words light markdown-new-styling\">\n<div class=\"flex flex-col text-sm pb-25\">\n<article class=\"text-token-text-primary w-full focus:outline-none [--shadow-height:45px] has-data-writing-block:pointer-events-none has-data-writing-block:-mt-(--shadow-height) has-data-writing-block:pt-(--shadow-height) [&amp;:has([data-writing-block])&gt;*]:pointer-events-auto scroll-mt-[calc(var(--header-height)+min(200px,max(70px,20svh)))]\" dir=\"auto\" tabindex=\"-1\" data-turn-id=\"request-WEB:1fb551c8-723f-4635-af76-1761af7fc3f6-100\" data-testid=\"conversation-turn-202\" data-scroll-anchor=\"true\" data-turn=\"assistant\">\n<div class=\"text-base my-auto mx-auto pb-10 [--thread-content-margin:--spacing(4)] @w-sm\/main:[--thread-content-margin:--spacing(6)] @w-lg\/main:[--thread-content-margin:--spacing(16)] px-(--thread-content-margin)\">\n<div class=\"[--thread-content-max-width:40rem] @w-lg\/main:[--thread-content-max-width:48rem] mx-auto max-w-(--thread-content-max-width) flex-1 group\/turn-messages focus-visible:outline-hidden relative flex w-full min-w-0 flex-col agent-turn\" tabindex=\"-1\">\n<div class=\"flex max-w-full flex-col grow\">\n<div class=\"min-h-8 text-message relative flex w-full flex-col items-end gap-2 text-start break-words whitespace-normal [.text-message+&amp;]:mt-1\" dir=\"auto\" data-message-author-role=\"assistant\" data-message-id=\"c84ef292-be98-4a5b-a576-48ba4a15216b\" data-message-model-slug=\"gpt-5-2\">\n<div class=\"flex w-full flex-col gap-1 empty:hidden first:pt-[1px]\">\n<div class=\"markdown prose dark:prose-invert w-full wrap-break-word dark markdown-new-styling\">\n<p data-start=\"1238\" data-end=\"1268\"><strong data-start=\"1238\" data-end=\"1266\">Voltaren 1% Emulgel 50 g<\/strong><\/p>\n<p data-start=\"1270\" data-end=\"1315\"><strong data-start=\"1270\" data-end=\"1284\">Wirkstoff:<\/strong><br data-start=\"1284\" data-end=\"1287\" \/>Diclofenac-Diethylamin 1 %<\/p>\n<p data-start=\"1317\" data-end=\"1563\"><strong data-start=\"1317\" data-end=\"1334\">Indikationen:<\/strong><br data-start=\"1334\" data-end=\"1337\" \/>Anwendung zur Linderung von Schmerzen und Entz\u00fcndungen bei folgenden Beschwerden:<br data-start=\"1418\" data-end=\"1421\" \/>Muskuloskelettale Schmerzen<br data-start=\"1448\" data-end=\"1451\" \/>Verstauchungen und Zerrungen<br data-start=\"1479\" data-end=\"1482\" \/>Tendinitis<br data-start=\"1492\" data-end=\"1495\" \/>R\u00fcckenschmerzen<br data-start=\"1510\" data-end=\"1513\" \/>Arthrose- oder arthritisbedingte Gelenkschmerzen<\/p>\n<p data-start=\"1565\" data-end=\"1777\"><strong data-start=\"1565\" data-end=\"1579\">Dosierung:<\/strong><br data-start=\"1579\" data-end=\"1582\" \/><strong data-start=\"1582\" data-end=\"1597\">Erwachsene:<\/strong> Eine d\u00fcnne Schicht 2\u20133-mal t\u00e4glich auf die betroffene Stelle auftragen.<br data-start=\"1669\" data-end=\"1672\" \/>Sanft einmassieren, bis das Gel vollst\u00e4ndig eingezogen ist.<br data-start=\"1731\" data-end=\"1734\" \/>Die empfohlene Dosis nicht \u00fcberschreiten.<\/p>\n<p data-start=\"1779\" data-end=\"2021\"><strong data-start=\"1779\" data-end=\"1802\">Kontraindikationen:<\/strong><br data-start=\"1802\" data-end=\"1805\" \/>\u00dcberempfindlichkeit gegen Diclofenac oder andere NSAR.<br data-start=\"1859\" data-end=\"1862\" \/>Offene Wunden, Ekzeme oder infizierte Haut an der Applikationsstelle.<br data-start=\"1931\" data-end=\"1934\" \/>Anamnese von Asthma, Urtikaria oder allergischen Reaktionen im Zusammenhang mit NSAR.<\/p>\n<p data-start=\"2023\" data-end=\"2153\"><strong data-start=\"2023\" data-end=\"2042\">Nebenwirkungen:<\/strong><br data-start=\"2042\" data-end=\"2045\" \/>Leichte Hautreizung, R\u00f6tung oder Juckreiz<br data-start=\"2086\" data-end=\"2089\" \/>Selten: Hautausschlag, Blasenbildung oder allergische Reaktion<\/p>\n<p data-start=\"2155\" data-end=\"2335\"><strong data-start=\"2155\" data-end=\"2176\">Wechselwirkungen:<\/strong><br data-start=\"2176\" data-end=\"2179\" \/>Gleichzeitige Anwendung mit anderen topischen NSAR vermeiden.<br data-start=\"2240\" data-end=\"2243\" \/>Vorsicht bei gleichzeitiger Anwendung systemischer NSAR, um additive Effekte zu vermeiden.<\/p>\n<p data-start=\"2337\" data-end=\"2469\" data-is-last-node=\"\" data-is-only-node=\"\"><strong data-start=\"2337\" data-end=\"2350\">Lagerung:<\/strong><br data-start=\"2350\" data-end=\"2353\" \/>Bei Raumtemperatur lagern, vor Licht sch\u00fctzen.<br data-start=\"2399\" data-end=\"2402\" \/>Die Tube fest verschlossen und f\u00fcr Kinder unzug\u00e4nglich aufbewahren.<\/p>\n<\/div>\n<\/div>\n<\/div>\n<\/div>\n<div class=\"z-0 flex min-h-[46px] justify-start\"><\/div>\n<div class=\"mt-3 w-full empty:hidden\">\n<div class=\"text-center\"><\/div>\n<\/div>\n<\/div>\n<\/div>\n<\/article>\n<\/div>\n<div class=\"pointer-events-none h-px w-px absolute bottom-0\" aria-hidden=\"true\" data-edge=\"true\"><\/div>\n<\/div>\n<\/div>\n<\/div>\n<\/div>\n<\/div>\n<\/div>\n<\/article>\n<div id=\"gtx-trans\" style=\"position: absolute; left: 102px; top: -17px;\">\n<div class=\"gtx-trans-icon\"><\/div>\n<\/div>\n","protected":false},"excerpt":{"rendered":"<p>Voltaren 1% Emulgel 50 g Wirkstoff:Diclofenac-Diethylamin 1 % Indikationen:Anwendung zur Linderung von Schmerzen und Entz\u00fcndungen bei folgenden Beschwerden:Muskuloskelettale SchmerzenVerstauchungen und ZerrungenTendinitisR\u00fcckenschmerzenArthrose- oder arthritisbedingte Gelenkschmerzen Dosierung:Erwachsene: Eine d\u00fcnne Schicht 2\u20133-mal t\u00e4glich auf die betroffene Stelle auftragen.Sanft einmassieren, bis das Gel vollst\u00e4ndig eingezogen ist.Die empfohlene Dosis nicht \u00fcberschreiten. Kontraindikationen:\u00dcberempfindlichkeit gegen Diclofenac oder andere NSAR.Offene Wunden, Ekzeme oder&#8230;<\/p>\n","protected":false},"featured_media":10706,"comment_status":"open","ping_status":"closed","template":"","meta":{"rs_blank_template":"","rs_page_bg_color":"","slide_template_v7":"","_bst_post_transparent":"default","_bst_post_title":"","_bst_post_layout":"default","_bst_post_sidebar_id":"","_bst_post_content_style":"default","_bst_post_vertical_padding":"default","_bst_post_feature":"","_bst_post_feature_position":"","_bst_post_header":false,"_bst_post_footer":false},"product_brand":[],"product_cat":[351,239,217,365,219],"product_tag":[],"product_brands":[],"class_list":{"0":"post-10707","1":"product","2":"type-product","3":"status-publish","4":"has-post-thumbnail","6":"product_cat-medical-forms","7":"product_cat-bone-joint-health","8":"product_cat-medicines","9":"product_cat-topical-creamointmentgel","10":"product_cat-painkillers-analgesics","12":"first","13":"instock","14":"shipping-taxable","15":"purchasable","16":"product-type-simple","17":"entry","18":"content-bg","19":"loop-entry"},"_links":{"self":[{"href":"https:\/\/nawarpharmacy.com\/de\/wp-json\/wp\/v2\/product\/10707","targetHints":{"allow":["GET"]}}],"collection":[{"href":"https:\/\/nawarpharmacy.com\/de\/wp-json\/wp\/v2\/product"}],"about":[{"href":"https:\/\/nawarpharmacy.com\/de\/wp-json\/wp\/v2\/types\/product"}],"replies":[{"embeddable":true,"href":"https:\/\/nawarpharmacy.com\/de\/wp-json\/wp\/v2\/comments?post=10707"}],"wp:featuredmedia":[{"embeddable":true,"href":"https:\/\/nawarpharmacy.com\/de\/wp-json\/wp\/v2\/media\/10706"}],"wp:attachment":[{"href":"https:\/\/nawarpharmacy.com\/de\/wp-json\/wp\/v2\/media?parent=10707"}],"wp:term":[{"taxonomy":"product_brand","embeddable":true,"href":"https:\/\/nawarpharmacy.com\/de\/wp-json\/wp\/v2\/product_brand?post=10707"},{"taxonomy":"product_cat","embeddable":true,"href":"https:\/\/nawarpharmacy.com\/de\/wp-json\/wp\/v2\/product_cat?post=10707"},{"taxonomy":"product_tag","embeddable":true,"href":"https:\/\/nawarpharmacy.com\/de\/wp-json\/wp\/v2\/product_tag?post=10707"},{"taxonomy":"product_brands","embeddable":true,"href":"https:\/\/nawarpharmacy.com\/de\/wp-json\/wp\/v2\/product_brands?post=10707"}],"curies":[{"name":"wp","href":"https:\/\/api.w.org\/{rel}","templated":true}]}}