{"id":10701,"date":"2025-11-19T11:59:38","date_gmt":"2025-11-19T11:59:38","guid":{"rendered":"https:\/\/nawarpharmacy.com\/?post_type=product&#038;p=10701"},"modified":"2026-02-26T22:27:00","modified_gmt":"2026-02-26T22:27:00","slug":"benox-0-4-eye-drops-10ml","status":"publish","type":"product","link":"https:\/\/nawarpharmacy.com\/de\/produkt\/benox-0-4-eye-drops-10ml\/","title":{"rendered":"Benox 0,4% Augentropfen 10 ml"},"content":{"rendered":"<article class=\"text-token-text-primary w-full focus:outline-none [--shadow-height:45px] has-data-writing-block:pointer-events-none has-data-writing-block:-mt-(--shadow-height) has-data-writing-block:pt-(--shadow-height) [&amp;:has([data-writing-block])&gt;*]:pointer-events-auto [content-visibility:auto] supports-[content-visibility:auto]:[contain-intrinsic-size:auto_100lvh] scroll-mt-[calc(var(--header-height)+min(200px,max(70px,20svh)))]\" dir=\"auto\" data-turn-id=\"request-691b06b7-6218-832d-8a14-33a40741db89-21\" data-testid=\"conversation-turn-132\" data-scroll-anchor=\"true\" data-turn=\"assistant\">\n<div class=\"text-base my-auto mx-auto pb-10 [--thread-content-margin:--spacing(4)] thread-sm:[--thread-content-margin:--spacing(6)] thread-lg:[--thread-content-margin:--spacing(16)] px-(--thread-content-margin)\">\n<div class=\"[--thread-content-max-width:40rem] thread-lg:[--thread-content-max-width:48rem] mx-auto max-w-(--thread-content-max-width) flex-1 group\/turn-messages focus-visible:outline-hidden relative flex w-full min-w-0 flex-col agent-turn\">\n<div class=\"flex max-w-full flex-col grow\">\n<div class=\"min-h-8 text-message relative flex w-full flex-col items-end gap-2 text-start break-words whitespace-normal [.text-message+&amp;]:mt-1\" dir=\"auto\" data-message-author-role=\"assistant\" data-message-id=\"b7961f9e-50cb-47b8-ac31-3f1b2ee8fcb7\" data-message-model-slug=\"gpt-5-mini\">\n<div class=\"flex w-full flex-col gap-1 empty:hidden first:pt-[1px]\">\n<div class=\"markdown prose dark:prose-invert w-full break-words light markdown-new-styling\">\n<div class=\"flex flex-col text-sm pb-25\">\n<article class=\"text-token-text-primary w-full focus:outline-none [--shadow-height:45px] has-data-writing-block:pointer-events-none has-data-writing-block:-mt-(--shadow-height) has-data-writing-block:pt-(--shadow-height) [&amp;:has([data-writing-block])&gt;*]:pointer-events-auto scroll-mt-[calc(var(--header-height)+min(200px,max(70px,20svh)))]\" dir=\"auto\" tabindex=\"-1\" data-turn-id=\"request-WEB:1fb551c8-723f-4635-af76-1761af7fc3f6-99\" data-testid=\"conversation-turn-200\" data-scroll-anchor=\"true\" data-turn=\"assistant\">\n<div class=\"text-base my-auto mx-auto pb-10 [--thread-content-margin:--spacing(4)] @w-sm\/main:[--thread-content-margin:--spacing(6)] @w-lg\/main:[--thread-content-margin:--spacing(16)] px-(--thread-content-margin)\">\n<div class=\"[--thread-content-max-width:40rem] @w-lg\/main:[--thread-content-max-width:48rem] mx-auto max-w-(--thread-content-max-width) flex-1 group\/turn-messages focus-visible:outline-hidden relative flex w-full min-w-0 flex-col agent-turn\" tabindex=\"-1\">\n<div class=\"flex max-w-full flex-col grow\">\n<div class=\"min-h-8 text-message relative flex w-full flex-col items-end gap-2 text-start break-words whitespace-normal [.text-message+&amp;]:mt-1\" dir=\"auto\" data-message-author-role=\"assistant\" data-message-id=\"2e134f24-7d53-430d-ba02-198f9fb4fc20\" data-message-model-slug=\"gpt-5-2\">\n<div class=\"flex w-full flex-col gap-1 empty:hidden first:pt-[1px]\">\n<div class=\"markdown prose dark:prose-invert w-full wrap-break-word dark markdown-new-styling\">\n<p data-start=\"1309\" data-end=\"1344\"><strong data-start=\"1309\" data-end=\"1342\">Benox 0,4% Augentropfen 10 ml<\/strong><\/p>\n<p data-start=\"1346\" data-end=\"1393\"><strong data-start=\"1346\" data-end=\"1360\">Wirkstoff:<\/strong><br data-start=\"1360\" data-end=\"1363\" \/>Benoxinat-Hydrochlorid 0,4 %<\/p>\n<p data-start=\"1395\" data-end=\"1638\"><strong data-start=\"1395\" data-end=\"1412\">Indikationen:<\/strong><br data-start=\"1412\" data-end=\"1415\" \/>Anwendung als topisches okul\u00e4res An\u00e4sthetikum zur vor\u00fcbergehenden Bet\u00e4ubung der Augenoberfl\u00e4che bei:<br data-start=\"1515\" data-end=\"1518\" \/>Augenuntersuchungen<br data-start=\"1537\" data-end=\"1540\" \/>Kleineren ophthalmologischen Eingriffen<br data-start=\"1579\" data-end=\"1582\" \/>Kontakttonometrie und anderen diagnostischen Verfahren<\/p>\n<p data-start=\"1640\" data-end=\"1858\"><strong data-start=\"1640\" data-end=\"1654\">Dosierung:<\/strong><br data-start=\"1654\" data-end=\"1657\" \/><strong data-start=\"1657\" data-end=\"1683\">Erwachsene und Kinder:<\/strong> 1\u20132 Tropfen bei Bedarf in das\/die betroffene(n) Auge(n) eintropfen.<br data-start=\"1751\" data-end=\"1754\" \/>Die empfohlene Dosis nicht \u00fcberschreiten.<br data-start=\"1795\" data-end=\"1798\" \/>Die Tropferspitze nicht mit dem Auge in Ber\u00fchrung bringen.<\/p>\n<p data-start=\"1860\" data-end=\"2092\"><strong data-start=\"1860\" data-end=\"1883\">Kontraindikationen:<\/strong><br data-start=\"1883\" data-end=\"1886\" \/>\u00dcberempfindlichkeit gegen Benoxinat oder andere Lokalan\u00e4sthetika.<br data-start=\"1951\" data-end=\"1954\" \/>Schwere Augeninfektionen, sofern nicht \u00e4rztlich angeordnet.<br data-start=\"2013\" data-end=\"2016\" \/>Nicht anwenden bei Patienten mit bekannten Hornhautsensibilit\u00e4tsst\u00f6rungen.<\/p>\n<p data-start=\"2094\" data-end=\"2288\"><strong data-start=\"2094\" data-end=\"2113\">Nebenwirkungen:<\/strong><br data-start=\"2113\" data-end=\"2116\" \/>Vor\u00fcbergehendes Brennen oder Stechen<br data-start=\"2152\" data-end=\"2155\" \/>Verschwommenes Sehen<br data-start=\"2175\" data-end=\"2178\" \/>Selten: allergische Reaktionen<br data-start=\"2208\" data-end=\"2211\" \/>Bei l\u00e4ngerer Anwendung m\u00f6gliche Hornhautreizung oder verz\u00f6gerte Wundheilung<\/p>\n<p data-start=\"2290\" data-end=\"2400\"><strong data-start=\"2290\" data-end=\"2311\">Wechselwirkungen:<\/strong><br data-start=\"2311\" data-end=\"2314\" \/>Vorsicht bei gleichzeitiger Anwendung anderer topischer ophthalmischer Arzneimittel.<\/p>\n<p data-start=\"2402\" data-end=\"2537\" data-is-last-node=\"\" data-is-only-node=\"\"><strong data-start=\"2402\" data-end=\"2415\">Lagerung:<\/strong><br data-start=\"2415\" data-end=\"2418\" \/>Bei Raumtemperatur lagern, vor Licht sch\u00fctzen.<br data-start=\"2464\" data-end=\"2467\" \/>Die Flasche fest verschlossen und f\u00fcr Kinder unzug\u00e4nglich aufbewahren.<\/p>\n<\/div>\n<\/div>\n<\/div>\n<\/div>\n<div class=\"z-0 flex min-h-[46px] justify-start\"><\/div>\n<div class=\"mt-3 w-full empty:hidden\">\n<div class=\"text-center\"><\/div>\n<\/div>\n<\/div>\n<\/div>\n<\/article>\n<\/div>\n<div class=\"pointer-events-none h-px w-px absolute bottom-0\" aria-hidden=\"true\" data-edge=\"true\"><\/div>\n<\/div>\n<\/div>\n<\/div>\n<\/div>\n<\/div>\n<\/div>\n<\/article>\n<div id=\"gtx-trans\" style=\"position: absolute; left: 191px; top: -17px;\">\n<div class=\"gtx-trans-icon\"><\/div>\n<\/div>\n","protected":false},"excerpt":{"rendered":"<p>Benox 0,4% Augentropfen 10 ml Wirkstoff:Benoxinat-Hydrochlorid 0,4 % Indikationen:Anwendung als topisches okul\u00e4res An\u00e4sthetikum zur vor\u00fcbergehenden Bet\u00e4ubung der Augenoberfl\u00e4che bei:AugenuntersuchungenKleineren ophthalmologischen EingriffenKontakttonometrie und anderen diagnostischen Verfahren Dosierung:Erwachsene und Kinder: 1\u20132 Tropfen bei Bedarf in das\/die betroffene(n) Auge(n) eintropfen.Die empfohlene Dosis nicht \u00fcberschreiten.Die Tropferspitze nicht mit dem Auge in Ber\u00fchrung bringen. Kontraindikationen:\u00dcberempfindlichkeit gegen Benoxinat oder andere Lokalan\u00e4sthetika.Schwere&#8230;<\/p>\n","protected":false},"featured_media":10700,"comment_status":"open","ping_status":"closed","template":"","meta":{"rs_blank_template":"","rs_page_bg_color":"","slide_template_v7":"","_bst_post_transparent":"default","_bst_post_title":"","_bst_post_layout":"default","_bst_post_sidebar_id":"","_bst_post_content_style":"default","_bst_post_vertical_padding":"default","_bst_post_feature":"","_bst_post_feature_position":"","_bst_post_header":false,"_bst_post_footer":false},"product_brand":[],"product_cat":[237,371,351,217],"product_tag":[],"product_brands":[],"class_list":{"0":"post-10701","1":"product","2":"type-product","3":"status-publish","4":"has-post-thumbnail","6":"product_cat-eye-ear-medications","7":"product_cat-eye-drops","8":"product_cat-medical-forms","9":"product_cat-medicines","11":"first","12":"instock","13":"shipping-taxable","14":"purchasable","15":"product-type-simple","16":"entry","17":"content-bg","18":"loop-entry"},"_links":{"self":[{"href":"https:\/\/nawarpharmacy.com\/de\/wp-json\/wp\/v2\/product\/10701","targetHints":{"allow":["GET"]}}],"collection":[{"href":"https:\/\/nawarpharmacy.com\/de\/wp-json\/wp\/v2\/product"}],"about":[{"href":"https:\/\/nawarpharmacy.com\/de\/wp-json\/wp\/v2\/types\/product"}],"replies":[{"embeddable":true,"href":"https:\/\/nawarpharmacy.com\/de\/wp-json\/wp\/v2\/comments?post=10701"}],"wp:featuredmedia":[{"embeddable":true,"href":"https:\/\/nawarpharmacy.com\/de\/wp-json\/wp\/v2\/media\/10700"}],"wp:attachment":[{"href":"https:\/\/nawarpharmacy.com\/de\/wp-json\/wp\/v2\/media?parent=10701"}],"wp:term":[{"taxonomy":"product_brand","embeddable":true,"href":"https:\/\/nawarpharmacy.com\/de\/wp-json\/wp\/v2\/product_brand?post=10701"},{"taxonomy":"product_cat","embeddable":true,"href":"https:\/\/nawarpharmacy.com\/de\/wp-json\/wp\/v2\/product_cat?post=10701"},{"taxonomy":"product_tag","embeddable":true,"href":"https:\/\/nawarpharmacy.com\/de\/wp-json\/wp\/v2\/product_tag?post=10701"},{"taxonomy":"product_brands","embeddable":true,"href":"https:\/\/nawarpharmacy.com\/de\/wp-json\/wp\/v2\/product_brands?post=10701"}],"curies":[{"name":"wp","href":"https:\/\/api.w.org\/{rel}","templated":true}]}}