{"id":10689,"date":"2025-11-19T12:07:24","date_gmt":"2025-11-19T12:07:24","guid":{"rendered":"https:\/\/nawarpharmacy.com\/?post_type=product&#038;p=10689"},"modified":"2026-02-26T22:24:11","modified_gmt":"2026-02-26T22:24:11","slug":"prisoline-eyenasal-drops-15ml","status":"publish","type":"product","link":"https:\/\/nawarpharmacy.com\/de\/produkt\/prisoline-eyenasal-drops-15ml\/","title":{"rendered":"Prisoline Augen-\/Nasentropfen 15 ml"},"content":{"rendered":"<div class=\"flex flex-col text-sm pb-25\">\n<article class=\"text-token-text-primary w-full focus:outline-none [--shadow-height:45px] has-data-writing-block:pointer-events-none has-data-writing-block:-mt-(--shadow-height) has-data-writing-block:pt-(--shadow-height) [&amp;:has([data-writing-block])&gt;*]:pointer-events-auto scroll-mt-[calc(var(--header-height)+min(200px,max(70px,20svh)))]\" dir=\"auto\" tabindex=\"-1\" data-turn-id=\"request-WEB:1fb551c8-723f-4635-af76-1761af7fc3f6-96\" data-testid=\"conversation-turn-194\" data-scroll-anchor=\"true\" data-turn=\"assistant\">\n<div class=\"text-base my-auto mx-auto pb-10 [--thread-content-margin:--spacing(4)] @w-sm\/main:[--thread-content-margin:--spacing(6)] @w-lg\/main:[--thread-content-margin:--spacing(16)] px-(--thread-content-margin)\">\n<div class=\"[--thread-content-max-width:40rem] @w-lg\/main:[--thread-content-max-width:48rem] mx-auto max-w-(--thread-content-max-width) flex-1 group\/turn-messages focus-visible:outline-hidden relative flex w-full min-w-0 flex-col agent-turn\" tabindex=\"-1\">\n<div class=\"flex max-w-full flex-col grow\">\n<div class=\"min-h-8 text-message relative flex w-full flex-col items-end gap-2 text-start break-words whitespace-normal [.text-message+&amp;]:mt-1\" dir=\"auto\" data-message-author-role=\"assistant\" data-message-id=\"f481e0aa-d64e-4581-bce7-6fb3f9a1ef3d\" data-message-model-slug=\"gpt-5-2\">\n<div class=\"flex w-full flex-col gap-1 empty:hidden first:pt-[1px]\">\n<div class=\"markdown prose dark:prose-invert w-full wrap-break-word dark markdown-new-styling\">\n<p data-start=\"1287\" data-end=\"1328\"><strong data-start=\"1287\" data-end=\"1326\">Prisoline Augen-\/Nasentropfen 15 ml<\/strong><\/p>\n<p data-start=\"1330\" data-end=\"1378\"><strong data-start=\"1330\" data-end=\"1345\">Wirkstoffe:<\/strong><br data-start=\"1345\" data-end=\"1348\" \/>Chlorpheniramin + Naphazolin<\/p>\n<p data-start=\"1380\" data-end=\"1628\"><strong data-start=\"1380\" data-end=\"1397\">Indikationen:<\/strong><br data-start=\"1397\" data-end=\"1400\" \/>Anwendung zur Vorbeugung und Linderung allergischer Augen- und Nasensymptome, wie:<br data-start=\"1482\" data-end=\"1485\" \/>Juckende, tr\u00e4nende oder ger\u00f6tete Augen bei allergischer Konjunktivitis<br data-start=\"1555\" data-end=\"1558\" \/>Niesen, Nasenverstopfung und laufende Nase bei allergischer Rhinitis<\/p>\n<p data-start=\"1630\" data-end=\"1939\"><strong data-start=\"1630\" data-end=\"1644\">Dosierung:<\/strong><br data-start=\"1644\" data-end=\"1647\" \/><strong data-start=\"1647\" data-end=\"1657\">Augen:<\/strong> 1\u20132 Tropfen 4-mal t\u00e4glich in jedes Auge oder gem\u00e4\u00df \u00e4rztlicher Verordnung.<br data-start=\"1731\" data-end=\"1734\" \/><strong data-start=\"1734\" data-end=\"1743\">Nase:<\/strong> 1\u20132 Tropfen oder Spr\u00fchst\u00f6\u00dfe 4-mal t\u00e4glich in jedes Nasenloch oder gem\u00e4\u00df \u00e4rztlicher Verordnung.<br data-start=\"1838\" data-end=\"1841\" \/>F\u00fcr eine optimale Wirkung regelm\u00e4\u00dfig anwenden; nicht zur sofortigen Symptomlinderung vorgesehen.<\/p>\n<p data-start=\"1941\" data-end=\"2078\"><strong data-start=\"1941\" data-end=\"1964\">Kontraindikationen:<\/strong><br data-start=\"1964\" data-end=\"1967\" \/>\u00dcberempfindlichkeit gegen Chlorpheniramin, Naphazolin oder einen der sonstigen Bestandteile der Formulierung.<\/p>\n<p data-start=\"2080\" data-end=\"2221\"><strong data-start=\"2080\" data-end=\"2099\">Nebenwirkungen:<\/strong><br data-start=\"2099\" data-end=\"2102\" \/>Leichtes Brennen oder Stechen in den Augen<br data-start=\"2144\" data-end=\"2147\" \/>Vor\u00fcbergehende nasale Reizung oder Niesen<br data-start=\"2188\" data-end=\"2191\" \/>Selten: allergische Reaktion<\/p>\n<p data-start=\"2223\" data-end=\"2364\"><strong data-start=\"2223\" data-end=\"2244\">Wechselwirkungen:<\/strong><br data-start=\"2244\" data-end=\"2247\" \/>Im Allgemeinen sicher in Kombination mit anderen Arzneimitteln; keine klinisch relevanten Wechselwirkungen bekannt.<\/p>\n<p data-start=\"2366\" data-end=\"2511\" data-is-last-node=\"\" data-is-only-node=\"\"><strong data-start=\"2366\" data-end=\"2379\">Lagerung:<\/strong><br data-start=\"2379\" data-end=\"2382\" \/>Bei Raumtemperatur lagern, vor Hitze und Licht sch\u00fctzen.<br data-start=\"2438\" data-end=\"2441\" \/>Die Flasche fest verschlossen und f\u00fcr Kinder unzug\u00e4nglich aufbewahren.<\/p>\n<\/div>\n<\/div>\n<\/div>\n<\/div>\n<div class=\"z-0 flex min-h-[46px] justify-start\"><\/div>\n<div class=\"mt-3 w-full empty:hidden\">\n<div class=\"text-center\"><\/div>\n<\/div>\n<\/div>\n<\/div>\n<\/article>\n<\/div>\n<div class=\"pointer-events-none h-px w-px absolute bottom-0\" aria-hidden=\"true\" data-edge=\"true\"><\/div>\n<div id=\"gtx-trans\" style=\"position: absolute; left: 240px; top: 34px;\">\n<div class=\"gtx-trans-icon\"><\/div>\n<\/div>\n","protected":false},"excerpt":{"rendered":"<p>Prisoline Augen-\/Nasentropfen 15 ml Wirkstoffe:Chlorpheniramin + Naphazolin Indikationen:Anwendung zur Vorbeugung und Linderung allergischer Augen- und Nasensymptome, wie:Juckende, tr\u00e4nende oder ger\u00f6tete Augen bei allergischer KonjunktivitisNiesen, Nasenverstopfung und laufende Nase bei allergischer Rhinitis Dosierung:Augen: 1\u20132 Tropfen 4-mal t\u00e4glich in jedes Auge oder gem\u00e4\u00df \u00e4rztlicher Verordnung.Nase: 1\u20132 Tropfen oder Spr\u00fchst\u00f6\u00dfe 4-mal t\u00e4glich in jedes Nasenloch oder gem\u00e4\u00df \u00e4rztlicher&#8230;<\/p>\n","protected":false},"featured_media":10688,"comment_status":"open","ping_status":"closed","template":"","meta":{"rs_blank_template":"","rs_page_bg_color":"","slide_template_v7":"","_bst_post_transparent":"default","_bst_post_title":"","_bst_post_layout":"default","_bst_post_sidebar_id":"","_bst_post_content_style":"default","_bst_post_vertical_padding":"default","_bst_post_feature":"","_bst_post_feature_position":"","_bst_post_header":false,"_bst_post_footer":false},"product_brand":[],"product_cat":[237,371,351,217,251,383],"product_tag":[],"product_brands":[],"class_list":{"0":"post-10689","1":"product","2":"type-product","3":"status-publish","4":"has-post-thumbnail","6":"product_cat-eye-ear-medications","7":"product_cat-eye-drops","8":"product_cat-medical-forms","9":"product_cat-medicines","10":"product_cat-nasal-decongestant","11":"product_cat-nasal-drops","13":"first","14":"instock","15":"shipping-taxable","16":"purchasable","17":"product-type-simple","18":"entry","19":"content-bg","20":"loop-entry"},"_links":{"self":[{"href":"https:\/\/nawarpharmacy.com\/de\/wp-json\/wp\/v2\/product\/10689","targetHints":{"allow":["GET"]}}],"collection":[{"href":"https:\/\/nawarpharmacy.com\/de\/wp-json\/wp\/v2\/product"}],"about":[{"href":"https:\/\/nawarpharmacy.com\/de\/wp-json\/wp\/v2\/types\/product"}],"replies":[{"embeddable":true,"href":"https:\/\/nawarpharmacy.com\/de\/wp-json\/wp\/v2\/comments?post=10689"}],"wp:featuredmedia":[{"embeddable":true,"href":"https:\/\/nawarpharmacy.com\/de\/wp-json\/wp\/v2\/media\/10688"}],"wp:attachment":[{"href":"https:\/\/nawarpharmacy.com\/de\/wp-json\/wp\/v2\/media?parent=10689"}],"wp:term":[{"taxonomy":"product_brand","embeddable":true,"href":"https:\/\/nawarpharmacy.com\/de\/wp-json\/wp\/v2\/product_brand?post=10689"},{"taxonomy":"product_cat","embeddable":true,"href":"https:\/\/nawarpharmacy.com\/de\/wp-json\/wp\/v2\/product_cat?post=10689"},{"taxonomy":"product_tag","embeddable":true,"href":"https:\/\/nawarpharmacy.com\/de\/wp-json\/wp\/v2\/product_tag?post=10689"},{"taxonomy":"product_brands","embeddable":true,"href":"https:\/\/nawarpharmacy.com\/de\/wp-json\/wp\/v2\/product_brands?post=10689"}],"curies":[{"name":"wp","href":"https:\/\/api.w.org\/{rel}","templated":true}]}}