{"id":10685,"date":"2025-11-19T12:08:39","date_gmt":"2025-11-19T12:08:39","guid":{"rendered":"https:\/\/nawarpharmacy.com\/?post_type=product&#038;p=10685"},"modified":"2026-02-26T22:23:16","modified_gmt":"2026-02-26T22:23:16","slug":"trillerge-eye-drops-10ml","status":"publish","type":"product","link":"https:\/\/nawarpharmacy.com\/de\/produkt\/trillerge-eye-drops-10ml\/","title":{"rendered":"Trillerge Augentropfen 10 ml"},"content":{"rendered":"<div class=\"flex flex-col text-sm pb-25\">\n<article class=\"text-token-text-primary w-full focus:outline-none [--shadow-height:45px] has-data-writing-block:pointer-events-none has-data-writing-block:-mt-(--shadow-height) has-data-writing-block:pt-(--shadow-height) [&amp;:has([data-writing-block])&gt;*]:pointer-events-auto scroll-mt-[calc(var(--header-height)+min(200px,max(70px,20svh)))]\" dir=\"auto\" tabindex=\"-1\" data-turn-id=\"request-WEB:1fb551c8-723f-4635-af76-1761af7fc3f6-95\" data-testid=\"conversation-turn-192\" data-scroll-anchor=\"true\" data-turn=\"assistant\">\n<div class=\"text-base my-auto mx-auto pb-10 [--thread-content-margin:--spacing(4)] @w-sm\/main:[--thread-content-margin:--spacing(6)] @w-lg\/main:[--thread-content-margin:--spacing(16)] px-(--thread-content-margin)\">\n<div class=\"[--thread-content-max-width:40rem] @w-lg\/main:[--thread-content-max-width:48rem] mx-auto max-w-(--thread-content-max-width) flex-1 group\/turn-messages focus-visible:outline-hidden relative flex w-full min-w-0 flex-col agent-turn\" tabindex=\"-1\">\n<div class=\"flex max-w-full flex-col grow\">\n<div class=\"min-h-8 text-message relative flex w-full flex-col items-end gap-2 text-start break-words whitespace-normal [.text-message+&amp;]:mt-1\" dir=\"auto\" data-message-author-role=\"assistant\" data-message-id=\"6e256733-4ccb-4c2e-aaad-75fa198474a5\" data-message-model-slug=\"gpt-5-2\">\n<div class=\"flex w-full flex-col gap-1 empty:hidden first:pt-[1px]\">\n<div class=\"markdown prose dark:prose-invert w-full wrap-break-word dark markdown-new-styling\">\n<p data-start=\"1244\" data-end=\"1278\"><strong data-start=\"1244\" data-end=\"1276\">Trillerge Augentropfen 10 ml<\/strong><\/p>\n<p data-start=\"1280\" data-end=\"1327\"><strong data-start=\"1280\" data-end=\"1294\">Wirkstoff:<\/strong><br data-start=\"1294\" data-end=\"1297\" \/>Olopatadinhydrochlorid 0,1 %<\/p>\n<p data-start=\"1329\" data-end=\"1504\"><strong data-start=\"1329\" data-end=\"1346\">Indikationen:<\/strong><br data-start=\"1346\" data-end=\"1349\" \/>Anwendung zur Linderung von Symptomen der allergischen Konjunktivitis, einschlie\u00dflich:<br data-start=\"1435\" data-end=\"1438\" \/>Juckende Augen<br data-start=\"1452\" data-end=\"1455\" \/>R\u00f6tung<br data-start=\"1461\" data-end=\"1464\" \/>Tr\u00e4nenfluss<br data-start=\"1475\" data-end=\"1478\" \/>Schwellung der Bindehaut<\/p>\n<p data-start=\"1506\" data-end=\"1754\"><strong data-start=\"1506\" data-end=\"1520\">Dosierung:<\/strong><br data-start=\"1520\" data-end=\"1523\" \/><strong data-start=\"1523\" data-end=\"1562\">Erwachsene und Kinder \u00fcber 3 Jahre:<\/strong> 1 Tropfen zweimal t\u00e4glich in jedes betroffene Auge oder gem\u00e4\u00df \u00e4rztlicher Verordnung.<br data-start=\"1647\" data-end=\"1650\" \/>Kontaktlinsen vor der Anwendung entfernen und mindestens 10\u201315 Minuten vor dem Wiedereinsetzen warten.<\/p>\n<p data-start=\"1756\" data-end=\"1954\"><strong data-start=\"1756\" data-end=\"1779\">Kontraindikationen:<\/strong><br data-start=\"1779\" data-end=\"1782\" \/>\u00dcberempfindlichkeit gegen Olopatadin oder einen der sonstigen Bestandteile der Formulierung.<br data-start=\"1874\" data-end=\"1877\" \/>F\u00fcr Kinder unter 3 Jahren nicht empfohlen, sofern nicht \u00e4rztlich verordnet.<\/p>\n<p data-start=\"1956\" data-end=\"2108\"><strong data-start=\"1956\" data-end=\"1975\">Nebenwirkungen:<\/strong><br data-start=\"1975\" data-end=\"1978\" \/>Vor\u00fcbergehendes Brennen oder Stechen<br data-start=\"2014\" data-end=\"2017\" \/>Leichte Kopfschmerzen<br data-start=\"2038\" data-end=\"2041\" \/>Augentrockenheit oder -beschwerden<br data-start=\"2075\" data-end=\"2078\" \/>Selten: allergische Reaktion<\/p>\n<p data-start=\"2110\" data-end=\"2312\"><strong data-start=\"2110\" data-end=\"2131\">Wechselwirkungen:<\/strong><br data-start=\"2131\" data-end=\"2134\" \/>Keine klinisch relevanten Wechselwirkungen mit g\u00e4ngigen ophthalmischen Arzneimitteln bekannt.<br data-start=\"2227\" data-end=\"2230\" \/>Vorsicht bei gleichzeitiger Anwendung anderer antihistaminhaltiger Augentropfen.<\/p>\n<p data-start=\"2314\" data-end=\"2459\" data-is-last-node=\"\" data-is-only-node=\"\"><strong data-start=\"2314\" data-end=\"2327\">Lagerung:<\/strong><br data-start=\"2327\" data-end=\"2330\" \/>Bei Raumtemperatur lagern, vor Hitze und Licht sch\u00fctzen.<br data-start=\"2386\" data-end=\"2389\" \/>Die Flasche fest verschlossen und f\u00fcr Kinder unzug\u00e4nglich aufbewahren.<\/p>\n<\/div>\n<\/div>\n<\/div>\n<\/div>\n<div class=\"z-0 flex min-h-[46px] justify-start\"><\/div>\n<div class=\"mt-3 w-full empty:hidden\">\n<div class=\"text-center\"><\/div>\n<\/div>\n<\/div>\n<\/div>\n<\/article>\n<\/div>\n<div class=\"pointer-events-none h-px w-px absolute bottom-0\" aria-hidden=\"true\" data-edge=\"true\"><\/div>\n<div id=\"gtx-trans\" style=\"position: absolute; left: 142px; top: -17px;\">\n<div class=\"gtx-trans-icon\"><\/div>\n<\/div>\n","protected":false},"excerpt":{"rendered":"<p>Trillerge Augentropfen 10 ml Wirkstoff:Olopatadinhydrochlorid 0,1 % Indikationen:Anwendung zur Linderung von Symptomen der allergischen Konjunktivitis, einschlie\u00dflich:Juckende AugenR\u00f6tungTr\u00e4nenflussSchwellung der Bindehaut Dosierung:Erwachsene und Kinder \u00fcber 3 Jahre: 1 Tropfen zweimal t\u00e4glich in jedes betroffene Auge oder gem\u00e4\u00df \u00e4rztlicher Verordnung.Kontaktlinsen vor der Anwendung entfernen und mindestens 10\u201315 Minuten vor dem Wiedereinsetzen warten. Kontraindikationen:\u00dcberempfindlichkeit gegen Olopatadin oder einen der&#8230;<\/p>\n","protected":false},"featured_media":10684,"comment_status":"open","ping_status":"closed","template":"","meta":{"rs_blank_template":"","rs_page_bg_color":"","slide_template_v7":"","_bst_post_transparent":"default","_bst_post_title":"","_bst_post_layout":"default","_bst_post_sidebar_id":"","_bst_post_content_style":"default","_bst_post_vertical_padding":"default","_bst_post_feature":"","_bst_post_feature_position":"","_bst_post_header":false,"_bst_post_footer":false},"product_brand":[],"product_cat":[237,371,351,217],"product_tag":[],"product_brands":[],"class_list":{"0":"post-10685","1":"product","2":"type-product","3":"status-publish","4":"has-post-thumbnail","6":"product_cat-eye-ear-medications","7":"product_cat-eye-drops","8":"product_cat-medical-forms","9":"product_cat-medicines","11":"first","12":"instock","13":"shipping-taxable","14":"purchasable","15":"product-type-simple","16":"entry","17":"content-bg","18":"loop-entry"},"_links":{"self":[{"href":"https:\/\/nawarpharmacy.com\/de\/wp-json\/wp\/v2\/product\/10685","targetHints":{"allow":["GET"]}}],"collection":[{"href":"https:\/\/nawarpharmacy.com\/de\/wp-json\/wp\/v2\/product"}],"about":[{"href":"https:\/\/nawarpharmacy.com\/de\/wp-json\/wp\/v2\/types\/product"}],"replies":[{"embeddable":true,"href":"https:\/\/nawarpharmacy.com\/de\/wp-json\/wp\/v2\/comments?post=10685"}],"wp:featuredmedia":[{"embeddable":true,"href":"https:\/\/nawarpharmacy.com\/de\/wp-json\/wp\/v2\/media\/10684"}],"wp:attachment":[{"href":"https:\/\/nawarpharmacy.com\/de\/wp-json\/wp\/v2\/media?parent=10685"}],"wp:term":[{"taxonomy":"product_brand","embeddable":true,"href":"https:\/\/nawarpharmacy.com\/de\/wp-json\/wp\/v2\/product_brand?post=10685"},{"taxonomy":"product_cat","embeddable":true,"href":"https:\/\/nawarpharmacy.com\/de\/wp-json\/wp\/v2\/product_cat?post=10685"},{"taxonomy":"product_tag","embeddable":true,"href":"https:\/\/nawarpharmacy.com\/de\/wp-json\/wp\/v2\/product_tag?post=10685"},{"taxonomy":"product_brands","embeddable":true,"href":"https:\/\/nawarpharmacy.com\/de\/wp-json\/wp\/v2\/product_brands?post=10685"}],"curies":[{"name":"wp","href":"https:\/\/api.w.org\/{rel}","templated":true}]}}