{"id":10677,"date":"2025-11-19T12:22:36","date_gmt":"2025-11-19T12:22:36","guid":{"rendered":"https:\/\/nawarpharmacy.com\/?post_type=product&#038;p=10677"},"modified":"2026-02-26T22:21:19","modified_gmt":"2026-02-26T22:21:19","slug":"tobrin-0-3-eye-ointment-5gm","status":"publish","type":"product","link":"https:\/\/nawarpharmacy.com\/de\/produkt\/tobrin-0-3-eye-ointment-5gm\/","title":{"rendered":"Tobrin 0,3% Augensalbe 5 g"},"content":{"rendered":"<div class=\"flex flex-col text-sm pb-25\">\n<article class=\"text-token-text-primary w-full focus:outline-none [--shadow-height:45px] has-data-writing-block:pointer-events-none has-data-writing-block:-mt-(--shadow-height) has-data-writing-block:pt-(--shadow-height) [&amp;:has([data-writing-block])&gt;*]:pointer-events-auto scroll-mt-[calc(var(--header-height)+min(200px,max(70px,20svh)))]\" dir=\"auto\" tabindex=\"-1\" data-turn-id=\"request-WEB:1fb551c8-723f-4635-af76-1761af7fc3f6-93\" data-testid=\"conversation-turn-188\" data-scroll-anchor=\"true\" data-turn=\"assistant\">\n<div class=\"text-base my-auto mx-auto pb-10 [--thread-content-margin:--spacing(4)] @w-sm\/main:[--thread-content-margin:--spacing(6)] @w-lg\/main:[--thread-content-margin:--spacing(16)] px-(--thread-content-margin)\">\n<div class=\"[--thread-content-max-width:40rem] @w-lg\/main:[--thread-content-max-width:48rem] mx-auto max-w-(--thread-content-max-width) flex-1 group\/turn-messages focus-visible:outline-hidden relative flex w-full min-w-0 flex-col agent-turn\" tabindex=\"-1\">\n<div class=\"flex max-w-full flex-col grow\">\n<div class=\"min-h-8 text-message relative flex w-full flex-col items-end gap-2 text-start break-words whitespace-normal [.text-message+&amp;]:mt-1\" dir=\"auto\" data-message-author-role=\"assistant\" data-message-id=\"99289aab-e3b4-4f6b-b1b3-fdb26ff7c931\" data-message-model-slug=\"gpt-5-2\">\n<div class=\"flex w-full flex-col gap-1 empty:hidden first:pt-[1px]\">\n<div class=\"markdown prose dark:prose-invert w-full wrap-break-word dark markdown-new-styling\">\n<p data-start=\"1193\" data-end=\"1225\"><strong data-start=\"1193\" data-end=\"1223\">Tobrin 0,3% Augensalbe 5 g<\/strong><\/p>\n<p data-start=\"1227\" data-end=\"1262\"><strong data-start=\"1227\" data-end=\"1241\">Wirkstoff:<\/strong><br data-start=\"1241\" data-end=\"1244\" \/>Tobramycin 0,3 %<\/p>\n<p data-start=\"1264\" data-end=\"1429\"><strong data-start=\"1264\" data-end=\"1281\">Indikationen:<\/strong><br data-start=\"1281\" data-end=\"1284\" \/>Anwendung zur Behandlung bakterieller Augeninfektionen, einschlie\u00dflich:<br data-start=\"1355\" data-end=\"1358\" \/>Konjunktivitis<br data-start=\"1372\" data-end=\"1375\" \/>Keratitis<br data-start=\"1384\" data-end=\"1387\" \/>Blepharitis durch empfindliche Bakterien<\/p>\n<p data-start=\"1431\" data-end=\"1737\"><strong data-start=\"1431\" data-end=\"1445\">Dosierung:<\/strong><br data-start=\"1445\" data-end=\"1448\" \/><strong data-start=\"1448\" data-end=\"1474\">Erwachsene und Kinder:<\/strong> Einen ca. 1 cm langen Salbenstrang 2\u20133-mal t\u00e4glich in den Bindehautsack des unteren Augenlids einbringen oder gem\u00e4\u00df \u00e4rztlicher Verordnung.<br data-start=\"1613\" data-end=\"1616\" \/>Die Tubenspitze nicht mit dem Auge oder umliegenden Bereichen in Ber\u00fchrung bringen, um eine Kontamination zu vermeiden.<\/p>\n<p data-start=\"1739\" data-end=\"1899\"><strong data-start=\"1739\" data-end=\"1762\">Kontraindikationen:<\/strong><br data-start=\"1762\" data-end=\"1765\" \/>\u00dcberempfindlichkeit gegen Tobramycin oder andere Aminoglykoside.<br data-start=\"1829\" data-end=\"1832\" \/>Virale oder fungale Augeninfektionen ohne entsprechende Therapie.<\/p>\n<p data-start=\"1901\" data-end=\"2051\"><strong data-start=\"1901\" data-end=\"1920\">Nebenwirkungen:<\/strong><br data-start=\"1920\" data-end=\"1923\" \/>Leichtes Brennen oder Stechen<br data-start=\"1952\" data-end=\"1955\" \/>Vor\u00fcbergehend verschwommenes Sehen<br data-start=\"1989\" data-end=\"1992\" \/>Augenreizung oder R\u00f6tung<br data-start=\"2016\" data-end=\"2019\" \/>Selten: allergische Reaktionen<\/p>\n<p data-start=\"2053\" data-end=\"2250\"><strong data-start=\"2053\" data-end=\"2074\">Wechselwirkungen:<\/strong><br data-start=\"2074\" data-end=\"2077\" \/>Vorsicht bei gleichzeitiger Anwendung anderer topischer ophthalmischer Arzneimittel.<br data-start=\"2161\" data-end=\"2164\" \/>Gleichzeitige Anwendung mit anderen aminoglykosidhaltigen Augenpr\u00e4paraten vermeiden.<\/p>\n<p data-start=\"2252\" data-end=\"2394\" data-is-last-node=\"\" data-is-only-node=\"\"><strong data-start=\"2252\" data-end=\"2265\">Lagerung:<\/strong><br data-start=\"2265\" data-end=\"2268\" \/>Bei Raumtemperatur lagern, vor Licht und Hitze sch\u00fctzen.<br data-start=\"2324\" data-end=\"2327\" \/>Die Tube fest verschlossen und f\u00fcr Kinder unzug\u00e4nglich aufbewahren.<\/p>\n<\/div>\n<\/div>\n<\/div>\n<\/div>\n<div class=\"z-0 flex min-h-[46px] justify-start\"><\/div>\n<div class=\"mt-3 w-full empty:hidden\">\n<div class=\"text-center\"><\/div>\n<\/div>\n<\/div>\n<\/div>\n<\/article>\n<\/div>\n<div class=\"pointer-events-none h-px w-px absolute bottom-0\" aria-hidden=\"true\" data-edge=\"true\"><\/div>\n<div id=\"gtx-trans\" style=\"position: absolute; left: 161px; top: 33.2222px;\">\n<div class=\"gtx-trans-icon\"><\/div>\n<\/div>\n","protected":false},"excerpt":{"rendered":"<p>Tobrin 0,3% Augensalbe 5 g Wirkstoff:Tobramycin 0,3 % Indikationen:Anwendung zur Behandlung bakterieller Augeninfektionen, einschlie\u00dflich:KonjunktivitisKeratitisBlepharitis durch empfindliche Bakterien Dosierung:Erwachsene und Kinder: Einen ca. 1 cm langen Salbenstrang 2\u20133-mal t\u00e4glich in den Bindehautsack des unteren Augenlids einbringen oder gem\u00e4\u00df \u00e4rztlicher Verordnung.Die Tubenspitze nicht mit dem Auge oder umliegenden Bereichen in Ber\u00fchrung bringen, um eine Kontamination zu vermeiden&#8230;.<\/p>\n","protected":false},"featured_media":10676,"comment_status":"open","ping_status":"closed","template":"","meta":{"rs_blank_template":"","rs_page_bg_color":"","slide_template_v7":"","_bst_post_transparent":"default","_bst_post_title":"","_bst_post_layout":"default","_bst_post_sidebar_id":"","_bst_post_content_style":"default","_bst_post_vertical_padding":"default","_bst_post_feature":"","_bst_post_feature_position":"","_bst_post_header":false,"_bst_post_footer":false},"product_brand":[],"product_cat":[237,375,307,351,217],"product_tag":[],"product_brands":[],"class_list":{"0":"post-10677","1":"product","2":"type-product","3":"status-publish","4":"has-post-thumbnail","6":"product_cat-eye-ear-medications","7":"product_cat-eye-ointment","8":"product_cat-optical-antibiotic","9":"product_cat-medical-forms","10":"product_cat-medicines","12":"first","13":"instock","14":"shipping-taxable","15":"purchasable","16":"product-type-simple","17":"entry","18":"content-bg","19":"loop-entry"},"_links":{"self":[{"href":"https:\/\/nawarpharmacy.com\/de\/wp-json\/wp\/v2\/product\/10677","targetHints":{"allow":["GET"]}}],"collection":[{"href":"https:\/\/nawarpharmacy.com\/de\/wp-json\/wp\/v2\/product"}],"about":[{"href":"https:\/\/nawarpharmacy.com\/de\/wp-json\/wp\/v2\/types\/product"}],"replies":[{"embeddable":true,"href":"https:\/\/nawarpharmacy.com\/de\/wp-json\/wp\/v2\/comments?post=10677"}],"wp:featuredmedia":[{"embeddable":true,"href":"https:\/\/nawarpharmacy.com\/de\/wp-json\/wp\/v2\/media\/10676"}],"wp:attachment":[{"href":"https:\/\/nawarpharmacy.com\/de\/wp-json\/wp\/v2\/media?parent=10677"}],"wp:term":[{"taxonomy":"product_brand","embeddable":true,"href":"https:\/\/nawarpharmacy.com\/de\/wp-json\/wp\/v2\/product_brand?post=10677"},{"taxonomy":"product_cat","embeddable":true,"href":"https:\/\/nawarpharmacy.com\/de\/wp-json\/wp\/v2\/product_cat?post=10677"},{"taxonomy":"product_tag","embeddable":true,"href":"https:\/\/nawarpharmacy.com\/de\/wp-json\/wp\/v2\/product_tag?post=10677"},{"taxonomy":"product_brands","embeddable":true,"href":"https:\/\/nawarpharmacy.com\/de\/wp-json\/wp\/v2\/product_brands?post=10677"}],"curies":[{"name":"wp","href":"https:\/\/api.w.org\/{rel}","templated":true}]}}