{"id":10668,"date":"2025-11-19T12:24:39","date_gmt":"2025-11-19T12:24:39","guid":{"rendered":"https:\/\/nawarpharmacy.com\/?post_type=product&#038;p=10668"},"modified":"2026-02-26T22:19:35","modified_gmt":"2026-02-26T22:19:35","slug":"twinzol-eye-drops-5ml","status":"publish","type":"product","link":"https:\/\/nawarpharmacy.com\/de\/produkt\/twinzol-eye-drops-5ml\/","title":{"rendered":"Twinzol Augentropfen 5 ml"},"content":{"rendered":"<div class=\"flex flex-col text-sm pb-25\">\n<article class=\"text-token-text-primary w-full focus:outline-none [--shadow-height:45px] has-data-writing-block:pointer-events-none has-data-writing-block:-mt-(--shadow-height) has-data-writing-block:pt-(--shadow-height) [&amp;:has([data-writing-block])&gt;*]:pointer-events-auto scroll-mt-[calc(var(--header-height)+min(200px,max(70px,20svh)))]\" dir=\"auto\" tabindex=\"-1\" data-turn-id=\"request-WEB:1fb551c8-723f-4635-af76-1761af7fc3f6-91\" data-testid=\"conversation-turn-184\" data-scroll-anchor=\"true\" data-turn=\"assistant\">\n<div class=\"text-base my-auto mx-auto pb-10 [--thread-content-margin:--spacing(4)] @w-sm\/main:[--thread-content-margin:--spacing(6)] @w-lg\/main:[--thread-content-margin:--spacing(16)] px-(--thread-content-margin)\">\n<div class=\"[--thread-content-max-width:40rem] @w-lg\/main:[--thread-content-max-width:48rem] mx-auto max-w-(--thread-content-max-width) flex-1 group\/turn-messages focus-visible:outline-hidden relative flex w-full min-w-0 flex-col agent-turn\" tabindex=\"-1\">\n<div class=\"flex max-w-full flex-col grow\">\n<div class=\"min-h-8 text-message relative flex w-full flex-col items-end gap-2 text-start break-words whitespace-normal [.text-message+&amp;]:mt-1\" dir=\"auto\" data-message-author-role=\"assistant\" data-message-id=\"f4dcb05b-b2fb-44e2-b8c5-3a9294360b5a\" data-message-model-slug=\"gpt-5-2\">\n<div class=\"flex w-full flex-col gap-1 empty:hidden first:pt-[1px]\">\n<div class=\"markdown prose dark:prose-invert w-full wrap-break-word dark markdown-new-styling\">\n<p data-start=\"1217\" data-end=\"1248\"><strong data-start=\"1217\" data-end=\"1246\">Twinzol Augentropfen 5 ml<\/strong><\/p>\n<p data-start=\"1250\" data-end=\"1312\"><strong data-start=\"1250\" data-end=\"1265\">Wirkstoffe:<\/strong><br data-start=\"1265\" data-end=\"1268\" \/>Natriumhyaluronat<br data-start=\"1285\" data-end=\"1288\" \/>Carboxymethylcellulose<\/p>\n<p data-start=\"1314\" data-end=\"1543\"><strong data-start=\"1314\" data-end=\"1331\">Indikationen:<\/strong><br data-start=\"1331\" data-end=\"1334\" \/>Anwendung zur Linderung trockener, gereizter oder m\u00fcder Augen, verursacht durch Umwelteinfl\u00fcsse wie Bildschirmarbeit, Wind oder Klimaanlagen.<br data-start=\"1475\" data-end=\"1478\" \/>Bietet Lubrikation, Befeuchtung und Schutz der Augenoberfl\u00e4che.<\/p>\n<p data-start=\"1545\" data-end=\"1784\"><strong data-start=\"1545\" data-end=\"1559\">Dosierung:<\/strong><br data-start=\"1559\" data-end=\"1562\" \/><strong data-start=\"1562\" data-end=\"1588\">Erwachsene und Kinder:<\/strong> 1\u20132 Tropfen bei Bedarf in das\/die betroffene(n) Auge(n) eintropfen, mehrmals t\u00e4glich m\u00f6glich.<br data-start=\"1682\" data-end=\"1685\" \/>Kontaktlinsen vor der Anwendung entfernen, sofern das Pr\u00e4parat nicht ausdr\u00fccklich kompatibel ist.<\/p>\n<p data-start=\"1786\" data-end=\"1931\"><strong data-start=\"1786\" data-end=\"1809\">Kontraindikationen:<\/strong><br data-start=\"1809\" data-end=\"1812\" \/>\u00dcberempfindlichkeit gegen einen der Bestandteile.<br data-start=\"1861\" data-end=\"1864\" \/>Nicht anwenden, wenn die L\u00f6sung tr\u00fcb ist oder verf\u00e4rbt erscheint.<\/p>\n<p data-start=\"1933\" data-end=\"2071\"><strong data-start=\"1933\" data-end=\"1952\">Nebenwirkungen:<\/strong><br data-start=\"1952\" data-end=\"1955\" \/>Vor\u00fcbergehend verschwommenes Sehen<br data-start=\"1989\" data-end=\"1992\" \/>Leichtes Brennen oder Reizung<br data-start=\"2021\" data-end=\"2024\" \/>Tr\u00e4nende Augen<br data-start=\"2038\" data-end=\"2041\" \/>Selten: allergische Reaktion<\/p>\n<p data-start=\"2073\" data-end=\"2238\"><strong data-start=\"2073\" data-end=\"2094\">Wechselwirkungen:<\/strong><br data-start=\"2094\" data-end=\"2097\" \/>Bei gleichzeitiger Anwendung anderer ophthalmischer Arzneimittel einen Abstand von mindestens 5 Minuten zwischen den Anwendungen einhalten.<\/p>\n<p data-start=\"2240\" data-end=\"2394\" data-is-last-node=\"\" data-is-only-node=\"\"><strong data-start=\"2240\" data-end=\"2253\">Lagerung:<\/strong><br data-start=\"2253\" data-end=\"2256\" \/>Bei Raumtemperatur lagern, vor Hitze und direktem Licht sch\u00fctzen.<br data-start=\"2321\" data-end=\"2324\" \/>Die Flasche fest verschlossen und f\u00fcr Kinder unzug\u00e4nglich aufbewahren.<\/p>\n<\/div>\n<\/div>\n<\/div>\n<\/div>\n<div class=\"z-0 flex min-h-[46px] justify-start\"><\/div>\n<div class=\"mt-3 w-full empty:hidden\">\n<div class=\"text-center\"><\/div>\n<\/div>\n<\/div>\n<\/div>\n<\/article>\n<\/div>\n<div class=\"pointer-events-none h-px w-px absolute bottom-0\" aria-hidden=\"true\" data-edge=\"true\"><\/div>\n<div id=\"gtx-trans\" style=\"position: absolute; left: 143px; top: -17px;\">\n<div class=\"gtx-trans-icon\"><\/div>\n<\/div>\n","protected":false},"excerpt":{"rendered":"<p>Twinzol Augentropfen 5 ml Wirkstoffe:NatriumhyaluronatCarboxymethylcellulose Indikationen:Anwendung zur Linderung trockener, gereizter oder m\u00fcder Augen, verursacht durch Umwelteinfl\u00fcsse wie Bildschirmarbeit, Wind oder Klimaanlagen.Bietet Lubrikation, Befeuchtung und Schutz der Augenoberfl\u00e4che. Dosierung:Erwachsene und Kinder: 1\u20132 Tropfen bei Bedarf in das\/die betroffene(n) Auge(n) eintropfen, mehrmals t\u00e4glich m\u00f6glich.Kontaktlinsen vor der Anwendung entfernen, sofern das Pr\u00e4parat nicht ausdr\u00fccklich kompatibel ist. Kontraindikationen:\u00dcberempfindlichkeit gegen&#8230;<\/p>\n","protected":false},"featured_media":10667,"comment_status":"open","ping_status":"closed","template":"","meta":{"rs_blank_template":"","rs_page_bg_color":"","slide_template_v7":"","_bst_post_transparent":"default","_bst_post_title":"","_bst_post_layout":"default","_bst_post_sidebar_id":"","_bst_post_content_style":"default","_bst_post_vertical_padding":"default","_bst_post_feature":"","_bst_post_feature_position":"","_bst_post_header":false,"_bst_post_footer":false},"product_brand":[],"product_cat":[237,371,351,255,217],"product_tag":[],"product_brands":[],"class_list":{"0":"post-10668","1":"product","2":"type-product","3":"status-publish","4":"has-post-thumbnail","6":"product_cat-eye-ear-medications","7":"product_cat-eye-drops","8":"product_cat-medical-forms","9":"product_cat-glaucoma","10":"product_cat-medicines","12":"first","13":"instock","14":"shipping-taxable","15":"purchasable","16":"product-type-simple","17":"entry","18":"content-bg","19":"loop-entry"},"_links":{"self":[{"href":"https:\/\/nawarpharmacy.com\/de\/wp-json\/wp\/v2\/product\/10668","targetHints":{"allow":["GET"]}}],"collection":[{"href":"https:\/\/nawarpharmacy.com\/de\/wp-json\/wp\/v2\/product"}],"about":[{"href":"https:\/\/nawarpharmacy.com\/de\/wp-json\/wp\/v2\/types\/product"}],"replies":[{"embeddable":true,"href":"https:\/\/nawarpharmacy.com\/de\/wp-json\/wp\/v2\/comments?post=10668"}],"wp:featuredmedia":[{"embeddable":true,"href":"https:\/\/nawarpharmacy.com\/de\/wp-json\/wp\/v2\/media\/10667"}],"wp:attachment":[{"href":"https:\/\/nawarpharmacy.com\/de\/wp-json\/wp\/v2\/media?parent=10668"}],"wp:term":[{"taxonomy":"product_brand","embeddable":true,"href":"https:\/\/nawarpharmacy.com\/de\/wp-json\/wp\/v2\/product_brand?post=10668"},{"taxonomy":"product_cat","embeddable":true,"href":"https:\/\/nawarpharmacy.com\/de\/wp-json\/wp\/v2\/product_cat?post=10668"},{"taxonomy":"product_tag","embeddable":true,"href":"https:\/\/nawarpharmacy.com\/de\/wp-json\/wp\/v2\/product_tag?post=10668"},{"taxonomy":"product_brands","embeddable":true,"href":"https:\/\/nawarpharmacy.com\/de\/wp-json\/wp\/v2\/product_brands?post=10668"}],"curies":[{"name":"wp","href":"https:\/\/api.w.org\/{rel}","templated":true}]}}