{"id":10656,"date":"2025-11-19T12:28:21","date_gmt":"2025-11-19T12:28:21","guid":{"rendered":"https:\/\/nawarpharmacy.com\/?post_type=product&#038;p=10656"},"modified":"2026-02-26T22:16:37","modified_gmt":"2026-02-26T22:16:37","slug":"tebofortin-40mgml-oral-drops-30ml","status":"publish","type":"product","link":"https:\/\/nawarpharmacy.com\/de\/produkt\/tebofortin-40mgml-oral-drops-30ml\/","title":{"rendered":"Tebofortin 40 mg\/ml orale Tropfen 30 ml"},"content":{"rendered":"<div class=\"flex flex-col text-sm pb-25\">\n<article class=\"text-token-text-primary w-full focus:outline-none [--shadow-height:45px] has-data-writing-block:pointer-events-none has-data-writing-block:-mt-(--shadow-height) has-data-writing-block:pt-(--shadow-height) [&amp;:has([data-writing-block])&gt;*]:pointer-events-auto scroll-mt-[calc(var(--header-height)+min(200px,max(70px,20svh)))]\" dir=\"auto\" tabindex=\"-1\" data-turn-id=\"request-WEB:1fb551c8-723f-4635-af76-1761af7fc3f6-88\" data-testid=\"conversation-turn-178\" data-scroll-anchor=\"true\" data-turn=\"assistant\">\n<div class=\"text-base my-auto mx-auto pb-10 [--thread-content-margin:--spacing(4)] @w-sm\/main:[--thread-content-margin:--spacing(6)] @w-lg\/main:[--thread-content-margin:--spacing(16)] px-(--thread-content-margin)\">\n<div class=\"[--thread-content-max-width:40rem] @w-lg\/main:[--thread-content-max-width:48rem] mx-auto max-w-(--thread-content-max-width) flex-1 group\/turn-messages focus-visible:outline-hidden relative flex w-full min-w-0 flex-col agent-turn\" tabindex=\"-1\">\n<div class=\"flex max-w-full flex-col grow\">\n<div class=\"min-h-8 text-message relative flex w-full flex-col items-end gap-2 text-start break-words whitespace-normal [.text-message+&amp;]:mt-1\" dir=\"auto\" data-message-author-role=\"assistant\" data-message-id=\"171241e6-209f-4f50-97a4-2878d4d49c50\" data-message-model-slug=\"gpt-5-2\">\n<div class=\"flex w-full flex-col gap-1 empty:hidden first:pt-[1px]\">\n<div class=\"markdown prose dark:prose-invert w-full wrap-break-word dark markdown-new-styling\">\n<p data-start=\"1386\" data-end=\"1431\"><strong data-start=\"1386\" data-end=\"1429\">Tebofortin 40 mg\/ml orale Tropfen 30 ml<\/strong><\/p>\n<p data-start=\"1433\" data-end=\"1484\"><strong data-start=\"1433\" data-end=\"1447\">Wirkstoff:<\/strong><br data-start=\"1447\" data-end=\"1450\" \/>Riboflavin (Vitamin B2) 40 mg\/ml<\/p>\n<p data-start=\"1486\" data-end=\"1855\"><strong data-start=\"1486\" data-end=\"1503\">Indikationen:<\/strong><br data-start=\"1503\" data-end=\"1506\" \/>Anwendung zur Pr\u00e4vention und Behandlung eines Riboflavinmangels.<br data-start=\"1570\" data-end=\"1573\" \/>Unterst\u00fctzt den Energiestoffwechsel sowie die Gesundheit von Haut, Augen und Nervensystem.<br data-start=\"1663\" data-end=\"1666\" \/>Kann angewendet werden bei Zust\u00e4nden mit erh\u00f6htem Vitamin-B2-Bedarf, wie:<br data-start=\"1739\" data-end=\"1742\" \/>Unzureichende Nahrungsaufnahme<br data-start=\"1772\" data-end=\"1775\" \/>Bestimmte Stoffwechselst\u00f6rungen<br data-start=\"1806\" data-end=\"1809\" \/>Rekonvaleszenz nach Krankheit oder Operation<\/p>\n<p data-start=\"1857\" data-end=\"2082\"><strong data-start=\"1857\" data-end=\"1871\">Dosierung:<\/strong><br data-start=\"1871\" data-end=\"1874\" \/><strong data-start=\"1874\" data-end=\"1889\">Erwachsene:<\/strong> 10\u201320 Tropfen 2\u20133-mal t\u00e4glich oder gem\u00e4\u00df \u00e4rztlicher Verordnung.<br data-start=\"1953\" data-end=\"1956\" \/><strong data-start=\"1956\" data-end=\"1967\">Kinder:<\/strong> Dosisanpassung entsprechend Alter und K\u00f6rpergewicht; \u00e4rztliche Anweisung befolgen.<br data-start=\"2050\" data-end=\"2053\" \/>Vor Gebrauch gut sch\u00fctteln.<\/p>\n<p data-start=\"2084\" data-end=\"2204\"><strong data-start=\"2084\" data-end=\"2107\">Kontraindikationen:<\/strong><br data-start=\"2107\" data-end=\"2110\" \/>\u00dcberempfindlichkeit gegen Riboflavin oder einen der sonstigen Bestandteile der Formulierung.<\/p>\n<p data-start=\"2206\" data-end=\"2357\"><strong data-start=\"2206\" data-end=\"2225\">Nebenwirkungen:<\/strong><br data-start=\"2225\" data-end=\"2228\" \/>Im Allgemeinen gut vertr\u00e4glich<br data-start=\"2258\" data-end=\"2261\" \/>Leuchtend gelbe Verf\u00e4rbung des Urins (harmlos)<br data-start=\"2307\" data-end=\"2310\" \/>Selten: leichte gastrointestinale Beschwerden<\/p>\n<p data-start=\"2359\" data-end=\"2531\"><strong data-start=\"2359\" data-end=\"2380\">Wechselwirkungen:<\/strong><br data-start=\"2380\" data-end=\"2383\" \/>Keine klinisch relevanten Wechselwirkungen bekannt.<br data-start=\"2434\" data-end=\"2437\" \/>Kann sicher zusammen mit anderen Vitaminen oder Nahrungserg\u00e4nzungsmitteln angewendet werden.<\/p>\n<p data-start=\"2533\" data-end=\"2700\" data-is-last-node=\"\" data-is-only-node=\"\"><strong data-start=\"2533\" data-end=\"2546\">Lagerung:<\/strong><br data-start=\"2546\" data-end=\"2549\" \/>Bei Raumtemperatur lagern, vor Hitze und direkter Sonneneinstrahlung sch\u00fctzen.<br data-start=\"2627\" data-end=\"2630\" \/>Die Flasche fest verschlossen und f\u00fcr Kinder unzug\u00e4nglich aufbewahren.<\/p>\n<\/div>\n<\/div>\n<\/div>\n<\/div>\n<div class=\"z-0 flex min-h-[46px] justify-start\"><\/div>\n<div class=\"mt-3 w-full empty:hidden\">\n<div class=\"text-center\"><\/div>\n<\/div>\n<\/div>\n<\/div>\n<\/article>\n<\/div>\n<div class=\"pointer-events-none h-px w-px absolute bottom-0\" aria-hidden=\"true\" data-edge=\"true\"><\/div>\n<div id=\"gtx-trans\" style=\"position: absolute; left: 245px; top: 34px;\">\n<div class=\"gtx-trans-icon\"><\/div>\n<\/div>\n","protected":false},"excerpt":{"rendered":"<p>Tebofortin 40 mg\/ml orale Tropfen 30 ml Wirkstoff:Riboflavin (Vitamin B2) 40 mg\/ml Indikationen:Anwendung zur Pr\u00e4vention und Behandlung eines Riboflavinmangels.Unterst\u00fctzt den Energiestoffwechsel sowie die Gesundheit von Haut, Augen und Nervensystem.Kann angewendet werden bei Zust\u00e4nden mit erh\u00f6htem Vitamin-B2-Bedarf, wie:Unzureichende NahrungsaufnahmeBestimmte Stoffwechselst\u00f6rungenRekonvaleszenz nach Krankheit oder Operation Dosierung:Erwachsene: 10\u201320 Tropfen 2\u20133-mal t\u00e4glich oder gem\u00e4\u00df \u00e4rztlicher Verordnung.Kinder: Dosisanpassung entsprechend Alter&#8230;<\/p>\n","protected":false},"featured_media":10655,"comment_status":"open","ping_status":"closed","template":"","meta":{"rs_blank_template":"","rs_page_bg_color":"","slide_template_v7":"","_bst_post_transparent":"default","_bst_post_title":"","_bst_post_layout":"default","_bst_post_sidebar_id":"","_bst_post_content_style":"default","_bst_post_vertical_padding":"default","_bst_post_feature":"","_bst_post_feature_position":"","_bst_post_header":false,"_bst_post_footer":false},"product_brand":[],"product_cat":[351,217,277,361,229],"product_tag":[],"product_brands":[],"class_list":{"0":"post-10656","1":"product","2":"type-product","3":"status-publish","4":"has-post-thumbnail","6":"product_cat-medical-forms","7":"product_cat-medicines","8":"product_cat-nervous-system-medications","9":"product_cat-oral-drops","10":"product_cat-vitamins-general-supplements","12":"first","13":"instock","14":"shipping-taxable","15":"purchasable","16":"product-type-simple","17":"entry","18":"content-bg","19":"loop-entry"},"_links":{"self":[{"href":"https:\/\/nawarpharmacy.com\/de\/wp-json\/wp\/v2\/product\/10656","targetHints":{"allow":["GET"]}}],"collection":[{"href":"https:\/\/nawarpharmacy.com\/de\/wp-json\/wp\/v2\/product"}],"about":[{"href":"https:\/\/nawarpharmacy.com\/de\/wp-json\/wp\/v2\/types\/product"}],"replies":[{"embeddable":true,"href":"https:\/\/nawarpharmacy.com\/de\/wp-json\/wp\/v2\/comments?post=10656"}],"wp:featuredmedia":[{"embeddable":true,"href":"https:\/\/nawarpharmacy.com\/de\/wp-json\/wp\/v2\/media\/10655"}],"wp:attachment":[{"href":"https:\/\/nawarpharmacy.com\/de\/wp-json\/wp\/v2\/media?parent=10656"}],"wp:term":[{"taxonomy":"product_brand","embeddable":true,"href":"https:\/\/nawarpharmacy.com\/de\/wp-json\/wp\/v2\/product_brand?post=10656"},{"taxonomy":"product_cat","embeddable":true,"href":"https:\/\/nawarpharmacy.com\/de\/wp-json\/wp\/v2\/product_cat?post=10656"},{"taxonomy":"product_tag","embeddable":true,"href":"https:\/\/nawarpharmacy.com\/de\/wp-json\/wp\/v2\/product_tag?post=10656"},{"taxonomy":"product_brands","embeddable":true,"href":"https:\/\/nawarpharmacy.com\/de\/wp-json\/wp\/v2\/product_brands?post=10656"}],"curies":[{"name":"wp","href":"https:\/\/api.w.org\/{rel}","templated":true}]}}