{"id":10648,"date":"2025-11-19T12:32:52","date_gmt":"2025-11-19T12:32:52","guid":{"rendered":"https:\/\/nawarpharmacy.com\/?post_type=product&#038;p=10648"},"modified":"2026-02-26T22:15:05","modified_gmt":"2026-02-26T22:15:05","slug":"tears-gurad-eye-drops-15-ml","status":"publish","type":"product","link":"https:\/\/nawarpharmacy.com\/de\/produkt\/tears-gurad-eye-drops-15-ml\/","title":{"rendered":"Tears Guard Augentropfen 15 ml"},"content":{"rendered":"<div class=\"flex flex-col text-sm pb-25\">\n<article class=\"text-token-text-primary w-full focus:outline-none [--shadow-height:45px] has-data-writing-block:pointer-events-none has-data-writing-block:-mt-(--shadow-height) has-data-writing-block:pt-(--shadow-height) [&amp;:has([data-writing-block])&gt;*]:pointer-events-auto scroll-mt-[calc(var(--header-height)+min(200px,max(70px,20svh)))]\" dir=\"auto\" tabindex=\"-1\" data-turn-id=\"request-WEB:1fb551c8-723f-4635-af76-1761af7fc3f6-86\" data-testid=\"conversation-turn-174\" data-scroll-anchor=\"true\" data-turn=\"assistant\">\n<div class=\"text-base my-auto mx-auto pb-10 [--thread-content-margin:--spacing(4)] @w-sm\/main:[--thread-content-margin:--spacing(6)] @w-lg\/main:[--thread-content-margin:--spacing(16)] px-(--thread-content-margin)\">\n<div class=\"[--thread-content-max-width:40rem] @w-lg\/main:[--thread-content-max-width:48rem] mx-auto max-w-(--thread-content-max-width) flex-1 group\/turn-messages focus-visible:outline-hidden relative flex w-full min-w-0 flex-col agent-turn\" tabindex=\"-1\">\n<div class=\"flex max-w-full flex-col grow\">\n<div class=\"min-h-8 text-message relative flex w-full flex-col items-end gap-2 text-start break-words whitespace-normal [.text-message+&amp;]:mt-1\" dir=\"auto\" data-message-author-role=\"assistant\" data-message-id=\"45d0a499-969b-421c-b15e-1b64957f5fb9\" data-message-model-slug=\"gpt-5-2\">\n<div class=\"flex w-full flex-col gap-1 empty:hidden first:pt-[1px]\">\n<div class=\"markdown prose dark:prose-invert w-full wrap-break-word dark markdown-new-styling\">\n<p data-start=\"1216\" data-end=\"1252\"><strong data-start=\"1216\" data-end=\"1250\">Tears Guard Augentropfen 15 ml<\/strong><\/p>\n<p data-start=\"1254\" data-end=\"1313\"><strong data-start=\"1254\" data-end=\"1269\">Wirkstoffe:<\/strong><br data-start=\"1269\" data-end=\"1272\" \/>Carboxymethylcellulose 0,5 %<br data-start=\"1300\" data-end=\"1303\" \/>Glycerin<\/p>\n<p data-start=\"1315\" data-end=\"1544\"><strong data-start=\"1315\" data-end=\"1332\">Indikationen:<\/strong><br data-start=\"1332\" data-end=\"1335\" \/>Anwendung zur Linderung trockener, gereizter oder m\u00fcder Augen, verursacht durch Umwelteinfl\u00fcsse wie Bildschirmarbeit, Wind oder Klimaanlagen.<br data-start=\"1476\" data-end=\"1479\" \/>Bietet Lubrikation, Befeuchtung und Schutz der Augenoberfl\u00e4che.<\/p>\n<p data-start=\"1546\" data-end=\"1785\"><strong data-start=\"1546\" data-end=\"1560\">Dosierung:<\/strong><br data-start=\"1560\" data-end=\"1563\" \/><strong data-start=\"1563\" data-end=\"1589\">Erwachsene und Kinder:<\/strong> 1\u20132 Tropfen bei Bedarf in das\/die betroffene(n) Auge(n) eintropfen, mehrmals t\u00e4glich m\u00f6glich.<br data-start=\"1683\" data-end=\"1686\" \/>Kontaktlinsen vor der Anwendung entfernen, sofern das Pr\u00e4parat nicht ausdr\u00fccklich kompatibel ist.<\/p>\n<p data-start=\"1787\" data-end=\"1932\"><strong data-start=\"1787\" data-end=\"1810\">Kontraindikationen:<\/strong><br data-start=\"1810\" data-end=\"1813\" \/>\u00dcberempfindlichkeit gegen einen der Bestandteile.<br data-start=\"1862\" data-end=\"1865\" \/>Nicht anwenden, wenn die L\u00f6sung tr\u00fcb ist oder verf\u00e4rbt erscheint.<\/p>\n<p data-start=\"1934\" data-end=\"2072\"><strong data-start=\"1934\" data-end=\"1953\">Nebenwirkungen:<\/strong><br data-start=\"1953\" data-end=\"1956\" \/>Vor\u00fcbergehend verschwommenes Sehen<br data-start=\"1990\" data-end=\"1993\" \/>Leichtes Brennen oder Reizung<br data-start=\"2022\" data-end=\"2025\" \/>Tr\u00e4nende Augen<br data-start=\"2039\" data-end=\"2042\" \/>Selten: allergische Reaktion<\/p>\n<p data-start=\"2074\" data-end=\"2239\"><strong data-start=\"2074\" data-end=\"2095\">Wechselwirkungen:<\/strong><br data-start=\"2095\" data-end=\"2098\" \/>Bei gleichzeitiger Anwendung anderer ophthalmischer Arzneimittel einen Abstand von mindestens 5 Minuten zwischen den Anwendungen einhalten.<\/p>\n<p data-start=\"2241\" data-end=\"2395\" data-is-last-node=\"\" data-is-only-node=\"\"><strong data-start=\"2241\" data-end=\"2254\">Lagerung:<\/strong><br data-start=\"2254\" data-end=\"2257\" \/>Bei Raumtemperatur lagern, vor Hitze und direktem Licht sch\u00fctzen.<br data-start=\"2322\" data-end=\"2325\" \/>Die Flasche fest verschlossen und f\u00fcr Kinder unzug\u00e4nglich aufbewahren.<\/p>\n<\/div>\n<\/div>\n<\/div>\n<\/div>\n<div class=\"z-0 flex min-h-[46px] justify-start\"><\/div>\n<div class=\"mt-3 w-full empty:hidden\">\n<div class=\"text-center\"><\/div>\n<\/div>\n<\/div>\n<\/div>\n<\/article>\n<\/div>\n<div class=\"pointer-events-none h-px w-px absolute bottom-0\" aria-hidden=\"true\" data-edge=\"true\"><\/div>\n<div id=\"gtx-trans\" style=\"position: absolute; left: 167px; top: -17px;\">\n<div class=\"gtx-trans-icon\"><\/div>\n<\/div>\n","protected":false},"excerpt":{"rendered":"<p>Tears Guard Augentropfen 15 ml Wirkstoffe:Carboxymethylcellulose 0,5 %Glycerin Indikationen:Anwendung zur Linderung trockener, gereizter oder m\u00fcder Augen, verursacht durch Umwelteinfl\u00fcsse wie Bildschirmarbeit, Wind oder Klimaanlagen.Bietet Lubrikation, Befeuchtung und Schutz der Augenoberfl\u00e4che. Dosierung:Erwachsene und Kinder: 1\u20132 Tropfen bei Bedarf in das\/die betroffene(n) Auge(n) eintropfen, mehrmals t\u00e4glich m\u00f6glich.Kontaktlinsen vor der Anwendung entfernen, sofern das Pr\u00e4parat nicht ausdr\u00fccklich kompatibel&#8230;<\/p>\n","protected":false},"featured_media":10647,"comment_status":"open","ping_status":"closed","template":"","meta":{"rs_blank_template":"","rs_page_bg_color":"","slide_template_v7":"","_bst_post_transparent":"default","_bst_post_title":"","_bst_post_layout":"default","_bst_post_sidebar_id":"","_bst_post_content_style":"default","_bst_post_vertical_padding":"default","_bst_post_feature":"","_bst_post_feature_position":"","_bst_post_header":false,"_bst_post_footer":false},"product_brand":[],"product_cat":[237,371,217,269],"product_tag":[],"product_brands":[],"class_list":{"0":"post-10648","1":"product","2":"type-product","3":"status-publish","4":"has-post-thumbnail","6":"product_cat-eye-ear-medications","7":"product_cat-eye-drops","8":"product_cat-medicines","9":"product_cat-dry-eye","11":"first","12":"instock","13":"shipping-taxable","14":"purchasable","15":"product-type-simple","16":"entry","17":"content-bg","18":"loop-entry"},"_links":{"self":[{"href":"https:\/\/nawarpharmacy.com\/de\/wp-json\/wp\/v2\/product\/10648","targetHints":{"allow":["GET"]}}],"collection":[{"href":"https:\/\/nawarpharmacy.com\/de\/wp-json\/wp\/v2\/product"}],"about":[{"href":"https:\/\/nawarpharmacy.com\/de\/wp-json\/wp\/v2\/types\/product"}],"replies":[{"embeddable":true,"href":"https:\/\/nawarpharmacy.com\/de\/wp-json\/wp\/v2\/comments?post=10648"}],"wp:featuredmedia":[{"embeddable":true,"href":"https:\/\/nawarpharmacy.com\/de\/wp-json\/wp\/v2\/media\/10647"}],"wp:attachment":[{"href":"https:\/\/nawarpharmacy.com\/de\/wp-json\/wp\/v2\/media?parent=10648"}],"wp:term":[{"taxonomy":"product_brand","embeddable":true,"href":"https:\/\/nawarpharmacy.com\/de\/wp-json\/wp\/v2\/product_brand?post=10648"},{"taxonomy":"product_cat","embeddable":true,"href":"https:\/\/nawarpharmacy.com\/de\/wp-json\/wp\/v2\/product_cat?post=10648"},{"taxonomy":"product_tag","embeddable":true,"href":"https:\/\/nawarpharmacy.com\/de\/wp-json\/wp\/v2\/product_tag?post=10648"},{"taxonomy":"product_brands","embeddable":true,"href":"https:\/\/nawarpharmacy.com\/de\/wp-json\/wp\/v2\/product_brands?post=10648"}],"curies":[{"name":"wp","href":"https:\/\/api.w.org\/{rel}","templated":true}]}}