{"id":10640,"date":"2025-11-19T12:35:03","date_gmt":"2025-11-19T12:35:03","guid":{"rendered":"https:\/\/nawarpharmacy.com\/?post_type=product&#038;p=10640"},"modified":"2026-02-26T22:13:27","modified_gmt":"2026-02-26T22:13:27","slug":"ticanase-plus-nasal-spray-15ml","status":"publish","type":"product","link":"https:\/\/nawarpharmacy.com\/de\/produkt\/ticanase-plus-nasal-spray-15ml\/","title":{"rendered":"Ticanase Plus Nasenspray 15 ml"},"content":{"rendered":"<div class=\"flex flex-col text-sm pb-25\">\n<article class=\"text-token-text-primary w-full focus:outline-none [--shadow-height:45px] has-data-writing-block:pointer-events-none has-data-writing-block:-mt-(--shadow-height) has-data-writing-block:pt-(--shadow-height) [&amp;:has([data-writing-block])&gt;*]:pointer-events-auto scroll-mt-[calc(var(--header-height)+min(200px,max(70px,20svh)))]\" dir=\"auto\" tabindex=\"-1\" data-turn-id=\"request-WEB:1fb551c8-723f-4635-af76-1761af7fc3f6-84\" data-testid=\"conversation-turn-170\" data-scroll-anchor=\"true\" data-turn=\"assistant\">\n<div class=\"text-base my-auto mx-auto pb-10 [--thread-content-margin:--spacing(4)] @w-sm\/main:[--thread-content-margin:--spacing(6)] @w-lg\/main:[--thread-content-margin:--spacing(16)] px-(--thread-content-margin)\">\n<div class=\"[--thread-content-max-width:40rem] @w-lg\/main:[--thread-content-max-width:48rem] mx-auto max-w-(--thread-content-max-width) flex-1 group\/turn-messages focus-visible:outline-hidden relative flex w-full min-w-0 flex-col agent-turn\" tabindex=\"-1\">\n<div class=\"flex max-w-full flex-col grow\">\n<div class=\"min-h-8 text-message relative flex w-full flex-col items-end gap-2 text-start break-words whitespace-normal [.text-message+&amp;]:mt-1\" dir=\"auto\" data-message-author-role=\"assistant\" data-message-id=\"f6273b73-7936-4fff-89f2-47585762828e\" data-message-model-slug=\"gpt-5-2\">\n<div class=\"flex w-full flex-col gap-1 empty:hidden first:pt-[1px]\">\n<div class=\"markdown prose dark:prose-invert w-full wrap-break-word dark markdown-new-styling\">\n<p data-start=\"1462\" data-end=\"1498\"><strong data-start=\"1462\" data-end=\"1496\">Ticanase Plus Nasenspray 15 ml<\/strong><\/p>\n<p data-start=\"1500\" data-end=\"1568\"><strong data-start=\"1500\" data-end=\"1515\">Wirkstoffe:<\/strong><br data-start=\"1515\" data-end=\"1518\" \/>Beclometasondipropionat 0,05 %<br data-start=\"1548\" data-end=\"1551\" \/>Clotrimazol 1 %<\/p>\n<p data-start=\"1570\" data-end=\"1832\"><strong data-start=\"1570\" data-end=\"1587\">Indikationen:<\/strong><br data-start=\"1587\" data-end=\"1590\" \/>Anwendung zur Behandlung von Nasenentz\u00fcndungen bei Risiko oder Vorliegen einer Pilzinfektion, einschlie\u00dflich:<br data-start=\"1699\" data-end=\"1702\" \/>Allergischer Rhinitis mit sekund\u00e4rer Pilzbesiedelung<br data-start=\"1754\" data-end=\"1757\" \/>Chronischer Nasenentz\u00fcndung, die gegen\u00fcber Standardtherapie resistent ist<\/p>\n<p data-start=\"1834\" data-end=\"2103\"><strong data-start=\"1834\" data-end=\"1848\">Dosierung:<\/strong><br data-start=\"1848\" data-end=\"1851\" \/><strong data-start=\"1851\" data-end=\"1890\">Erwachsene und Kinder \u00fcber 6 Jahre:<\/strong> 1\u20132 Spr\u00fchst\u00f6\u00dfe in jedes Nasenloch ein- oder zweimal t\u00e4glich oder gem\u00e4\u00df \u00e4rztlicher Verordnung.<br data-start=\"1984\" data-end=\"1987\" \/>Vor Gebrauch gut sch\u00fctteln.<br data-start=\"2014\" data-end=\"2017\" \/>Vor der Anwendung die Nase vorsichtig schn\u00e4uzen, um optimale Ergebnisse zu erzielen.<\/p>\n<p data-start=\"2105\" data-end=\"2297\"><strong data-start=\"2105\" data-end=\"2128\">Kontraindikationen:<\/strong><br data-start=\"2128\" data-end=\"2131\" \/>\u00dcberempfindlichkeit gegen Beclometason, Clotrimazol oder einen der sonstigen Bestandteile der Formulierung.<br data-start=\"2238\" data-end=\"2241\" \/>Unbehandelte bakterielle oder virale Naseninfektionen.<\/p>\n<p data-start=\"2299\" data-end=\"2517\"><strong data-start=\"2299\" data-end=\"2318\">Nebenwirkungen:<\/strong><br data-start=\"2318\" data-end=\"2321\" \/>Leichte nasale Reizung oder Brennen<br data-start=\"2356\" data-end=\"2359\" \/>Trockenheit der Nasenpassagen<br data-start=\"2388\" data-end=\"2391\" \/>Niesen unmittelbar nach der Anwendung<br data-start=\"2428\" data-end=\"2431\" \/>Selten: Nasenbluten, Kopfschmerzen, lokale Pilzinfektionen oder allergische Reaktion<\/p>\n<p data-start=\"2519\" data-end=\"2708\"><strong data-start=\"2519\" data-end=\"2540\">Wechselwirkungen:<\/strong><br data-start=\"2540\" data-end=\"2543\" \/>Vorsicht bei gleichzeitiger Anwendung anderer Kortikosteroide oder Antimykotika.<br data-start=\"2623\" data-end=\"2626\" \/>\u00dcberwachung empfohlen bei gleichzeitiger Anwendung systemischer Kortikosteroide.<\/p>\n<p data-start=\"2710\" data-end=\"2855\" data-is-last-node=\"\" data-is-only-node=\"\"><strong data-start=\"2710\" data-end=\"2723\">Lagerung:<\/strong><br data-start=\"2723\" data-end=\"2726\" \/>Bei Raumtemperatur lagern, vor Hitze und Licht sch\u00fctzen.<br data-start=\"2782\" data-end=\"2785\" \/>Die Flasche fest verschlossen und f\u00fcr Kinder unzug\u00e4nglich aufbewahren.<\/p>\n<\/div>\n<\/div>\n<\/div>\n<\/div>\n<div class=\"z-0 flex min-h-[46px] justify-start\"><\/div>\n<div class=\"mt-3 w-full empty:hidden\">\n<div class=\"text-center\"><\/div>\n<\/div>\n<\/div>\n<\/div>\n<\/article>\n<\/div>\n<div class=\"pointer-events-none h-px w-px absolute bottom-0\" aria-hidden=\"true\" data-edge=\"true\"><\/div>\n<div id=\"gtx-trans\" style=\"position: absolute; left: 183px; top: 34px;\">\n<div class=\"gtx-trans-icon\"><\/div>\n<\/div>\n","protected":false},"excerpt":{"rendered":"<p>Ticanase Plus Nasenspray 15 ml Wirkstoffe:Beclometasondipropionat 0,05 %Clotrimazol 1 % Indikationen:Anwendung zur Behandlung von Nasenentz\u00fcndungen bei Risiko oder Vorliegen einer Pilzinfektion, einschlie\u00dflich:Allergischer Rhinitis mit sekund\u00e4rer PilzbesiedelungChronischer Nasenentz\u00fcndung, die gegen\u00fcber Standardtherapie resistent ist Dosierung:Erwachsene und Kinder \u00fcber 6 Jahre: 1\u20132 Spr\u00fchst\u00f6\u00dfe in jedes Nasenloch ein- oder zweimal t\u00e4glich oder gem\u00e4\u00df \u00e4rztlicher Verordnung.Vor Gebrauch gut sch\u00fctteln.Vor der&#8230;<\/p>\n","protected":false},"featured_media":10639,"comment_status":"open","ping_status":"closed","template":"","meta":{"rs_blank_template":"","rs_page_bg_color":"","slide_template_v7":"","_bst_post_transparent":"default","_bst_post_title":"","_bst_post_layout":"default","_bst_post_sidebar_id":"","_bst_post_content_style":"default","_bst_post_vertical_padding":"default","_bst_post_feature":"","_bst_post_feature_position":"","_bst_post_header":false,"_bst_post_footer":false},"product_brand":[],"product_cat":[351,217,373,251],"product_tag":[],"product_brands":[],"class_list":{"0":"post-10640","1":"product","2":"type-product","3":"status-publish","4":"has-post-thumbnail","6":"product_cat-medical-forms","7":"product_cat-medicines","8":"product_cat-nasal-spray","9":"product_cat-nasal-decongestant","11":"first","12":"instock","13":"shipping-taxable","14":"purchasable","15":"product-type-simple","16":"entry","17":"content-bg","18":"loop-entry"},"_links":{"self":[{"href":"https:\/\/nawarpharmacy.com\/de\/wp-json\/wp\/v2\/product\/10640","targetHints":{"allow":["GET"]}}],"collection":[{"href":"https:\/\/nawarpharmacy.com\/de\/wp-json\/wp\/v2\/product"}],"about":[{"href":"https:\/\/nawarpharmacy.com\/de\/wp-json\/wp\/v2\/types\/product"}],"replies":[{"embeddable":true,"href":"https:\/\/nawarpharmacy.com\/de\/wp-json\/wp\/v2\/comments?post=10640"}],"wp:featuredmedia":[{"embeddable":true,"href":"https:\/\/nawarpharmacy.com\/de\/wp-json\/wp\/v2\/media\/10639"}],"wp:attachment":[{"href":"https:\/\/nawarpharmacy.com\/de\/wp-json\/wp\/v2\/media?parent=10640"}],"wp:term":[{"taxonomy":"product_brand","embeddable":true,"href":"https:\/\/nawarpharmacy.com\/de\/wp-json\/wp\/v2\/product_brand?post=10640"},{"taxonomy":"product_cat","embeddable":true,"href":"https:\/\/nawarpharmacy.com\/de\/wp-json\/wp\/v2\/product_cat?post=10640"},{"taxonomy":"product_tag","embeddable":true,"href":"https:\/\/nawarpharmacy.com\/de\/wp-json\/wp\/v2\/product_tag?post=10640"},{"taxonomy":"product_brands","embeddable":true,"href":"https:\/\/nawarpharmacy.com\/de\/wp-json\/wp\/v2\/product_brands?post=10640"}],"curies":[{"name":"wp","href":"https:\/\/api.w.org\/{rel}","templated":true}]}}