{"id":10636,"date":"2025-11-19T12:36:06","date_gmt":"2025-11-19T12:36:06","guid":{"rendered":"https:\/\/nawarpharmacy.com\/?post_type=product&#038;p=10636"},"modified":"2026-02-26T22:12:41","modified_gmt":"2026-02-26T22:12:41","slug":"ticanase-nasal-spray-12ml","status":"publish","type":"product","link":"https:\/\/nawarpharmacy.com\/de\/produkt\/ticanase-nasal-spray-12ml\/","title":{"rendered":"Ticanase Nasenspray 12 ml"},"content":{"rendered":"<div class=\"flex flex-col text-sm pb-25\">\n<article class=\"text-token-text-primary w-full focus:outline-none [--shadow-height:45px] has-data-writing-block:pointer-events-none has-data-writing-block:-mt-(--shadow-height) has-data-writing-block:pt-(--shadow-height) [&amp;:has([data-writing-block])&gt;*]:pointer-events-auto scroll-mt-[calc(var(--header-height)+min(200px,max(70px,20svh)))]\" dir=\"auto\" tabindex=\"-1\" data-turn-id=\"request-WEB:1fb551c8-723f-4635-af76-1761af7fc3f6-83\" data-testid=\"conversation-turn-168\" data-scroll-anchor=\"true\" data-turn=\"assistant\">\n<div class=\"text-base my-auto mx-auto pb-10 [--thread-content-margin:--spacing(4)] @w-sm\/main:[--thread-content-margin:--spacing(6)] @w-lg\/main:[--thread-content-margin:--spacing(16)] px-(--thread-content-margin)\">\n<div class=\"[--thread-content-max-width:40rem] @w-lg\/main:[--thread-content-max-width:48rem] mx-auto max-w-(--thread-content-max-width) flex-1 group\/turn-messages focus-visible:outline-hidden relative flex w-full min-w-0 flex-col agent-turn\" tabindex=\"-1\">\n<div class=\"flex max-w-full flex-col grow\">\n<div class=\"min-h-8 text-message relative flex w-full flex-col items-end gap-2 text-start break-words whitespace-normal [.text-message+&amp;]:mt-1\" dir=\"auto\" data-message-author-role=\"assistant\" data-message-id=\"fc820941-fb09-4f1e-9dc3-c6904cb6e0c4\" data-message-model-slug=\"gpt-5-2\">\n<div class=\"flex w-full flex-col gap-1 empty:hidden first:pt-[1px]\">\n<div class=\"markdown prose dark:prose-invert w-full wrap-break-word dark markdown-new-styling\">\n<p data-start=\"1302\" data-end=\"1333\"><strong data-start=\"1302\" data-end=\"1331\">Ticanase Nasenspray 12 ml<\/strong><\/p>\n<p data-start=\"1335\" data-end=\"1384\"><strong data-start=\"1335\" data-end=\"1349\">Wirkstoff:<\/strong><br data-start=\"1349\" data-end=\"1352\" \/>Beclometasondipropionat 0,05 %<\/p>\n<p data-start=\"1386\" data-end=\"1590\"><strong data-start=\"1386\" data-end=\"1403\">Indikationen:<\/strong><br data-start=\"1403\" data-end=\"1406\" \/>Anwendung zur Behandlung und Pr\u00e4vention von Symptomen der allergischen Rhinitis, wie:<br data-start=\"1491\" data-end=\"1494\" \/>Nasenverstopfung<br data-start=\"1510\" data-end=\"1513\" \/>Niesen<br data-start=\"1519\" data-end=\"1522\" \/>Laufende oder juckende Nase<br data-start=\"1549\" data-end=\"1552\" \/>Saisonale oder ganzj\u00e4hrige Allergien<\/p>\n<p data-start=\"1592\" data-end=\"1861\"><strong data-start=\"1592\" data-end=\"1606\">Dosierung:<\/strong><br data-start=\"1606\" data-end=\"1609\" \/><strong data-start=\"1609\" data-end=\"1648\">Erwachsene und Kinder \u00fcber 6 Jahre:<\/strong> 1\u20132 Spr\u00fchst\u00f6\u00dfe in jedes Nasenloch ein- oder zweimal t\u00e4glich oder gem\u00e4\u00df \u00e4rztlicher Verordnung.<br data-start=\"1742\" data-end=\"1745\" \/>Vor Gebrauch gut sch\u00fctteln.<br data-start=\"1772\" data-end=\"1775\" \/>Vor der Anwendung die Nase vorsichtig schn\u00e4uzen, um optimale Ergebnisse zu erzielen.<\/p>\n<p data-start=\"1863\" data-end=\"2038\"><strong data-start=\"1863\" data-end=\"1886\">Kontraindikationen:<\/strong><br data-start=\"1886\" data-end=\"1889\" \/>\u00dcberempfindlichkeit gegen Beclometason oder einen der sonstigen Bestandteile der Formulierung.<br data-start=\"1983\" data-end=\"1986\" \/>Nicht anwenden bei unbehandelten Naseninfektionen.<\/p>\n<p data-start=\"2040\" data-end=\"2236\"><strong data-start=\"2040\" data-end=\"2059\">Nebenwirkungen:<\/strong><br data-start=\"2059\" data-end=\"2062\" \/>Leichte nasale Reizung oder Brennen<br data-start=\"2097\" data-end=\"2100\" \/>Trockenheit der Nasenpassagen<br data-start=\"2129\" data-end=\"2132\" \/>Niesen unmittelbar nach der Anwendung<br data-start=\"2169\" data-end=\"2172\" \/>Selten: Nasenbluten, Kopfschmerzen oder lokale Pilzinfektionen<\/p>\n<p data-start=\"2238\" data-end=\"2408\"><strong data-start=\"2238\" data-end=\"2259\">Wechselwirkungen:<\/strong><br data-start=\"2259\" data-end=\"2262\" \/>Im Allgemeinen sicher in Kombination mit anderen Arzneimitteln; \u00dcberwachung bei gleichzeitiger Anwendung systemischer Kortikosteroide empfohlen.<\/p>\n<p data-start=\"2410\" data-end=\"2555\" data-is-last-node=\"\" data-is-only-node=\"\"><strong data-start=\"2410\" data-end=\"2423\">Lagerung:<\/strong><br data-start=\"2423\" data-end=\"2426\" \/>Bei Raumtemperatur lagern, vor Hitze und Licht sch\u00fctzen.<br data-start=\"2482\" data-end=\"2485\" \/>Die Flasche fest verschlossen und f\u00fcr Kinder unzug\u00e4nglich aufbewahren.<\/p>\n<\/div>\n<\/div>\n<\/div>\n<\/div>\n<div class=\"z-0 flex min-h-[46px] justify-start\"><\/div>\n<div class=\"mt-3 w-full empty:hidden\">\n<div class=\"text-center\"><\/div>\n<\/div>\n<\/div>\n<\/div>\n<\/article>\n<\/div>\n<div class=\"pointer-events-none h-px w-px absolute bottom-0\" aria-hidden=\"true\" data-edge=\"true\"><\/div>\n<div id=\"gtx-trans\" style=\"position: absolute; left: 103px; top: -17px;\">\n<div class=\"gtx-trans-icon\"><\/div>\n<\/div>\n","protected":false},"excerpt":{"rendered":"<p>Ticanase Nasenspray 12 ml Wirkstoff:Beclometasondipropionat 0,05 % Indikationen:Anwendung zur Behandlung und Pr\u00e4vention von Symptomen der allergischen Rhinitis, wie:NasenverstopfungNiesenLaufende oder juckende NaseSaisonale oder ganzj\u00e4hrige Allergien Dosierung:Erwachsene und Kinder \u00fcber 6 Jahre: 1\u20132 Spr\u00fchst\u00f6\u00dfe in jedes Nasenloch ein- oder zweimal t\u00e4glich oder gem\u00e4\u00df \u00e4rztlicher Verordnung.Vor Gebrauch gut sch\u00fctteln.Vor der Anwendung die Nase vorsichtig schn\u00e4uzen, um optimale Ergebnisse&#8230;<\/p>\n","protected":false},"featured_media":10635,"comment_status":"open","ping_status":"closed","template":"","meta":{"rs_blank_template":"","rs_page_bg_color":"","slide_template_v7":"","_bst_post_transparent":"default","_bst_post_title":"","_bst_post_layout":"default","_bst_post_sidebar_id":"","_bst_post_content_style":"default","_bst_post_vertical_padding":"default","_bst_post_feature":"","_bst_post_feature_position":"","_bst_post_header":false,"_bst_post_footer":false},"product_brand":[],"product_cat":[351,217,373,251],"product_tag":[],"product_brands":[],"class_list":{"0":"post-10636","1":"product","2":"type-product","3":"status-publish","4":"has-post-thumbnail","6":"product_cat-medical-forms","7":"product_cat-medicines","8":"product_cat-nasal-spray","9":"product_cat-nasal-decongestant","11":"first","12":"instock","13":"shipping-taxable","14":"purchasable","15":"product-type-simple","16":"entry","17":"content-bg","18":"loop-entry"},"_links":{"self":[{"href":"https:\/\/nawarpharmacy.com\/de\/wp-json\/wp\/v2\/product\/10636","targetHints":{"allow":["GET"]}}],"collection":[{"href":"https:\/\/nawarpharmacy.com\/de\/wp-json\/wp\/v2\/product"}],"about":[{"href":"https:\/\/nawarpharmacy.com\/de\/wp-json\/wp\/v2\/types\/product"}],"replies":[{"embeddable":true,"href":"https:\/\/nawarpharmacy.com\/de\/wp-json\/wp\/v2\/comments?post=10636"}],"wp:featuredmedia":[{"embeddable":true,"href":"https:\/\/nawarpharmacy.com\/de\/wp-json\/wp\/v2\/media\/10635"}],"wp:attachment":[{"href":"https:\/\/nawarpharmacy.com\/de\/wp-json\/wp\/v2\/media?parent=10636"}],"wp:term":[{"taxonomy":"product_brand","embeddable":true,"href":"https:\/\/nawarpharmacy.com\/de\/wp-json\/wp\/v2\/product_brand?post=10636"},{"taxonomy":"product_cat","embeddable":true,"href":"https:\/\/nawarpharmacy.com\/de\/wp-json\/wp\/v2\/product_cat?post=10636"},{"taxonomy":"product_tag","embeddable":true,"href":"https:\/\/nawarpharmacy.com\/de\/wp-json\/wp\/v2\/product_tag?post=10636"},{"taxonomy":"product_brands","embeddable":true,"href":"https:\/\/nawarpharmacy.com\/de\/wp-json\/wp\/v2\/product_brands?post=10636"}],"curies":[{"name":"wp","href":"https:\/\/api.w.org\/{rel}","templated":true}]}}