{"id":10632,"date":"2025-11-19T12:37:14","date_gmt":"2025-11-19T12:37:14","guid":{"rendered":"https:\/\/nawarpharmacy.com\/?post_type=product&#038;p=10632"},"modified":"2026-02-26T22:11:36","modified_gmt":"2026-02-26T22:11:36","slug":"gatistar-0-5-eye-drops-5ml","status":"publish","type":"product","link":"https:\/\/nawarpharmacy.com\/de\/produkt\/gatistar-0-5-eye-drops-5ml\/","title":{"rendered":"Gatistar 0,5% Augentropfen 5 ml"},"content":{"rendered":"<div class=\"flex flex-col text-sm pb-25\">\n<article class=\"text-token-text-primary w-full focus:outline-none [--shadow-height:45px] has-data-writing-block:pointer-events-none has-data-writing-block:-mt-(--shadow-height) has-data-writing-block:pt-(--shadow-height) [&amp;:has([data-writing-block])&gt;*]:pointer-events-auto scroll-mt-[calc(var(--header-height)+min(200px,max(70px,20svh)))]\" dir=\"auto\" tabindex=\"-1\" data-turn-id=\"request-WEB:1fb551c8-723f-4635-af76-1761af7fc3f6-82\" data-testid=\"conversation-turn-166\" data-scroll-anchor=\"true\" data-turn=\"assistant\">\n<div class=\"text-base my-auto mx-auto pb-10 [--thread-content-margin:--spacing(4)] @w-sm\/main:[--thread-content-margin:--spacing(6)] @w-lg\/main:[--thread-content-margin:--spacing(16)] px-(--thread-content-margin)\">\n<div class=\"[--thread-content-max-width:40rem] @w-lg\/main:[--thread-content-max-width:48rem] mx-auto max-w-(--thread-content-max-width) flex-1 group\/turn-messages focus-visible:outline-hidden relative flex w-full min-w-0 flex-col agent-turn\" tabindex=\"-1\">\n<div class=\"flex max-w-full flex-col grow\">\n<div class=\"min-h-8 text-message relative flex w-full flex-col items-end gap-2 text-start break-words whitespace-normal [.text-message+&amp;]:mt-1\" dir=\"auto\" data-message-author-role=\"assistant\" data-message-id=\"c6ba89ab-2236-449f-b773-cb3b37a61fd6\" data-message-model-slug=\"gpt-5-2\">\n<div class=\"flex w-full flex-col gap-1 empty:hidden first:pt-[1px]\">\n<div class=\"markdown prose dark:prose-invert w-full wrap-break-word dark markdown-new-styling\">\n<p data-start=\"1327\" data-end=\"1364\"><strong data-start=\"1327\" data-end=\"1362\">Gatistar 0,5% Augentropfen 5 ml<\/strong><\/p>\n<p data-start=\"1366\" data-end=\"1403\"><strong data-start=\"1366\" data-end=\"1380\">Wirkstoff:<\/strong><br data-start=\"1380\" data-end=\"1383\" \/>Gatifloxacin 0,5 %<\/p>\n<p data-start=\"1405\" data-end=\"1570\"><strong data-start=\"1405\" data-end=\"1422\">Indikationen:<\/strong><br data-start=\"1422\" data-end=\"1425\" \/>Anwendung zur Behandlung bakterieller Augeninfektionen, einschlie\u00dflich:<br data-start=\"1496\" data-end=\"1499\" \/>Konjunktivitis<br data-start=\"1513\" data-end=\"1516\" \/>Keratitis<br data-start=\"1525\" data-end=\"1528\" \/>Blepharitis durch empfindliche Bakterien<\/p>\n<p data-start=\"1572\" data-end=\"1895\"><strong data-start=\"1572\" data-end=\"1586\">Dosierung:<\/strong><br data-start=\"1586\" data-end=\"1589\" \/><strong data-start=\"1589\" data-end=\"1615\">Erwachsene und Kinder:<\/strong> 1\u20132 Tropfen alle 2\u20134 Stunden in das\/die betroffene(n) Auge(n) w\u00e4hrend der ersten 2 Tage eintropfen, anschlie\u00dfend 1\u20132 Tropfen alle 4\u20138 Stunden oder gem\u00e4\u00df \u00e4rztlicher Verordnung.<br data-start=\"1791\" data-end=\"1794\" \/>Kontaktlinsen vor der Anwendung entfernen und mindestens 15 Minuten vor dem Wiedereinsetzen warten.<\/p>\n<p data-start=\"1897\" data-end=\"2110\"><strong data-start=\"1897\" data-end=\"1920\">Kontraindikationen:<\/strong><br data-start=\"1920\" data-end=\"1923\" \/>\u00dcberempfindlichkeit gegen Gatifloxacin, andere Fluorchinolone oder einen der sonstigen Bestandteile der Formulierung.<br data-start=\"2040\" data-end=\"2043\" \/>Virale oder fungale Augeninfektionen ohne entsprechende Therapie.<\/p>\n<p data-start=\"2112\" data-end=\"2278\"><strong data-start=\"2112\" data-end=\"2131\">Nebenwirkungen:<\/strong><br data-start=\"2131\" data-end=\"2134\" \/>Leichtes Brennen oder Stechen beim Eintropfen<br data-start=\"2179\" data-end=\"2182\" \/>Vor\u00fcbergehend verschwommenes Sehen<br data-start=\"2216\" data-end=\"2219\" \/>Augenreizung oder R\u00f6tung<br data-start=\"2243\" data-end=\"2246\" \/>Selten: allergische Reaktionen<\/p>\n<p data-start=\"2280\" data-end=\"2510\"><strong data-start=\"2280\" data-end=\"2301\">Wechselwirkungen:<\/strong><br data-start=\"2301\" data-end=\"2304\" \/>Vorsicht bei gleichzeitiger Anwendung anderer topischer ophthalmischer Arzneimittel.<br data-start=\"2388\" data-end=\"2391\" \/>Gleichzeitige Anwendung mit anderen fluorchinolonhaltigen Augenpr\u00e4paraten vermeiden, sofern nicht \u00e4rztlich verordnet.<\/p>\n<p data-start=\"2512\" data-end=\"2647\" data-is-last-node=\"\" data-is-only-node=\"\"><strong data-start=\"2512\" data-end=\"2525\">Lagerung:<\/strong><br data-start=\"2525\" data-end=\"2528\" \/>Bei Raumtemperatur lagern, vor Licht sch\u00fctzen.<br data-start=\"2574\" data-end=\"2577\" \/>Die Flasche fest verschlossen und f\u00fcr Kinder unzug\u00e4nglich aufbewahren.<\/p>\n<\/div>\n<\/div>\n<\/div>\n<\/div>\n<div class=\"z-0 flex min-h-[46px] justify-start\"><\/div>\n<div class=\"mt-3 w-full empty:hidden\">\n<div class=\"text-center\"><\/div>\n<\/div>\n<\/div>\n<\/div>\n<\/article>\n<\/div>\n<div class=\"pointer-events-none h-px w-px absolute bottom-0\" aria-hidden=\"true\" data-edge=\"true\"><\/div>\n<div id=\"gtx-trans\" style=\"position: absolute; left: 172px; top: 34px;\">\n<div class=\"gtx-trans-icon\"><\/div>\n<\/div>\n","protected":false},"excerpt":{"rendered":"<p>Gatistar 0,5% Augentropfen 5 ml Wirkstoff:Gatifloxacin 0,5 % Indikationen:Anwendung zur Behandlung bakterieller Augeninfektionen, einschlie\u00dflich:KonjunktivitisKeratitisBlepharitis durch empfindliche Bakterien Dosierung:Erwachsene und Kinder: 1\u20132 Tropfen alle 2\u20134 Stunden in das\/die betroffene(n) Auge(n) w\u00e4hrend der ersten 2 Tage eintropfen, anschlie\u00dfend 1\u20132 Tropfen alle 4\u20138 Stunden oder gem\u00e4\u00df \u00e4rztlicher Verordnung.Kontaktlinsen vor der Anwendung entfernen und mindestens 15 Minuten vor dem&#8230;<\/p>\n","protected":false},"featured_media":10631,"comment_status":"open","ping_status":"closed","template":"","meta":{"rs_blank_template":"","rs_page_bg_color":"","slide_template_v7":"","_bst_post_transparent":"default","_bst_post_title":"","_bst_post_layout":"default","_bst_post_sidebar_id":"","_bst_post_content_style":"default","_bst_post_vertical_padding":"default","_bst_post_feature":"","_bst_post_feature_position":"","_bst_post_header":false,"_bst_post_footer":false},"product_brand":[],"product_cat":[307,371,351,217],"product_tag":[],"product_brands":[],"class_list":{"0":"post-10632","1":"product","2":"type-product","3":"status-publish","4":"has-post-thumbnail","6":"product_cat-optical-antibiotic","7":"product_cat-eye-drops","8":"product_cat-medical-forms","9":"product_cat-medicines","11":"first","12":"instock","13":"shipping-taxable","14":"purchasable","15":"product-type-simple","16":"entry","17":"content-bg","18":"loop-entry"},"_links":{"self":[{"href":"https:\/\/nawarpharmacy.com\/de\/wp-json\/wp\/v2\/product\/10632","targetHints":{"allow":["GET"]}}],"collection":[{"href":"https:\/\/nawarpharmacy.com\/de\/wp-json\/wp\/v2\/product"}],"about":[{"href":"https:\/\/nawarpharmacy.com\/de\/wp-json\/wp\/v2\/types\/product"}],"replies":[{"embeddable":true,"href":"https:\/\/nawarpharmacy.com\/de\/wp-json\/wp\/v2\/comments?post=10632"}],"wp:featuredmedia":[{"embeddable":true,"href":"https:\/\/nawarpharmacy.com\/de\/wp-json\/wp\/v2\/media\/10631"}],"wp:attachment":[{"href":"https:\/\/nawarpharmacy.com\/de\/wp-json\/wp\/v2\/media?parent=10632"}],"wp:term":[{"taxonomy":"product_brand","embeddable":true,"href":"https:\/\/nawarpharmacy.com\/de\/wp-json\/wp\/v2\/product_brand?post=10632"},{"taxonomy":"product_cat","embeddable":true,"href":"https:\/\/nawarpharmacy.com\/de\/wp-json\/wp\/v2\/product_cat?post=10632"},{"taxonomy":"product_tag","embeddable":true,"href":"https:\/\/nawarpharmacy.com\/de\/wp-json\/wp\/v2\/product_tag?post=10632"},{"taxonomy":"product_brands","embeddable":true,"href":"https:\/\/nawarpharmacy.com\/de\/wp-json\/wp\/v2\/product_brands?post=10632"}],"curies":[{"name":"wp","href":"https:\/\/api.w.org\/{rel}","templated":true}]}}