{"id":10624,"date":"2025-11-19T12:42:31","date_gmt":"2025-11-19T12:42:31","guid":{"rendered":"https:\/\/nawarpharmacy.com\/?post_type=product&#038;p=10624"},"modified":"2026-02-26T22:10:01","modified_gmt":"2026-02-26T22:10:01","slug":"dropiflox-ear-drops-15ml","status":"publish","type":"product","link":"https:\/\/nawarpharmacy.com\/de\/produkt\/dropiflox-ear-drops-15ml\/","title":{"rendered":"Dropiflox Ohrentropfen 15 ml"},"content":{"rendered":"<div class=\"flex flex-col text-sm pb-25\">\n<article class=\"text-token-text-primary w-full focus:outline-none [--shadow-height:45px] has-data-writing-block:pointer-events-none has-data-writing-block:-mt-(--shadow-height) has-data-writing-block:pt-(--shadow-height) [&amp;:has([data-writing-block])&gt;*]:pointer-events-auto scroll-mt-[calc(var(--header-height)+min(200px,max(70px,20svh)))]\" dir=\"auto\" tabindex=\"-1\" data-turn-id=\"request-WEB:1fb551c8-723f-4635-af76-1761af7fc3f6-80\" data-testid=\"conversation-turn-162\" data-scroll-anchor=\"true\" data-turn=\"assistant\">\n<div class=\"text-base my-auto mx-auto pb-10 [--thread-content-margin:--spacing(4)] @w-sm\/main:[--thread-content-margin:--spacing(6)] @w-lg\/main:[--thread-content-margin:--spacing(16)] px-(--thread-content-margin)\">\n<div class=\"[--thread-content-max-width:40rem] @w-lg\/main:[--thread-content-max-width:48rem] mx-auto max-w-(--thread-content-max-width) flex-1 group\/turn-messages focus-visible:outline-hidden relative flex w-full min-w-0 flex-col agent-turn\" tabindex=\"-1\">\n<div class=\"flex max-w-full flex-col grow\">\n<div class=\"min-h-8 text-message relative flex w-full flex-col items-end gap-2 text-start break-words whitespace-normal [.text-message+&amp;]:mt-1\" dir=\"auto\" data-message-author-role=\"assistant\" data-message-id=\"8a1a1730-c7b4-4d15-a892-73efc2d3e009\" data-message-model-slug=\"gpt-5-2\">\n<div class=\"flex w-full flex-col gap-1 empty:hidden first:pt-[1px]\">\n<div class=\"markdown prose dark:prose-invert w-full wrap-break-word dark markdown-new-styling\">\n<p data-start=\"1310\" data-end=\"1344\"><strong data-start=\"1310\" data-end=\"1342\">Dropiflox Ohrentropfen 15 ml<\/strong><\/p>\n<p data-start=\"1346\" data-end=\"1380\"><strong data-start=\"1346\" data-end=\"1360\">Wirkstoff:<\/strong><br data-start=\"1360\" data-end=\"1363\" \/>Ofloxacin 0,3 %<\/p>\n<p data-start=\"1382\" data-end=\"1565\"><strong data-start=\"1382\" data-end=\"1399\">Indikationen:<\/strong><br data-start=\"1399\" data-end=\"1402\" \/>Anwendung zur Behandlung bakterieller Ohrinfektionen, einschlie\u00dflich:<br data-start=\"1471\" data-end=\"1474\" \/>Otitis externa (Infektion des \u00e4u\u00dferen Geh\u00f6rgangs)<br data-start=\"1523\" data-end=\"1526\" \/>Otitis media bei intaktem Trommelfell<\/p>\n<p data-start=\"1567\" data-end=\"1954\"><strong data-start=\"1567\" data-end=\"1581\">Dosierung:<\/strong><br data-start=\"1581\" data-end=\"1584\" \/><strong data-start=\"1584\" data-end=\"1622\">Erwachsene und Kinder \u00fcber 1 Jahr:<\/strong> 3\u20135 Tropfen 2\u20133-mal t\u00e4glich in das betroffene Ohr eintr\u00e4ufeln oder gem\u00e4\u00df \u00e4rztlicher Verordnung.<br data-start=\"1718\" data-end=\"1721\" \/>Den Kopf so neigen, dass das betroffene Ohr nach oben zeigt, und diese Position einige Minuten nach der Instillation beibehalten.<br data-start=\"1850\" data-end=\"1853\" \/>Die Tropferspitze nicht mit dem Geh\u00f6rgang in Ber\u00fchrung bringen, um eine Kontamination zu vermeiden.<\/p>\n<p data-start=\"1956\" data-end=\"2154\"><strong data-start=\"1956\" data-end=\"1979\">Kontraindikationen:<\/strong><br data-start=\"1979\" data-end=\"1982\" \/>\u00dcberempfindlichkeit gegen Ofloxacin, andere Chinolone oder einen der sonstigen Bestandteile der Formulierung.<br data-start=\"2091\" data-end=\"2094\" \/>Perforiertes Trommelfell, sofern nicht \u00e4rztlich verordnet.<\/p>\n<p data-start=\"2156\" data-end=\"2297\"><strong data-start=\"2156\" data-end=\"2175\">Nebenwirkungen:<\/strong><br data-start=\"2175\" data-end=\"2178\" \/>Leichtes Brennen oder Stechen<br data-start=\"2207\" data-end=\"2210\" \/>Vor\u00fcbergehender Juckreiz<br data-start=\"2234\" data-end=\"2237\" \/>Ohrbeschwerden oder Reizung<br data-start=\"2264\" data-end=\"2267\" \/>Selten: allergische Reaktion<\/p>\n<p data-start=\"2299\" data-end=\"2500\"><strong data-start=\"2299\" data-end=\"2320\">Wechselwirkungen:<\/strong><br data-start=\"2320\" data-end=\"2323\" \/>Vorsicht bei gleichzeitiger Anwendung anderer otologischer Arzneimittel.<br data-start=\"2395\" data-end=\"2398\" \/>Gleichzeitige Anwendung mit anderen Chinolon-Antibiotika vermeiden, sofern nicht \u00e4rztlich verordnet.<\/p>\n<p data-start=\"2502\" data-end=\"2637\" data-is-last-node=\"\" data-is-only-node=\"\"><strong data-start=\"2502\" data-end=\"2515\">Lagerung:<\/strong><br data-start=\"2515\" data-end=\"2518\" \/>Bei Raumtemperatur lagern, vor Licht sch\u00fctzen.<br data-start=\"2564\" data-end=\"2567\" \/>Die Flasche fest verschlossen und f\u00fcr Kinder unzug\u00e4nglich aufbewahren.<\/p>\n<\/div>\n<\/div>\n<\/div>\n<\/div>\n<div class=\"z-0 flex min-h-[46px] justify-start\"><\/div>\n<div class=\"mt-3 w-full empty:hidden\">\n<div class=\"text-center\"><\/div>\n<\/div>\n<\/div>\n<\/div>\n<\/article>\n<\/div>\n<div class=\"pointer-events-none h-px w-px absolute bottom-0\" aria-hidden=\"true\" data-edge=\"true\"><\/div>\n<div id=\"gtx-trans\" style=\"position: absolute; left: 161px; top: 34px;\">\n<div class=\"gtx-trans-icon\"><\/div>\n<\/div>\n","protected":false},"excerpt":{"rendered":"<p>Dropiflox Ohrentropfen 15 ml Wirkstoff:Ofloxacin 0,3 % Indikationen:Anwendung zur Behandlung bakterieller Ohrinfektionen, einschlie\u00dflich:Otitis externa (Infektion des \u00e4u\u00dferen Geh\u00f6rgangs)Otitis media bei intaktem Trommelfell Dosierung:Erwachsene und Kinder \u00fcber 1 Jahr: 3\u20135 Tropfen 2\u20133-mal t\u00e4glich in das betroffene Ohr eintr\u00e4ufeln oder gem\u00e4\u00df \u00e4rztlicher Verordnung.Den Kopf so neigen, dass das betroffene Ohr nach oben zeigt, und diese Position einige&#8230;<\/p>\n","protected":false},"featured_media":10623,"comment_status":"open","ping_status":"closed","template":"","meta":{"rs_blank_template":"","rs_page_bg_color":"","slide_template_v7":"","_bst_post_transparent":"default","_bst_post_title":"","_bst_post_layout":"default","_bst_post_sidebar_id":"","_bst_post_content_style":"default","_bst_post_vertical_padding":"default","_bst_post_feature":"","_bst_post_feature_position":"","_bst_post_header":false,"_bst_post_footer":false},"product_brand":[],"product_cat":[237,351,217,381],"product_tag":[],"product_brands":[],"class_list":{"0":"post-10624","1":"product","2":"type-product","3":"status-publish","4":"has-post-thumbnail","6":"product_cat-eye-ear-medications","7":"product_cat-medical-forms","8":"product_cat-medicines","9":"product_cat-ear-drops","11":"first","12":"instock","13":"shipping-taxable","14":"purchasable","15":"product-type-simple","16":"entry","17":"content-bg","18":"loop-entry"},"_links":{"self":[{"href":"https:\/\/nawarpharmacy.com\/de\/wp-json\/wp\/v2\/product\/10624","targetHints":{"allow":["GET"]}}],"collection":[{"href":"https:\/\/nawarpharmacy.com\/de\/wp-json\/wp\/v2\/product"}],"about":[{"href":"https:\/\/nawarpharmacy.com\/de\/wp-json\/wp\/v2\/types\/product"}],"replies":[{"embeddable":true,"href":"https:\/\/nawarpharmacy.com\/de\/wp-json\/wp\/v2\/comments?post=10624"}],"wp:featuredmedia":[{"embeddable":true,"href":"https:\/\/nawarpharmacy.com\/de\/wp-json\/wp\/v2\/media\/10623"}],"wp:attachment":[{"href":"https:\/\/nawarpharmacy.com\/de\/wp-json\/wp\/v2\/media?parent=10624"}],"wp:term":[{"taxonomy":"product_brand","embeddable":true,"href":"https:\/\/nawarpharmacy.com\/de\/wp-json\/wp\/v2\/product_brand?post=10624"},{"taxonomy":"product_cat","embeddable":true,"href":"https:\/\/nawarpharmacy.com\/de\/wp-json\/wp\/v2\/product_cat?post=10624"},{"taxonomy":"product_tag","embeddable":true,"href":"https:\/\/nawarpharmacy.com\/de\/wp-json\/wp\/v2\/product_tag?post=10624"},{"taxonomy":"product_brands","embeddable":true,"href":"https:\/\/nawarpharmacy.com\/de\/wp-json\/wp\/v2\/product_brands?post=10624"}],"curies":[{"name":"wp","href":"https:\/\/api.w.org\/{rel}","templated":true}]}}