{"id":10616,"date":"2025-11-19T12:45:32","date_gmt":"2025-11-19T12:45:32","guid":{"rendered":"https:\/\/nawarpharmacy.com\/?post_type=product&#038;p=10616"},"modified":"2026-02-26T22:08:25","modified_gmt":"2026-02-26T22:08:25","slug":"dentinox-infant-colic-drops-100ml","status":"publish","type":"product","link":"https:\/\/nawarpharmacy.com\/de\/produkt\/dentinox-infant-colic-drops-100ml\/","title":{"rendered":"Dentinox S\u00e4uglings-Kolik Tropfen 100 ml"},"content":{"rendered":"<div class=\"flex flex-col text-sm pb-25\">\n<article class=\"text-token-text-primary w-full focus:outline-none [--shadow-height:45px] has-data-writing-block:pointer-events-none has-data-writing-block:-mt-(--shadow-height) has-data-writing-block:pt-(--shadow-height) [&amp;:has([data-writing-block])&gt;*]:pointer-events-auto scroll-mt-[calc(var(--header-height)+min(200px,max(70px,20svh)))]\" dir=\"auto\" tabindex=\"-1\" data-turn-id=\"request-WEB:1fb551c8-723f-4635-af76-1761af7fc3f6-78\" data-testid=\"conversation-turn-158\" data-scroll-anchor=\"true\" data-turn=\"assistant\">\n<div class=\"text-base my-auto mx-auto pb-10 [--thread-content-margin:--spacing(4)] @w-sm\/main:[--thread-content-margin:--spacing(6)] @w-lg\/main:[--thread-content-margin:--spacing(16)] px-(--thread-content-margin)\">\n<div class=\"[--thread-content-max-width:40rem] @w-lg\/main:[--thread-content-max-width:48rem] mx-auto max-w-(--thread-content-max-width) flex-1 group\/turn-messages focus-visible:outline-hidden relative flex w-full min-w-0 flex-col agent-turn\" tabindex=\"-1\">\n<div class=\"flex max-w-full flex-col grow\">\n<div class=\"min-h-8 text-message relative flex w-full flex-col items-end gap-2 text-start break-words whitespace-normal [.text-message+&amp;]:mt-1\" dir=\"auto\" data-message-author-role=\"assistant\" data-message-id=\"70e556c2-d0ee-48d1-99a9-98a0519a292a\" data-message-model-slug=\"gpt-5-2\">\n<div class=\"flex w-full flex-col gap-1 empty:hidden first:pt-[1px]\">\n<div class=\"markdown prose dark:prose-invert w-full wrap-break-word dark markdown-new-styling\">\n<p data-start=\"1123\" data-end=\"1168\"><strong data-start=\"1123\" data-end=\"1166\">Dentinox S\u00e4uglings-Kolik Tropfen 100 ml<\/strong><\/p>\n<p data-start=\"1170\" data-end=\"1207\"><strong data-start=\"1170\" data-end=\"1184\">Wirkstoff:<\/strong><br data-start=\"1184\" data-end=\"1187\" \/>Simeticon 40 mg\/ml<\/p>\n<p data-start=\"1209\" data-end=\"1345\"><strong data-start=\"1209\" data-end=\"1226\">Indikationen:<\/strong><br data-start=\"1226\" data-end=\"1229\" \/>Anwendung zur Linderung von:<br data-start=\"1257\" data-end=\"1260\" \/>S\u00e4uglingskoliken<br data-start=\"1276\" data-end=\"1279\" \/>\u00dcberm\u00e4\u00dfiger Gasbildung oder Bl\u00e4hungen<br data-start=\"1316\" data-end=\"1319\" \/>Flatulenz bei S\u00e4uglingen<\/p>\n<p data-start=\"1347\" data-end=\"1574\"><strong data-start=\"1347\" data-end=\"1361\">Dosierung:<\/strong><br data-start=\"1361\" data-end=\"1364\" \/><strong data-start=\"1364\" data-end=\"1378\">S\u00e4uglinge:<\/strong> 0,3\u20130,5 ml pro kg K\u00f6rpergewicht pro Dosis, bis zu 4-mal t\u00e4glich oder gem\u00e4\u00df \u00e4rztlicher Verordnung.<br data-start=\"1476\" data-end=\"1479\" \/>Vor Gebrauch gut sch\u00fctteln.<br data-start=\"1506\" data-end=\"1509\" \/>Mit der mitgelieferten Pipette direkt in den Mund verabreichen.<\/p>\n<p data-start=\"1576\" data-end=\"1695\"><strong data-start=\"1576\" data-end=\"1599\">Kontraindikationen:<\/strong><br data-start=\"1599\" data-end=\"1602\" \/>\u00dcberempfindlichkeit gegen Simeticon oder einen der sonstigen Bestandteile der Formulierung.<\/p>\n<p data-start=\"1697\" data-end=\"1849\"><strong data-start=\"1697\" data-end=\"1716\">Nebenwirkungen:<\/strong><br data-start=\"1716\" data-end=\"1719\" \/>Im Allgemeinen gut vertr\u00e4glich<br data-start=\"1749\" data-end=\"1752\" \/>Selten: leichte \u00dcbelkeit oder Magenbeschwerden<br data-start=\"1798\" data-end=\"1801\" \/>Keine bekannten schwerwiegenden Nebenwirkungen<\/p>\n<p data-start=\"1851\" data-end=\"2015\"><strong data-start=\"1851\" data-end=\"1872\">Wechselwirkungen:<\/strong><br data-start=\"1872\" data-end=\"1875\" \/>Keine klinisch relevanten Wechselwirkungen bekannt.<br data-start=\"1926\" data-end=\"1929\" \/>Sicher in Kombination mit den meisten anderen Arzneimitteln f\u00fcr S\u00e4uglinge anwendbar.<\/p>\n<p data-start=\"2017\" data-end=\"2162\" data-is-last-node=\"\" data-is-only-node=\"\"><strong data-start=\"2017\" data-end=\"2030\">Lagerung:<\/strong><br data-start=\"2030\" data-end=\"2033\" \/>Bei Raumtemperatur lagern, vor Hitze und Licht sch\u00fctzen.<br data-start=\"2089\" data-end=\"2092\" \/>Die Flasche fest verschlossen und f\u00fcr Kinder unzug\u00e4nglich aufbewahren.<\/p>\n<\/div>\n<\/div>\n<\/div>\n<\/div>\n<div class=\"z-0 flex min-h-[46px] justify-start\"><\/div>\n<div class=\"mt-3 w-full empty:hidden\">\n<div class=\"text-center\"><\/div>\n<\/div>\n<\/div>\n<\/div>\n<\/article>\n<\/div>\n<div class=\"pointer-events-none h-px w-px absolute bottom-0\" aria-hidden=\"true\" data-edge=\"true\"><\/div>\n<div id=\"gtx-trans\" style=\"position: absolute; left: 214px; top: -17px;\">\n<div class=\"gtx-trans-icon\"><\/div>\n<\/div>\n","protected":false},"excerpt":{"rendered":"<p>Dentinox S\u00e4uglings-Kolik Tropfen 100 ml Wirkstoff:Simeticon 40 mg\/ml Indikationen:Anwendung zur Linderung von:S\u00e4uglingskoliken\u00dcberm\u00e4\u00dfiger Gasbildung oder Bl\u00e4hungenFlatulenz bei S\u00e4uglingen Dosierung:S\u00e4uglinge: 0,3\u20130,5 ml pro kg K\u00f6rpergewicht pro Dosis, bis zu 4-mal t\u00e4glich oder gem\u00e4\u00df \u00e4rztlicher Verordnung.Vor Gebrauch gut sch\u00fctteln.Mit der mitgelieferten Pipette direkt in den Mund verabreichen. Kontraindikationen:\u00dcberempfindlichkeit gegen Simeticon oder einen der sonstigen Bestandteile der Formulierung. Nebenwirkungen:Im&#8230;<\/p>\n","protected":false},"featured_media":10615,"comment_status":"open","ping_status":"closed","template":"","meta":{"rs_blank_template":"","rs_page_bg_color":"","slide_template_v7":"","_bst_post_transparent":"default","_bst_post_title":"","_bst_post_layout":"default","_bst_post_sidebar_id":"","_bst_post_content_style":"default","_bst_post_vertical_padding":"default","_bst_post_feature":"","_bst_post_feature_position":"","_bst_post_header":false,"_bst_post_footer":false},"product_brand":[],"product_cat":[351,261,217,361],"product_tag":[],"product_brands":[],"class_list":{"0":"post-10616","1":"product","2":"type-product","3":"status-publish","4":"has-post-thumbnail","6":"product_cat-medical-forms","7":"product_cat-anti-spasmodics","8":"product_cat-medicines","9":"product_cat-oral-drops","11":"first","12":"instock","13":"shipping-taxable","14":"purchasable","15":"product-type-simple","16":"entry","17":"content-bg","18":"loop-entry"},"_links":{"self":[{"href":"https:\/\/nawarpharmacy.com\/de\/wp-json\/wp\/v2\/product\/10616","targetHints":{"allow":["GET"]}}],"collection":[{"href":"https:\/\/nawarpharmacy.com\/de\/wp-json\/wp\/v2\/product"}],"about":[{"href":"https:\/\/nawarpharmacy.com\/de\/wp-json\/wp\/v2\/types\/product"}],"replies":[{"embeddable":true,"href":"https:\/\/nawarpharmacy.com\/de\/wp-json\/wp\/v2\/comments?post=10616"}],"wp:featuredmedia":[{"embeddable":true,"href":"https:\/\/nawarpharmacy.com\/de\/wp-json\/wp\/v2\/media\/10615"}],"wp:attachment":[{"href":"https:\/\/nawarpharmacy.com\/de\/wp-json\/wp\/v2\/media?parent=10616"}],"wp:term":[{"taxonomy":"product_brand","embeddable":true,"href":"https:\/\/nawarpharmacy.com\/de\/wp-json\/wp\/v2\/product_brand?post=10616"},{"taxonomy":"product_cat","embeddable":true,"href":"https:\/\/nawarpharmacy.com\/de\/wp-json\/wp\/v2\/product_cat?post=10616"},{"taxonomy":"product_tag","embeddable":true,"href":"https:\/\/nawarpharmacy.com\/de\/wp-json\/wp\/v2\/product_tag?post=10616"},{"taxonomy":"product_brands","embeddable":true,"href":"https:\/\/nawarpharmacy.com\/de\/wp-json\/wp\/v2\/product_brands?post=10616"}],"curies":[{"name":"wp","href":"https:\/\/api.w.org\/{rel}","templated":true}]}}