{"id":10612,"date":"2025-11-19T12:47:16","date_gmt":"2025-11-19T12:47:16","guid":{"rendered":"https:\/\/nawarpharmacy.com\/?post_type=product&#038;p=10612"},"modified":"2026-02-26T22:07:38","modified_gmt":"2026-02-26T22:07:38","slug":"d-dep-oral-drops-15ml","status":"publish","type":"product","link":"https:\/\/nawarpharmacy.com\/de\/produkt\/d-dep-oral-drops-15ml\/","title":{"rendered":"D.Dep orale Tropfen 15 ml"},"content":{"rendered":"<div class=\"flex flex-col text-sm pb-25\">\n<article class=\"text-token-text-primary w-full focus:outline-none [--shadow-height:45px] has-data-writing-block:pointer-events-none has-data-writing-block:-mt-(--shadow-height) has-data-writing-block:pt-(--shadow-height) [&amp;:has([data-writing-block])&gt;*]:pointer-events-auto scroll-mt-[calc(var(--header-height)+min(200px,max(70px,20svh)))]\" dir=\"auto\" tabindex=\"-1\" data-turn-id=\"request-WEB:1fb551c8-723f-4635-af76-1761af7fc3f6-77\" data-testid=\"conversation-turn-156\" data-scroll-anchor=\"true\" data-turn=\"assistant\">\n<div class=\"text-base my-auto mx-auto pb-10 [--thread-content-margin:--spacing(4)] @w-sm\/main:[--thread-content-margin:--spacing(6)] @w-lg\/main:[--thread-content-margin:--spacing(16)] px-(--thread-content-margin)\">\n<div class=\"[--thread-content-max-width:40rem] @w-lg\/main:[--thread-content-max-width:48rem] mx-auto max-w-(--thread-content-max-width) flex-1 group\/turn-messages focus-visible:outline-hidden relative flex w-full min-w-0 flex-col agent-turn\" tabindex=\"-1\">\n<div class=\"flex max-w-full flex-col grow\">\n<div class=\"min-h-8 text-message relative flex w-full flex-col items-end gap-2 text-start break-words whitespace-normal [.text-message+&amp;]:mt-1\" dir=\"auto\" data-message-author-role=\"assistant\" data-message-id=\"382c47cb-61d9-40ba-af5e-dda9de23cf4f\" data-message-model-slug=\"gpt-5-2\">\n<div class=\"flex w-full flex-col gap-1 empty:hidden first:pt-[1px]\">\n<div class=\"markdown prose dark:prose-invert w-full wrap-break-word dark markdown-new-styling\">\n<p data-start=\"1396\" data-end=\"1427\"><strong data-start=\"1396\" data-end=\"1425\">D.Dep orale Tropfen 15 ml<\/strong><\/p>\n<p data-start=\"1429\" data-end=\"1476\"><strong data-start=\"1429\" data-end=\"1443\">Wirkstoff:<\/strong><br data-start=\"1443\" data-end=\"1446\" \/>Vitamin D3 (Cholecalciferol)<\/p>\n<p data-start=\"1478\" data-end=\"1719\"><strong data-start=\"1478\" data-end=\"1495\">Indikationen:<\/strong><br data-start=\"1495\" data-end=\"1498\" \/>Anwendung zur Pr\u00e4vention und Behandlung eines Vitamin-D-Mangels bei S\u00e4uglingen, Kindern und Erwachsenen.<br data-start=\"1602\" data-end=\"1605\" \/>Unterst\u00fctzt die Knochengesundheit, die Calciumresorption und die Aufrechterhaltung normaler Serumcalciumspiegel.<\/p>\n<p data-start=\"1721\" data-end=\"1949\"><strong data-start=\"1721\" data-end=\"1735\">Dosierung:<\/strong><br data-start=\"1735\" data-end=\"1738\" \/><strong data-start=\"1738\" data-end=\"1763\">S\u00e4uglinge und Kinder:<\/strong> 1\u20132 Tropfen t\u00e4glich oder gem\u00e4\u00df \u00e4rztlicher Verordnung.<br data-start=\"1817\" data-end=\"1820\" \/><strong data-start=\"1820\" data-end=\"1835\">Erwachsene:<\/strong> Dosisanpassung entsprechend dem Ausma\u00df des Mangels und der \u00e4rztlichen Verordnung.<br data-start=\"1917\" data-end=\"1920\" \/>Vor Gebrauch gut sch\u00fctteln.<\/p>\n<p data-start=\"1951\" data-end=\"2168\"><strong data-start=\"1951\" data-end=\"1974\">Kontraindikationen:<\/strong><br data-start=\"1974\" data-end=\"1977\" \/>\u00dcberempfindlichkeit gegen Vitamin D3 oder einen der sonstigen Bestandteile der Formulierung.<br data-start=\"2069\" data-end=\"2072\" \/>Hyperkalz\u00e4mie oder Hypervitaminose D.<br data-start=\"2109\" data-end=\"2112\" \/>Schwere Niereninsuffizienz ohne \u00e4rztliche \u00dcberwachung.<\/p>\n<p data-start=\"2170\" data-end=\"2361\"><strong data-start=\"2170\" data-end=\"2189\">Nebenwirkungen:<\/strong><br data-start=\"2189\" data-end=\"2192\" \/>Im Allgemeinen gut vertr\u00e4glich<br data-start=\"2222\" data-end=\"2225\" \/>Selten: \u00dcbelkeit, Verstopfung, Appetitlosigkeit<br data-start=\"2272\" data-end=\"2275\" \/>Eine \u00dcberdosierung kann zu Hyperkalz\u00e4mie und damit verbundenen Komplikationen f\u00fchren<\/p>\n<p data-start=\"2363\" data-end=\"2598\"><strong data-start=\"2363\" data-end=\"2384\">Wechselwirkungen:<\/strong><br data-start=\"2384\" data-end=\"2387\" \/>Kann mit Digoxin, Thiazid-Diuretika oder anderen Vitamin-D-Pr\u00e4paraten interagieren.<br data-start=\"2470\" data-end=\"2473\" \/>Bei gleichzeitiger Anwendung mit anderen Calcium- oder Vitamin-D-Produkten sollte der Serumcalciumspiegel \u00fcberwacht werden.<\/p>\n<p data-start=\"2600\" data-end=\"2735\" data-is-last-node=\"\" data-is-only-node=\"\"><strong data-start=\"2600\" data-end=\"2613\">Lagerung:<\/strong><br data-start=\"2613\" data-end=\"2616\" \/>Bei Raumtemperatur lagern, vor Licht sch\u00fctzen.<br data-start=\"2662\" data-end=\"2665\" \/>Die Flasche fest verschlossen und f\u00fcr Kinder unzug\u00e4nglich aufbewahren.<\/p>\n<\/div>\n<\/div>\n<\/div>\n<\/div>\n<div class=\"z-0 flex min-h-[46px] justify-start\"><\/div>\n<div class=\"mt-3 w-full empty:hidden\">\n<div class=\"text-center\"><\/div>\n<\/div>\n<\/div>\n<\/div>\n<\/article>\n<\/div>\n<div class=\"pointer-events-none h-px w-px absolute bottom-0\" aria-hidden=\"true\" data-edge=\"true\"><\/div>\n<div id=\"gtx-trans\" style=\"position: absolute; left: 135px; top: -17px;\">\n<div class=\"gtx-trans-icon\"><\/div>\n<\/div>\n","protected":false},"excerpt":{"rendered":"<p>D.Dep orale Tropfen 15 ml Wirkstoff:Vitamin D3 (Cholecalciferol) Indikationen:Anwendung zur Pr\u00e4vention und Behandlung eines Vitamin-D-Mangels bei S\u00e4uglingen, Kindern und Erwachsenen.Unterst\u00fctzt die Knochengesundheit, die Calciumresorption und die Aufrechterhaltung normaler Serumcalciumspiegel. Dosierung:S\u00e4uglinge und Kinder: 1\u20132 Tropfen t\u00e4glich oder gem\u00e4\u00df \u00e4rztlicher Verordnung.Erwachsene: Dosisanpassung entsprechend dem Ausma\u00df des Mangels und der \u00e4rztlichen Verordnung.Vor Gebrauch gut sch\u00fctteln. Kontraindikationen:\u00dcberempfindlichkeit gegen Vitamin&#8230;<\/p>\n","protected":false},"featured_media":10611,"comment_status":"open","ping_status":"closed","template":"","meta":{"rs_blank_template":"","rs_page_bg_color":"","slide_template_v7":"","_bst_post_transparent":"default","_bst_post_title":"","_bst_post_layout":"default","_bst_post_sidebar_id":"","_bst_post_content_style":"default","_bst_post_vertical_padding":"default","_bst_post_feature":"","_bst_post_feature_position":"","_bst_post_header":false,"_bst_post_footer":false},"product_brand":[],"product_cat":[351,217,361,229],"product_tag":[],"product_brands":[],"class_list":{"0":"post-10612","1":"product","2":"type-product","3":"status-publish","4":"has-post-thumbnail","6":"product_cat-medical-forms","7":"product_cat-medicines","8":"product_cat-oral-drops","9":"product_cat-vitamins-general-supplements","11":"first","12":"instock","13":"shipping-taxable","14":"purchasable","15":"product-type-simple","16":"entry","17":"content-bg","18":"loop-entry"},"_links":{"self":[{"href":"https:\/\/nawarpharmacy.com\/de\/wp-json\/wp\/v2\/product\/10612","targetHints":{"allow":["GET"]}}],"collection":[{"href":"https:\/\/nawarpharmacy.com\/de\/wp-json\/wp\/v2\/product"}],"about":[{"href":"https:\/\/nawarpharmacy.com\/de\/wp-json\/wp\/v2\/types\/product"}],"replies":[{"embeddable":true,"href":"https:\/\/nawarpharmacy.com\/de\/wp-json\/wp\/v2\/comments?post=10612"}],"wp:featuredmedia":[{"embeddable":true,"href":"https:\/\/nawarpharmacy.com\/de\/wp-json\/wp\/v2\/media\/10611"}],"wp:attachment":[{"href":"https:\/\/nawarpharmacy.com\/de\/wp-json\/wp\/v2\/media?parent=10612"}],"wp:term":[{"taxonomy":"product_brand","embeddable":true,"href":"https:\/\/nawarpharmacy.com\/de\/wp-json\/wp\/v2\/product_brand?post=10612"},{"taxonomy":"product_cat","embeddable":true,"href":"https:\/\/nawarpharmacy.com\/de\/wp-json\/wp\/v2\/product_cat?post=10612"},{"taxonomy":"product_tag","embeddable":true,"href":"https:\/\/nawarpharmacy.com\/de\/wp-json\/wp\/v2\/product_tag?post=10612"},{"taxonomy":"product_brands","embeddable":true,"href":"https:\/\/nawarpharmacy.com\/de\/wp-json\/wp\/v2\/product_brands?post=10612"}],"curies":[{"name":"wp","href":"https:\/\/api.w.org\/{rel}","templated":true}]}}