{"id":10607,"date":"2025-11-19T12:49:18","date_gmt":"2025-11-19T12:49:18","guid":{"rendered":"https:\/\/nawarpharmacy.com\/?post_type=product&#038;p=10607"},"modified":"2026-02-26T22:06:51","modified_gmt":"2026-02-26T22:06:51","slug":"depakine-200mgml-oral-drops-40ml","status":"publish","type":"product","link":"https:\/\/nawarpharmacy.com\/de\/produkt\/depakine-200mgml-oral-drops-40ml\/","title":{"rendered":"Depakine 200 mg\/ml orale Tropfen 40 ml"},"content":{"rendered":"<div class=\"flex flex-col text-sm pb-25\">\n<article class=\"text-token-text-primary w-full focus:outline-none [--shadow-height:45px] has-data-writing-block:pointer-events-none has-data-writing-block:-mt-(--shadow-height) has-data-writing-block:pt-(--shadow-height) [&amp;:has([data-writing-block])&gt;*]:pointer-events-auto scroll-mt-[calc(var(--header-height)+min(200px,max(70px,20svh)))]\" dir=\"auto\" tabindex=\"-1\" data-turn-id=\"request-WEB:1fb551c8-723f-4635-af76-1761af7fc3f6-76\" data-testid=\"conversation-turn-154\" data-scroll-anchor=\"true\" data-turn=\"assistant\">\n<div class=\"text-base my-auto mx-auto pb-10 [--thread-content-margin:--spacing(4)] @w-sm\/main:[--thread-content-margin:--spacing(6)] @w-lg\/main:[--thread-content-margin:--spacing(16)] px-(--thread-content-margin)\">\n<div class=\"[--thread-content-max-width:40rem] @w-lg\/main:[--thread-content-max-width:48rem] mx-auto max-w-(--thread-content-max-width) flex-1 group\/turn-messages focus-visible:outline-hidden relative flex w-full min-w-0 flex-col agent-turn\" tabindex=\"-1\">\n<div class=\"flex max-w-full flex-col grow\">\n<div class=\"min-h-8 text-message relative flex w-full flex-col items-end gap-2 text-start break-words whitespace-normal [.text-message+&amp;]:mt-1\" dir=\"auto\" data-message-author-role=\"assistant\" data-message-id=\"c34fb1f9-95b1-4438-a032-0b98767a561b\" data-message-model-slug=\"gpt-5-2\">\n<div class=\"flex w-full flex-col gap-1 empty:hidden first:pt-[1px]\">\n<div class=\"markdown prose dark:prose-invert w-full wrap-break-word dark markdown-new-styling\">\n<p data-start=\"1589\" data-end=\"1633\"><strong data-start=\"1589\" data-end=\"1631\">Depakine 200 mg\/ml orale Tropfen 40 ml<\/strong><\/p>\n<p data-start=\"1635\" data-end=\"1677\"><strong data-start=\"1635\" data-end=\"1649\">Wirkstoff:<\/strong><br data-start=\"1649\" data-end=\"1652\" \/>Valproins\u00e4ure 200 mg\/ml<\/p>\n<p data-start=\"1679\" data-end=\"1871\"><strong data-start=\"1679\" data-end=\"1696\">Indikationen:<\/strong><br data-start=\"1696\" data-end=\"1699\" \/>Anwendung zur Behandlung und Kontrolle von:<br data-start=\"1742\" data-end=\"1745\" \/>Epilepsie (generalisierte und partielle Anf\u00e4lle)<br data-start=\"1793\" data-end=\"1796\" \/>Bipolarer St\u00f6rung (Manie und Stimmungsstabilisierung)<br data-start=\"1849\" data-end=\"1852\" \/>Migr\u00e4neprophylaxe<\/p>\n<p data-start=\"1873\" data-end=\"2152\"><strong data-start=\"1873\" data-end=\"1887\">Dosierung:<\/strong><br data-start=\"1887\" data-end=\"1890\" \/><strong data-start=\"1890\" data-end=\"1916\">Erwachsene und Kinder:<\/strong> Die Dosierung wird individuell entsprechend Alter, K\u00f6rpergewicht und Erkrankung festgelegt; \u00e4rztliche Verordnung genau befolgen.<br data-start=\"2045\" data-end=\"2048\" \/>Vor Gebrauch gut sch\u00fctteln.<br data-start=\"2075\" data-end=\"2078\" \/>Die Dosis mit einer oralen Spritze oder einem Messbecher genau abmessen.<\/p>\n<p data-start=\"2154\" data-end=\"2486\"><strong data-start=\"2154\" data-end=\"2177\">Kontraindikationen:<\/strong><br data-start=\"2177\" data-end=\"2180\" \/>\u00dcberempfindlichkeit gegen Valproins\u00e4ure oder einen der sonstigen Bestandteile der Formulierung.<br data-start=\"2275\" data-end=\"2278\" \/>Schwere Lebererkrankung oder Leberfunktionsst\u00f6rung.<br data-start=\"2329\" data-end=\"2332\" \/>Schwangerschaft, au\u00dfer bei ausdr\u00fccklicher \u00e4rztlicher Verordnung und sorgf\u00e4ltiger \u00dcberwachung (Risiko fetaler Fehlbildungen).<br data-start=\"2456\" data-end=\"2459\" \/>Harnstoffzyklusst\u00f6rungen.<\/p>\n<p data-start=\"2488\" data-end=\"2683\"><strong data-start=\"2488\" data-end=\"2507\">Nebenwirkungen:<\/strong><br data-start=\"2507\" data-end=\"2510\" \/>\u00dcbelkeit, Erbrechen oder gastrointestinale Beschwerden<br data-start=\"2564\" data-end=\"2567\" \/>Schl\u00e4frigkeit oder Schwindel<br data-start=\"2595\" data-end=\"2598\" \/>Tremor<br data-start=\"2604\" data-end=\"2607\" \/>Haarausfall<br data-start=\"2618\" data-end=\"2621\" \/>Selten: Hepatotoxizit\u00e4t, Pankreatitis, Blutbildver\u00e4nderungen<\/p>\n<p data-start=\"2685\" data-end=\"2941\"><strong data-start=\"2685\" data-end=\"2706\">Wechselwirkungen:<\/strong><br data-start=\"2706\" data-end=\"2709\" \/>Kann mit anderen Antikonvulsiva, Antikoagulanzien und bestimmten Antidepressiva interagieren.<br data-start=\"2802\" data-end=\"2805\" \/>Bei gleichzeitiger Anwendung mit anderen Arzneimitteln wird eine regelm\u00e4\u00dfige Kontrolle der Leberfunktion und des Blutbildes empfohlen.<\/p>\n<p data-start=\"2943\" data-end=\"3088\" data-is-last-node=\"\" data-is-only-node=\"\"><strong data-start=\"2943\" data-end=\"2956\">Lagerung:<\/strong><br data-start=\"2956\" data-end=\"2959\" \/>Bei Raumtemperatur lagern, vor Hitze und Licht sch\u00fctzen.<br data-start=\"3015\" data-end=\"3018\" \/>Die Flasche fest verschlossen und f\u00fcr Kinder unzug\u00e4nglich aufbewahren.<\/p>\n<\/div>\n<\/div>\n<\/div>\n<\/div>\n<div class=\"z-0 flex min-h-[46px] justify-start\"><\/div>\n<div class=\"mt-3 w-full empty:hidden\">\n<div class=\"text-center\"><\/div>\n<\/div>\n<\/div>\n<\/div>\n<\/article>\n<\/div>\n<div class=\"pointer-events-none h-px w-px absolute bottom-0\" aria-hidden=\"true\" data-edge=\"true\"><\/div>\n<div id=\"gtx-trans\" style=\"position: absolute; left: 220px; top: -17px;\">\n<div class=\"gtx-trans-icon\"><\/div>\n<\/div>\n","protected":false},"excerpt":{"rendered":"<p>Depakine 200 mg\/ml orale Tropfen 40 ml Wirkstoff:Valproins\u00e4ure 200 mg\/ml Indikationen:Anwendung zur Behandlung und Kontrolle von:Epilepsie (generalisierte und partielle Anf\u00e4lle)Bipolarer St\u00f6rung (Manie und Stimmungsstabilisierung)Migr\u00e4neprophylaxe Dosierung:Erwachsene und Kinder: Die Dosierung wird individuell entsprechend Alter, K\u00f6rpergewicht und Erkrankung festgelegt; \u00e4rztliche Verordnung genau befolgen.Vor Gebrauch gut sch\u00fctteln.Die Dosis mit einer oralen Spritze oder einem Messbecher genau abmessen. Kontraindikationen:\u00dcberempfindlichkeit&#8230;<\/p>\n","protected":false},"featured_media":10606,"comment_status":"open","ping_status":"closed","template":"","meta":{"rs_blank_template":"","rs_page_bg_color":"","slide_template_v7":"","_bst_post_transparent":"default","_bst_post_title":"","_bst_post_layout":"default","_bst_post_sidebar_id":"","_bst_post_content_style":"default","_bst_post_vertical_padding":"default","_bst_post_feature":"","_bst_post_feature_position":"","_bst_post_header":false,"_bst_post_footer":false},"product_brand":[],"product_cat":[351,217,277,361],"product_tag":[],"product_brands":[],"class_list":{"0":"post-10607","1":"product","2":"type-product","3":"status-publish","4":"has-post-thumbnail","6":"product_cat-medical-forms","7":"product_cat-medicines","8":"product_cat-nervous-system-medications","9":"product_cat-oral-drops","11":"first","12":"instock","13":"shipping-taxable","14":"purchasable","15":"product-type-simple","16":"entry","17":"content-bg","18":"loop-entry"},"_links":{"self":[{"href":"https:\/\/nawarpharmacy.com\/de\/wp-json\/wp\/v2\/product\/10607","targetHints":{"allow":["GET"]}}],"collection":[{"href":"https:\/\/nawarpharmacy.com\/de\/wp-json\/wp\/v2\/product"}],"about":[{"href":"https:\/\/nawarpharmacy.com\/de\/wp-json\/wp\/v2\/types\/product"}],"replies":[{"embeddable":true,"href":"https:\/\/nawarpharmacy.com\/de\/wp-json\/wp\/v2\/comments?post=10607"}],"wp:featuredmedia":[{"embeddable":true,"href":"https:\/\/nawarpharmacy.com\/de\/wp-json\/wp\/v2\/media\/10606"}],"wp:attachment":[{"href":"https:\/\/nawarpharmacy.com\/de\/wp-json\/wp\/v2\/media?parent=10607"}],"wp:term":[{"taxonomy":"product_brand","embeddable":true,"href":"https:\/\/nawarpharmacy.com\/de\/wp-json\/wp\/v2\/product_brand?post=10607"},{"taxonomy":"product_cat","embeddable":true,"href":"https:\/\/nawarpharmacy.com\/de\/wp-json\/wp\/v2\/product_cat?post=10607"},{"taxonomy":"product_tag","embeddable":true,"href":"https:\/\/nawarpharmacy.com\/de\/wp-json\/wp\/v2\/product_tag?post=10607"},{"taxonomy":"product_brands","embeddable":true,"href":"https:\/\/nawarpharmacy.com\/de\/wp-json\/wp\/v2\/product_brands?post=10607"}],"curies":[{"name":"wp","href":"https:\/\/api.w.org\/{rel}","templated":true}]}}