{"id":10603,"date":"2025-11-19T12:58:11","date_gmt":"2025-11-19T12:58:11","guid":{"rendered":"https:\/\/nawarpharmacy.com\/?post_type=product&#038;p=10603"},"modified":"2026-02-26T22:06:04","modified_gmt":"2026-02-26T22:06:04","slug":"diflustero-0-05-eye-drops-5ml","status":"publish","type":"product","link":"https:\/\/nawarpharmacy.com\/de\/produkt\/diflustero-0-05-eye-drops-5ml\/","title":{"rendered":"Diflustero 0,05% Augentropfen 5 ml"},"content":{"rendered":"<div class=\"flex flex-col text-sm pb-25\">\n<article class=\"text-token-text-primary w-full focus:outline-none [--shadow-height:45px] has-data-writing-block:pointer-events-none has-data-writing-block:-mt-(--shadow-height) has-data-writing-block:pt-(--shadow-height) [&amp;:has([data-writing-block])&gt;*]:pointer-events-auto scroll-mt-[calc(var(--header-height)+min(200px,max(70px,20svh)))]\" dir=\"auto\" tabindex=\"-1\" data-turn-id=\"request-WEB:1fb551c8-723f-4635-af76-1761af7fc3f6-75\" data-testid=\"conversation-turn-152\" data-scroll-anchor=\"true\" data-turn=\"assistant\">\n<div class=\"text-base my-auto mx-auto pb-10 [--thread-content-margin:--spacing(4)] @w-sm\/main:[--thread-content-margin:--spacing(6)] @w-lg\/main:[--thread-content-margin:--spacing(16)] px-(--thread-content-margin)\">\n<div class=\"[--thread-content-max-width:40rem] @w-lg\/main:[--thread-content-max-width:48rem] mx-auto max-w-(--thread-content-max-width) flex-1 group\/turn-messages focus-visible:outline-hidden relative flex w-full min-w-0 flex-col agent-turn\" tabindex=\"-1\">\n<div class=\"flex max-w-full flex-col grow\">\n<div class=\"min-h-8 text-message relative flex w-full flex-col items-end gap-2 text-start break-words whitespace-normal [.text-message+&amp;]:mt-1\" dir=\"auto\" data-message-author-role=\"assistant\" data-message-id=\"9c9a578f-83a7-4ad5-94b7-194ad6771082\" data-message-model-slug=\"gpt-5-2\">\n<div class=\"flex w-full flex-col gap-1 empty:hidden first:pt-[1px]\">\n<div class=\"markdown prose dark:prose-invert w-full wrap-break-word dark markdown-new-styling\">\n<p data-start=\"1520\" data-end=\"1560\"><strong data-start=\"1520\" data-end=\"1558\">Diflustero 0,05% Augentropfen 5 ml<\/strong><\/p>\n<p data-start=\"1562\" data-end=\"1600\"><strong data-start=\"1562\" data-end=\"1576\">Wirkstoff:<\/strong><br data-start=\"1576\" data-end=\"1579\" \/>Difluprednat 0,05 %<\/p>\n<p data-start=\"1602\" data-end=\"1866\"><strong data-start=\"1602\" data-end=\"1619\">Indikationen:<\/strong><br data-start=\"1619\" data-end=\"1622\" \/>Anwendung zur Behandlung von okul\u00e4rer Entz\u00fcndung und Schmerzen im Zusammenhang mit:<br data-start=\"1705\" data-end=\"1708\" \/>Postoperativen Zust\u00e4nden nach Augenoperationen<br data-start=\"1754\" data-end=\"1757\" \/>Uveitis<br data-start=\"1764\" data-end=\"1767\" \/>Allergischer Konjunktivitis<br data-start=\"1794\" data-end=\"1797\" \/>Anderen entz\u00fcndlichen Augenerkrankungen gem\u00e4\u00df \u00e4rztlicher Verordnung<\/p>\n<p data-start=\"1868\" data-end=\"2118\"><strong data-start=\"1868\" data-end=\"1882\">Dosierung:<\/strong><br data-start=\"1882\" data-end=\"1885\" \/><strong data-start=\"1885\" data-end=\"1911\">Erwachsene und Kinder:<\/strong> 1 Tropfen 2\u20134-mal t\u00e4glich in das\/die betroffene(n) Auge(n) eintropfen oder gem\u00e4\u00df \u00e4rztlicher Anweisung.<br data-start=\"2014\" data-end=\"2017\" \/>Kontaktlinsen vor der Anwendung entfernen und mindestens 15 Minuten vor dem Wiedereinsetzen warten.<\/p>\n<p data-start=\"2120\" data-end=\"2411\"><strong data-start=\"2120\" data-end=\"2143\">Kontraindikationen:<\/strong><br data-start=\"2143\" data-end=\"2146\" \/>\u00dcberempfindlichkeit gegen Difluprednat oder andere Kortikosteroide.<br data-start=\"2213\" data-end=\"2216\" \/>Virale, fungale oder mykobakterielle Augeninfektionen ohne entsprechende antimikrobielle Therapie.<br data-start=\"2314\" data-end=\"2317\" \/>Glaukom oder anamnestisch steroidinduzierte okul\u00e4re Hypertension ohne \u00e4rztliche \u00dcberwachung.<\/p>\n<p data-start=\"2413\" data-end=\"2602\"><strong data-start=\"2413\" data-end=\"2432\">Nebenwirkungen:<\/strong><br data-start=\"2432\" data-end=\"2435\" \/>Vor\u00fcbergehendes Brennen oder Stechen<br data-start=\"2471\" data-end=\"2474\" \/>Erh\u00f6hter Augeninnendruck<br data-start=\"2498\" data-end=\"2501\" \/>Verschwommenes Sehen<br data-start=\"2521\" data-end=\"2524\" \/>Augenreizung oder R\u00f6tung<br data-start=\"2548\" data-end=\"2551\" \/>Selten: Kataraktbildung oder allergische Reaktion<\/p>\n<p data-start=\"2604\" data-end=\"2835\"><strong data-start=\"2604\" data-end=\"2625\">Wechselwirkungen:<\/strong><br data-start=\"2625\" data-end=\"2628\" \/>Vorsicht bei gleichzeitiger Anwendung anderer topischer ophthalmischer Arzneimittel.<br data-start=\"2712\" data-end=\"2715\" \/>Gleichzeitige Anwendung mit anderen kortikosteroidhaltigen Augenpr\u00e4paraten vermeiden, sofern nicht \u00e4rztlich verordnet.<\/p>\n<p data-start=\"2837\" data-end=\"2972\" data-is-last-node=\"\" data-is-only-node=\"\"><strong data-start=\"2837\" data-end=\"2850\">Lagerung:<\/strong><br data-start=\"2850\" data-end=\"2853\" \/>Bei Raumtemperatur lagern, vor Licht sch\u00fctzen.<br data-start=\"2899\" data-end=\"2902\" \/>Die Flasche fest verschlossen und f\u00fcr Kinder unzug\u00e4nglich aufbewahren.<\/p>\n<\/div>\n<\/div>\n<\/div>\n<\/div>\n<div class=\"z-0 flex min-h-[46px] justify-start\"><\/div>\n<div class=\"mt-3 w-full empty:hidden\">\n<div class=\"text-center\"><\/div>\n<\/div>\n<\/div>\n<\/div>\n<\/article>\n<\/div>\n<div class=\"pointer-events-none h-px w-px absolute bottom-0\" aria-hidden=\"true\" data-edge=\"true\"><\/div>\n<div id=\"gtx-trans\" style=\"position: absolute; left: 220px; top: -17px;\">\n<div class=\"gtx-trans-icon\"><\/div>\n<\/div>\n","protected":false},"excerpt":{"rendered":"<p>Diflustero 0,05% Augentropfen 5 ml Wirkstoff:Difluprednat 0,05 % Indikationen:Anwendung zur Behandlung von okul\u00e4rer Entz\u00fcndung und Schmerzen im Zusammenhang mit:Postoperativen Zust\u00e4nden nach AugenoperationenUveitisAllergischer KonjunktivitisAnderen entz\u00fcndlichen Augenerkrankungen gem\u00e4\u00df \u00e4rztlicher Verordnung Dosierung:Erwachsene und Kinder: 1 Tropfen 2\u20134-mal t\u00e4glich in das\/die betroffene(n) Auge(n) eintropfen oder gem\u00e4\u00df \u00e4rztlicher Anweisung.Kontaktlinsen vor der Anwendung entfernen und mindestens 15 Minuten vor dem Wiedereinsetzen&#8230;<\/p>\n","protected":false},"featured_media":10602,"comment_status":"open","ping_status":"closed","template":"","meta":{"rs_blank_template":"","rs_page_bg_color":"","slide_template_v7":"","_bst_post_transparent":"default","_bst_post_title":"","_bst_post_layout":"default","_bst_post_sidebar_id":"","_bst_post_content_style":"default","_bst_post_vertical_padding":"default","_bst_post_feature":"","_bst_post_feature_position":"","_bst_post_header":false,"_bst_post_footer":false},"product_brand":[],"product_cat":[237,371,351,217],"product_tag":[],"product_brands":[],"class_list":{"0":"post-10603","1":"product","2":"type-product","3":"status-publish","4":"has-post-thumbnail","6":"product_cat-eye-ear-medications","7":"product_cat-eye-drops","8":"product_cat-medical-forms","9":"product_cat-medicines","11":"first","12":"instock","13":"shipping-taxable","14":"purchasable","15":"product-type-simple","16":"entry","17":"content-bg","18":"loop-entry"},"_links":{"self":[{"href":"https:\/\/nawarpharmacy.com\/de\/wp-json\/wp\/v2\/product\/10603","targetHints":{"allow":["GET"]}}],"collection":[{"href":"https:\/\/nawarpharmacy.com\/de\/wp-json\/wp\/v2\/product"}],"about":[{"href":"https:\/\/nawarpharmacy.com\/de\/wp-json\/wp\/v2\/types\/product"}],"replies":[{"embeddable":true,"href":"https:\/\/nawarpharmacy.com\/de\/wp-json\/wp\/v2\/comments?post=10603"}],"wp:featuredmedia":[{"embeddable":true,"href":"https:\/\/nawarpharmacy.com\/de\/wp-json\/wp\/v2\/media\/10602"}],"wp:attachment":[{"href":"https:\/\/nawarpharmacy.com\/de\/wp-json\/wp\/v2\/media?parent=10603"}],"wp:term":[{"taxonomy":"product_brand","embeddable":true,"href":"https:\/\/nawarpharmacy.com\/de\/wp-json\/wp\/v2\/product_brand?post=10603"},{"taxonomy":"product_cat","embeddable":true,"href":"https:\/\/nawarpharmacy.com\/de\/wp-json\/wp\/v2\/product_cat?post=10603"},{"taxonomy":"product_tag","embeddable":true,"href":"https:\/\/nawarpharmacy.com\/de\/wp-json\/wp\/v2\/product_tag?post=10603"},{"taxonomy":"product_brands","embeddable":true,"href":"https:\/\/nawarpharmacy.com\/de\/wp-json\/wp\/v2\/product_brands?post=10603"}],"curies":[{"name":"wp","href":"https:\/\/api.w.org\/{rel}","templated":true}]}}