{"id":10595,"date":"2025-11-19T13:00:39","date_gmt":"2025-11-19T13:00:39","guid":{"rendered":"https:\/\/nawarpharmacy.com\/?post_type=product&#038;p=10595"},"modified":"2026-02-26T22:04:17","modified_gmt":"2026-02-26T22:04:17","slug":"dexatrol-eye-ointment-5gm","status":"publish","type":"product","link":"https:\/\/nawarpharmacy.com\/de\/produkt\/dexatrol-eye-ointment-5gm\/","title":{"rendered":"Dexatrol Augensalbe 5 g"},"content":{"rendered":"<article class=\"text-token-text-primary w-full focus:outline-none [--shadow-height:45px] has-data-writing-block:pointer-events-none has-data-writing-block:-mt-(--shadow-height) has-data-writing-block:pt-(--shadow-height) [&amp;:has([data-writing-block])&gt;*]:pointer-events-auto [content-visibility:auto] supports-[content-visibility:auto]:[contain-intrinsic-size:auto_100lvh] scroll-mt-[calc(var(--header-height)+min(200px,max(70px,20svh)))]\" dir=\"auto\" data-turn-id=\"request-691b06b7-6218-832d-8a14-33a40741db89-46\" data-testid=\"conversation-turn-182\" data-scroll-anchor=\"true\" data-turn=\"assistant\">\n<div class=\"text-base my-auto mx-auto pb-10 [--thread-content-margin:--spacing(4)] thread-sm:[--thread-content-margin:--spacing(6)] thread-lg:[--thread-content-margin:--spacing(16)] px-(--thread-content-margin)\">\n<div class=\"[--thread-content-max-width:40rem] thread-lg:[--thread-content-max-width:48rem] mx-auto max-w-(--thread-content-max-width) flex-1 group\/turn-messages focus-visible:outline-hidden relative flex w-full min-w-0 flex-col agent-turn\">\n<div class=\"flex max-w-full flex-col grow\">\n<div class=\"min-h-8 text-message relative flex w-full flex-col items-end gap-2 text-start break-words whitespace-normal [.text-message+&amp;]:mt-1\" dir=\"auto\" data-message-author-role=\"assistant\" data-message-id=\"64e7760b-f039-467c-8fe8-a035b54e5cf4\" data-message-model-slug=\"gpt-5-mini\">\n<div class=\"flex w-full flex-col gap-1 empty:hidden first:pt-[1px]\">\n<div class=\"markdown prose dark:prose-invert w-full break-words light markdown-new-styling\">\n<div class=\"flex flex-col text-sm pb-25\">\n<article class=\"text-token-text-primary w-full focus:outline-none [--shadow-height:45px] has-data-writing-block:pointer-events-none has-data-writing-block:-mt-(--shadow-height) has-data-writing-block:pt-(--shadow-height) [&amp;:has([data-writing-block])&gt;*]:pointer-events-auto scroll-mt-[calc(var(--header-height)+min(200px,max(70px,20svh)))]\" dir=\"auto\" tabindex=\"-1\" data-turn-id=\"request-WEB:1fb551c8-723f-4635-af76-1761af7fc3f6-73\" data-testid=\"conversation-turn-148\" data-scroll-anchor=\"true\" data-turn=\"assistant\">\n<div class=\"text-base my-auto mx-auto pb-10 [--thread-content-margin:--spacing(4)] @w-sm\/main:[--thread-content-margin:--spacing(6)] @w-lg\/main:[--thread-content-margin:--spacing(16)] px-(--thread-content-margin)\">\n<div class=\"[--thread-content-max-width:40rem] @w-lg\/main:[--thread-content-max-width:48rem] mx-auto max-w-(--thread-content-max-width) flex-1 group\/turn-messages focus-visible:outline-hidden relative flex w-full min-w-0 flex-col agent-turn\" tabindex=\"-1\">\n<div class=\"flex max-w-full flex-col grow\">\n<div class=\"min-h-8 text-message relative flex w-full flex-col items-end gap-2 text-start break-words whitespace-normal [.text-message+&amp;]:mt-1\" dir=\"auto\" data-message-author-role=\"assistant\" data-message-id=\"91aaf3ee-d4de-4896-a359-7e38b5313746\" data-message-model-slug=\"gpt-5-2\">\n<div class=\"flex w-full flex-col gap-1 empty:hidden first:pt-[1px]\">\n<div class=\"markdown prose dark:prose-invert w-full wrap-break-word dark markdown-new-styling\">\n<p data-start=\"1508\" data-end=\"1537\"><strong data-start=\"1508\" data-end=\"1535\">Dexatrol Augensalbe 5 g<\/strong><\/p>\n<p data-start=\"1539\" data-end=\"1576\"><strong data-start=\"1539\" data-end=\"1553\">Wirkstoff:<\/strong><br data-start=\"1553\" data-end=\"1556\" \/>Dexamethason 0,1 %<\/p>\n<p data-start=\"1578\" data-end=\"1808\"><strong data-start=\"1578\" data-end=\"1595\">Indikationen:<\/strong><br data-start=\"1595\" data-end=\"1598\" \/>Anwendung zur Behandlung entz\u00fcndlicher Augenerkrankungen verursacht durch:<br data-start=\"1672\" data-end=\"1675\" \/>Allergische Konjunktivitis<br data-start=\"1701\" data-end=\"1704\" \/>Postoperative Entz\u00fcndung<br data-start=\"1728\" data-end=\"1731\" \/>Uveitis<br data-start=\"1738\" data-end=\"1741\" \/>Andere entz\u00fcndliche Augenerkrankungen gem\u00e4\u00df \u00e4rztlicher Verordnung<\/p>\n<p data-start=\"1810\" data-end=\"2094\"><strong data-start=\"1810\" data-end=\"1824\">Dosierung:<\/strong><br data-start=\"1824\" data-end=\"1827\" \/><strong data-start=\"1827\" data-end=\"1853\">Erwachsene und Kinder:<\/strong> Einen kleinen Salbenstrang 2\u20133-mal t\u00e4glich in den unteren Bindehautsack einbringen oder gem\u00e4\u00df \u00e4rztlicher Verordnung.<br data-start=\"1970\" data-end=\"1973\" \/>Die Tubenspitze nicht mit dem Auge oder umliegenden Bereichen in Ber\u00fchrung bringen, um eine Kontamination zu vermeiden.<\/p>\n<p data-start=\"2096\" data-end=\"2389\"><strong data-start=\"2096\" data-end=\"2119\">Kontraindikationen:<\/strong><br data-start=\"2119\" data-end=\"2122\" \/>\u00dcberempfindlichkeit gegen Dexamethason oder andere Kortikosteroide.<br data-start=\"2189\" data-end=\"2192\" \/>Virale, fungale oder mykobakterielle Augeninfektionen ohne entsprechende antimikrobielle Therapie.<br data-start=\"2290\" data-end=\"2293\" \/>Glaukom oder anamnestisch steroidinduzierte okul\u00e4re Hypertension ohne engmaschige \u00dcberwachung.<\/p>\n<p data-start=\"2391\" data-end=\"2610\"><strong data-start=\"2391\" data-end=\"2410\">Nebenwirkungen:<\/strong><br data-start=\"2410\" data-end=\"2413\" \/>Vor\u00fcbergehend verschwommenes Sehen<br data-start=\"2447\" data-end=\"2450\" \/>Leichtes Brennen oder Stechen<br data-start=\"2479\" data-end=\"2482\" \/>Augenreizung oder R\u00f6tung<br data-start=\"2506\" data-end=\"2509\" \/>Selten: erh\u00f6hter Augeninnendruck, Kataraktbildung, verz\u00f6gerte Wundheilung oder allergische Reaktion<\/p>\n<p data-start=\"2612\" data-end=\"2843\"><strong data-start=\"2612\" data-end=\"2633\">Wechselwirkungen:<\/strong><br data-start=\"2633\" data-end=\"2636\" \/>Vorsicht bei gleichzeitiger Anwendung anderer topischer ophthalmischer Arzneimittel.<br data-start=\"2720\" data-end=\"2723\" \/>Gleichzeitige Anwendung mit anderen kortikosteroidhaltigen Augenpr\u00e4paraten vermeiden, sofern nicht \u00e4rztlich verordnet.<\/p>\n<p data-start=\"2845\" data-end=\"2987\" data-is-last-node=\"\" data-is-only-node=\"\"><strong data-start=\"2845\" data-end=\"2858\">Lagerung:<\/strong><br data-start=\"2858\" data-end=\"2861\" \/>Bei Raumtemperatur lagern, vor Licht und Hitze sch\u00fctzen.<br data-start=\"2917\" data-end=\"2920\" \/>Die Tube fest verschlossen und f\u00fcr Kinder unzug\u00e4nglich aufbewahren.<\/p>\n<\/div>\n<\/div>\n<\/div>\n<\/div>\n<div class=\"z-0 flex min-h-[46px] justify-start\"><\/div>\n<div class=\"mt-3 w-full empty:hidden\">\n<div class=\"text-center\"><\/div>\n<\/div>\n<\/div>\n<\/div>\n<\/article>\n<\/div>\n<div class=\"pointer-events-none h-px w-px absolute bottom-0\" aria-hidden=\"true\" data-edge=\"true\"><\/div>\n<\/div>\n<\/div>\n<\/div>\n<\/div>\n<\/div>\n<\/div>\n<\/article>\n<div id=\"gtx-trans\" style=\"position: absolute; left: 86px; top: 34px;\">\n<div class=\"gtx-trans-icon\"><\/div>\n<\/div>\n","protected":false},"excerpt":{"rendered":"<p>Dexatrol Augensalbe 5 g Wirkstoff:Dexamethason 0,1 % Indikationen:Anwendung zur Behandlung entz\u00fcndlicher Augenerkrankungen verursacht durch:Allergische KonjunktivitisPostoperative Entz\u00fcndungUveitisAndere entz\u00fcndliche Augenerkrankungen gem\u00e4\u00df \u00e4rztlicher Verordnung Dosierung:Erwachsene und Kinder: Einen kleinen Salbenstrang 2\u20133-mal t\u00e4glich in den unteren Bindehautsack einbringen oder gem\u00e4\u00df \u00e4rztlicher Verordnung.Die Tubenspitze nicht mit dem Auge oder umliegenden Bereichen in Ber\u00fchrung bringen, um eine Kontamination zu vermeiden. Kontraindikationen:\u00dcberempfindlichkeit&#8230;<\/p>\n","protected":false},"featured_media":10594,"comment_status":"open","ping_status":"closed","template":"","meta":{"rs_blank_template":"","rs_page_bg_color":"","slide_template_v7":"","_bst_post_transparent":"default","_bst_post_title":"","_bst_post_layout":"default","_bst_post_sidebar_id":"","_bst_post_content_style":"default","_bst_post_vertical_padding":"default","_bst_post_feature":"","_bst_post_feature_position":"","_bst_post_header":false,"_bst_post_footer":false},"product_brand":[],"product_cat":[237,375,307,351,217],"product_tag":[],"product_brands":[],"class_list":{"0":"post-10595","1":"product","2":"type-product","3":"status-publish","4":"has-post-thumbnail","6":"product_cat-eye-ear-medications","7":"product_cat-eye-ointment","8":"product_cat-optical-antibiotic","9":"product_cat-medical-forms","10":"product_cat-medicines","12":"first","13":"instock","14":"shipping-taxable","15":"purchasable","16":"product-type-simple","17":"entry","18":"content-bg","19":"loop-entry"},"_links":{"self":[{"href":"https:\/\/nawarpharmacy.com\/de\/wp-json\/wp\/v2\/product\/10595","targetHints":{"allow":["GET"]}}],"collection":[{"href":"https:\/\/nawarpharmacy.com\/de\/wp-json\/wp\/v2\/product"}],"about":[{"href":"https:\/\/nawarpharmacy.com\/de\/wp-json\/wp\/v2\/types\/product"}],"replies":[{"embeddable":true,"href":"https:\/\/nawarpharmacy.com\/de\/wp-json\/wp\/v2\/comments?post=10595"}],"wp:featuredmedia":[{"embeddable":true,"href":"https:\/\/nawarpharmacy.com\/de\/wp-json\/wp\/v2\/media\/10594"}],"wp:attachment":[{"href":"https:\/\/nawarpharmacy.com\/de\/wp-json\/wp\/v2\/media?parent=10595"}],"wp:term":[{"taxonomy":"product_brand","embeddable":true,"href":"https:\/\/nawarpharmacy.com\/de\/wp-json\/wp\/v2\/product_brand?post=10595"},{"taxonomy":"product_cat","embeddable":true,"href":"https:\/\/nawarpharmacy.com\/de\/wp-json\/wp\/v2\/product_cat?post=10595"},{"taxonomy":"product_tag","embeddable":true,"href":"https:\/\/nawarpharmacy.com\/de\/wp-json\/wp\/v2\/product_tag?post=10595"},{"taxonomy":"product_brands","embeddable":true,"href":"https:\/\/nawarpharmacy.com\/de\/wp-json\/wp\/v2\/product_brands?post=10595"}],"curies":[{"name":"wp","href":"https:\/\/api.w.org\/{rel}","templated":true}]}}