{"id":10578,"date":"2025-11-19T13:12:38","date_gmt":"2025-11-19T13:12:38","guid":{"rendered":"https:\/\/nawarpharmacy.com\/?post_type=product&#038;p=10578"},"modified":"2026-02-26T22:00:56","modified_gmt":"2026-02-26T22:00:56","slug":"dexaflox-eye-drops-5-ml","status":"publish","type":"product","link":"https:\/\/nawarpharmacy.com\/de\/produkt\/dexaflox-eye-drops-5-ml\/","title":{"rendered":"Dexaflox Augentropfen 5 ml"},"content":{"rendered":"<div class=\"flex flex-col text-sm pb-25\">\n<article class=\"text-token-text-primary w-full focus:outline-none [--shadow-height:45px] has-data-writing-block:pointer-events-none has-data-writing-block:-mt-(--shadow-height) has-data-writing-block:pt-(--shadow-height) [&amp;:has([data-writing-block])&gt;*]:pointer-events-auto scroll-mt-[calc(var(--header-height)+min(200px,max(70px,20svh)))]\" dir=\"auto\" tabindex=\"-1\" data-turn-id=\"request-WEB:1fb551c8-723f-4635-af76-1761af7fc3f6-69\" data-testid=\"conversation-turn-140\" data-scroll-anchor=\"true\" data-turn=\"assistant\">\n<div class=\"text-base my-auto mx-auto pb-10 [--thread-content-margin:--spacing(4)] @w-sm\/main:[--thread-content-margin:--spacing(6)] @w-lg\/main:[--thread-content-margin:--spacing(16)] px-(--thread-content-margin)\">\n<div class=\"[--thread-content-max-width:40rem] @w-lg\/main:[--thread-content-max-width:48rem] mx-auto max-w-(--thread-content-max-width) flex-1 group\/turn-messages focus-visible:outline-hidden relative flex w-full min-w-0 flex-col agent-turn\" tabindex=\"-1\">\n<div class=\"flex max-w-full flex-col grow\">\n<div class=\"min-h-8 text-message relative flex w-full flex-col items-end gap-2 text-start break-words whitespace-normal [.text-message+&amp;]:mt-1\" dir=\"auto\" data-message-author-role=\"assistant\" data-message-id=\"2effed45-3f62-4b5d-8854-50772ab75ea7\" data-message-model-slug=\"gpt-5-2\">\n<div class=\"flex w-full flex-col gap-1 empty:hidden first:pt-[1px]\">\n<div class=\"markdown prose dark:prose-invert w-full wrap-break-word dark markdown-new-styling\">\n<p data-start=\"1518\" data-end=\"1550\"><strong data-start=\"1518\" data-end=\"1548\">Dexaflox Augentropfen 5 ml<\/strong><\/p>\n<p data-start=\"1552\" data-end=\"1611\"><strong data-start=\"1552\" data-end=\"1567\">Wirkstoffe:<\/strong><br data-start=\"1567\" data-end=\"1570\" \/>Dexamethason 0,1 %<br data-start=\"1588\" data-end=\"1591\" \/>Gatifloxacin 0,3 %<\/p>\n<p data-start=\"1613\" data-end=\"1814\"><strong data-start=\"1613\" data-end=\"1630\">Indikationen:<\/strong><br data-start=\"1630\" data-end=\"1633\" \/>Anwendung zur Behandlung bakterieller Augeninfektionen mit begleitender Entz\u00fcndung, einschlie\u00dflich:<br data-start=\"1732\" data-end=\"1735\" \/>Konjunktivitis<br data-start=\"1749\" data-end=\"1752\" \/>Keratitis<br data-start=\"1761\" data-end=\"1764\" \/>Blepharitis<br data-start=\"1775\" data-end=\"1778\" \/>Postoperativer okul\u00e4rer Entz\u00fcndung<\/p>\n<p data-start=\"1816\" data-end=\"2070\"><strong data-start=\"1816\" data-end=\"1830\">Dosierung:<\/strong><br data-start=\"1830\" data-end=\"1833\" \/><strong data-start=\"1833\" data-end=\"1859\">Erwachsene und Kinder:<\/strong> 1\u20132 Tropfen alle 4\u20136 Stunden in das\/die betroffene(n) Auge(n) eintropfen oder gem\u00e4\u00df \u00e4rztlicher Verordnung.<br data-start=\"1966\" data-end=\"1969\" \/>Kontaktlinsen vor der Anwendung entfernen und mindestens 15 Minuten vor dem Wiedereinsetzen warten.<\/p>\n<p data-start=\"2072\" data-end=\"2388\"><strong data-start=\"2072\" data-end=\"2095\">Kontraindikationen:<\/strong><br data-start=\"2095\" data-end=\"2098\" \/>\u00dcberempfindlichkeit gegen Dexamethason, Gatifloxacin oder einen der sonstigen Bestandteile der Formulierung.<br data-start=\"2206\" data-end=\"2209\" \/>Virale, fungale oder mykobakterielle Augeninfektionen ohne entsprechende Therapie.<br data-start=\"2291\" data-end=\"2294\" \/>Glaukom oder anamnestisch steroidinduzierte okul\u00e4re Hypertension ohne \u00e4rztliche \u00dcberwachung.<\/p>\n<p data-start=\"2390\" data-end=\"2602\"><strong data-start=\"2390\" data-end=\"2409\">Nebenwirkungen:<\/strong><br data-start=\"2409\" data-end=\"2412\" \/>Vor\u00fcbergehendes Brennen oder Stechen<br data-start=\"2448\" data-end=\"2451\" \/>Verschwommenes Sehen<br data-start=\"2471\" data-end=\"2474\" \/>Augenreizung oder R\u00f6tung<br data-start=\"2498\" data-end=\"2501\" \/>Selten: erh\u00f6hter Augeninnendruck, verz\u00f6gerte Wundheilung, Kataraktbildung oder allergische Reaktion<\/p>\n<p data-start=\"2604\" data-end=\"2851\"><strong data-start=\"2604\" data-end=\"2625\">Wechselwirkungen:<\/strong><br data-start=\"2625\" data-end=\"2628\" \/>Vorsicht bei gleichzeitiger Anwendung anderer topischer ophthalmischer Arzneimittel.<br data-start=\"2712\" data-end=\"2715\" \/>Gleichzeitige Anwendung mit anderen kortikosteroidhaltigen oder Fluorchinolon-Augentropfen vermeiden, sofern nicht \u00e4rztlich verordnet.<\/p>\n<p data-start=\"2853\" data-end=\"2988\" data-is-last-node=\"\" data-is-only-node=\"\"><strong data-start=\"2853\" data-end=\"2866\">Lagerung:<\/strong><br data-start=\"2866\" data-end=\"2869\" \/>Bei Raumtemperatur lagern, vor Licht sch\u00fctzen.<br data-start=\"2915\" data-end=\"2918\" \/>Die Flasche fest verschlossen und f\u00fcr Kinder unzug\u00e4nglich aufbewahren.<\/p>\n<\/div>\n<\/div>\n<\/div>\n<\/div>\n<div class=\"z-0 flex min-h-[46px] justify-start\"><\/div>\n<div class=\"mt-3 w-full empty:hidden\">\n<div class=\"text-center\"><\/div>\n<\/div>\n<\/div>\n<\/div>\n<\/article>\n<\/div>\n<div class=\"pointer-events-none h-px w-px absolute bottom-0\" aria-hidden=\"true\" data-edge=\"true\"><\/div>\n<div id=\"gtx-trans\" style=\"position: absolute; left: 157px; top: -17px;\">\n<div class=\"gtx-trans-icon\"><\/div>\n<\/div>\n","protected":false},"excerpt":{"rendered":"<p>Dexaflox Augentropfen 5 ml Wirkstoffe:Dexamethason 0,1 %Gatifloxacin 0,3 % Indikationen:Anwendung zur Behandlung bakterieller Augeninfektionen mit begleitender Entz\u00fcndung, einschlie\u00dflich:KonjunktivitisKeratitisBlepharitisPostoperativer okul\u00e4rer Entz\u00fcndung Dosierung:Erwachsene und Kinder: 1\u20132 Tropfen alle 4\u20136 Stunden in das\/die betroffene(n) Auge(n) eintropfen oder gem\u00e4\u00df \u00e4rztlicher Verordnung.Kontaktlinsen vor der Anwendung entfernen und mindestens 15 Minuten vor dem Wiedereinsetzen warten. Kontraindikationen:\u00dcberempfindlichkeit gegen Dexamethason, Gatifloxacin oder einen&#8230;<\/p>\n","protected":false},"featured_media":10577,"comment_status":"open","ping_status":"closed","template":"","meta":{"rs_blank_template":"","rs_page_bg_color":"","slide_template_v7":"","_bst_post_transparent":"default","_bst_post_title":"","_bst_post_layout":"default","_bst_post_sidebar_id":"","_bst_post_content_style":"default","_bst_post_vertical_padding":"default","_bst_post_feature":"","_bst_post_feature_position":"","_bst_post_header":false,"_bst_post_footer":false},"product_brand":[],"product_cat":[237,307,371,351,217],"product_tag":[],"product_brands":[],"class_list":{"0":"post-10578","1":"product","2":"type-product","3":"status-publish","4":"has-post-thumbnail","6":"product_cat-eye-ear-medications","7":"product_cat-optical-antibiotic","8":"product_cat-eye-drops","9":"product_cat-medical-forms","10":"product_cat-medicines","12":"first","13":"instock","14":"shipping-taxable","15":"purchasable","16":"product-type-simple","17":"entry","18":"content-bg","19":"loop-entry"},"_links":{"self":[{"href":"https:\/\/nawarpharmacy.com\/de\/wp-json\/wp\/v2\/product\/10578","targetHints":{"allow":["GET"]}}],"collection":[{"href":"https:\/\/nawarpharmacy.com\/de\/wp-json\/wp\/v2\/product"}],"about":[{"href":"https:\/\/nawarpharmacy.com\/de\/wp-json\/wp\/v2\/types\/product"}],"replies":[{"embeddable":true,"href":"https:\/\/nawarpharmacy.com\/de\/wp-json\/wp\/v2\/comments?post=10578"}],"wp:featuredmedia":[{"embeddable":true,"href":"https:\/\/nawarpharmacy.com\/de\/wp-json\/wp\/v2\/media\/10577"}],"wp:attachment":[{"href":"https:\/\/nawarpharmacy.com\/de\/wp-json\/wp\/v2\/media?parent=10578"}],"wp:term":[{"taxonomy":"product_brand","embeddable":true,"href":"https:\/\/nawarpharmacy.com\/de\/wp-json\/wp\/v2\/product_brand?post=10578"},{"taxonomy":"product_cat","embeddable":true,"href":"https:\/\/nawarpharmacy.com\/de\/wp-json\/wp\/v2\/product_cat?post=10578"},{"taxonomy":"product_tag","embeddable":true,"href":"https:\/\/nawarpharmacy.com\/de\/wp-json\/wp\/v2\/product_tag?post=10578"},{"taxonomy":"product_brands","embeddable":true,"href":"https:\/\/nawarpharmacy.com\/de\/wp-json\/wp\/v2\/product_brands?post=10578"}],"curies":[{"name":"wp","href":"https:\/\/api.w.org\/{rel}","templated":true}]}}