{"id":10574,"date":"2025-11-19T13:15:32","date_gmt":"2025-11-19T13:15:32","guid":{"rendered":"https:\/\/nawarpharmacy.com\/?post_type=product&#038;p=10574"},"modified":"2026-02-26T22:00:07","modified_gmt":"2026-02-26T22:00:07","slug":"duotrav-eye-drops-2-5ml","status":"publish","type":"product","link":"https:\/\/nawarpharmacy.com\/de\/produkt\/duotrav-eye-drops-2-5ml\/","title":{"rendered":"Duotrav Augentropfen 2,5 ml"},"content":{"rendered":"<div class=\"flex flex-col text-sm pb-25\">\n<article class=\"text-token-text-primary w-full focus:outline-none [--shadow-height:45px] has-data-writing-block:pointer-events-none has-data-writing-block:-mt-(--shadow-height) has-data-writing-block:pt-(--shadow-height) [&amp;:has([data-writing-block])&gt;*]:pointer-events-auto scroll-mt-[calc(var(--header-height)+min(200px,max(70px,20svh)))]\" dir=\"auto\" tabindex=\"-1\" data-turn-id=\"request-WEB:1fb551c8-723f-4635-af76-1761af7fc3f6-68\" data-testid=\"conversation-turn-138\" data-scroll-anchor=\"true\" data-turn=\"assistant\">\n<div class=\"text-base my-auto mx-auto pb-10 [--thread-content-margin:--spacing(4)] @w-sm\/main:[--thread-content-margin:--spacing(6)] @w-lg\/main:[--thread-content-margin:--spacing(16)] px-(--thread-content-margin)\">\n<div class=\"[--thread-content-max-width:40rem] @w-lg\/main:[--thread-content-max-width:48rem] mx-auto max-w-(--thread-content-max-width) flex-1 group\/turn-messages focus-visible:outline-hidden relative flex w-full min-w-0 flex-col agent-turn\" tabindex=\"-1\">\n<div class=\"flex max-w-full flex-col grow\">\n<div class=\"min-h-8 text-message relative flex w-full flex-col items-end gap-2 text-start break-words whitespace-normal [.text-message+&amp;]:mt-1\" dir=\"auto\" data-message-author-role=\"assistant\" data-message-id=\"ea96cbb1-8ead-4e31-b305-dfff8f8513df\" data-message-model-slug=\"gpt-5-2\">\n<div class=\"flex w-full flex-col gap-1 empty:hidden first:pt-[1px]\">\n<div class=\"markdown prose dark:prose-invert w-full wrap-break-word dark markdown-new-styling\">\n<p data-start=\"1620\" data-end=\"1653\"><strong data-start=\"1620\" data-end=\"1651\">Duotrav Augentropfen 2,5 ml<\/strong><\/p>\n<p data-start=\"1655\" data-end=\"1715\"><strong data-start=\"1655\" data-end=\"1670\">Wirkstoffe:<\/strong><br data-start=\"1670\" data-end=\"1673\" \/>Travoprost 0,004 %<br data-start=\"1691\" data-end=\"1694\" \/>Timololmaleat 0,5 %<\/p>\n<p data-start=\"1717\" data-end=\"1856\"><strong data-start=\"1717\" data-end=\"1734\">Indikationen:<\/strong><br data-start=\"1734\" data-end=\"1737\" \/>Anwendung zur Senkung eines erh\u00f6hten Augeninnendrucks bei Patienten mit:<br data-start=\"1809\" data-end=\"1812\" \/>Offenwinkelglaukom<br data-start=\"1830\" data-end=\"1833\" \/>Okul\u00e4rer Hypertension<\/p>\n<p data-start=\"1858\" data-end=\"2203\"><strong data-start=\"1858\" data-end=\"1872\">Dosierung:<\/strong><br data-start=\"1872\" data-end=\"1875\" \/><strong data-start=\"1875\" data-end=\"1890\">Erwachsene:<\/strong> 1 Tropfen einmal t\u00e4glich abends in das\/die betroffene(n) Auge(n) eintropfen oder gem\u00e4\u00df \u00e4rztlicher Verordnung.<br data-start=\"2000\" data-end=\"2003\" \/>Nicht h\u00e4ufiger als einmal t\u00e4glich anwenden; zus\u00e4tzliche Dosen k\u00f6nnen die Wirksamkeit verringern.<br data-start=\"2099\" data-end=\"2102\" \/>Kontaktlinsen vor der Anwendung entfernen und mindestens 15 Minuten vor dem Wiedereinsetzen warten.<\/p>\n<p data-start=\"2205\" data-end=\"2559\"><strong data-start=\"2205\" data-end=\"2228\">Kontraindikationen:<\/strong><br data-start=\"2228\" data-end=\"2231\" \/>\u00dcberempfindlichkeit gegen Travoprost, Timolol oder einen der sonstigen Bestandteile der Formulierung.<br data-start=\"2332\" data-end=\"2335\" \/>Asthma bronchiale, schwere chronisch obstruktive Lungenerkrankung (COPD), Bradykardie oder AV-Block, sofern nicht \u00e4rztlich verordnet und \u00fcberwacht.<br data-start=\"2482\" data-end=\"2485\" \/>Vorsicht bei Patienten mit kardialen oder respiratorischen Erkrankungen.<\/p>\n<p data-start=\"2561\" data-end=\"2777\"><strong data-start=\"2561\" data-end=\"2580\">Nebenwirkungen:<\/strong><br data-start=\"2580\" data-end=\"2583\" \/>Vor\u00fcbergehendes Brennen oder Stechen<br data-start=\"2619\" data-end=\"2622\" \/>Augenr\u00f6tung<br data-start=\"2633\" data-end=\"2636\" \/>Allm\u00e4hliche Verdunkelung der Iris<br data-start=\"2669\" data-end=\"2672\" \/>Verl\u00e4ngerung oder Verdickung der Wimpern<br data-start=\"2712\" data-end=\"2715\" \/>Selten: systemische Wirkungen wie Bradykardie oder Hypotonie<\/p>\n<p data-start=\"2779\" data-end=\"3032\"><strong data-start=\"2779\" data-end=\"2800\">Wechselwirkungen:<\/strong><br data-start=\"2800\" data-end=\"2803\" \/>Vorsicht bei gleichzeitiger Anwendung anderer Beta-Blocker oder Arzneimittel, die Herzfrequenz oder Blutdruck beeinflussen.<br data-start=\"2926\" data-end=\"2929\" \/>Gleichzeitige Anwendung mit anderen Prostaglandin-Analoga vermeiden, sofern nicht \u00e4rztlich verordnet.<\/p>\n<p data-start=\"3034\" data-end=\"3169\" data-is-last-node=\"\" data-is-only-node=\"\"><strong data-start=\"3034\" data-end=\"3047\">Lagerung:<\/strong><br data-start=\"3047\" data-end=\"3050\" \/>Bei Raumtemperatur lagern, vor Licht sch\u00fctzen.<br data-start=\"3096\" data-end=\"3099\" \/>Die Flasche fest verschlossen und f\u00fcr Kinder unzug\u00e4nglich aufbewahren.<\/p>\n<\/div>\n<\/div>\n<\/div>\n<\/div>\n<div class=\"z-0 flex min-h-[46px] justify-start\"><\/div>\n<div class=\"mt-3 w-full empty:hidden\">\n<div class=\"text-center\"><\/div>\n<\/div>\n<\/div>\n<\/div>\n<\/article>\n<\/div>\n<div class=\"pointer-events-none h-px w-px absolute bottom-0\" aria-hidden=\"true\" data-edge=\"true\"><\/div>\n<div id=\"gtx-trans\" style=\"position: absolute; left: 143px; top: -17px;\">\n<div class=\"gtx-trans-icon\"><\/div>\n<\/div>\n","protected":false},"excerpt":{"rendered":"<p>Duotrav Augentropfen 2,5 ml Wirkstoffe:Travoprost 0,004 %Timololmaleat 0,5 % Indikationen:Anwendung zur Senkung eines erh\u00f6hten Augeninnendrucks bei Patienten mit:OffenwinkelglaukomOkul\u00e4rer Hypertension Dosierung:Erwachsene: 1 Tropfen einmal t\u00e4glich abends in das\/die betroffene(n) Auge(n) eintropfen oder gem\u00e4\u00df \u00e4rztlicher Verordnung.Nicht h\u00e4ufiger als einmal t\u00e4glich anwenden; zus\u00e4tzliche Dosen k\u00f6nnen die Wirksamkeit verringern.Kontaktlinsen vor der Anwendung entfernen und mindestens 15 Minuten vor dem&#8230;<\/p>\n","protected":false},"featured_media":10573,"comment_status":"open","ping_status":"closed","template":"","meta":{"rs_blank_template":"","rs_page_bg_color":"","slide_template_v7":"","_bst_post_transparent":"default","_bst_post_title":"","_bst_post_layout":"default","_bst_post_sidebar_id":"","_bst_post_content_style":"default","_bst_post_vertical_padding":"default","_bst_post_feature":"","_bst_post_feature_position":"","_bst_post_header":false,"_bst_post_footer":false},"product_brand":[],"product_cat":[237,371,351,255,217],"product_tag":[],"product_brands":[],"class_list":{"0":"post-10574","1":"product","2":"type-product","3":"status-publish","4":"has-post-thumbnail","6":"product_cat-eye-ear-medications","7":"product_cat-eye-drops","8":"product_cat-medical-forms","9":"product_cat-glaucoma","10":"product_cat-medicines","12":"first","13":"instock","14":"shipping-taxable","15":"purchasable","16":"product-type-simple","17":"entry","18":"content-bg","19":"loop-entry"},"_links":{"self":[{"href":"https:\/\/nawarpharmacy.com\/de\/wp-json\/wp\/v2\/product\/10574","targetHints":{"allow":["GET"]}}],"collection":[{"href":"https:\/\/nawarpharmacy.com\/de\/wp-json\/wp\/v2\/product"}],"about":[{"href":"https:\/\/nawarpharmacy.com\/de\/wp-json\/wp\/v2\/types\/product"}],"replies":[{"embeddable":true,"href":"https:\/\/nawarpharmacy.com\/de\/wp-json\/wp\/v2\/comments?post=10574"}],"wp:featuredmedia":[{"embeddable":true,"href":"https:\/\/nawarpharmacy.com\/de\/wp-json\/wp\/v2\/media\/10573"}],"wp:attachment":[{"href":"https:\/\/nawarpharmacy.com\/de\/wp-json\/wp\/v2\/media?parent=10574"}],"wp:term":[{"taxonomy":"product_brand","embeddable":true,"href":"https:\/\/nawarpharmacy.com\/de\/wp-json\/wp\/v2\/product_brand?post=10574"},{"taxonomy":"product_cat","embeddable":true,"href":"https:\/\/nawarpharmacy.com\/de\/wp-json\/wp\/v2\/product_cat?post=10574"},{"taxonomy":"product_tag","embeddable":true,"href":"https:\/\/nawarpharmacy.com\/de\/wp-json\/wp\/v2\/product_tag?post=10574"},{"taxonomy":"product_brands","embeddable":true,"href":"https:\/\/nawarpharmacy.com\/de\/wp-json\/wp\/v2\/product_brands?post=10574"}],"curies":[{"name":"wp","href":"https:\/\/api.w.org\/{rel}","templated":true}]}}