{"id":10572,"date":"2025-11-19T13:17:03","date_gmt":"2025-11-19T13:17:03","guid":{"rendered":"https:\/\/nawarpharmacy.com\/?post_type=product&#038;p=10572"},"modified":"2026-02-26T21:59:16","modified_gmt":"2026-02-26T21:59:16","slug":"reza-oral-drops-10ml","status":"publish","type":"product","link":"https:\/\/nawarpharmacy.com\/de\/produkt\/reza-oral-drops-10ml\/","title":{"rendered":"Reza orale Tropfen 10 ml"},"content":{"rendered":"<div class=\"flex flex-col text-sm pb-25\">\n<article class=\"text-token-text-primary w-full focus:outline-none [--shadow-height:45px] has-data-writing-block:pointer-events-none has-data-writing-block:-mt-(--shadow-height) has-data-writing-block:pt-(--shadow-height) [&amp;:has([data-writing-block])&gt;*]:pointer-events-auto scroll-mt-[calc(var(--header-height)+min(200px,max(70px,20svh)))]\" dir=\"auto\" tabindex=\"-1\" data-turn-id=\"request-WEB:1fb551c8-723f-4635-af76-1761af7fc3f6-67\" data-testid=\"conversation-turn-136\" data-scroll-anchor=\"true\" data-turn=\"assistant\">\n<div class=\"text-base my-auto mx-auto pb-10 [--thread-content-margin:--spacing(4)] @w-sm\/main:[--thread-content-margin:--spacing(6)] @w-lg\/main:[--thread-content-margin:--spacing(16)] px-(--thread-content-margin)\">\n<div class=\"[--thread-content-max-width:40rem] @w-lg\/main:[--thread-content-max-width:48rem] mx-auto max-w-(--thread-content-max-width) flex-1 group\/turn-messages focus-visible:outline-hidden relative flex w-full min-w-0 flex-col agent-turn\" tabindex=\"-1\">\n<div class=\"flex max-w-full flex-col grow\">\n<div class=\"min-h-8 text-message relative flex w-full flex-col items-end gap-2 text-start break-words whitespace-normal [.text-message+&amp;]:mt-1\" dir=\"auto\" data-message-author-role=\"assistant\" data-message-id=\"72e9aeac-b21a-43b7-910f-67d37d62d81d\" data-message-model-slug=\"gpt-5-2\">\n<div class=\"flex w-full flex-col gap-1 empty:hidden first:pt-[1px]\">\n<div class=\"markdown prose dark:prose-invert w-full wrap-break-word dark markdown-new-styling\">\n<p data-start=\"1468\" data-end=\"1498\"><strong data-start=\"1468\" data-end=\"1496\">Reza orale Tropfen 10 ml<\/strong><\/p>\n<p data-start=\"1500\" data-end=\"1547\"><strong data-start=\"1500\" data-end=\"1514\">Wirkstoff:<\/strong><br data-start=\"1514\" data-end=\"1517\" \/>Eisen (Eisensulfat) 20 mg\/ml<\/p>\n<p data-start=\"1549\" data-end=\"1760\"><strong data-start=\"1549\" data-end=\"1566\">Indikationen:<\/strong><br data-start=\"1566\" data-end=\"1569\" \/>Anwendung zur Pr\u00e4vention und Behandlung von Eisenmangel und Eisenmangelan\u00e4mie bei:<br data-start=\"1651\" data-end=\"1654\" \/>S\u00e4uglingen und Kindern<br data-start=\"1676\" data-end=\"1679\" \/>Erwachsenen mit unzureichender Eisenzufuhr<br data-start=\"1721\" data-end=\"1724\" \/>Patienten mit erh\u00f6htem Eisenbedarf<\/p>\n<p data-start=\"1762\" data-end=\"2034\"><strong data-start=\"1762\" data-end=\"1776\">Dosierung:<\/strong><br data-start=\"1776\" data-end=\"1779\" \/><strong data-start=\"1779\" data-end=\"1804\">S\u00e4uglinge und Kinder:<\/strong> Dosierung entsprechend Alter und K\u00f6rpergewicht gem\u00e4\u00df \u00e4rztlicher Verordnung.<br data-start=\"1880\" data-end=\"1883\" \/><strong data-start=\"1883\" data-end=\"1898\">Erwachsene:<\/strong> 10\u201320 Tropfen 2\u20133-mal t\u00e4glich oder nach \u00e4rztlicher Anweisung.<br data-start=\"1960\" data-end=\"1963\" \/>Vor Gebrauch gut sch\u00fctteln und mit einer oralen Pipette verabreichen.<\/p>\n<p data-start=\"2036\" data-end=\"2305\"><strong data-start=\"2036\" data-end=\"2059\">Kontraindikationen:<\/strong><br data-start=\"2059\" data-end=\"2062\" \/>\u00dcberempfindlichkeit gegen Eisen oder einen der sonstigen Bestandteile der Formulierung.<br data-start=\"2149\" data-end=\"2152\" \/>H\u00e4mochromatose oder andere Eisen\u00fcberladungszust\u00e4nde.<br data-start=\"2204\" data-end=\"2207\" \/>Magen- oder Zw\u00f6lffingerdarmgeschw\u00fcr bzw. gastrointestinale Blutungen ohne \u00e4rztliche \u00dcberwachung.<\/p>\n<p data-start=\"2307\" data-end=\"2475\"><strong data-start=\"2307\" data-end=\"2326\">Nebenwirkungen:<\/strong><br data-start=\"2326\" data-end=\"2329\" \/>Leichte gastrointestinale Beschwerden (\u00dcbelkeit, Verstopfung oder Durchfall)<br data-start=\"2405\" data-end=\"2408\" \/>Dunkelf\u00e4rbung des Stuhls (harmlos)<br data-start=\"2442\" data-end=\"2445\" \/>Selten: allergische Reaktion<\/p>\n<p data-start=\"2477\" data-end=\"2748\"><strong data-start=\"2477\" data-end=\"2498\">Wechselwirkungen:<\/strong><br data-start=\"2498\" data-end=\"2501\" \/>Kann mit Antazida, Tetrazyklinen oder bestimmten Antibiotika interagieren; einen Abstand von mindestens 2 Stunden zwischen den Einnahmen einhalten.<br data-start=\"2648\" data-end=\"2651\" \/>Gleichzeitige Anwendung mit anderen Eisenpr\u00e4paraten vermeiden, sofern nicht \u00e4rztlich verordnet.<\/p>\n<p data-start=\"2750\" data-end=\"2895\" data-is-last-node=\"\" data-is-only-node=\"\"><strong data-start=\"2750\" data-end=\"2763\">Lagerung:<\/strong><br data-start=\"2763\" data-end=\"2766\" \/>Bei Raumtemperatur lagern, vor Hitze und Licht sch\u00fctzen.<br data-start=\"2822\" data-end=\"2825\" \/>Die Flasche fest verschlossen und f\u00fcr Kinder unzug\u00e4nglich aufbewahren.<\/p>\n<\/div>\n<\/div>\n<\/div>\n<\/div>\n<div class=\"z-0 flex min-h-[46px] justify-start\"><\/div>\n<div class=\"mt-3 w-full empty:hidden\">\n<div class=\"text-center\"><\/div>\n<\/div>\n<\/div>\n<\/div>\n<\/article>\n<\/div>\n<div class=\"pointer-events-none h-px w-px absolute bottom-0\" aria-hidden=\"true\" data-edge=\"true\"><\/div>\n<div id=\"gtx-trans\" style=\"position: absolute; left: 112px; top: -17px;\">\n<div class=\"gtx-trans-icon\"><\/div>\n<\/div>\n","protected":false},"excerpt":{"rendered":"<p>Reza orale Tropfen 10 ml Wirkstoff:Eisen (Eisensulfat) 20 mg\/ml Indikationen:Anwendung zur Pr\u00e4vention und Behandlung von Eisenmangel und Eisenmangelan\u00e4mie bei:S\u00e4uglingen und KindernErwachsenen mit unzureichender EisenzufuhrPatienten mit erh\u00f6htem Eisenbedarf Dosierung:S\u00e4uglinge und Kinder: Dosierung entsprechend Alter und K\u00f6rpergewicht gem\u00e4\u00df \u00e4rztlicher Verordnung.Erwachsene: 10\u201320 Tropfen 2\u20133-mal t\u00e4glich oder nach \u00e4rztlicher Anweisung.Vor Gebrauch gut sch\u00fctteln und mit einer oralen Pipette verabreichen&#8230;.<\/p>\n","protected":false},"featured_media":10568,"comment_status":"open","ping_status":"closed","template":"","meta":{"rs_blank_template":"","rs_page_bg_color":"","slide_template_v7":"","_bst_post_transparent":"default","_bst_post_title":"","_bst_post_layout":"default","_bst_post_sidebar_id":"","_bst_post_content_style":"default","_bst_post_vertical_padding":"default","_bst_post_feature":"","_bst_post_feature_position":"","_bst_post_header":false,"_bst_post_footer":false},"product_brand":[],"product_cat":[351,217,361,233,271,305],"product_tag":[],"product_brands":[],"class_list":{"0":"post-10572","1":"product","2":"type-product","3":"status-publish","4":"has-post-thumbnail","6":"product_cat-medical-forms","7":"product_cat-medicines","8":"product_cat-oral-drops","9":"product_cat-probiotics-gut-health","10":"product_cat-immunity-support","11":"product_cat-babychild-vitamins","13":"first","14":"instock","15":"shipping-taxable","16":"purchasable","17":"product-type-simple","18":"entry","19":"content-bg","20":"loop-entry"},"_links":{"self":[{"href":"https:\/\/nawarpharmacy.com\/de\/wp-json\/wp\/v2\/product\/10572","targetHints":{"allow":["GET"]}}],"collection":[{"href":"https:\/\/nawarpharmacy.com\/de\/wp-json\/wp\/v2\/product"}],"about":[{"href":"https:\/\/nawarpharmacy.com\/de\/wp-json\/wp\/v2\/types\/product"}],"replies":[{"embeddable":true,"href":"https:\/\/nawarpharmacy.com\/de\/wp-json\/wp\/v2\/comments?post=10572"}],"wp:featuredmedia":[{"embeddable":true,"href":"https:\/\/nawarpharmacy.com\/de\/wp-json\/wp\/v2\/media\/10568"}],"wp:attachment":[{"href":"https:\/\/nawarpharmacy.com\/de\/wp-json\/wp\/v2\/media?parent=10572"}],"wp:term":[{"taxonomy":"product_brand","embeddable":true,"href":"https:\/\/nawarpharmacy.com\/de\/wp-json\/wp\/v2\/product_brand?post=10572"},{"taxonomy":"product_cat","embeddable":true,"href":"https:\/\/nawarpharmacy.com\/de\/wp-json\/wp\/v2\/product_cat?post=10572"},{"taxonomy":"product_tag","embeddable":true,"href":"https:\/\/nawarpharmacy.com\/de\/wp-json\/wp\/v2\/product_tag?post=10572"},{"taxonomy":"product_brands","embeddable":true,"href":"https:\/\/nawarpharmacy.com\/de\/wp-json\/wp\/v2\/product_brands?post=10572"}],"curies":[{"name":"wp","href":"https:\/\/api.w.org\/{rel}","templated":true}]}}